{"id":16830,"date":"2020-05-21T14:34:10","date_gmt":"2020-05-21T12:34:10","guid":{"rendered":"https:\/\/www.stonecity.cz\/produkt\/travertin-bella-lumina-tr-05\/"},"modified":"2020-05-21T14:34:10","modified_gmt":"2020-05-21T12:34:10","slug":"travertin-bella-lumina-tr-05-ungefulltes-fass","status":"publish","type":"product","link":"https:\/\/www.stonecity.cz\/de\/produkt\/travertin-bella-lumina-tr-05-ungefulltes-fass\/","title":{"rendered":"Travertin Bella Lumina TR-05"},"content":{"rendered":"<p>Travertinfliesen in der Farbkombination Bella Lumina sind sehr elegant und haben einen angenehmen honigfarbenen Schimmer.<br \/>\nTravertin ist sehr praktisch in der Pflege und beh\u00e4lt dank seiner Struktur immer ein sauberes Aussehen.<br \/>\nDieses Modell ist f\u00fcr die Verwendung im Innenbereich als Fliese und Verkleidung und im Au\u00dfenbereich als Verkleidung geeignet. 1,2 cm dicke Innenfliesen<\/p>\n<p>Oberfl\u00e4che: ungef\u00fcllt, kreuzgeschnitten, Kanten gefast<\/p>\n<p>Verwendung: B\u00e4der, K\u00fcchen, Poolumgebung, Terrassen, Flure, Treppenh\u00e4user&#8230;<\/p>\n<p>Einfache Installation und minimale Wartung.<\/p>\n<p><em><strong><a href=\"https:\/\/www.stonecity.cz\/wp-content\/uploads\/2020\/05\/Certifikat-k-travertinu.pdf\">Zertifikat f\u00fcr Travertin<\/a><\/strong><\/em><\/p>\n<p>&nbsp;<\/p>\n","protected":false},"excerpt":{"rendered":"<p>Travertinfliesen in der Farbkombination Bella Lumina sind sehr elegant und haben einen angenehmen honigfarbenen Schimmer. Travertin ist sehr praktisch in der Pflege und beh\u00e4lt dank seiner Struktur immer ein sauberes Aussehen. Dieses Modell ist f\u00fcr die Verwendung im Innenbereich als Fliese und Verkleidung und im Au\u00dfenbereich als Verkleidung geeignet. 1,2 cm dicke Innenfliesen Oberfl\u00e4che: ungef\u00fcllt, [&#8230;]\n","protected":false},"featured_media":14219,"template":"","meta":[],"product_cat":[2041,2033,2057,1917,1923,1951],"product_tag":[1833,1841,1835,1836,1840,1834],"class_list":{"0":"post-16830","1":"product","2":"type-product","3":"status-publish","4":"has-post-thumbnail","6":"product_cat-verblendsteine","7":"product_cat-naturstein-de","8":"product_cat-travertin-de-2","9":"product_cat-pflaster","10":"product_cat-naturstein","11":"product_cat-travertin-de","12":"product_tag-fur-den-ausenbereich-geeignet","13":"product_tag-fur-den-garten-geeignet-de","14":"product_tag-geeignet-fur-das-badezimmer","15":"product_tag-geeignet-fur-die-kuche","16":"product_tag-geeignet-fur-die-terrasse","17":"product_tag-geeignet-fur-innenraume","18":"pa_baleni-3-stuck-karton","19":"pa_baleni-pappkarton-075m2","21":"first","22":"instock","23":"purchasable","24":"product-type-simple"},"yoast_head":"<!-- This site is optimized with the Yoast SEO plugin v26.8 - https:\/\/yoast.com\/product\/yoast-seo-wordpress\/ -->\n<title>Travertin Bella Lumina TR-05 - Stonecity.cz<\/title>\n<meta name=\"robots\" content=\"index, follow, max-snippet:-1, max-image-preview:large, max-video-preview:-1\" \/>\n<link rel=\"canonical\" href=\"https:\/\/www.stonecity.cz\/de\/produkt\/travertin-bella-lumina-tr-05-ungefulltes-fass\/\" \/>\n<meta property=\"og:locale\" content=\"de_DE\" \/>\n<meta property=\"og:type\" content=\"article\" \/>\n<meta property=\"og:title\" content=\"Travertin Bella Lumina TR-05 - Stonecity.cz\" \/>\n<meta property=\"og:description\" content=\"Travertinfliesen in der Farbkombination Bella Lumina sind sehr elegant und haben einen angenehmen honigfarbenen Schimmer. Travertin ist sehr praktisch in der Pflege und beh\u00e4lt dank seiner Struktur immer ein sauberes Aussehen. Dieses Modell ist f\u00fcr die Verwendung im Innenbereich als Fliese und Verkleidung und im Au\u00dfenbereich als Verkleidung geeignet. 1,2 cm dicke Innenfliesen Oberfl\u00e4che: ungef\u00fcllt, [...]\" \/>\n<meta property=\"og:url\" content=\"https:\/\/www.stonecity.cz\/de\/produkt\/travertin-bella-lumina-tr-05-ungefulltes-fass\/\" \/>\n<meta property=\"og:site_name\" content=\"Stonecity.cz\" \/>\n<meta property=\"og:image\" content=\"https:\/\/www.stonecity.cz\/wp-content\/uploads\/2020\/05\/Travertin-Bella-Lumina-TR-05_eshop.jpg\" \/>\n\t<meta property=\"og:image:width\" content=\"1198\" \/>\n\t<meta property=\"og:image:height\" content=\"1800\" \/>\n\t<meta property=\"og:image:type\" content=\"image\/jpeg\" \/>\n<meta name=\"twitter:card\" content=\"summary_large_image\" \/>\n<script type=\"application\/ld+json\" class=\"yoast-schema-graph\">{\"@context\":\"https:\/\/schema.org\",\"@graph\":[{\"@type\":\"WebPage\",\"@id\":\"https:\/\/www.stonecity.cz\/de\/produkt\/travertin-bella-lumina-tr-05-ungefulltes-fass\/\",\"url\":\"https:\/\/www.stonecity.cz\/de\/produkt\/travertin-bella-lumina-tr-05-ungefulltes-fass\/\",\"name\":\"Travertin Bella Lumina TR-05 - Stonecity.cz\",\"isPartOf\":{\"@id\":\"https:\/\/www.stonecity.cz\/de\/#website\"},\"primaryImageOfPage\":{\"@id\":\"https:\/\/www.stonecity.cz\/de\/produkt\/travertin-bella-lumina-tr-05-ungefulltes-fass\/#primaryimage\"},\"image\":{\"@id\":\"https:\/\/www.stonecity.cz\/de\/produkt\/travertin-bella-lumina-tr-05-ungefulltes-fass\/#primaryimage\"},\"thumbnailUrl\":\"https:\/\/www.stonecity.cz\/wp-content\/uploads\/2020\/05\/TR-05_Bella-Lumina_6.jpg\",\"datePublished\":\"2020-05-21T12:34:10+00:00\",\"breadcrumb\":{\"@id\":\"https:\/\/www.stonecity.cz\/de\/produkt\/travertin-bella-lumina-tr-05-ungefulltes-fass\/#breadcrumb\"},\"inLanguage\":\"de\",\"potentialAction\":[{\"@type\":\"ReadAction\",\"target\":[\"https:\/\/www.stonecity.cz\/de\/produkt\/travertin-bella-lumina-tr-05-ungefulltes-fass\/\"]}]},{\"@type\":\"ImageObject\",\"inLanguage\":\"de\",\"@id\":\"https:\/\/www.stonecity.cz\/de\/produkt\/travertin-bella-lumina-tr-05-ungefulltes-fass\/#primaryimage\",\"url\":\"https:\/\/www.stonecity.cz\/wp-content\/uploads\/2020\/05\/TR-05_Bella-Lumina_6.jpg\",\"contentUrl\":\"https:\/\/www.stonecity.cz\/wp-content\/uploads\/2020\/05\/TR-05_Bella-Lumina_6.jpg\",\"width\":940,\"height\":462},{\"@type\":\"BreadcrumbList\",\"@id\":\"https:\/\/www.stonecity.cz\/de\/produkt\/travertin-bella-lumina-tr-05-ungefulltes-fass\/#breadcrumb\",\"itemListElement\":[{\"@type\":\"ListItem\",\"position\":1,\"name\":\"Dom\u016f\",\"item\":\"https:\/\/www.stonecity.cz\/de\/\"},{\"@type\":\"ListItem\",\"position\":2,\"name\":\"Shop\",\"item\":\"https:\/\/www.stonecity.cz\/de\/shop\/\"},{\"@type\":\"ListItem\",\"position\":3,\"name\":\"Travertin Bella Lumina TR-05\"}]},{\"@type\":\"WebSite\",\"@id\":\"https:\/\/www.stonecity.cz\/de\/#website\",\"url\":\"https:\/\/www.stonecity.cz\/de\/\",\"name\":\"Stonecity.cz\",\"description\":\"Dla\u017eba, obklady, um\u011bl\u00fd i p\u0159\u00edrodn\u00ed k\u00e1men\",\"potentialAction\":[{\"@type\":\"SearchAction\",\"target\":{\"@type\":\"EntryPoint\",\"urlTemplate\":\"https:\/\/www.stonecity.cz\/de\/?s={search_term_string}\"},\"query-input\":{\"@type\":\"PropertyValueSpecification\",\"valueRequired\":true,\"valueName\":\"search_term_string\"}}],\"inLanguage\":\"de\"}]}<\/script>\n<!-- \/ Yoast SEO plugin. -->","yoast_head_json":{"title":"Travertin Bella Lumina TR-05 - Stonecity.cz","robots":{"index":"index","follow":"follow","max-snippet":"max-snippet:-1","max-image-preview":"max-image-preview:large","max-video-preview":"max-video-preview:-1"},"canonical":"https:\/\/www.stonecity.cz\/de\/produkt\/travertin-bella-lumina-tr-05-ungefulltes-fass\/","og_locale":"de_DE","og_type":"article","og_title":"Travertin Bella Lumina TR-05 - Stonecity.cz","og_description":"Travertinfliesen in der Farbkombination Bella Lumina sind sehr elegant und haben einen angenehmen honigfarbenen Schimmer. Travertin ist sehr praktisch in der Pflege und beh\u00e4lt dank seiner Struktur immer ein sauberes Aussehen. Dieses Modell ist f\u00fcr die Verwendung im Innenbereich als Fliese und Verkleidung und im Au\u00dfenbereich als Verkleidung geeignet. 1,2 cm dicke Innenfliesen Oberfl\u00e4che: ungef\u00fcllt, [...]","og_url":"https:\/\/www.stonecity.cz\/de\/produkt\/travertin-bella-lumina-tr-05-ungefulltes-fass\/","og_site_name":"Stonecity.cz","og_image":[{"width":1198,"height":1800,"url":"https:\/\/www.stonecity.cz\/wp-content\/uploads\/2020\/05\/Travertin-Bella-Lumina-TR-05_eshop.jpg","type":"image\/jpeg"}],"twitter_card":"summary_large_image","schema":{"@context":"https:\/\/schema.org","@graph":[{"@type":"WebPage","@id":"https:\/\/www.stonecity.cz\/de\/produkt\/travertin-bella-lumina-tr-05-ungefulltes-fass\/","url":"https:\/\/www.stonecity.cz\/de\/produkt\/travertin-bella-lumina-tr-05-ungefulltes-fass\/","name":"Travertin Bella Lumina TR-05 - Stonecity.cz","isPartOf":{"@id":"https:\/\/www.stonecity.cz\/de\/#website"},"primaryImageOfPage":{"@id":"https:\/\/www.stonecity.cz\/de\/produkt\/travertin-bella-lumina-tr-05-ungefulltes-fass\/#primaryimage"},"image":{"@id":"https:\/\/www.stonecity.cz\/de\/produkt\/travertin-bella-lumina-tr-05-ungefulltes-fass\/#primaryimage"},"thumbnailUrl":"https:\/\/www.stonecity.cz\/wp-content\/uploads\/2020\/05\/TR-05_Bella-Lumina_6.jpg","datePublished":"2020-05-21T12:34:10+00:00","breadcrumb":{"@id":"https:\/\/www.stonecity.cz\/de\/produkt\/travertin-bella-lumina-tr-05-ungefulltes-fass\/#breadcrumb"},"inLanguage":"de","potentialAction":[{"@type":"ReadAction","target":["https:\/\/www.stonecity.cz\/de\/produkt\/travertin-bella-lumina-tr-05-ungefulltes-fass\/"]}]},{"@type":"ImageObject","inLanguage":"de","@id":"https:\/\/www.stonecity.cz\/de\/produkt\/travertin-bella-lumina-tr-05-ungefulltes-fass\/#primaryimage","url":"https:\/\/www.stonecity.cz\/wp-content\/uploads\/2020\/05\/TR-05_Bella-Lumina_6.jpg","contentUrl":"https:\/\/www.stonecity.cz\/wp-content\/uploads\/2020\/05\/TR-05_Bella-Lumina_6.jpg","width":940,"height":462},{"@type":"BreadcrumbList","@id":"https:\/\/www.stonecity.cz\/de\/produkt\/travertin-bella-lumina-tr-05-ungefulltes-fass\/#breadcrumb","itemListElement":[{"@type":"ListItem","position":1,"name":"Dom\u016f","item":"https:\/\/www.stonecity.cz\/de\/"},{"@type":"ListItem","position":2,"name":"Shop","item":"https:\/\/www.stonecity.cz\/de\/shop\/"},{"@type":"ListItem","position":3,"name":"Travertin Bella Lumina TR-05"}]},{"@type":"WebSite","@id":"https:\/\/www.stonecity.cz\/de\/#website","url":"https:\/\/www.stonecity.cz\/de\/","name":"Stonecity.cz","description":"Dla\u017eba, obklady, um\u011bl\u00fd i p\u0159\u00edrodn\u00ed k\u00e1men","potentialAction":[{"@type":"SearchAction","target":{"@type":"EntryPoint","urlTemplate":"https:\/\/www.stonecity.cz\/de\/?s={search_term_string}"},"query-input":{"@type":"PropertyValueSpecification","valueRequired":true,"valueName":"search_term_string"}}],"inLanguage":"de"}]}},"_links":{"self":[{"href":"https:\/\/www.stonecity.cz\/de\/wp-json\/wp\/v2\/product\/16830","targetHints":{"allow":["GET"]}}],"collection":[{"href":"https:\/\/www.stonecity.cz\/de\/wp-json\/wp\/v2\/product"}],"about":[{"href":"https:\/\/www.stonecity.cz\/de\/wp-json\/wp\/v2\/types\/product"}],"wp:featuredmedia":[{"embeddable":true,"href":"https:\/\/www.stonecity.cz\/de\/wp-json\/wp\/v2\/media\/14219"}],"wp:attachment":[{"href":"https:\/\/www.stonecity.cz\/de\/wp-json\/wp\/v2\/media?parent=16830"}],"wp:term":[{"taxonomy":"product_cat","embeddable":true,"href":"https:\/\/www.stonecity.cz\/de\/wp-json\/wp\/v2\/product_cat?post=16830"},{"taxonomy":"product_tag","embeddable":true,"href":"https:\/\/www.stonecity.cz\/de\/wp-json\/wp\/v2\/product_tag?post=16830"}],"curies":[{"name":"wp","href":"https:\/\/api.w.org\/{rel}","templated":true}]}}