{"id":16831,"date":"2020-05-21T14:34:03","date_gmt":"2020-05-21T12:34:03","guid":{"rendered":"https:\/\/www.stonecity.cz\/produkt\/stonesil-aqua\/"},"modified":"2020-05-21T14:34:03","modified_gmt":"2020-05-21T12:34:03","slug":"steinsilikat-aqua","status":"publish","type":"product","link":"https:\/\/www.stonecity.cz\/de\/produkt\/steinsilikat-aqua\/","title":{"rendered":"Stonesil Aqua"},"content":{"rendered":"<p class=\"p1\"><span class=\"s1\">Stonesil aqua wird als wasserabweisende Endbeschichtung f\u00fcr WILD STONE Steinfliesen verwendet.<br \/>\nBesonders in Au\u00dfenbereichen und Umgebungen mit erh\u00f6hter Luftfeuchtigkeit (B\u00e4der, Schwimmb\u00e4der usw.).<\/span><\/p>\n<p class=\"p1\"><span class=\"s1\">Stonesil aqua eignet sich auch f\u00fcr Natur- und Kunststein (Skulpturen, Fassadenverkleidungen, Steinbauten), Bedachungen, alle Arten von Putz, etc.<br \/>\nEs erzeugt keine gl\u00e4nzende Oberfl\u00e4che und ver\u00e4ndert das Aussehen der Materialien nicht.<br \/>\nSTONESIL AQUA ist ein wasserabweisendes Mittel zur Impr\u00e4gnierung von anorganischen Oberfl\u00e4chen gegen das Eindringen von Wasser.<\/span><\/p>\n<p class=\"p1\"><em><strong><a href=\"https:\/\/www.stonecity.cz\/wp-content\/uploads\/2020\/05\/Katalogov%C3%BD-list-Stonesil-Aqua.pdf\">Katalogblatt Stonesil Aqua<\/a><\/strong><\/em><br \/>\n<em><strong><a href=\"https:\/\/www.stonecity.cz\/wp-content\/uploads\/2020\/05\/Katalogov%C3%BD-list-Wild-Stone-P%C5%99%C3%ADslu%C5%A1enstv%C3%AD-4.pdf\">Katalogblatt Wild Stone Zubeh\u00f6r<\/a><\/strong><\/em><br \/>\n<em><strong><a href=\"https:\/\/www.stonecity.cz\/wp-content\/uploads\/2020\/05\/Bezpe%C4%8Dnostn%C3%AD-list-Stonesil-Aqua.pdf\">Sicherheitsdatenblatt Stonesil Aqua<\/a><\/strong><\/em><br \/>\n<em><strong><a href=\"https:\/\/www.stonecity.cz\/wp-content\/uploads\/2020\/05\/Etiketa-Stonesil-Aqua.pdf\">Etikett Stonesil Aqua<\/a><\/strong><\/em><br \/>\n<em><strong><a href=\"https:\/\/www.stonecity.cz\/wp-content\/uploads\/2020\/05\/Charakteristika-Stonesil-Aqua.pdf\">Merkmale von Stonesil Aqua<\/a><\/strong><\/em><\/p>\n","protected":false},"excerpt":{"rendered":"<p>Stonesil aqua wird als wasserabweisende Endbeschichtung f\u00fcr WILD STONE Steinfliesen verwendet. Besonders in Au\u00dfenbereichen und Umgebungen mit erh\u00f6hter Luftfeuchtigkeit (B\u00e4der, Schwimmb\u00e4der usw.). Stonesil aqua eignet sich auch f\u00fcr Natur- und Kunststein (Skulpturen, Fassadenverkleidungen, Steinbauten), Bedachungen, alle Arten von Putz, etc. Es erzeugt keine gl\u00e4nzende Oberfl\u00e4che und ver\u00e4ndert das Aussehen der Materialien nicht. STONESIL AQUA ist [&#8230;]\n","protected":false},"featured_media":12314,"template":"","meta":[],"product_cat":[2063],"product_tag":[1833,1834],"class_list":{"0":"post-16831","1":"product","2":"type-product","3":"status-publish","4":"has-post-thumbnail","6":"product_cat-zubehor","7":"product_tag-fur-den-ausenbereich-geeignet","8":"product_tag-geeignet-fur-innenraume","9":"pa_baleni-1-l-de","11":"first","12":"instock","13":"purchasable","14":"product-type-simple"},"yoast_head":"<!-- This site is optimized with the Yoast SEO plugin v26.8 - https:\/\/yoast.com\/product\/yoast-seo-wordpress\/ -->\n<title>Stonesil Aqua - Stonecity.cz<\/title>\n<meta name=\"robots\" content=\"index, follow, max-snippet:-1, max-image-preview:large, max-video-preview:-1\" \/>\n<link rel=\"canonical\" href=\"https:\/\/www.stonecity.cz\/de\/produkt\/steinsilikat-aqua\/\" \/>\n<meta property=\"og:locale\" content=\"de_DE\" \/>\n<meta property=\"og:type\" content=\"article\" \/>\n<meta property=\"og:title\" content=\"Stonesil Aqua - Stonecity.cz\" \/>\n<meta property=\"og:description\" content=\"Stonesil aqua wird als wasserabweisende Endbeschichtung f\u00fcr WILD STONE Steinfliesen verwendet. Besonders in Au\u00dfenbereichen und Umgebungen mit erh\u00f6hter Luftfeuchtigkeit (B\u00e4der, Schwimmb\u00e4der usw.). Stonesil aqua eignet sich auch f\u00fcr Natur- und Kunststein (Skulpturen, Fassadenverkleidungen, Steinbauten), Bedachungen, alle Arten von Putz, etc. Es erzeugt keine gl\u00e4nzende Oberfl\u00e4che und ver\u00e4ndert das Aussehen der Materialien nicht. STONESIL AQUA ist [...]\" \/>\n<meta property=\"og:url\" content=\"https:\/\/www.stonecity.cz\/de\/produkt\/steinsilikat-aqua\/\" \/>\n<meta property=\"og:site_name\" content=\"Stonecity.cz\" \/>\n<meta property=\"og:image\" content=\"https:\/\/www.stonecity.cz\/wp-content\/uploads\/2020\/05\/Stonesil_icon.jpeg\" \/>\n\t<meta property=\"og:image:width\" content=\"600\" \/>\n\t<meta property=\"og:image:height\" content=\"325\" \/>\n\t<meta property=\"og:image:type\" content=\"image\/jpeg\" \/>\n<meta name=\"twitter:card\" content=\"summary_large_image\" \/>\n<script type=\"application\/ld+json\" class=\"yoast-schema-graph\">{\"@context\":\"https:\/\/schema.org\",\"@graph\":[{\"@type\":\"WebPage\",\"@id\":\"https:\/\/www.stonecity.cz\/de\/produkt\/steinsilikat-aqua\/\",\"url\":\"https:\/\/www.stonecity.cz\/de\/produkt\/steinsilikat-aqua\/\",\"name\":\"Stonesil Aqua - Stonecity.cz\",\"isPartOf\":{\"@id\":\"https:\/\/www.stonecity.cz\/de\/#website\"},\"primaryImageOfPage\":{\"@id\":\"https:\/\/www.stonecity.cz\/de\/produkt\/steinsilikat-aqua\/#primaryimage\"},\"image\":{\"@id\":\"https:\/\/www.stonecity.cz\/de\/produkt\/steinsilikat-aqua\/#primaryimage\"},\"thumbnailUrl\":\"https:\/\/www.stonecity.cz\/wp-content\/uploads\/2020\/05\/Stonesil_icon.jpeg\",\"datePublished\":\"2020-05-21T12:34:03+00:00\",\"breadcrumb\":{\"@id\":\"https:\/\/www.stonecity.cz\/de\/produkt\/steinsilikat-aqua\/#breadcrumb\"},\"inLanguage\":\"de\",\"potentialAction\":[{\"@type\":\"ReadAction\",\"target\":[\"https:\/\/www.stonecity.cz\/de\/produkt\/steinsilikat-aqua\/\"]}]},{\"@type\":\"ImageObject\",\"inLanguage\":\"de\",\"@id\":\"https:\/\/www.stonecity.cz\/de\/produkt\/steinsilikat-aqua\/#primaryimage\",\"url\":\"https:\/\/www.stonecity.cz\/wp-content\/uploads\/2020\/05\/Stonesil_icon.jpeg\",\"contentUrl\":\"https:\/\/www.stonecity.cz\/wp-content\/uploads\/2020\/05\/Stonesil_icon.jpeg\",\"width\":600,\"height\":325},{\"@type\":\"BreadcrumbList\",\"@id\":\"https:\/\/www.stonecity.cz\/de\/produkt\/steinsilikat-aqua\/#breadcrumb\",\"itemListElement\":[{\"@type\":\"ListItem\",\"position\":1,\"name\":\"Dom\u016f\",\"item\":\"https:\/\/www.stonecity.cz\/de\/\"},{\"@type\":\"ListItem\",\"position\":2,\"name\":\"Shop\",\"item\":\"https:\/\/www.stonecity.cz\/de\/shop\/\"},{\"@type\":\"ListItem\",\"position\":3,\"name\":\"Stonesil Aqua\"}]},{\"@type\":\"WebSite\",\"@id\":\"https:\/\/www.stonecity.cz\/de\/#website\",\"url\":\"https:\/\/www.stonecity.cz\/de\/\",\"name\":\"Stonecity.cz\",\"description\":\"Dla\u017eba, obklady, um\u011bl\u00fd i p\u0159\u00edrodn\u00ed k\u00e1men\",\"potentialAction\":[{\"@type\":\"SearchAction\",\"target\":{\"@type\":\"EntryPoint\",\"urlTemplate\":\"https:\/\/www.stonecity.cz\/de\/?s={search_term_string}\"},\"query-input\":{\"@type\":\"PropertyValueSpecification\",\"valueRequired\":true,\"valueName\":\"search_term_string\"}}],\"inLanguage\":\"de\"}]}<\/script>\n<!-- \/ Yoast SEO plugin. -->","yoast_head_json":{"title":"Stonesil Aqua - Stonecity.cz","robots":{"index":"index","follow":"follow","max-snippet":"max-snippet:-1","max-image-preview":"max-image-preview:large","max-video-preview":"max-video-preview:-1"},"canonical":"https:\/\/www.stonecity.cz\/de\/produkt\/steinsilikat-aqua\/","og_locale":"de_DE","og_type":"article","og_title":"Stonesil Aqua - Stonecity.cz","og_description":"Stonesil aqua wird als wasserabweisende Endbeschichtung f\u00fcr WILD STONE Steinfliesen verwendet. Besonders in Au\u00dfenbereichen und Umgebungen mit erh\u00f6hter Luftfeuchtigkeit (B\u00e4der, Schwimmb\u00e4der usw.). Stonesil aqua eignet sich auch f\u00fcr Natur- und Kunststein (Skulpturen, Fassadenverkleidungen, Steinbauten), Bedachungen, alle Arten von Putz, etc. Es erzeugt keine gl\u00e4nzende Oberfl\u00e4che und ver\u00e4ndert das Aussehen der Materialien nicht. STONESIL AQUA ist [...]","og_url":"https:\/\/www.stonecity.cz\/de\/produkt\/steinsilikat-aqua\/","og_site_name":"Stonecity.cz","og_image":[{"width":600,"height":325,"url":"https:\/\/www.stonecity.cz\/wp-content\/uploads\/2020\/05\/Stonesil_icon.jpeg","type":"image\/jpeg"}],"twitter_card":"summary_large_image","schema":{"@context":"https:\/\/schema.org","@graph":[{"@type":"WebPage","@id":"https:\/\/www.stonecity.cz\/de\/produkt\/steinsilikat-aqua\/","url":"https:\/\/www.stonecity.cz\/de\/produkt\/steinsilikat-aqua\/","name":"Stonesil Aqua - Stonecity.cz","isPartOf":{"@id":"https:\/\/www.stonecity.cz\/de\/#website"},"primaryImageOfPage":{"@id":"https:\/\/www.stonecity.cz\/de\/produkt\/steinsilikat-aqua\/#primaryimage"},"image":{"@id":"https:\/\/www.stonecity.cz\/de\/produkt\/steinsilikat-aqua\/#primaryimage"},"thumbnailUrl":"https:\/\/www.stonecity.cz\/wp-content\/uploads\/2020\/05\/Stonesil_icon.jpeg","datePublished":"2020-05-21T12:34:03+00:00","breadcrumb":{"@id":"https:\/\/www.stonecity.cz\/de\/produkt\/steinsilikat-aqua\/#breadcrumb"},"inLanguage":"de","potentialAction":[{"@type":"ReadAction","target":["https:\/\/www.stonecity.cz\/de\/produkt\/steinsilikat-aqua\/"]}]},{"@type":"ImageObject","inLanguage":"de","@id":"https:\/\/www.stonecity.cz\/de\/produkt\/steinsilikat-aqua\/#primaryimage","url":"https:\/\/www.stonecity.cz\/wp-content\/uploads\/2020\/05\/Stonesil_icon.jpeg","contentUrl":"https:\/\/www.stonecity.cz\/wp-content\/uploads\/2020\/05\/Stonesil_icon.jpeg","width":600,"height":325},{"@type":"BreadcrumbList","@id":"https:\/\/www.stonecity.cz\/de\/produkt\/steinsilikat-aqua\/#breadcrumb","itemListElement":[{"@type":"ListItem","position":1,"name":"Dom\u016f","item":"https:\/\/www.stonecity.cz\/de\/"},{"@type":"ListItem","position":2,"name":"Shop","item":"https:\/\/www.stonecity.cz\/de\/shop\/"},{"@type":"ListItem","position":3,"name":"Stonesil Aqua"}]},{"@type":"WebSite","@id":"https:\/\/www.stonecity.cz\/de\/#website","url":"https:\/\/www.stonecity.cz\/de\/","name":"Stonecity.cz","description":"Dla\u017eba, obklady, um\u011bl\u00fd i p\u0159\u00edrodn\u00ed k\u00e1men","potentialAction":[{"@type":"SearchAction","target":{"@type":"EntryPoint","urlTemplate":"https:\/\/www.stonecity.cz\/de\/?s={search_term_string}"},"query-input":{"@type":"PropertyValueSpecification","valueRequired":true,"valueName":"search_term_string"}}],"inLanguage":"de"}]}},"_links":{"self":[{"href":"https:\/\/www.stonecity.cz\/de\/wp-json\/wp\/v2\/product\/16831","targetHints":{"allow":["GET"]}}],"collection":[{"href":"https:\/\/www.stonecity.cz\/de\/wp-json\/wp\/v2\/product"}],"about":[{"href":"https:\/\/www.stonecity.cz\/de\/wp-json\/wp\/v2\/types\/product"}],"wp:featuredmedia":[{"embeddable":true,"href":"https:\/\/www.stonecity.cz\/de\/wp-json\/wp\/v2\/media\/12314"}],"wp:attachment":[{"href":"https:\/\/www.stonecity.cz\/de\/wp-json\/wp\/v2\/media?parent=16831"}],"wp:term":[{"taxonomy":"product_cat","embeddable":true,"href":"https:\/\/www.stonecity.cz\/de\/wp-json\/wp\/v2\/product_cat?post=16831"},{"taxonomy":"product_tag","embeddable":true,"href":"https:\/\/www.stonecity.cz\/de\/wp-json\/wp\/v2\/product_tag?post=16831"}],"curies":[{"name":"wp","href":"https:\/\/api.w.org\/{rel}","templated":true}]}}