{"id":16836,"date":"2020-05-21T14:34:05","date_gmt":"2020-05-21T12:34:05","guid":{"rendered":"https:\/\/www.stonecity.cz\/produkt\/ekostone\/"},"modified":"2020-05-21T14:34:05","modified_gmt":"2020-05-21T12:34:05","slug":"okoton-2","status":"publish","type":"product","link":"https:\/\/www.stonecity.cz\/de\/produkt\/okoton-2\/","title":{"rendered":"Ekostone"},"content":{"rendered":"<p class=\"p1\"><span class=\"s1\">EKOSTONE ist eine glatte, samtige Wachsbeschichtung, die f\u00fcr die Endbehandlung von WILD STONE\u00ae Portland-Pflastersteinen entwickelt wurde.<br \/>\nAu\u00dferdem Ziegel- und Steinfliesen, Steinfliesen f\u00fcr den Au\u00dfen- und Innenbereich.<br \/>\nEKOSTONE ist eine abwaschbare Beschichtung mit sehr guter Abriebfestigkeit, reduziert deutlich die Absorption der Oberfl\u00e4che, die Bildung von Ausbl\u00fchungen, belebt die Farben, erh\u00f6ht die Widerstandsf\u00e4higkeit gegen Kratzer und schwarze Flecken von Sohlen, Reifen, usw.<\/span><\/p>\n<p class=\"p1\"><span class=\"s1\">Verbrauch <\/span><span class=\"s1\">1 l\/10-15 m2<\/span><\/p>\n<p><a href=\"https:\/\/www.stonecity.cz\/wp-content\/uploads\/2020\/05\/Bezpe%C4%8Dnostn%C3%AD-list-Ekostone.pdf\"><em><strong>Ekostone Sicherheitsdatenblatt<\/strong><\/em><\/a><br \/>\n<em><strong><a href=\"https:\/\/www.stonecity.cz\/wp-content\/uploads\/2020\/05\/Etiketa-Ekostone.pdf\">Ekostone-Etikett<\/a><\/strong><\/em><br \/>\n<em><strong><a href=\"https:\/\/www.stonecity.cz\/wp-content\/uploads\/2020\/05\/Katalogov%C3%BD-list-Ekostone.pdf\">Katalogblatt Ekostone<\/a><\/strong><\/em><br \/>\n<em><strong><a href=\"https:\/\/www.stonecity.cz\/wp-content\/uploads\/2020\/05\/Katalogov%C3%BD-list-Wild-Stone-P%C5%99%C3%ADslu%C5%A1enstv%C3%AD-1.pdf\">Katalogblatt Wild Stone Zubeh\u00f6r<\/a><\/strong><\/em><br \/>\n<em><strong><a href=\"https:\/\/www.stonecity.cz\/wp-content\/uploads\/2020\/05\/N%C3%A1vod-Ekostone.pdf\">Anweisungen Ekostone<\/a><\/strong><\/em><\/p>\n","protected":false},"excerpt":{"rendered":"<p>EKOSTONE ist eine glatte, samtige Wachsbeschichtung, die f\u00fcr die Endbehandlung von WILD STONE\u00ae Portland-Pflastersteinen entwickelt wurde. Au\u00dferdem Ziegel- und Steinfliesen, Steinfliesen f\u00fcr den Au\u00dfen- und Innenbereich. EKOSTONE ist eine abwaschbare Beschichtung mit sehr guter Abriebfestigkeit, reduziert deutlich die Absorption der Oberfl\u00e4che, die Bildung von Ausbl\u00fchungen, belebt die Farben, erh\u00f6ht die Widerstandsf\u00e4higkeit gegen Kratzer und schwarze [&#8230;]\n","protected":false},"featured_media":12290,"template":"","meta":[],"product_cat":[2063],"product_tag":[],"class_list":{"0":"post-16836","1":"product","2":"type-product","3":"status-publish","4":"has-post-thumbnail","6":"product_cat-zubehor","7":"pa_baleni-1-l-de","9":"first","10":"instock","11":"purchasable","12":"product-type-simple"},"yoast_head":"<!-- This site is optimized with the Yoast SEO plugin v26.8 - https:\/\/yoast.com\/product\/yoast-seo-wordpress\/ -->\n<title>Ekostone - Stonecity.cz<\/title>\n<meta name=\"robots\" content=\"index, follow, max-snippet:-1, max-image-preview:large, max-video-preview:-1\" \/>\n<link rel=\"canonical\" href=\"https:\/\/www.stonecity.cz\/de\/produkt\/okoton-2\/\" \/>\n<meta property=\"og:locale\" content=\"de_DE\" \/>\n<meta property=\"og:type\" content=\"article\" \/>\n<meta property=\"og:title\" content=\"Ekostone - Stonecity.cz\" \/>\n<meta property=\"og:description\" content=\"EKOSTONE ist eine glatte, samtige Wachsbeschichtung, die f\u00fcr die Endbehandlung von WILD STONE\u00ae Portland-Pflastersteinen entwickelt wurde. Au\u00dferdem Ziegel- und Steinfliesen, Steinfliesen f\u00fcr den Au\u00dfen- und Innenbereich. EKOSTONE ist eine abwaschbare Beschichtung mit sehr guter Abriebfestigkeit, reduziert deutlich die Absorption der Oberfl\u00e4che, die Bildung von Ausbl\u00fchungen, belebt die Farben, erh\u00f6ht die Widerstandsf\u00e4higkeit gegen Kratzer und schwarze [...]\" \/>\n<meta property=\"og:url\" content=\"https:\/\/www.stonecity.cz\/de\/produkt\/okoton-2\/\" \/>\n<meta property=\"og:site_name\" content=\"Stonecity.cz\" \/>\n<meta property=\"og:image\" content=\"https:\/\/www.stonecity.cz\/wp-content\/uploads\/2020\/05\/icon-1505.jpeg\" \/>\n\t<meta property=\"og:image:width\" content=\"600\" \/>\n\t<meta property=\"og:image:height\" content=\"325\" \/>\n\t<meta property=\"og:image:type\" content=\"image\/jpeg\" \/>\n<meta name=\"twitter:card\" content=\"summary_large_image\" \/>\n<script type=\"application\/ld+json\" class=\"yoast-schema-graph\">{\"@context\":\"https:\/\/schema.org\",\"@graph\":[{\"@type\":\"WebPage\",\"@id\":\"https:\/\/www.stonecity.cz\/de\/produkt\/okoton-2\/\",\"url\":\"https:\/\/www.stonecity.cz\/de\/produkt\/okoton-2\/\",\"name\":\"Ekostone - Stonecity.cz\",\"isPartOf\":{\"@id\":\"https:\/\/www.stonecity.cz\/de\/#website\"},\"primaryImageOfPage\":{\"@id\":\"https:\/\/www.stonecity.cz\/de\/produkt\/okoton-2\/#primaryimage\"},\"image\":{\"@id\":\"https:\/\/www.stonecity.cz\/de\/produkt\/okoton-2\/#primaryimage\"},\"thumbnailUrl\":\"https:\/\/www.stonecity.cz\/wp-content\/uploads\/2020\/05\/icon-1505.jpeg\",\"datePublished\":\"2020-05-21T12:34:05+00:00\",\"breadcrumb\":{\"@id\":\"https:\/\/www.stonecity.cz\/de\/produkt\/okoton-2\/#breadcrumb\"},\"inLanguage\":\"de\",\"potentialAction\":[{\"@type\":\"ReadAction\",\"target\":[\"https:\/\/www.stonecity.cz\/de\/produkt\/okoton-2\/\"]}]},{\"@type\":\"ImageObject\",\"inLanguage\":\"de\",\"@id\":\"https:\/\/www.stonecity.cz\/de\/produkt\/okoton-2\/#primaryimage\",\"url\":\"https:\/\/www.stonecity.cz\/wp-content\/uploads\/2020\/05\/icon-1505.jpeg\",\"contentUrl\":\"https:\/\/www.stonecity.cz\/wp-content\/uploads\/2020\/05\/icon-1505.jpeg\",\"width\":600,\"height\":325},{\"@type\":\"BreadcrumbList\",\"@id\":\"https:\/\/www.stonecity.cz\/de\/produkt\/okoton-2\/#breadcrumb\",\"itemListElement\":[{\"@type\":\"ListItem\",\"position\":1,\"name\":\"Dom\u016f\",\"item\":\"https:\/\/www.stonecity.cz\/de\/\"},{\"@type\":\"ListItem\",\"position\":2,\"name\":\"Shop\",\"item\":\"https:\/\/www.stonecity.cz\/de\/shop\/\"},{\"@type\":\"ListItem\",\"position\":3,\"name\":\"Ekostone\"}]},{\"@type\":\"WebSite\",\"@id\":\"https:\/\/www.stonecity.cz\/de\/#website\",\"url\":\"https:\/\/www.stonecity.cz\/de\/\",\"name\":\"Stonecity.cz\",\"description\":\"Dla\u017eba, obklady, um\u011bl\u00fd i p\u0159\u00edrodn\u00ed k\u00e1men\",\"potentialAction\":[{\"@type\":\"SearchAction\",\"target\":{\"@type\":\"EntryPoint\",\"urlTemplate\":\"https:\/\/www.stonecity.cz\/de\/?s={search_term_string}\"},\"query-input\":{\"@type\":\"PropertyValueSpecification\",\"valueRequired\":true,\"valueName\":\"search_term_string\"}}],\"inLanguage\":\"de\"}]}<\/script>\n<!-- \/ Yoast SEO plugin. -->","yoast_head_json":{"title":"Ekostone - Stonecity.cz","robots":{"index":"index","follow":"follow","max-snippet":"max-snippet:-1","max-image-preview":"max-image-preview:large","max-video-preview":"max-video-preview:-1"},"canonical":"https:\/\/www.stonecity.cz\/de\/produkt\/okoton-2\/","og_locale":"de_DE","og_type":"article","og_title":"Ekostone - Stonecity.cz","og_description":"EKOSTONE ist eine glatte, samtige Wachsbeschichtung, die f\u00fcr die Endbehandlung von WILD STONE\u00ae Portland-Pflastersteinen entwickelt wurde. Au\u00dferdem Ziegel- und Steinfliesen, Steinfliesen f\u00fcr den Au\u00dfen- und Innenbereich. EKOSTONE ist eine abwaschbare Beschichtung mit sehr guter Abriebfestigkeit, reduziert deutlich die Absorption der Oberfl\u00e4che, die Bildung von Ausbl\u00fchungen, belebt die Farben, erh\u00f6ht die Widerstandsf\u00e4higkeit gegen Kratzer und schwarze [...]","og_url":"https:\/\/www.stonecity.cz\/de\/produkt\/okoton-2\/","og_site_name":"Stonecity.cz","og_image":[{"width":600,"height":325,"url":"https:\/\/www.stonecity.cz\/wp-content\/uploads\/2020\/05\/icon-1505.jpeg","type":"image\/jpeg"}],"twitter_card":"summary_large_image","schema":{"@context":"https:\/\/schema.org","@graph":[{"@type":"WebPage","@id":"https:\/\/www.stonecity.cz\/de\/produkt\/okoton-2\/","url":"https:\/\/www.stonecity.cz\/de\/produkt\/okoton-2\/","name":"Ekostone - Stonecity.cz","isPartOf":{"@id":"https:\/\/www.stonecity.cz\/de\/#website"},"primaryImageOfPage":{"@id":"https:\/\/www.stonecity.cz\/de\/produkt\/okoton-2\/#primaryimage"},"image":{"@id":"https:\/\/www.stonecity.cz\/de\/produkt\/okoton-2\/#primaryimage"},"thumbnailUrl":"https:\/\/www.stonecity.cz\/wp-content\/uploads\/2020\/05\/icon-1505.jpeg","datePublished":"2020-05-21T12:34:05+00:00","breadcrumb":{"@id":"https:\/\/www.stonecity.cz\/de\/produkt\/okoton-2\/#breadcrumb"},"inLanguage":"de","potentialAction":[{"@type":"ReadAction","target":["https:\/\/www.stonecity.cz\/de\/produkt\/okoton-2\/"]}]},{"@type":"ImageObject","inLanguage":"de","@id":"https:\/\/www.stonecity.cz\/de\/produkt\/okoton-2\/#primaryimage","url":"https:\/\/www.stonecity.cz\/wp-content\/uploads\/2020\/05\/icon-1505.jpeg","contentUrl":"https:\/\/www.stonecity.cz\/wp-content\/uploads\/2020\/05\/icon-1505.jpeg","width":600,"height":325},{"@type":"BreadcrumbList","@id":"https:\/\/www.stonecity.cz\/de\/produkt\/okoton-2\/#breadcrumb","itemListElement":[{"@type":"ListItem","position":1,"name":"Dom\u016f","item":"https:\/\/www.stonecity.cz\/de\/"},{"@type":"ListItem","position":2,"name":"Shop","item":"https:\/\/www.stonecity.cz\/de\/shop\/"},{"@type":"ListItem","position":3,"name":"Ekostone"}]},{"@type":"WebSite","@id":"https:\/\/www.stonecity.cz\/de\/#website","url":"https:\/\/www.stonecity.cz\/de\/","name":"Stonecity.cz","description":"Dla\u017eba, obklady, um\u011bl\u00fd i p\u0159\u00edrodn\u00ed k\u00e1men","potentialAction":[{"@type":"SearchAction","target":{"@type":"EntryPoint","urlTemplate":"https:\/\/www.stonecity.cz\/de\/?s={search_term_string}"},"query-input":{"@type":"PropertyValueSpecification","valueRequired":true,"valueName":"search_term_string"}}],"inLanguage":"de"}]}},"_links":{"self":[{"href":"https:\/\/www.stonecity.cz\/de\/wp-json\/wp\/v2\/product\/16836","targetHints":{"allow":["GET"]}}],"collection":[{"href":"https:\/\/www.stonecity.cz\/de\/wp-json\/wp\/v2\/product"}],"about":[{"href":"https:\/\/www.stonecity.cz\/de\/wp-json\/wp\/v2\/types\/product"}],"wp:featuredmedia":[{"embeddable":true,"href":"https:\/\/www.stonecity.cz\/de\/wp-json\/wp\/v2\/media\/12290"}],"wp:attachment":[{"href":"https:\/\/www.stonecity.cz\/de\/wp-json\/wp\/v2\/media?parent=16836"}],"wp:term":[{"taxonomy":"product_cat","embeddable":true,"href":"https:\/\/www.stonecity.cz\/de\/wp-json\/wp\/v2\/product_cat?post=16836"},{"taxonomy":"product_tag","embeddable":true,"href":"https:\/\/www.stonecity.cz\/de\/wp-json\/wp\/v2\/product_tag?post=16836"}],"curies":[{"name":"wp","href":"https:\/\/api.w.org\/{rel}","templated":true}]}}