{"id":16844,"date":"2020-05-21T14:34:10","date_gmt":"2020-05-21T12:34:10","guid":{"rendered":"https:\/\/www.stonecity.cz\/produkt\/travertin-ravenna-antico-tr-04\/"},"modified":"2020-05-21T14:34:10","modified_gmt":"2020-05-21T12:34:10","slug":"travertin-ebene-antico-tr-04","status":"publish","type":"product","link":"https:\/\/www.stonecity.cz\/de\/produkt\/travertin-ebene-antico-tr-04\/","title":{"rendered":"Travertin Ravenna Antico TR-04"},"content":{"rendered":"<p>Travertin Ravenna Antico<\/p>\n<p>Travertinfliesen in Cremet\u00f6nen mit einem rustikalen Touch.<br \/>\nTravertin ist sehr praktisch in der Pflege und beh\u00e4lt dank seiner Struktur immer ein sauberes Aussehen.<br \/>\nDieses Modell ist f\u00fcr die Verwendung im Freien als Pflasterstein geeignet.<\/p>\n<p>Innenfliesen &#8211; Dicke 1,2 cm<\/p>\n<p>Oberfl\u00e4che: ungef\u00fcllt, kreuzgeschnitten, Kanten gefast<\/p>\n<p>Verwendung: B\u00e4der, K\u00fcchen, Poolumgebung, Terrassen, Flure, Treppenh\u00e4user&#8230;<\/p>\n<p>Einfache Installation und minimale Wartung.<\/p>\n<p><em><strong><a href=\"https:\/\/www.stonecity.cz\/wp-content\/uploads\/2020\/05\/Certifikat-k-travertinu.pdf\">Zertifikat f\u00fcr Travertin<\/a><\/strong><\/em><\/p>\n","protected":false},"excerpt":{"rendered":"<p>Travertin Ravenna Antico Travertinfliesen in Cremet\u00f6nen mit einem rustikalen Touch. Travertin ist sehr praktisch in der Pflege und beh\u00e4lt dank seiner Struktur immer ein sauberes Aussehen. Dieses Modell ist f\u00fcr die Verwendung im Freien als Pflasterstein geeignet. Innenfliesen &#8211; Dicke 1,2 cm Oberfl\u00e4che: ungef\u00fcllt, kreuzgeschnitten, Kanten gefast Verwendung: B\u00e4der, K\u00fcchen, Poolumgebung, Terrassen, Flure, Treppenh\u00e4user&#8230; Einfache [&#8230;]\n","protected":false},"featured_media":18894,"template":"","meta":[],"product_cat":[2041,2033,2057,1917,1923,1951],"product_tag":[1830,1833,1841,1835,1836,1840,1834],"class_list":{"0":"post-16844","1":"product","2":"type-product","3":"status-publish","4":"has-post-thumbnail","6":"product_cat-verblendsteine","7":"product_cat-naturstein-de","8":"product_cat-travertin-de-2","9":"product_cat-pflaster","10":"product_cat-naturstein","11":"product_cat-travertin-de","12":"product_tag-fassadenverkleidung","13":"product_tag-fur-den-ausenbereich-geeignet","14":"product_tag-fur-den-garten-geeignet-de","15":"product_tag-geeignet-fur-das-badezimmer","16":"product_tag-geeignet-fur-die-kuche","17":"product_tag-geeignet-fur-die-terrasse","18":"product_tag-geeignet-fur-innenraume","19":"pa_baleni-4stuck-karton-de","20":"pa_baleni-pappkarton-066-m2","22":"first","23":"instock","24":"purchasable","25":"product-type-simple"},"yoast_head":"<!-- This site is optimized with the Yoast SEO plugin v26.8 - https:\/\/yoast.com\/product\/yoast-seo-wordpress\/ -->\n<title>Travertin Ravenna Antico TR-04 - Stonecity.cz<\/title>\n<meta name=\"robots\" content=\"index, follow, max-snippet:-1, max-image-preview:large, max-video-preview:-1\" \/>\n<link rel=\"canonical\" href=\"https:\/\/www.stonecity.cz\/de\/produkt\/travertin-ebene-antico-tr-04\/\" \/>\n<meta property=\"og:locale\" content=\"de_DE\" \/>\n<meta property=\"og:type\" content=\"article\" \/>\n<meta property=\"og:title\" content=\"Travertin Ravenna Antico TR-04 - Stonecity.cz\" \/>\n<meta property=\"og:description\" content=\"Travertin Ravenna Antico Travertinfliesen in Cremet\u00f6nen mit einem rustikalen Touch. Travertin ist sehr praktisch in der Pflege und beh\u00e4lt dank seiner Struktur immer ein sauberes Aussehen. Dieses Modell ist f\u00fcr die Verwendung im Freien als Pflasterstein geeignet. Innenfliesen &#8211; Dicke 1,2 cm Oberfl\u00e4che: ungef\u00fcllt, kreuzgeschnitten, Kanten gefast Verwendung: B\u00e4der, K\u00fcchen, Poolumgebung, Terrassen, Flure, Treppenh\u00e4user&#8230; Einfache [...]\" \/>\n<meta property=\"og:url\" content=\"https:\/\/www.stonecity.cz\/de\/produkt\/travertin-ebene-antico-tr-04\/\" \/>\n<meta property=\"og:site_name\" content=\"Stonecity.cz\" \/>\n<meta property=\"og:image\" content=\"https:\/\/www.stonecity.cz\/wp-content\/uploads\/2020\/05\/STONE-CITY-Travertin-Ravenna-Antico-TR-04-002.jpg\" \/>\n\t<meta property=\"og:image:width\" content=\"768\" \/>\n\t<meta property=\"og:image:height\" content=\"1024\" \/>\n\t<meta property=\"og:image:type\" content=\"image\/jpeg\" \/>\n<meta name=\"twitter:card\" content=\"summary_large_image\" \/>\n<script type=\"application\/ld+json\" class=\"yoast-schema-graph\">{\"@context\":\"https:\/\/schema.org\",\"@graph\":[{\"@type\":\"WebPage\",\"@id\":\"https:\/\/www.stonecity.cz\/de\/produkt\/travertin-ebene-antico-tr-04\/\",\"url\":\"https:\/\/www.stonecity.cz\/de\/produkt\/travertin-ebene-antico-tr-04\/\",\"name\":\"Travertin Ravenna Antico TR-04 - Stonecity.cz\",\"isPartOf\":{\"@id\":\"https:\/\/www.stonecity.cz\/de\/#website\"},\"primaryImageOfPage\":{\"@id\":\"https:\/\/www.stonecity.cz\/de\/produkt\/travertin-ebene-antico-tr-04\/#primaryimage\"},\"image\":{\"@id\":\"https:\/\/www.stonecity.cz\/de\/produkt\/travertin-ebene-antico-tr-04\/#primaryimage\"},\"thumbnailUrl\":\"https:\/\/www.stonecity.cz\/wp-content\/uploads\/2025\/02\/02Tiles02-scaled.jpg\",\"datePublished\":\"2020-05-21T12:34:10+00:00\",\"breadcrumb\":{\"@id\":\"https:\/\/www.stonecity.cz\/de\/produkt\/travertin-ebene-antico-tr-04\/#breadcrumb\"},\"inLanguage\":\"de\",\"potentialAction\":[{\"@type\":\"ReadAction\",\"target\":[\"https:\/\/www.stonecity.cz\/de\/produkt\/travertin-ebene-antico-tr-04\/\"]}]},{\"@type\":\"ImageObject\",\"inLanguage\":\"de\",\"@id\":\"https:\/\/www.stonecity.cz\/de\/produkt\/travertin-ebene-antico-tr-04\/#primaryimage\",\"url\":\"https:\/\/www.stonecity.cz\/wp-content\/uploads\/2025\/02\/02Tiles02-scaled.jpg\",\"contentUrl\":\"https:\/\/www.stonecity.cz\/wp-content\/uploads\/2025\/02\/02Tiles02-scaled.jpg\",\"width\":2560,\"height\":2383},{\"@type\":\"BreadcrumbList\",\"@id\":\"https:\/\/www.stonecity.cz\/de\/produkt\/travertin-ebene-antico-tr-04\/#breadcrumb\",\"itemListElement\":[{\"@type\":\"ListItem\",\"position\":1,\"name\":\"Dom\u016f\",\"item\":\"https:\/\/www.stonecity.cz\/de\/\"},{\"@type\":\"ListItem\",\"position\":2,\"name\":\"Shop\",\"item\":\"https:\/\/www.stonecity.cz\/de\/shop\/\"},{\"@type\":\"ListItem\",\"position\":3,\"name\":\"Travertin Ravenna Antico TR-04\"}]},{\"@type\":\"WebSite\",\"@id\":\"https:\/\/www.stonecity.cz\/de\/#website\",\"url\":\"https:\/\/www.stonecity.cz\/de\/\",\"name\":\"Stonecity.cz\",\"description\":\"Dla\u017eba, obklady, um\u011bl\u00fd i p\u0159\u00edrodn\u00ed k\u00e1men\",\"potentialAction\":[{\"@type\":\"SearchAction\",\"target\":{\"@type\":\"EntryPoint\",\"urlTemplate\":\"https:\/\/www.stonecity.cz\/de\/?s={search_term_string}\"},\"query-input\":{\"@type\":\"PropertyValueSpecification\",\"valueRequired\":true,\"valueName\":\"search_term_string\"}}],\"inLanguage\":\"de\"}]}<\/script>\n<!-- \/ Yoast SEO plugin. -->","yoast_head_json":{"title":"Travertin Ravenna Antico TR-04 - Stonecity.cz","robots":{"index":"index","follow":"follow","max-snippet":"max-snippet:-1","max-image-preview":"max-image-preview:large","max-video-preview":"max-video-preview:-1"},"canonical":"https:\/\/www.stonecity.cz\/de\/produkt\/travertin-ebene-antico-tr-04\/","og_locale":"de_DE","og_type":"article","og_title":"Travertin Ravenna Antico TR-04 - Stonecity.cz","og_description":"Travertin Ravenna Antico Travertinfliesen in Cremet\u00f6nen mit einem rustikalen Touch. Travertin ist sehr praktisch in der Pflege und beh\u00e4lt dank seiner Struktur immer ein sauberes Aussehen. Dieses Modell ist f\u00fcr die Verwendung im Freien als Pflasterstein geeignet. Innenfliesen &#8211; Dicke 1,2 cm Oberfl\u00e4che: ungef\u00fcllt, kreuzgeschnitten, Kanten gefast Verwendung: B\u00e4der, K\u00fcchen, Poolumgebung, Terrassen, Flure, Treppenh\u00e4user&#8230; Einfache [...]","og_url":"https:\/\/www.stonecity.cz\/de\/produkt\/travertin-ebene-antico-tr-04\/","og_site_name":"Stonecity.cz","og_image":[{"width":768,"height":1024,"url":"https:\/\/www.stonecity.cz\/wp-content\/uploads\/2020\/05\/STONE-CITY-Travertin-Ravenna-Antico-TR-04-002.jpg","type":"image\/jpeg"}],"twitter_card":"summary_large_image","schema":{"@context":"https:\/\/schema.org","@graph":[{"@type":"WebPage","@id":"https:\/\/www.stonecity.cz\/de\/produkt\/travertin-ebene-antico-tr-04\/","url":"https:\/\/www.stonecity.cz\/de\/produkt\/travertin-ebene-antico-tr-04\/","name":"Travertin Ravenna Antico TR-04 - Stonecity.cz","isPartOf":{"@id":"https:\/\/www.stonecity.cz\/de\/#website"},"primaryImageOfPage":{"@id":"https:\/\/www.stonecity.cz\/de\/produkt\/travertin-ebene-antico-tr-04\/#primaryimage"},"image":{"@id":"https:\/\/www.stonecity.cz\/de\/produkt\/travertin-ebene-antico-tr-04\/#primaryimage"},"thumbnailUrl":"https:\/\/www.stonecity.cz\/wp-content\/uploads\/2025\/02\/02Tiles02-scaled.jpg","datePublished":"2020-05-21T12:34:10+00:00","breadcrumb":{"@id":"https:\/\/www.stonecity.cz\/de\/produkt\/travertin-ebene-antico-tr-04\/#breadcrumb"},"inLanguage":"de","potentialAction":[{"@type":"ReadAction","target":["https:\/\/www.stonecity.cz\/de\/produkt\/travertin-ebene-antico-tr-04\/"]}]},{"@type":"ImageObject","inLanguage":"de","@id":"https:\/\/www.stonecity.cz\/de\/produkt\/travertin-ebene-antico-tr-04\/#primaryimage","url":"https:\/\/www.stonecity.cz\/wp-content\/uploads\/2025\/02\/02Tiles02-scaled.jpg","contentUrl":"https:\/\/www.stonecity.cz\/wp-content\/uploads\/2025\/02\/02Tiles02-scaled.jpg","width":2560,"height":2383},{"@type":"BreadcrumbList","@id":"https:\/\/www.stonecity.cz\/de\/produkt\/travertin-ebene-antico-tr-04\/#breadcrumb","itemListElement":[{"@type":"ListItem","position":1,"name":"Dom\u016f","item":"https:\/\/www.stonecity.cz\/de\/"},{"@type":"ListItem","position":2,"name":"Shop","item":"https:\/\/www.stonecity.cz\/de\/shop\/"},{"@type":"ListItem","position":3,"name":"Travertin Ravenna Antico TR-04"}]},{"@type":"WebSite","@id":"https:\/\/www.stonecity.cz\/de\/#website","url":"https:\/\/www.stonecity.cz\/de\/","name":"Stonecity.cz","description":"Dla\u017eba, obklady, um\u011bl\u00fd i p\u0159\u00edrodn\u00ed k\u00e1men","potentialAction":[{"@type":"SearchAction","target":{"@type":"EntryPoint","urlTemplate":"https:\/\/www.stonecity.cz\/de\/?s={search_term_string}"},"query-input":{"@type":"PropertyValueSpecification","valueRequired":true,"valueName":"search_term_string"}}],"inLanguage":"de"}]}},"_links":{"self":[{"href":"https:\/\/www.stonecity.cz\/de\/wp-json\/wp\/v2\/product\/16844","targetHints":{"allow":["GET"]}}],"collection":[{"href":"https:\/\/www.stonecity.cz\/de\/wp-json\/wp\/v2\/product"}],"about":[{"href":"https:\/\/www.stonecity.cz\/de\/wp-json\/wp\/v2\/types\/product"}],"wp:featuredmedia":[{"embeddable":true,"href":"https:\/\/www.stonecity.cz\/de\/wp-json\/wp\/v2\/media\/18894"}],"wp:attachment":[{"href":"https:\/\/www.stonecity.cz\/de\/wp-json\/wp\/v2\/media?parent=16844"}],"wp:term":[{"taxonomy":"product_cat","embeddable":true,"href":"https:\/\/www.stonecity.cz\/de\/wp-json\/wp\/v2\/product_cat?post=16844"},{"taxonomy":"product_tag","embeddable":true,"href":"https:\/\/www.stonecity.cz\/de\/wp-json\/wp\/v2\/product_tag?post=16844"}],"curies":[{"name":"wp","href":"https:\/\/api.w.org\/{rel}","templated":true}]}}