{"id":16846,"date":"2020-05-21T14:34:03","date_gmt":"2020-05-21T12:34:03","guid":{"rendered":"https:\/\/www.stonecity.cz\/produkt\/fugensack\/"},"modified":"2020-05-21T14:34:03","modified_gmt":"2020-05-21T12:34:03","slug":"sparovaci-pytel","status":"publish","type":"product","link":"https:\/\/www.stonecity.cz\/de\/produkt\/sparovaci-pytel\/","title":{"rendered":"Fugensack"},"content":{"rendered":"<p>Der Fugensack ist ein unsch\u00e4tzbares Werkzeug zum Verfugen unserer Fliesen.<\/p>\n<p><em><strong><a href=\"https:\/\/www.stonecity.cz\/wp-content\/uploads\/2020\/05\/Katalogov%C3%BD-list-Wild-Stone-P%C5%99%C3%ADslu%C5%A1enstv%C3%AD-1.pdf\">Katalogblatt Wild Stone Zubeh\u00f6r<\/a><\/strong><\/em><br \/>\n<em><strong><a href=\"https:\/\/www.stonecity.cz\/wp-content\/uploads\/2020\/05\/Katalogov%C3%BD-list-Sp%C3%A1rovac%C3%AD-pytel.pdf\">Katalogblatt Fugensack<\/a><\/strong><\/em><br \/>\n<em><strong><a href=\"https:\/\/www.stonecity.cz\/wp-content\/uploads\/2020\/05\/N%C3%A1vod-sp%C3%A1rovac%C3%AD-pytel.pdf\">Anweisungen f\u00fcr Fugenbeutel<\/a><\/strong><\/em><\/p>\n<p>&nbsp;<\/p>\n","protected":false},"excerpt":{"rendered":"<p>Der Fugensack ist ein unsch\u00e4tzbares Werkzeug zum Verfugen unserer Fliesen. Katalogblatt Wild Stone Zubeh\u00f6r Katalogblatt Fugensack Anweisungen f\u00fcr Fugenbeutel &nbsp;<\/p>\n","protected":false},"featured_media":20490,"template":"","meta":[],"product_cat":[2063],"product_tag":[1833,1834],"class_list":{"0":"post-16846","1":"product","2":"type-product","3":"status-publish","4":"has-post-thumbnail","6":"product_cat-zubehor","7":"product_tag-fur-den-ausenbereich-geeignet","8":"product_tag-geeignet-fur-innenraume","10":"first","11":"instock","12":"purchasable","13":"product-type-simple"},"yoast_head":"<!-- This site is optimized with the Yoast SEO plugin v26.8 - https:\/\/yoast.com\/product\/yoast-seo-wordpress\/ -->\n<title>Fugensack - Stonecity.cz<\/title>\n<meta name=\"robots\" content=\"index, follow, max-snippet:-1, max-image-preview:large, max-video-preview:-1\" \/>\n<link rel=\"canonical\" href=\"https:\/\/www.stonecity.cz\/de\/produkt\/sparovaci-pytel\/\" \/>\n<meta property=\"og:locale\" content=\"de_DE\" \/>\n<meta property=\"og:type\" content=\"article\" \/>\n<meta property=\"og:title\" content=\"Fugensack - Stonecity.cz\" \/>\n<meta property=\"og:description\" content=\"Der Fugensack ist ein unsch\u00e4tzbares Werkzeug zum Verfugen unserer Fliesen. Katalogblatt Wild Stone Zubeh\u00f6r Katalogblatt Fugensack Anweisungen f\u00fcr Fugenbeutel &nbsp;\" \/>\n<meta property=\"og:url\" content=\"https:\/\/www.stonecity.cz\/de\/produkt\/sparovaci-pytel\/\" \/>\n<meta property=\"og:site_name\" content=\"Stonecity.cz\" \/>\n<meta property=\"og:image\" content=\"https:\/\/www.stonecity.cz\/wp-content\/uploads\/2020\/05\/sp\u00e1rovac\u00ed-pytel.jpeg\" \/>\n\t<meta property=\"og:image:width\" content=\"900\" \/>\n\t<meta property=\"og:image:height\" content=\"675\" \/>\n\t<meta property=\"og:image:type\" content=\"image\/jpeg\" \/>\n<meta name=\"twitter:card\" content=\"summary_large_image\" \/>\n<script type=\"application\/ld+json\" class=\"yoast-schema-graph\">{\"@context\":\"https:\/\/schema.org\",\"@graph\":[{\"@type\":\"WebPage\",\"@id\":\"https:\/\/www.stonecity.cz\/de\/produkt\/sparovaci-pytel\/\",\"url\":\"https:\/\/www.stonecity.cz\/de\/produkt\/sparovaci-pytel\/\",\"name\":\"Fugensack - Stonecity.cz\",\"isPartOf\":{\"@id\":\"https:\/\/www.stonecity.cz\/de\/#website\"},\"primaryImageOfPage\":{\"@id\":\"https:\/\/www.stonecity.cz\/de\/produkt\/sparovaci-pytel\/#primaryimage\"},\"image\":{\"@id\":\"https:\/\/www.stonecity.cz\/de\/produkt\/sparovaci-pytel\/#primaryimage\"},\"thumbnailUrl\":\"https:\/\/www.stonecity.cz\/wp-content\/uploads\/2020\/05\/WILD-STONE-grout-bag-1-scaled.jpg\",\"datePublished\":\"2020-05-21T12:34:03+00:00\",\"breadcrumb\":{\"@id\":\"https:\/\/www.stonecity.cz\/de\/produkt\/sparovaci-pytel\/#breadcrumb\"},\"inLanguage\":\"de\",\"potentialAction\":[{\"@type\":\"ReadAction\",\"target\":[\"https:\/\/www.stonecity.cz\/de\/produkt\/sparovaci-pytel\/\"]}]},{\"@type\":\"ImageObject\",\"inLanguage\":\"de\",\"@id\":\"https:\/\/www.stonecity.cz\/de\/produkt\/sparovaci-pytel\/#primaryimage\",\"url\":\"https:\/\/www.stonecity.cz\/wp-content\/uploads\/2020\/05\/WILD-STONE-grout-bag-1-scaled.jpg\",\"contentUrl\":\"https:\/\/www.stonecity.cz\/wp-content\/uploads\/2020\/05\/WILD-STONE-grout-bag-1-scaled.jpg\",\"width\":2560,\"height\":2466},{\"@type\":\"BreadcrumbList\",\"@id\":\"https:\/\/www.stonecity.cz\/de\/produkt\/sparovaci-pytel\/#breadcrumb\",\"itemListElement\":[{\"@type\":\"ListItem\",\"position\":1,\"name\":\"Dom\u016f\",\"item\":\"https:\/\/www.stonecity.cz\/de\/\"},{\"@type\":\"ListItem\",\"position\":2,\"name\":\"Shop\",\"item\":\"https:\/\/www.stonecity.cz\/de\/shop\/\"},{\"@type\":\"ListItem\",\"position\":3,\"name\":\"Fugensack\"}]},{\"@type\":\"WebSite\",\"@id\":\"https:\/\/www.stonecity.cz\/de\/#website\",\"url\":\"https:\/\/www.stonecity.cz\/de\/\",\"name\":\"Stonecity.cz\",\"description\":\"Dla\u017eba, obklady, um\u011bl\u00fd i p\u0159\u00edrodn\u00ed k\u00e1men\",\"potentialAction\":[{\"@type\":\"SearchAction\",\"target\":{\"@type\":\"EntryPoint\",\"urlTemplate\":\"https:\/\/www.stonecity.cz\/de\/?s={search_term_string}\"},\"query-input\":{\"@type\":\"PropertyValueSpecification\",\"valueRequired\":true,\"valueName\":\"search_term_string\"}}],\"inLanguage\":\"de\"}]}<\/script>\n<!-- \/ Yoast SEO plugin. -->","yoast_head_json":{"title":"Fugensack - Stonecity.cz","robots":{"index":"index","follow":"follow","max-snippet":"max-snippet:-1","max-image-preview":"max-image-preview:large","max-video-preview":"max-video-preview:-1"},"canonical":"https:\/\/www.stonecity.cz\/de\/produkt\/sparovaci-pytel\/","og_locale":"de_DE","og_type":"article","og_title":"Fugensack - Stonecity.cz","og_description":"Der Fugensack ist ein unsch\u00e4tzbares Werkzeug zum Verfugen unserer Fliesen. Katalogblatt Wild Stone Zubeh\u00f6r Katalogblatt Fugensack Anweisungen f\u00fcr Fugenbeutel &nbsp;","og_url":"https:\/\/www.stonecity.cz\/de\/produkt\/sparovaci-pytel\/","og_site_name":"Stonecity.cz","og_image":[{"width":900,"height":675,"url":"https:\/\/www.stonecity.cz\/wp-content\/uploads\/2020\/05\/sp\u00e1rovac\u00ed-pytel.jpeg","type":"image\/jpeg"}],"twitter_card":"summary_large_image","schema":{"@context":"https:\/\/schema.org","@graph":[{"@type":"WebPage","@id":"https:\/\/www.stonecity.cz\/de\/produkt\/sparovaci-pytel\/","url":"https:\/\/www.stonecity.cz\/de\/produkt\/sparovaci-pytel\/","name":"Fugensack - Stonecity.cz","isPartOf":{"@id":"https:\/\/www.stonecity.cz\/de\/#website"},"primaryImageOfPage":{"@id":"https:\/\/www.stonecity.cz\/de\/produkt\/sparovaci-pytel\/#primaryimage"},"image":{"@id":"https:\/\/www.stonecity.cz\/de\/produkt\/sparovaci-pytel\/#primaryimage"},"thumbnailUrl":"https:\/\/www.stonecity.cz\/wp-content\/uploads\/2020\/05\/WILD-STONE-grout-bag-1-scaled.jpg","datePublished":"2020-05-21T12:34:03+00:00","breadcrumb":{"@id":"https:\/\/www.stonecity.cz\/de\/produkt\/sparovaci-pytel\/#breadcrumb"},"inLanguage":"de","potentialAction":[{"@type":"ReadAction","target":["https:\/\/www.stonecity.cz\/de\/produkt\/sparovaci-pytel\/"]}]},{"@type":"ImageObject","inLanguage":"de","@id":"https:\/\/www.stonecity.cz\/de\/produkt\/sparovaci-pytel\/#primaryimage","url":"https:\/\/www.stonecity.cz\/wp-content\/uploads\/2020\/05\/WILD-STONE-grout-bag-1-scaled.jpg","contentUrl":"https:\/\/www.stonecity.cz\/wp-content\/uploads\/2020\/05\/WILD-STONE-grout-bag-1-scaled.jpg","width":2560,"height":2466},{"@type":"BreadcrumbList","@id":"https:\/\/www.stonecity.cz\/de\/produkt\/sparovaci-pytel\/#breadcrumb","itemListElement":[{"@type":"ListItem","position":1,"name":"Dom\u016f","item":"https:\/\/www.stonecity.cz\/de\/"},{"@type":"ListItem","position":2,"name":"Shop","item":"https:\/\/www.stonecity.cz\/de\/shop\/"},{"@type":"ListItem","position":3,"name":"Fugensack"}]},{"@type":"WebSite","@id":"https:\/\/www.stonecity.cz\/de\/#website","url":"https:\/\/www.stonecity.cz\/de\/","name":"Stonecity.cz","description":"Dla\u017eba, obklady, um\u011bl\u00fd i p\u0159\u00edrodn\u00ed k\u00e1men","potentialAction":[{"@type":"SearchAction","target":{"@type":"EntryPoint","urlTemplate":"https:\/\/www.stonecity.cz\/de\/?s={search_term_string}"},"query-input":{"@type":"PropertyValueSpecification","valueRequired":true,"valueName":"search_term_string"}}],"inLanguage":"de"}]}},"_links":{"self":[{"href":"https:\/\/www.stonecity.cz\/de\/wp-json\/wp\/v2\/product\/16846","targetHints":{"allow":["GET"]}}],"collection":[{"href":"https:\/\/www.stonecity.cz\/de\/wp-json\/wp\/v2\/product"}],"about":[{"href":"https:\/\/www.stonecity.cz\/de\/wp-json\/wp\/v2\/types\/product"}],"wp:featuredmedia":[{"embeddable":true,"href":"https:\/\/www.stonecity.cz\/de\/wp-json\/wp\/v2\/media\/20490"}],"wp:attachment":[{"href":"https:\/\/www.stonecity.cz\/de\/wp-json\/wp\/v2\/media?parent=16846"}],"wp:term":[{"taxonomy":"product_cat","embeddable":true,"href":"https:\/\/www.stonecity.cz\/de\/wp-json\/wp\/v2\/product_cat?post=16846"},{"taxonomy":"product_tag","embeddable":true,"href":"https:\/\/www.stonecity.cz\/de\/wp-json\/wp\/v2\/product_tag?post=16846"}],"curies":[{"name":"wp","href":"https:\/\/api.w.org\/{rel}","templated":true}]}}