{"id":16850,"date":"2020-05-21T14:34:03","date_gmt":"2020-05-21T12:34:03","guid":{"rendered":"https:\/\/www.stonecity.cz\/produkt\/durchdringende-grundierung-wild-stone-pn\/"},"modified":"2020-05-21T14:34:03","modified_gmt":"2020-05-21T12:34:03","slug":"wild-stone-pn","status":"publish","type":"product","link":"https:\/\/www.stonecity.cz\/de\/produkt\/wild-stone-pn\/","title":{"rendered":"Durchdringende Grundierung WILD STONE PN"},"content":{"rendered":"<p class=\"p1\">WILD STONE PN eignet sich f\u00fcr die Behandlung von nicht saugf\u00e4higen, glatten und dichten Untergr\u00fcnden, f\u00fcr Untergr\u00fcnde mit Klebstoffresten.<br \/>\nDank des Gehalts an speziellen Additiven bildet es eine Haftbr\u00fccke auf dem Untergrund und erh\u00f6ht die Haftung von zement\u00e4ren Materialien.<br \/>\nBereit zur direkten Verwendung.<\/p>\n<p class=\"p1\"><em><strong><a href=\"https:\/\/www.stonecity.cz\/wp-content\/uploads\/2020\/05\/Technick%C3%BD-list-Wild-Stone-PN.pdf\">Technisches Datenblatt Wild Stone PN<\/a><\/strong><\/em><br \/>\n<em><strong><a href=\"https:\/\/www.stonecity.cz\/wp-content\/uploads\/2020\/05\/Katalogov%C3%BD-list-Wild-Stone-PN.pdf\">Katalogblatt Wild Stone PN<\/a><\/strong><\/em><br \/>\n<em><strong><a href=\"https:\/\/www.stonecity.cz\/wp-content\/uploads\/2020\/05\/Katalogov%C3%BD-list-Wild-Stone-P%C5%99%C3%ADslu%C5%A1enstv%C3%AD-5.pdf\">Katalogblatt Wild Stone Zubeh\u00f6r<\/a><\/strong><\/em><br \/>\n<em><strong><a href=\"https:\/\/www.stonecity.cz\/wp-content\/uploads\/2020\/05\/Etiketa-Wild-Stone-PN.pdf\">Wild Stone PN-Etikett<\/a><\/strong><\/em><br \/>\n<em><strong><a href=\"https:\/\/www.stonecity.cz\/wp-content\/uploads\/2020\/05\/Bezpe%C4%8Dnostn%C3%AD-list-Wild-Stone-PN.pdf\">Sicherheitsdatenblatt Wild Stone PN<\/a><\/strong><\/em><\/p>\n","protected":false},"excerpt":{"rendered":"<p>WILD STONE PN eignet sich f\u00fcr die Behandlung von nicht saugf\u00e4higen, glatten und dichten Untergr\u00fcnden, f\u00fcr Untergr\u00fcnde mit Klebstoffresten. Dank des Gehalts an speziellen Additiven bildet es eine Haftbr\u00fccke auf dem Untergrund und erh\u00f6ht die Haftung von zement\u00e4ren Materialien. Bereit zur direkten Verwendung. Technisches Datenblatt Wild Stone PN Katalogblatt Wild Stone PN Katalogblatt Wild Stone [&#8230;]\n","protected":false},"featured_media":12326,"template":"","meta":[],"product_cat":[2063],"product_tag":[1833,1834],"class_list":{"0":"post-16850","1":"product","2":"type-product","3":"status-publish","4":"has-post-thumbnail","6":"product_cat-zubehor","7":"product_tag-fur-den-ausenbereich-geeignet","8":"product_tag-geeignet-fur-innenraume","9":"pa_baleni-3-l-de","11":"first","12":"instock","13":"purchasable","14":"product-type-simple"},"yoast_head":"<!-- This site is optimized with the Yoast SEO plugin v26.8 - https:\/\/yoast.com\/product\/yoast-seo-wordpress\/ -->\n<title>Durchdringende Grundierung WILD STONE PN - Stonecity.cz<\/title>\n<meta name=\"robots\" content=\"index, follow, max-snippet:-1, max-image-preview:large, max-video-preview:-1\" \/>\n<link rel=\"canonical\" href=\"https:\/\/www.stonecity.cz\/de\/produkt\/wild-stone-pn\/\" \/>\n<meta property=\"og:locale\" content=\"de_DE\" \/>\n<meta property=\"og:type\" content=\"article\" \/>\n<meta property=\"og:title\" content=\"Durchdringende Grundierung WILD STONE PN - Stonecity.cz\" \/>\n<meta property=\"og:description\" content=\"WILD STONE PN eignet sich f\u00fcr die Behandlung von nicht saugf\u00e4higen, glatten und dichten Untergr\u00fcnden, f\u00fcr Untergr\u00fcnde mit Klebstoffresten. Dank des Gehalts an speziellen Additiven bildet es eine Haftbr\u00fccke auf dem Untergrund und erh\u00f6ht die Haftung von zement\u00e4ren Materialien. Bereit zur direkten Verwendung. Technisches Datenblatt Wild Stone PN Katalogblatt Wild Stone PN Katalogblatt Wild Stone [...]\" \/>\n<meta property=\"og:url\" content=\"https:\/\/www.stonecity.cz\/de\/produkt\/wild-stone-pn\/\" \/>\n<meta property=\"og:site_name\" content=\"Stonecity.cz\" \/>\n<meta property=\"og:image\" content=\"https:\/\/www.stonecity.cz\/wp-content\/uploads\/2020\/05\/Wild-Stone-PN.jpeg\" \/>\n\t<meta property=\"og:image:width\" content=\"600\" \/>\n\t<meta property=\"og:image:height\" content=\"325\" \/>\n\t<meta property=\"og:image:type\" content=\"image\/jpeg\" \/>\n<meta name=\"twitter:card\" content=\"summary_large_image\" \/>\n<script type=\"application\/ld+json\" class=\"yoast-schema-graph\">{\"@context\":\"https:\/\/schema.org\",\"@graph\":[{\"@type\":\"WebPage\",\"@id\":\"https:\/\/www.stonecity.cz\/de\/produkt\/wild-stone-pn\/\",\"url\":\"https:\/\/www.stonecity.cz\/de\/produkt\/wild-stone-pn\/\",\"name\":\"Durchdringende Grundierung WILD STONE PN - Stonecity.cz\",\"isPartOf\":{\"@id\":\"https:\/\/www.stonecity.cz\/de\/#website\"},\"primaryImageOfPage\":{\"@id\":\"https:\/\/www.stonecity.cz\/de\/produkt\/wild-stone-pn\/#primaryimage\"},\"image\":{\"@id\":\"https:\/\/www.stonecity.cz\/de\/produkt\/wild-stone-pn\/#primaryimage\"},\"thumbnailUrl\":\"https:\/\/www.stonecity.cz\/wp-content\/uploads\/2020\/05\/Wild-Stone-PN.jpeg\",\"datePublished\":\"2020-05-21T12:34:03+00:00\",\"breadcrumb\":{\"@id\":\"https:\/\/www.stonecity.cz\/de\/produkt\/wild-stone-pn\/#breadcrumb\"},\"inLanguage\":\"de\",\"potentialAction\":[{\"@type\":\"ReadAction\",\"target\":[\"https:\/\/www.stonecity.cz\/de\/produkt\/wild-stone-pn\/\"]}]},{\"@type\":\"ImageObject\",\"inLanguage\":\"de\",\"@id\":\"https:\/\/www.stonecity.cz\/de\/produkt\/wild-stone-pn\/#primaryimage\",\"url\":\"https:\/\/www.stonecity.cz\/wp-content\/uploads\/2020\/05\/Wild-Stone-PN.jpeg\",\"contentUrl\":\"https:\/\/www.stonecity.cz\/wp-content\/uploads\/2020\/05\/Wild-Stone-PN.jpeg\",\"width\":600,\"height\":325},{\"@type\":\"BreadcrumbList\",\"@id\":\"https:\/\/www.stonecity.cz\/de\/produkt\/wild-stone-pn\/#breadcrumb\",\"itemListElement\":[{\"@type\":\"ListItem\",\"position\":1,\"name\":\"Dom\u016f\",\"item\":\"https:\/\/www.stonecity.cz\/de\/\"},{\"@type\":\"ListItem\",\"position\":2,\"name\":\"Shop\",\"item\":\"https:\/\/www.stonecity.cz\/de\/shop\/\"},{\"@type\":\"ListItem\",\"position\":3,\"name\":\"Durchdringende Grundierung WILD STONE PN\"}]},{\"@type\":\"WebSite\",\"@id\":\"https:\/\/www.stonecity.cz\/de\/#website\",\"url\":\"https:\/\/www.stonecity.cz\/de\/\",\"name\":\"Stonecity.cz\",\"description\":\"Dla\u017eba, obklady, um\u011bl\u00fd i p\u0159\u00edrodn\u00ed k\u00e1men\",\"potentialAction\":[{\"@type\":\"SearchAction\",\"target\":{\"@type\":\"EntryPoint\",\"urlTemplate\":\"https:\/\/www.stonecity.cz\/de\/?s={search_term_string}\"},\"query-input\":{\"@type\":\"PropertyValueSpecification\",\"valueRequired\":true,\"valueName\":\"search_term_string\"}}],\"inLanguage\":\"de\"}]}<\/script>\n<!-- \/ Yoast SEO plugin. -->","yoast_head_json":{"title":"Durchdringende Grundierung WILD STONE PN - Stonecity.cz","robots":{"index":"index","follow":"follow","max-snippet":"max-snippet:-1","max-image-preview":"max-image-preview:large","max-video-preview":"max-video-preview:-1"},"canonical":"https:\/\/www.stonecity.cz\/de\/produkt\/wild-stone-pn\/","og_locale":"de_DE","og_type":"article","og_title":"Durchdringende Grundierung WILD STONE PN - Stonecity.cz","og_description":"WILD STONE PN eignet sich f\u00fcr die Behandlung von nicht saugf\u00e4higen, glatten und dichten Untergr\u00fcnden, f\u00fcr Untergr\u00fcnde mit Klebstoffresten. Dank des Gehalts an speziellen Additiven bildet es eine Haftbr\u00fccke auf dem Untergrund und erh\u00f6ht die Haftung von zement\u00e4ren Materialien. Bereit zur direkten Verwendung. Technisches Datenblatt Wild Stone PN Katalogblatt Wild Stone PN Katalogblatt Wild Stone [...]","og_url":"https:\/\/www.stonecity.cz\/de\/produkt\/wild-stone-pn\/","og_site_name":"Stonecity.cz","og_image":[{"width":600,"height":325,"url":"https:\/\/www.stonecity.cz\/wp-content\/uploads\/2020\/05\/Wild-Stone-PN.jpeg","type":"image\/jpeg"}],"twitter_card":"summary_large_image","schema":{"@context":"https:\/\/schema.org","@graph":[{"@type":"WebPage","@id":"https:\/\/www.stonecity.cz\/de\/produkt\/wild-stone-pn\/","url":"https:\/\/www.stonecity.cz\/de\/produkt\/wild-stone-pn\/","name":"Durchdringende Grundierung WILD STONE PN - Stonecity.cz","isPartOf":{"@id":"https:\/\/www.stonecity.cz\/de\/#website"},"primaryImageOfPage":{"@id":"https:\/\/www.stonecity.cz\/de\/produkt\/wild-stone-pn\/#primaryimage"},"image":{"@id":"https:\/\/www.stonecity.cz\/de\/produkt\/wild-stone-pn\/#primaryimage"},"thumbnailUrl":"https:\/\/www.stonecity.cz\/wp-content\/uploads\/2020\/05\/Wild-Stone-PN.jpeg","datePublished":"2020-05-21T12:34:03+00:00","breadcrumb":{"@id":"https:\/\/www.stonecity.cz\/de\/produkt\/wild-stone-pn\/#breadcrumb"},"inLanguage":"de","potentialAction":[{"@type":"ReadAction","target":["https:\/\/www.stonecity.cz\/de\/produkt\/wild-stone-pn\/"]}]},{"@type":"ImageObject","inLanguage":"de","@id":"https:\/\/www.stonecity.cz\/de\/produkt\/wild-stone-pn\/#primaryimage","url":"https:\/\/www.stonecity.cz\/wp-content\/uploads\/2020\/05\/Wild-Stone-PN.jpeg","contentUrl":"https:\/\/www.stonecity.cz\/wp-content\/uploads\/2020\/05\/Wild-Stone-PN.jpeg","width":600,"height":325},{"@type":"BreadcrumbList","@id":"https:\/\/www.stonecity.cz\/de\/produkt\/wild-stone-pn\/#breadcrumb","itemListElement":[{"@type":"ListItem","position":1,"name":"Dom\u016f","item":"https:\/\/www.stonecity.cz\/de\/"},{"@type":"ListItem","position":2,"name":"Shop","item":"https:\/\/www.stonecity.cz\/de\/shop\/"},{"@type":"ListItem","position":3,"name":"Durchdringende Grundierung WILD STONE PN"}]},{"@type":"WebSite","@id":"https:\/\/www.stonecity.cz\/de\/#website","url":"https:\/\/www.stonecity.cz\/de\/","name":"Stonecity.cz","description":"Dla\u017eba, obklady, um\u011bl\u00fd i p\u0159\u00edrodn\u00ed k\u00e1men","potentialAction":[{"@type":"SearchAction","target":{"@type":"EntryPoint","urlTemplate":"https:\/\/www.stonecity.cz\/de\/?s={search_term_string}"},"query-input":{"@type":"PropertyValueSpecification","valueRequired":true,"valueName":"search_term_string"}}],"inLanguage":"de"}]}},"_links":{"self":[{"href":"https:\/\/www.stonecity.cz\/de\/wp-json\/wp\/v2\/product\/16850","targetHints":{"allow":["GET"]}}],"collection":[{"href":"https:\/\/www.stonecity.cz\/de\/wp-json\/wp\/v2\/product"}],"about":[{"href":"https:\/\/www.stonecity.cz\/de\/wp-json\/wp\/v2\/types\/product"}],"wp:featuredmedia":[{"embeddable":true,"href":"https:\/\/www.stonecity.cz\/de\/wp-json\/wp\/v2\/media\/12326"}],"wp:attachment":[{"href":"https:\/\/www.stonecity.cz\/de\/wp-json\/wp\/v2\/media?parent=16850"}],"wp:term":[{"taxonomy":"product_cat","embeddable":true,"href":"https:\/\/www.stonecity.cz\/de\/wp-json\/wp\/v2\/product_cat?post=16850"},{"taxonomy":"product_tag","embeddable":true,"href":"https:\/\/www.stonecity.cz\/de\/wp-json\/wp\/v2\/product_tag?post=16850"}],"curies":[{"name":"wp","href":"https:\/\/api.w.org\/{rel}","templated":true}]}}