{"id":16853,"date":"2020-05-21T14:34:02","date_gmt":"2020-05-21T12:34:02","guid":{"rendered":"https:\/\/www.stonecity.cz\/produkt\/wild-stone-lm-flexibler-kleber\/"},"modified":"2020-05-21T14:34:02","modified_gmt":"2020-05-21T12:34:02","slug":"wild-stone-lm","status":"publish","type":"product","link":"https:\/\/www.stonecity.cz\/de\/produkt\/wild-stone-lm\/","title":{"rendered":"WILD STONE LM Flexibler Kleber"},"content":{"rendered":"<p class=\"p1\">WILD STONE LM ist ein hochbest\u00e4ndiger, professioneller M\u00f6rtel zum Verkleben von Stein, Ziegel und Betonfliesen.<\/p>\n<p class=\"p1\">WILD STONE LM zeichnet sich durch eine hohe Verarbeitbarkeit und einen geringen vertikalen Schlupf aus &#8211; Klasse C2TE S1.<br \/>\nFarbt\u00f6ne: grau und wei\u00df<\/p>\n<p class=\"p1\">WILD STONE LM\/W (wei\u00df) wird f\u00fcr alle hellen Fliesen empfohlen. Dadurch werden die grauen L\u00fccken zwischen den Steinen beseitigt!<\/p>\n<p>&nbsp;<\/p>\n<p><em><strong><a href=\"https:\/\/www.stonecity.cz\/wp-content\/uploads\/2020\/05\/Katalogov%C3%BD-list-Wild-Stone-P%C5%99%C3%ADslu%C5%A1enstv%C3%AD.pdf\">Katalogblatt Wild Stone<\/a><br \/>\n<a href=\"https:\/\/www.stonecity.cz\/wp-content\/uploads\/2020\/05\/Priprava-lepidla-WS-LM.pdf\">Vorbereitung des WS LM-Klebstoffs<\/a><a href=\"https:\/\/www.stonecity.cz\/wp-content\/uploads\/2020\/05\/Katalogov%C3%BD-list-Wild-Stone-P%C5%99%C3%ADslu%C5%A1enstv%C3%AD.pdf\"><br \/>\nZubeh\u00f6r<\/a><br \/>\n<\/strong><\/em><em><strong><a href=\"https:\/\/www.stonecity.cz\/wp-content\/uploads\/2020\/05\/Bezpe%C4%8Dnostn%C3%AD-list-Wild-Stone-LM.pdf\">Sicherheitsdatenblatt Wild Stone LM<\/a><br \/>\n<a href=\"https:\/\/www.stonecity.cz\/wp-content\/uploads\/2020\/05\/Katalogov%C3%BD-list-Wild-Stone-LM.pdf\">Katalogblatt Wild Stone LM<\/a><br \/>\n<a href=\"https:\/\/www.stonecity.cz\/wp-content\/uploads\/2020\/05\/Technick%C3%BD-list-Wild-Stone-LM.pdf\">Datenblatt Wild Stone LM<\/a><br \/>\n<\/strong><\/em><\/p>\n<p>&nbsp;<\/p>\n","protected":false},"excerpt":{"rendered":"<p>WILD STONE LM ist ein hochbest\u00e4ndiger, professioneller M\u00f6rtel zum Verkleben von Stein, Ziegel und Betonfliesen. WILD STONE LM zeichnet sich durch eine hohe Verarbeitbarkeit und einen geringen vertikalen Schlupf aus &#8211; Klasse C2TE S1. Farbt\u00f6ne: grau und wei\u00df WILD STONE LM\/W (wei\u00df) wird f\u00fcr alle hellen Fliesen empfohlen. Dadurch werden die grauen L\u00fccken zwischen den [&#8230;]\n","protected":false},"featured_media":12252,"template":"","meta":[],"product_cat":[2063],"product_tag":[1833,1834],"class_list":{"0":"post-16853","1":"product","2":"type-product","3":"status-publish","4":"has-post-thumbnail","6":"product_cat-zubehor","7":"product_tag-fur-den-ausenbereich-geeignet","8":"product_tag-geeignet-fur-innenraume","9":"pa_baleni-42-stuck-pro-palette","11":"first","12":"instock","13":"purchasable","14":"product-type-simple"},"yoast_head":"<!-- This site is optimized with the Yoast SEO plugin v26.8 - https:\/\/yoast.com\/product\/yoast-seo-wordpress\/ -->\n<title>WILD STONE LM Flexibler Kleber - Stonecity.cz<\/title>\n<meta name=\"robots\" content=\"index, follow, max-snippet:-1, max-image-preview:large, max-video-preview:-1\" \/>\n<link rel=\"canonical\" href=\"https:\/\/www.stonecity.cz\/de\/produkt\/wild-stone-lm\/\" \/>\n<meta property=\"og:locale\" content=\"de_DE\" \/>\n<meta property=\"og:type\" content=\"article\" \/>\n<meta property=\"og:title\" content=\"WILD STONE LM Flexibler Kleber - Stonecity.cz\" \/>\n<meta property=\"og:description\" content=\"WILD STONE LM ist ein hochbest\u00e4ndiger, professioneller M\u00f6rtel zum Verkleben von Stein, Ziegel und Betonfliesen. WILD STONE LM zeichnet sich durch eine hohe Verarbeitbarkeit und einen geringen vertikalen Schlupf aus &#8211; Klasse C2TE S1. Farbt\u00f6ne: grau und wei\u00df WILD STONE LM\/W (wei\u00df) wird f\u00fcr alle hellen Fliesen empfohlen. Dadurch werden die grauen L\u00fccken zwischen den [...]\" \/>\n<meta property=\"og:url\" content=\"https:\/\/www.stonecity.cz\/de\/produkt\/wild-stone-lm\/\" \/>\n<meta property=\"og:site_name\" content=\"Stonecity.cz\" \/>\n<meta property=\"og:image\" content=\"https:\/\/www.stonecity.cz\/wp-content\/uploads\/2020\/05\/Wild-Stone-LM.jpg\" \/>\n\t<meta property=\"og:image:width\" content=\"600\" \/>\n\t<meta property=\"og:image:height\" content=\"325\" \/>\n\t<meta property=\"og:image:type\" content=\"image\/jpeg\" \/>\n<meta name=\"twitter:card\" content=\"summary_large_image\" \/>\n<script type=\"application\/ld+json\" class=\"yoast-schema-graph\">{\"@context\":\"https:\/\/schema.org\",\"@graph\":[{\"@type\":\"WebPage\",\"@id\":\"https:\/\/www.stonecity.cz\/de\/produkt\/wild-stone-lm\/\",\"url\":\"https:\/\/www.stonecity.cz\/de\/produkt\/wild-stone-lm\/\",\"name\":\"WILD STONE LM Flexibler Kleber - Stonecity.cz\",\"isPartOf\":{\"@id\":\"https:\/\/www.stonecity.cz\/de\/#website\"},\"primaryImageOfPage\":{\"@id\":\"https:\/\/www.stonecity.cz\/de\/produkt\/wild-stone-lm\/#primaryimage\"},\"image\":{\"@id\":\"https:\/\/www.stonecity.cz\/de\/produkt\/wild-stone-lm\/#primaryimage\"},\"thumbnailUrl\":\"https:\/\/www.stonecity.cz\/wp-content\/uploads\/2020\/05\/Wild-Stone-LM.jpg\",\"datePublished\":\"2020-05-21T12:34:02+00:00\",\"breadcrumb\":{\"@id\":\"https:\/\/www.stonecity.cz\/de\/produkt\/wild-stone-lm\/#breadcrumb\"},\"inLanguage\":\"de\",\"potentialAction\":[{\"@type\":\"ReadAction\",\"target\":[\"https:\/\/www.stonecity.cz\/de\/produkt\/wild-stone-lm\/\"]}]},{\"@type\":\"ImageObject\",\"inLanguage\":\"de\",\"@id\":\"https:\/\/www.stonecity.cz\/de\/produkt\/wild-stone-lm\/#primaryimage\",\"url\":\"https:\/\/www.stonecity.cz\/wp-content\/uploads\/2020\/05\/Wild-Stone-LM.jpg\",\"contentUrl\":\"https:\/\/www.stonecity.cz\/wp-content\/uploads\/2020\/05\/Wild-Stone-LM.jpg\",\"width\":600,\"height\":325},{\"@type\":\"BreadcrumbList\",\"@id\":\"https:\/\/www.stonecity.cz\/de\/produkt\/wild-stone-lm\/#breadcrumb\",\"itemListElement\":[{\"@type\":\"ListItem\",\"position\":1,\"name\":\"Dom\u016f\",\"item\":\"https:\/\/www.stonecity.cz\/de\/\"},{\"@type\":\"ListItem\",\"position\":2,\"name\":\"Shop\",\"item\":\"https:\/\/www.stonecity.cz\/de\/shop\/\"},{\"@type\":\"ListItem\",\"position\":3,\"name\":\"WILD STONE LM Flexibler Kleber\"}]},{\"@type\":\"WebSite\",\"@id\":\"https:\/\/www.stonecity.cz\/de\/#website\",\"url\":\"https:\/\/www.stonecity.cz\/de\/\",\"name\":\"Stonecity.cz\",\"description\":\"Dla\u017eba, obklady, um\u011bl\u00fd i p\u0159\u00edrodn\u00ed k\u00e1men\",\"potentialAction\":[{\"@type\":\"SearchAction\",\"target\":{\"@type\":\"EntryPoint\",\"urlTemplate\":\"https:\/\/www.stonecity.cz\/de\/?s={search_term_string}\"},\"query-input\":{\"@type\":\"PropertyValueSpecification\",\"valueRequired\":true,\"valueName\":\"search_term_string\"}}],\"inLanguage\":\"de\"}]}<\/script>\n<!-- \/ Yoast SEO plugin. -->","yoast_head_json":{"title":"WILD STONE LM Flexibler Kleber - Stonecity.cz","robots":{"index":"index","follow":"follow","max-snippet":"max-snippet:-1","max-image-preview":"max-image-preview:large","max-video-preview":"max-video-preview:-1"},"canonical":"https:\/\/www.stonecity.cz\/de\/produkt\/wild-stone-lm\/","og_locale":"de_DE","og_type":"article","og_title":"WILD STONE LM Flexibler Kleber - Stonecity.cz","og_description":"WILD STONE LM ist ein hochbest\u00e4ndiger, professioneller M\u00f6rtel zum Verkleben von Stein, Ziegel und Betonfliesen. WILD STONE LM zeichnet sich durch eine hohe Verarbeitbarkeit und einen geringen vertikalen Schlupf aus &#8211; Klasse C2TE S1. Farbt\u00f6ne: grau und wei\u00df WILD STONE LM\/W (wei\u00df) wird f\u00fcr alle hellen Fliesen empfohlen. Dadurch werden die grauen L\u00fccken zwischen den [...]","og_url":"https:\/\/www.stonecity.cz\/de\/produkt\/wild-stone-lm\/","og_site_name":"Stonecity.cz","og_image":[{"width":600,"height":325,"url":"https:\/\/www.stonecity.cz\/wp-content\/uploads\/2020\/05\/Wild-Stone-LM.jpg","type":"image\/jpeg"}],"twitter_card":"summary_large_image","schema":{"@context":"https:\/\/schema.org","@graph":[{"@type":"WebPage","@id":"https:\/\/www.stonecity.cz\/de\/produkt\/wild-stone-lm\/","url":"https:\/\/www.stonecity.cz\/de\/produkt\/wild-stone-lm\/","name":"WILD STONE LM Flexibler Kleber - Stonecity.cz","isPartOf":{"@id":"https:\/\/www.stonecity.cz\/de\/#website"},"primaryImageOfPage":{"@id":"https:\/\/www.stonecity.cz\/de\/produkt\/wild-stone-lm\/#primaryimage"},"image":{"@id":"https:\/\/www.stonecity.cz\/de\/produkt\/wild-stone-lm\/#primaryimage"},"thumbnailUrl":"https:\/\/www.stonecity.cz\/wp-content\/uploads\/2020\/05\/Wild-Stone-LM.jpg","datePublished":"2020-05-21T12:34:02+00:00","breadcrumb":{"@id":"https:\/\/www.stonecity.cz\/de\/produkt\/wild-stone-lm\/#breadcrumb"},"inLanguage":"de","potentialAction":[{"@type":"ReadAction","target":["https:\/\/www.stonecity.cz\/de\/produkt\/wild-stone-lm\/"]}]},{"@type":"ImageObject","inLanguage":"de","@id":"https:\/\/www.stonecity.cz\/de\/produkt\/wild-stone-lm\/#primaryimage","url":"https:\/\/www.stonecity.cz\/wp-content\/uploads\/2020\/05\/Wild-Stone-LM.jpg","contentUrl":"https:\/\/www.stonecity.cz\/wp-content\/uploads\/2020\/05\/Wild-Stone-LM.jpg","width":600,"height":325},{"@type":"BreadcrumbList","@id":"https:\/\/www.stonecity.cz\/de\/produkt\/wild-stone-lm\/#breadcrumb","itemListElement":[{"@type":"ListItem","position":1,"name":"Dom\u016f","item":"https:\/\/www.stonecity.cz\/de\/"},{"@type":"ListItem","position":2,"name":"Shop","item":"https:\/\/www.stonecity.cz\/de\/shop\/"},{"@type":"ListItem","position":3,"name":"WILD STONE LM Flexibler Kleber"}]},{"@type":"WebSite","@id":"https:\/\/www.stonecity.cz\/de\/#website","url":"https:\/\/www.stonecity.cz\/de\/","name":"Stonecity.cz","description":"Dla\u017eba, obklady, um\u011bl\u00fd i p\u0159\u00edrodn\u00ed k\u00e1men","potentialAction":[{"@type":"SearchAction","target":{"@type":"EntryPoint","urlTemplate":"https:\/\/www.stonecity.cz\/de\/?s={search_term_string}"},"query-input":{"@type":"PropertyValueSpecification","valueRequired":true,"valueName":"search_term_string"}}],"inLanguage":"de"}]}},"_links":{"self":[{"href":"https:\/\/www.stonecity.cz\/de\/wp-json\/wp\/v2\/product\/16853","targetHints":{"allow":["GET"]}}],"collection":[{"href":"https:\/\/www.stonecity.cz\/de\/wp-json\/wp\/v2\/product"}],"about":[{"href":"https:\/\/www.stonecity.cz\/de\/wp-json\/wp\/v2\/types\/product"}],"wp:featuredmedia":[{"embeddable":true,"href":"https:\/\/www.stonecity.cz\/de\/wp-json\/wp\/v2\/media\/12252"}],"wp:attachment":[{"href":"https:\/\/www.stonecity.cz\/de\/wp-json\/wp\/v2\/media?parent=16853"}],"wp:term":[{"taxonomy":"product_cat","embeddable":true,"href":"https:\/\/www.stonecity.cz\/de\/wp-json\/wp\/v2\/product_cat?post=16853"},{"taxonomy":"product_tag","embeddable":true,"href":"https:\/\/www.stonecity.cz\/de\/wp-json\/wp\/v2\/product_tag?post=16853"}],"curies":[{"name":"wp","href":"https:\/\/api.w.org\/{rel}","templated":true}]}}