{"id":16871,"date":"2020-05-21T14:34:07","date_gmt":"2020-05-21T12:34:07","guid":{"rendered":"https:\/\/www.stonecity.cz\/produkt\/porphyr-wuerfel-por-06\/"},"modified":"2020-05-21T14:34:07","modified_gmt":"2020-05-21T12:34:07","slug":"porphyr-wurfel-por-06","status":"publish","type":"product","link":"https:\/\/www.stonecity.cz\/de\/produkt\/porphyr-wurfel-por-06\/","title":{"rendered":"PORPHYR-W\u00dcRFEL POR-06"},"content":{"rendered":"<p class=\"p1\"><span class=\"s1\">Der Belag ist f\u00fcr Fahrzeuge \u00fcber 3,5 Tonnen geeignet.<\/span><\/p>\n<p class=\"p1\"><span class=\"s1\">Verpackung &#8211; Big Bag (ca. 1,5 t) &#8211; 500CZK\/St\u00fcck<\/span><\/p>\n<p class=\"p1\"><span class=\"s1\">Toleranz +\/- 1 cm<\/span><\/p>\n<p><a href=\"https:\/\/www.stonecity.cz\/wp-content\/uploads\/2020\/05\/Protiskluznost.pdf\"><em><strong>Anti-Rutsch<\/strong><\/em><\/a><\/p>\n<p><em><strong><a href=\"https:\/\/www.stonecity.cz\/wp-content\/uploads\/2020\/05\/Pevnost-v-ohybu.pdf\">Biegefestigkeit<\/a><\/strong><\/em><\/p>\n<p><em><strong><a href=\"https:\/\/www.stonecity.cz\/wp-content\/uploads\/2020\/05\/Absorpce-vody.pdf\">Wasseraufnahme<\/a><\/strong><\/em><\/p>\n<p>&nbsp;<\/p>\n","protected":false},"excerpt":{"rendered":"<p>Der Belag ist f\u00fcr Fahrzeuge \u00fcber 3,5 Tonnen geeignet. Verpackung &#8211; Big Bag (ca. 1,5 t) &#8211; 500CZK\/St\u00fcck Toleranz +\/- 1 cm Anti-Rutsch Biegefestigkeit Wasseraufnahme &nbsp;<\/p>\n","protected":false},"featured_media":9908,"template":"","meta":[],"product_cat":[1917,1923,1947],"product_tag":[1833,1841,1840],"class_list":{"0":"post-16871","1":"product","2":"type-product","3":"status-publish","4":"has-post-thumbnail","6":"product_cat-pflaster","7":"product_cat-naturstein","8":"product_cat-porphyr","9":"product_tag-fur-den-ausenbereich-geeignet","10":"product_tag-fur-den-garten-geeignet-de","11":"product_tag-geeignet-fur-die-terrasse","12":"pa_baleni-big-bag-ca-15-tonnen","13":"pa_rozmer-a-b-4-6-cm-de","14":"pa_rozmer-a-b-6-8-cm-de","15":"pa_rozmer-a-b-8-10-cm-de","17":"first","18":"instock","19":"purchasable","20":"product-type-variable","21":"has-default-attributes"},"yoast_head":"<!-- This site is optimized with the Yoast SEO plugin v26.8 - https:\/\/yoast.com\/product\/yoast-seo-wordpress\/ -->\n<title>PORPHYR-W\u00dcRFEL POR-06 - Stonecity.cz<\/title>\n<meta name=\"robots\" content=\"index, follow, max-snippet:-1, max-image-preview:large, max-video-preview:-1\" \/>\n<link rel=\"canonical\" href=\"https:\/\/www.stonecity.cz\/de\/produkt\/porphyr-wurfel-por-06\/\" \/>\n<meta property=\"og:locale\" content=\"de_DE\" \/>\n<meta property=\"og:type\" content=\"article\" \/>\n<meta property=\"og:title\" content=\"PORPHYR-W\u00dcRFEL POR-06 - Stonecity.cz\" \/>\n<meta property=\"og:description\" content=\"Der Belag ist f\u00fcr Fahrzeuge \u00fcber 3,5 Tonnen geeignet. Verpackung &#8211; Big Bag (ca. 1,5 t) &#8211; 500CZK\/St\u00fcck Toleranz +\/- 1 cm Anti-Rutsch Biegefestigkeit Wasseraufnahme &nbsp;\" \/>\n<meta property=\"og:url\" content=\"https:\/\/www.stonecity.cz\/de\/produkt\/porphyr-wurfel-por-06\/\" \/>\n<meta property=\"og:site_name\" content=\"Stonecity.cz\" \/>\n<meta property=\"og:image\" content=\"https:\/\/www.stonecity.cz\/wp-content\/uploads\/2020\/05\/img-2317.jpeg\" \/>\n\t<meta property=\"og:image:width\" content=\"800\" \/>\n\t<meta property=\"og:image:height\" content=\"549\" \/>\n\t<meta property=\"og:image:type\" content=\"image\/jpeg\" \/>\n<meta name=\"twitter:card\" content=\"summary_large_image\" \/>\n<script type=\"application\/ld+json\" class=\"yoast-schema-graph\">{\"@context\":\"https:\/\/schema.org\",\"@graph\":[{\"@type\":\"WebPage\",\"@id\":\"https:\/\/www.stonecity.cz\/de\/produkt\/porphyr-wurfel-por-06\/\",\"url\":\"https:\/\/www.stonecity.cz\/de\/produkt\/porphyr-wurfel-por-06\/\",\"name\":\"PORPHYR-W\u00dcRFEL POR-06 - Stonecity.cz\",\"isPartOf\":{\"@id\":\"https:\/\/www.stonecity.cz\/de\/#website\"},\"primaryImageOfPage\":{\"@id\":\"https:\/\/www.stonecity.cz\/de\/produkt\/porphyr-wurfel-por-06\/#primaryimage\"},\"image\":{\"@id\":\"https:\/\/www.stonecity.cz\/de\/produkt\/porphyr-wurfel-por-06\/#primaryimage\"},\"thumbnailUrl\":\"https:\/\/www.stonecity.cz\/wp-content\/uploads\/2020\/05\/img-2317.jpeg\",\"datePublished\":\"2020-05-21T12:34:07+00:00\",\"breadcrumb\":{\"@id\":\"https:\/\/www.stonecity.cz\/de\/produkt\/porphyr-wurfel-por-06\/#breadcrumb\"},\"inLanguage\":\"de\",\"potentialAction\":[{\"@type\":\"ReadAction\",\"target\":[\"https:\/\/www.stonecity.cz\/de\/produkt\/porphyr-wurfel-por-06\/\"]}]},{\"@type\":\"ImageObject\",\"inLanguage\":\"de\",\"@id\":\"https:\/\/www.stonecity.cz\/de\/produkt\/porphyr-wurfel-por-06\/#primaryimage\",\"url\":\"https:\/\/www.stonecity.cz\/wp-content\/uploads\/2020\/05\/img-2317.jpeg\",\"contentUrl\":\"https:\/\/www.stonecity.cz\/wp-content\/uploads\/2020\/05\/img-2317.jpeg\",\"width\":800,\"height\":549},{\"@type\":\"BreadcrumbList\",\"@id\":\"https:\/\/www.stonecity.cz\/de\/produkt\/porphyr-wurfel-por-06\/#breadcrumb\",\"itemListElement\":[{\"@type\":\"ListItem\",\"position\":1,\"name\":\"Dom\u016f\",\"item\":\"https:\/\/www.stonecity.cz\/de\/\"},{\"@type\":\"ListItem\",\"position\":2,\"name\":\"Shop\",\"item\":\"https:\/\/www.stonecity.cz\/de\/shop\/\"},{\"@type\":\"ListItem\",\"position\":3,\"name\":\"PORPHYR-W\u00dcRFEL POR-06\"}]},{\"@type\":\"WebSite\",\"@id\":\"https:\/\/www.stonecity.cz\/de\/#website\",\"url\":\"https:\/\/www.stonecity.cz\/de\/\",\"name\":\"Stonecity.cz\",\"description\":\"Dla\u017eba, obklady, um\u011bl\u00fd i p\u0159\u00edrodn\u00ed k\u00e1men\",\"potentialAction\":[{\"@type\":\"SearchAction\",\"target\":{\"@type\":\"EntryPoint\",\"urlTemplate\":\"https:\/\/www.stonecity.cz\/de\/?s={search_term_string}\"},\"query-input\":{\"@type\":\"PropertyValueSpecification\",\"valueRequired\":true,\"valueName\":\"search_term_string\"}}],\"inLanguage\":\"de\"}]}<\/script>\n<!-- \/ Yoast SEO plugin. -->","yoast_head_json":{"title":"PORPHYR-W\u00dcRFEL POR-06 - Stonecity.cz","robots":{"index":"index","follow":"follow","max-snippet":"max-snippet:-1","max-image-preview":"max-image-preview:large","max-video-preview":"max-video-preview:-1"},"canonical":"https:\/\/www.stonecity.cz\/de\/produkt\/porphyr-wurfel-por-06\/","og_locale":"de_DE","og_type":"article","og_title":"PORPHYR-W\u00dcRFEL POR-06 - Stonecity.cz","og_description":"Der Belag ist f\u00fcr Fahrzeuge \u00fcber 3,5 Tonnen geeignet. Verpackung &#8211; Big Bag (ca. 1,5 t) &#8211; 500CZK\/St\u00fcck Toleranz +\/- 1 cm Anti-Rutsch Biegefestigkeit Wasseraufnahme &nbsp;","og_url":"https:\/\/www.stonecity.cz\/de\/produkt\/porphyr-wurfel-por-06\/","og_site_name":"Stonecity.cz","og_image":[{"width":800,"height":549,"url":"https:\/\/www.stonecity.cz\/wp-content\/uploads\/2020\/05\/img-2317.jpeg","type":"image\/jpeg"}],"twitter_card":"summary_large_image","schema":{"@context":"https:\/\/schema.org","@graph":[{"@type":"WebPage","@id":"https:\/\/www.stonecity.cz\/de\/produkt\/porphyr-wurfel-por-06\/","url":"https:\/\/www.stonecity.cz\/de\/produkt\/porphyr-wurfel-por-06\/","name":"PORPHYR-W\u00dcRFEL POR-06 - Stonecity.cz","isPartOf":{"@id":"https:\/\/www.stonecity.cz\/de\/#website"},"primaryImageOfPage":{"@id":"https:\/\/www.stonecity.cz\/de\/produkt\/porphyr-wurfel-por-06\/#primaryimage"},"image":{"@id":"https:\/\/www.stonecity.cz\/de\/produkt\/porphyr-wurfel-por-06\/#primaryimage"},"thumbnailUrl":"https:\/\/www.stonecity.cz\/wp-content\/uploads\/2020\/05\/img-2317.jpeg","datePublished":"2020-05-21T12:34:07+00:00","breadcrumb":{"@id":"https:\/\/www.stonecity.cz\/de\/produkt\/porphyr-wurfel-por-06\/#breadcrumb"},"inLanguage":"de","potentialAction":[{"@type":"ReadAction","target":["https:\/\/www.stonecity.cz\/de\/produkt\/porphyr-wurfel-por-06\/"]}]},{"@type":"ImageObject","inLanguage":"de","@id":"https:\/\/www.stonecity.cz\/de\/produkt\/porphyr-wurfel-por-06\/#primaryimage","url":"https:\/\/www.stonecity.cz\/wp-content\/uploads\/2020\/05\/img-2317.jpeg","contentUrl":"https:\/\/www.stonecity.cz\/wp-content\/uploads\/2020\/05\/img-2317.jpeg","width":800,"height":549},{"@type":"BreadcrumbList","@id":"https:\/\/www.stonecity.cz\/de\/produkt\/porphyr-wurfel-por-06\/#breadcrumb","itemListElement":[{"@type":"ListItem","position":1,"name":"Dom\u016f","item":"https:\/\/www.stonecity.cz\/de\/"},{"@type":"ListItem","position":2,"name":"Shop","item":"https:\/\/www.stonecity.cz\/de\/shop\/"},{"@type":"ListItem","position":3,"name":"PORPHYR-W\u00dcRFEL POR-06"}]},{"@type":"WebSite","@id":"https:\/\/www.stonecity.cz\/de\/#website","url":"https:\/\/www.stonecity.cz\/de\/","name":"Stonecity.cz","description":"Dla\u017eba, obklady, um\u011bl\u00fd i p\u0159\u00edrodn\u00ed k\u00e1men","potentialAction":[{"@type":"SearchAction","target":{"@type":"EntryPoint","urlTemplate":"https:\/\/www.stonecity.cz\/de\/?s={search_term_string}"},"query-input":{"@type":"PropertyValueSpecification","valueRequired":true,"valueName":"search_term_string"}}],"inLanguage":"de"}]}},"_links":{"self":[{"href":"https:\/\/www.stonecity.cz\/de\/wp-json\/wp\/v2\/product\/16871","targetHints":{"allow":["GET"]}}],"collection":[{"href":"https:\/\/www.stonecity.cz\/de\/wp-json\/wp\/v2\/product"}],"about":[{"href":"https:\/\/www.stonecity.cz\/de\/wp-json\/wp\/v2\/types\/product"}],"wp:featuredmedia":[{"embeddable":true,"href":"https:\/\/www.stonecity.cz\/de\/wp-json\/wp\/v2\/media\/9908"}],"wp:attachment":[{"href":"https:\/\/www.stonecity.cz\/de\/wp-json\/wp\/v2\/media?parent=16871"}],"wp:term":[{"taxonomy":"product_cat","embeddable":true,"href":"https:\/\/www.stonecity.cz\/de\/wp-json\/wp\/v2\/product_cat?post=16871"},{"taxonomy":"product_tag","embeddable":true,"href":"https:\/\/www.stonecity.cz\/de\/wp-json\/wp\/v2\/product_tag?post=16871"}],"curies":[{"name":"wp","href":"https:\/\/api.w.org\/{rel}","templated":true}]}}