{"id":16890,"date":"2020-05-21T14:34:13","date_gmt":"2020-05-21T12:34:13","guid":{"rendered":"https:\/\/www.stonecity.cz\/produkt\/schiefer-vario-colore-rustikal-bc-01\/"},"modified":"2020-05-21T14:34:13","modified_gmt":"2020-05-21T12:34:13","slug":"schiefer-vario-farbig-rustikal-bc-01","status":"publish","type":"product","link":"https:\/\/www.stonecity.cz\/de\/produkt\/schiefer-vario-farbig-rustikal-bc-01\/","title":{"rendered":"Schiefer Vario Colore Rustikal BC-01"},"content":{"rendered":"<p>Schiefer Vario Colore ist eine sch\u00f6ne Steinfliese, die sich als Fassadenstein und als Wandverkleidung im Innenbereich eignet.<br \/>\nPerfekte Verarbeitung und hohe Qualit\u00e4t erfreuen jeden anspruchsvollen Kunden.<\/p>\n<p>&nbsp;<\/p>\n<p>&nbsp;<\/p>\n","protected":false},"excerpt":{"rendered":"<p>Schiefer Vario Colore ist eine sch\u00f6ne Steinfliese, die sich als Fassadenstein und als Wandverkleidung im Innenbereich eignet. Perfekte Verarbeitung und hohe Qualit\u00e4t erfreuen jeden anspruchsvollen Kunden. &nbsp; &nbsp;<\/p>\n","protected":false},"featured_media":12052,"template":"","meta":[],"product_cat":[2041,2033,2035],"product_tag":[1830,1833,1836,1840,1834],"class_list":{"0":"post-16890","1":"product","2":"type-product","3":"status-publish","4":"has-post-thumbnail","6":"product_cat-verblendsteine","7":"product_cat-naturstein-de","8":"product_cat-schiefer-de","9":"product_tag-fassadenverkleidung","10":"product_tag-fur-den-ausenbereich-geeignet","11":"product_tag-geeignet-fur-die-kuche","12":"product_tag-geeignet-fur-die-terrasse","13":"product_tag-geeignet-fur-innenraume","14":"pa_baleni-pappkarton-033-m2","15":"pa_sirka-15-cm-de","16":"pa_tloustka-15-35-cm-de","18":"first","19":"instock","20":"purchasable","21":"product-type-simple"},"yoast_head":"<!-- This site is optimized with the Yoast SEO plugin v26.8 - https:\/\/yoast.com\/product\/yoast-seo-wordpress\/ -->\n<title>Schiefer Vario Colore Rustikal BC-01 - Stonecity.cz<\/title>\n<meta name=\"robots\" content=\"index, follow, max-snippet:-1, max-image-preview:large, max-video-preview:-1\" \/>\n<link rel=\"canonical\" href=\"https:\/\/www.stonecity.cz\/de\/produkt\/schiefer-vario-farbig-rustikal-bc-01\/\" \/>\n<meta property=\"og:locale\" content=\"de_DE\" \/>\n<meta property=\"og:type\" content=\"article\" \/>\n<meta property=\"og:title\" content=\"Schiefer Vario Colore Rustikal BC-01 - Stonecity.cz\" \/>\n<meta property=\"og:description\" content=\"Schiefer Vario Colore ist eine sch\u00f6ne Steinfliese, die sich als Fassadenstein und als Wandverkleidung im Innenbereich eignet. Perfekte Verarbeitung und hohe Qualit\u00e4t erfreuen jeden anspruchsvollen Kunden. &nbsp; &nbsp;\" \/>\n<meta property=\"og:url\" content=\"https:\/\/www.stonecity.cz\/de\/produkt\/schiefer-vario-farbig-rustikal-bc-01\/\" \/>\n<meta property=\"og:site_name\" content=\"Stonecity.cz\" \/>\n<meta property=\"og:image\" content=\"https:\/\/www.stonecity.cz\/wp-content\/uploads\/2020\/05\/BC-01.jpg\" \/>\n\t<meta property=\"og:image:width\" content=\"1024\" \/>\n\t<meta property=\"og:image:height\" content=\"768\" \/>\n\t<meta property=\"og:image:type\" content=\"image\/jpeg\" \/>\n<meta name=\"twitter:card\" content=\"summary_large_image\" \/>\n<script type=\"application\/ld+json\" class=\"yoast-schema-graph\">{\"@context\":\"https:\/\/schema.org\",\"@graph\":[{\"@type\":\"WebPage\",\"@id\":\"https:\/\/www.stonecity.cz\/de\/produkt\/schiefer-vario-farbig-rustikal-bc-01\/\",\"url\":\"https:\/\/www.stonecity.cz\/de\/produkt\/schiefer-vario-farbig-rustikal-bc-01\/\",\"name\":\"Schiefer Vario Colore Rustikal BC-01 - Stonecity.cz\",\"isPartOf\":{\"@id\":\"https:\/\/www.stonecity.cz\/de\/#website\"},\"primaryImageOfPage\":{\"@id\":\"https:\/\/www.stonecity.cz\/de\/produkt\/schiefer-vario-farbig-rustikal-bc-01\/#primaryimage\"},\"image\":{\"@id\":\"https:\/\/www.stonecity.cz\/de\/produkt\/schiefer-vario-farbig-rustikal-bc-01\/#primaryimage\"},\"thumbnailUrl\":\"https:\/\/www.stonecity.cz\/wp-content\/uploads\/2020\/05\/BC-01.jpg\",\"datePublished\":\"2020-05-21T12:34:13+00:00\",\"breadcrumb\":{\"@id\":\"https:\/\/www.stonecity.cz\/de\/produkt\/schiefer-vario-farbig-rustikal-bc-01\/#breadcrumb\"},\"inLanguage\":\"de\",\"potentialAction\":[{\"@type\":\"ReadAction\",\"target\":[\"https:\/\/www.stonecity.cz\/de\/produkt\/schiefer-vario-farbig-rustikal-bc-01\/\"]}]},{\"@type\":\"ImageObject\",\"inLanguage\":\"de\",\"@id\":\"https:\/\/www.stonecity.cz\/de\/produkt\/schiefer-vario-farbig-rustikal-bc-01\/#primaryimage\",\"url\":\"https:\/\/www.stonecity.cz\/wp-content\/uploads\/2020\/05\/BC-01.jpg\",\"contentUrl\":\"https:\/\/www.stonecity.cz\/wp-content\/uploads\/2020\/05\/BC-01.jpg\",\"width\":1024,\"height\":768,\"caption\":\"Schiefersteinverkleidungen\"},{\"@type\":\"BreadcrumbList\",\"@id\":\"https:\/\/www.stonecity.cz\/de\/produkt\/schiefer-vario-farbig-rustikal-bc-01\/#breadcrumb\",\"itemListElement\":[{\"@type\":\"ListItem\",\"position\":1,\"name\":\"Dom\u016f\",\"item\":\"https:\/\/www.stonecity.cz\/de\/\"},{\"@type\":\"ListItem\",\"position\":2,\"name\":\"Shop\",\"item\":\"https:\/\/www.stonecity.cz\/de\/shop\/\"},{\"@type\":\"ListItem\",\"position\":3,\"name\":\"Schiefer Vario Colore Rustikal BC-01\"}]},{\"@type\":\"WebSite\",\"@id\":\"https:\/\/www.stonecity.cz\/de\/#website\",\"url\":\"https:\/\/www.stonecity.cz\/de\/\",\"name\":\"Stonecity.cz\",\"description\":\"Dla\u017eba, obklady, um\u011bl\u00fd i p\u0159\u00edrodn\u00ed k\u00e1men\",\"potentialAction\":[{\"@type\":\"SearchAction\",\"target\":{\"@type\":\"EntryPoint\",\"urlTemplate\":\"https:\/\/www.stonecity.cz\/de\/?s={search_term_string}\"},\"query-input\":{\"@type\":\"PropertyValueSpecification\",\"valueRequired\":true,\"valueName\":\"search_term_string\"}}],\"inLanguage\":\"de\"}]}<\/script>\n<!-- \/ Yoast SEO plugin. -->","yoast_head_json":{"title":"Schiefer Vario Colore Rustikal BC-01 - Stonecity.cz","robots":{"index":"index","follow":"follow","max-snippet":"max-snippet:-1","max-image-preview":"max-image-preview:large","max-video-preview":"max-video-preview:-1"},"canonical":"https:\/\/www.stonecity.cz\/de\/produkt\/schiefer-vario-farbig-rustikal-bc-01\/","og_locale":"de_DE","og_type":"article","og_title":"Schiefer Vario Colore Rustikal BC-01 - Stonecity.cz","og_description":"Schiefer Vario Colore ist eine sch\u00f6ne Steinfliese, die sich als Fassadenstein und als Wandverkleidung im Innenbereich eignet. Perfekte Verarbeitung und hohe Qualit\u00e4t erfreuen jeden anspruchsvollen Kunden. &nbsp; &nbsp;","og_url":"https:\/\/www.stonecity.cz\/de\/produkt\/schiefer-vario-farbig-rustikal-bc-01\/","og_site_name":"Stonecity.cz","og_image":[{"width":1024,"height":768,"url":"https:\/\/www.stonecity.cz\/wp-content\/uploads\/2020\/05\/BC-01.jpg","type":"image\/jpeg"}],"twitter_card":"summary_large_image","schema":{"@context":"https:\/\/schema.org","@graph":[{"@type":"WebPage","@id":"https:\/\/www.stonecity.cz\/de\/produkt\/schiefer-vario-farbig-rustikal-bc-01\/","url":"https:\/\/www.stonecity.cz\/de\/produkt\/schiefer-vario-farbig-rustikal-bc-01\/","name":"Schiefer Vario Colore Rustikal BC-01 - Stonecity.cz","isPartOf":{"@id":"https:\/\/www.stonecity.cz\/de\/#website"},"primaryImageOfPage":{"@id":"https:\/\/www.stonecity.cz\/de\/produkt\/schiefer-vario-farbig-rustikal-bc-01\/#primaryimage"},"image":{"@id":"https:\/\/www.stonecity.cz\/de\/produkt\/schiefer-vario-farbig-rustikal-bc-01\/#primaryimage"},"thumbnailUrl":"https:\/\/www.stonecity.cz\/wp-content\/uploads\/2020\/05\/BC-01.jpg","datePublished":"2020-05-21T12:34:13+00:00","breadcrumb":{"@id":"https:\/\/www.stonecity.cz\/de\/produkt\/schiefer-vario-farbig-rustikal-bc-01\/#breadcrumb"},"inLanguage":"de","potentialAction":[{"@type":"ReadAction","target":["https:\/\/www.stonecity.cz\/de\/produkt\/schiefer-vario-farbig-rustikal-bc-01\/"]}]},{"@type":"ImageObject","inLanguage":"de","@id":"https:\/\/www.stonecity.cz\/de\/produkt\/schiefer-vario-farbig-rustikal-bc-01\/#primaryimage","url":"https:\/\/www.stonecity.cz\/wp-content\/uploads\/2020\/05\/BC-01.jpg","contentUrl":"https:\/\/www.stonecity.cz\/wp-content\/uploads\/2020\/05\/BC-01.jpg","width":1024,"height":768,"caption":"Schiefersteinverkleidungen"},{"@type":"BreadcrumbList","@id":"https:\/\/www.stonecity.cz\/de\/produkt\/schiefer-vario-farbig-rustikal-bc-01\/#breadcrumb","itemListElement":[{"@type":"ListItem","position":1,"name":"Dom\u016f","item":"https:\/\/www.stonecity.cz\/de\/"},{"@type":"ListItem","position":2,"name":"Shop","item":"https:\/\/www.stonecity.cz\/de\/shop\/"},{"@type":"ListItem","position":3,"name":"Schiefer Vario Colore Rustikal BC-01"}]},{"@type":"WebSite","@id":"https:\/\/www.stonecity.cz\/de\/#website","url":"https:\/\/www.stonecity.cz\/de\/","name":"Stonecity.cz","description":"Dla\u017eba, obklady, um\u011bl\u00fd i p\u0159\u00edrodn\u00ed k\u00e1men","potentialAction":[{"@type":"SearchAction","target":{"@type":"EntryPoint","urlTemplate":"https:\/\/www.stonecity.cz\/de\/?s={search_term_string}"},"query-input":{"@type":"PropertyValueSpecification","valueRequired":true,"valueName":"search_term_string"}}],"inLanguage":"de"}]}},"_links":{"self":[{"href":"https:\/\/www.stonecity.cz\/de\/wp-json\/wp\/v2\/product\/16890","targetHints":{"allow":["GET"]}}],"collection":[{"href":"https:\/\/www.stonecity.cz\/de\/wp-json\/wp\/v2\/product"}],"about":[{"href":"https:\/\/www.stonecity.cz\/de\/wp-json\/wp\/v2\/types\/product"}],"wp:featuredmedia":[{"embeddable":true,"href":"https:\/\/www.stonecity.cz\/de\/wp-json\/wp\/v2\/media\/12052"}],"wp:attachment":[{"href":"https:\/\/www.stonecity.cz\/de\/wp-json\/wp\/v2\/media?parent=16890"}],"wp:term":[{"taxonomy":"product_cat","embeddable":true,"href":"https:\/\/www.stonecity.cz\/de\/wp-json\/wp\/v2\/product_cat?post=16890"},{"taxonomy":"product_tag","embeddable":true,"href":"https:\/\/www.stonecity.cz\/de\/wp-json\/wp\/v2\/product_tag?post=16890"}],"curies":[{"name":"wp","href":"https:\/\/api.w.org\/{rel}","templated":true}]}}