{"id":17524,"date":"2024-01-17T11:10:41","date_gmt":"2024-01-17T10:10:41","guid":{"rendered":"https:\/\/www.stonecity.cz\/?post_type=product&#038;p=17524"},"modified":"2024-04-17T14:31:26","modified_gmt":"2024-04-17T12:31:26","slug":"steinverkleidung-sierra-nevada-horn-bc-11r","status":"publish","type":"product","link":"https:\/\/www.stonecity.cz\/de\/produkt\/steinverkleidung-sierra-nevada-horn-bc-11r\/","title":{"rendered":"Sierra Nevada Ecksteinfliesen BC-11R"},"content":{"rendered":"<p>Schiefer ist ein Gestein, das durch ausgepr\u00e4gte, \u00fcberwiegend faltige, sich abwechselnde Schichten gekennzeichnet ist. Aufgrund dieser Faltenbildung ist der Schiefer stark gespalten und bricht in d\u00fcnne, plattenartige St\u00fccke. Schiefer entsteht auf nat\u00fcrliche Weise durch die Metamorphose von tonhaltigen Sedimenten wie Schiefer oder Tonstein.<\/p>\n<p>Sierra Nevada ist eine sch\u00f6ne Steinfliese, die sich als Fassadenstein und als Wandverkleidung im Innenbereich eignet.<br \/>\nPerfekte Verarbeitung und hohe Qualit\u00e4t erfreuen jeden anspruchsvollen Kunden. Ein St\u00fcck ist im &#8220;Z&#8221;-Format &#8211; siehe Foto<\/p>\n<p>Das Eckelement der Sierra Nevada Fliese ist eine Natursteinfliese aus Schiefer.<br \/>\nDie Farbnuancen von Grau \u00fcber Braun bis Orange verleihen dem Stein eine nat\u00fcrliche Ausstrahlung.<br \/>\nDie Sch\u00f6nheit dieser Steinfliese kommt sowohl im Innen- als auch im Au\u00dfenbereich zur Geltung.<\/p>\n<p>Das Eckelement steht ebenfalls auf einem Betonsockel mit einem Metallhaken zur Befestigung (notwendig aufgrund des Gewichts des Steins).<\/p>\n<p>&nbsp;<\/p>\n<p>&nbsp;<\/p>\n<p>&nbsp;<\/p>\n<p>&nbsp;<\/p>\n<p>&nbsp;<\/p>\n<p>&nbsp;<\/p>\n","protected":false},"excerpt":{"rendered":"<p>Schiefer ist ein Gestein, das durch ausgepr\u00e4gte, \u00fcberwiegend faltige, sich abwechselnde Schichten gekennzeichnet ist. Aufgrund dieser Faltenbildung ist der Schiefer stark gespalten und bricht in d\u00fcnne, plattenartige St\u00fccke. Schiefer entsteht auf nat\u00fcrliche Weise durch die Metamorphose von tonhaltigen Sedimenten wie Schiefer oder Tonstein. Sierra Nevada ist eine sch\u00f6ne Steinfliese, die sich als Fassadenstein und als [&#8230;]\n","protected":false},"featured_media":17528,"template":"","meta":[],"product_cat":[2041,2033,2061,2035],"product_tag":[1830,1833,1836,1840,1834,1837,1838],"class_list":{"0":"post-17524","1":"product","2":"type-product","3":"status-publish","4":"has-post-thumbnail","6":"product_cat-verblendsteine","7":"product_cat-naturstein-de","8":"product_cat-quarzit-schiefer-de","9":"product_cat-schiefer-de","10":"product_tag-fassadenverkleidung","11":"product_tag-fur-den-ausenbereich-geeignet","12":"product_tag-geeignet-fur-die-kuche","13":"product_tag-geeignet-fur-die-terrasse","14":"product_tag-geeignet-fur-innenraume","15":"product_tag-geeignet-fur-sauna","16":"product_tag-geeignet-fur-wellness","17":"pa_baleni-schachtel-6stk-06bm-033m2","18":"pa_tloustka-3-4cm-de","20":"first","21":"instock","22":"taxable","23":"shipping-taxable","24":"purchasable","25":"product-type-simple"},"yoast_head":"<!-- This site is optimized with the Yoast SEO plugin v26.8 - https:\/\/yoast.com\/product\/yoast-seo-wordpress\/ -->\n<title>Sierra Nevada Ecksteinfliesen BC-11R - Stonecity.cz<\/title>\n<meta name=\"robots\" content=\"index, follow, max-snippet:-1, max-image-preview:large, max-video-preview:-1\" \/>\n<link rel=\"canonical\" href=\"https:\/\/www.stonecity.cz\/de\/produkt\/steinverkleidung-sierra-nevada-horn-bc-11r\/\" \/>\n<meta property=\"og:locale\" content=\"de_DE\" \/>\n<meta property=\"og:type\" content=\"article\" \/>\n<meta property=\"og:title\" content=\"Sierra Nevada Ecksteinfliesen BC-11R - Stonecity.cz\" \/>\n<meta property=\"og:description\" content=\"Schiefer ist ein Gestein, das durch ausgepr\u00e4gte, \u00fcberwiegend faltige, sich abwechselnde Schichten gekennzeichnet ist. Aufgrund dieser Faltenbildung ist der Schiefer stark gespalten und bricht in d\u00fcnne, plattenartige St\u00fccke. Schiefer entsteht auf nat\u00fcrliche Weise durch die Metamorphose von tonhaltigen Sedimenten wie Schiefer oder Tonstein. Sierra Nevada ist eine sch\u00f6ne Steinfliese, die sich als Fassadenstein und als [...]\" \/>\n<meta property=\"og:url\" content=\"https:\/\/www.stonecity.cz\/de\/produkt\/steinverkleidung-sierra-nevada-horn-bc-11r\/\" \/>\n<meta property=\"og:site_name\" content=\"Stonecity.cz\" \/>\n<meta property=\"article:modified_time\" content=\"2024-04-17T12:31:26+00:00\" \/>\n<meta property=\"og:image\" content=\"https:\/\/www.stonecity.cz\/wp-content\/uploads\/2024\/01\/STONE-CITY-Sierra-Nevada-BC-11-3-1.jpg\" \/>\n\t<meta property=\"og:image:width\" content=\"1280\" \/>\n\t<meta property=\"og:image:height\" content=\"947\" \/>\n\t<meta property=\"og:image:type\" content=\"image\/jpeg\" \/>\n<meta name=\"twitter:card\" content=\"summary_large_image\" \/>\n<meta name=\"twitter:label1\" content=\"Gesch\u00e4tzte Lesezeit\" \/>\n\t<meta name=\"twitter:data1\" content=\"1\u00a0Minute\" \/>\n<script type=\"application\/ld+json\" class=\"yoast-schema-graph\">{\"@context\":\"https:\/\/schema.org\",\"@graph\":[{\"@type\":\"WebPage\",\"@id\":\"https:\/\/www.stonecity.cz\/de\/produkt\/steinverkleidung-sierra-nevada-horn-bc-11r\/\",\"url\":\"https:\/\/www.stonecity.cz\/de\/produkt\/steinverkleidung-sierra-nevada-horn-bc-11r\/\",\"name\":\"Sierra Nevada Ecksteinfliesen BC-11R - Stonecity.cz\",\"isPartOf\":{\"@id\":\"https:\/\/www.stonecity.cz\/de\/#website\"},\"primaryImageOfPage\":{\"@id\":\"https:\/\/www.stonecity.cz\/de\/produkt\/steinverkleidung-sierra-nevada-horn-bc-11r\/#primaryimage\"},\"image\":{\"@id\":\"https:\/\/www.stonecity.cz\/de\/produkt\/steinverkleidung-sierra-nevada-horn-bc-11r\/#primaryimage\"},\"thumbnailUrl\":\"https:\/\/www.stonecity.cz\/wp-content\/uploads\/2024\/01\/STONE-CITY-Sierra-Nevada-BC-11-3-1.jpg\",\"datePublished\":\"2024-01-17T10:10:41+00:00\",\"dateModified\":\"2024-04-17T12:31:26+00:00\",\"breadcrumb\":{\"@id\":\"https:\/\/www.stonecity.cz\/de\/produkt\/steinverkleidung-sierra-nevada-horn-bc-11r\/#breadcrumb\"},\"inLanguage\":\"de\",\"potentialAction\":[{\"@type\":\"ReadAction\",\"target\":[\"https:\/\/www.stonecity.cz\/de\/produkt\/steinverkleidung-sierra-nevada-horn-bc-11r\/\"]}]},{\"@type\":\"ImageObject\",\"inLanguage\":\"de\",\"@id\":\"https:\/\/www.stonecity.cz\/de\/produkt\/steinverkleidung-sierra-nevada-horn-bc-11r\/#primaryimage\",\"url\":\"https:\/\/www.stonecity.cz\/wp-content\/uploads\/2024\/01\/STONE-CITY-Sierra-Nevada-BC-11-3-1.jpg\",\"contentUrl\":\"https:\/\/www.stonecity.cz\/wp-content\/uploads\/2024\/01\/STONE-CITY-Sierra-Nevada-BC-11-3-1.jpg\",\"width\":1280,\"height\":947},{\"@type\":\"BreadcrumbList\",\"@id\":\"https:\/\/www.stonecity.cz\/de\/produkt\/steinverkleidung-sierra-nevada-horn-bc-11r\/#breadcrumb\",\"itemListElement\":[{\"@type\":\"ListItem\",\"position\":1,\"name\":\"Dom\u016f\",\"item\":\"https:\/\/www.stonecity.cz\/de\/\"},{\"@type\":\"ListItem\",\"position\":2,\"name\":\"Shop\",\"item\":\"https:\/\/www.stonecity.cz\/de\/shop\/\"},{\"@type\":\"ListItem\",\"position\":3,\"name\":\"Sierra Nevada Ecksteinfliesen BC-11R\"}]},{\"@type\":\"WebSite\",\"@id\":\"https:\/\/www.stonecity.cz\/de\/#website\",\"url\":\"https:\/\/www.stonecity.cz\/de\/\",\"name\":\"Stonecity.cz\",\"description\":\"Dla\u017eba, obklady, um\u011bl\u00fd i p\u0159\u00edrodn\u00ed k\u00e1men\",\"potentialAction\":[{\"@type\":\"SearchAction\",\"target\":{\"@type\":\"EntryPoint\",\"urlTemplate\":\"https:\/\/www.stonecity.cz\/de\/?s={search_term_string}\"},\"query-input\":{\"@type\":\"PropertyValueSpecification\",\"valueRequired\":true,\"valueName\":\"search_term_string\"}}],\"inLanguage\":\"de\"}]}<\/script>\n<!-- \/ Yoast SEO plugin. -->","yoast_head_json":{"title":"Sierra Nevada Ecksteinfliesen BC-11R - Stonecity.cz","robots":{"index":"index","follow":"follow","max-snippet":"max-snippet:-1","max-image-preview":"max-image-preview:large","max-video-preview":"max-video-preview:-1"},"canonical":"https:\/\/www.stonecity.cz\/de\/produkt\/steinverkleidung-sierra-nevada-horn-bc-11r\/","og_locale":"de_DE","og_type":"article","og_title":"Sierra Nevada Ecksteinfliesen BC-11R - Stonecity.cz","og_description":"Schiefer ist ein Gestein, das durch ausgepr\u00e4gte, \u00fcberwiegend faltige, sich abwechselnde Schichten gekennzeichnet ist. Aufgrund dieser Faltenbildung ist der Schiefer stark gespalten und bricht in d\u00fcnne, plattenartige St\u00fccke. Schiefer entsteht auf nat\u00fcrliche Weise durch die Metamorphose von tonhaltigen Sedimenten wie Schiefer oder Tonstein. Sierra Nevada ist eine sch\u00f6ne Steinfliese, die sich als Fassadenstein und als [...]","og_url":"https:\/\/www.stonecity.cz\/de\/produkt\/steinverkleidung-sierra-nevada-horn-bc-11r\/","og_site_name":"Stonecity.cz","article_modified_time":"2024-04-17T12:31:26+00:00","og_image":[{"width":1280,"height":947,"url":"https:\/\/www.stonecity.cz\/wp-content\/uploads\/2024\/01\/STONE-CITY-Sierra-Nevada-BC-11-3-1.jpg","type":"image\/jpeg"}],"twitter_card":"summary_large_image","twitter_misc":{"Gesch\u00e4tzte Lesezeit":"1\u00a0Minute"},"schema":{"@context":"https:\/\/schema.org","@graph":[{"@type":"WebPage","@id":"https:\/\/www.stonecity.cz\/de\/produkt\/steinverkleidung-sierra-nevada-horn-bc-11r\/","url":"https:\/\/www.stonecity.cz\/de\/produkt\/steinverkleidung-sierra-nevada-horn-bc-11r\/","name":"Sierra Nevada Ecksteinfliesen BC-11R - Stonecity.cz","isPartOf":{"@id":"https:\/\/www.stonecity.cz\/de\/#website"},"primaryImageOfPage":{"@id":"https:\/\/www.stonecity.cz\/de\/produkt\/steinverkleidung-sierra-nevada-horn-bc-11r\/#primaryimage"},"image":{"@id":"https:\/\/www.stonecity.cz\/de\/produkt\/steinverkleidung-sierra-nevada-horn-bc-11r\/#primaryimage"},"thumbnailUrl":"https:\/\/www.stonecity.cz\/wp-content\/uploads\/2024\/01\/STONE-CITY-Sierra-Nevada-BC-11-3-1.jpg","datePublished":"2024-01-17T10:10:41+00:00","dateModified":"2024-04-17T12:31:26+00:00","breadcrumb":{"@id":"https:\/\/www.stonecity.cz\/de\/produkt\/steinverkleidung-sierra-nevada-horn-bc-11r\/#breadcrumb"},"inLanguage":"de","potentialAction":[{"@type":"ReadAction","target":["https:\/\/www.stonecity.cz\/de\/produkt\/steinverkleidung-sierra-nevada-horn-bc-11r\/"]}]},{"@type":"ImageObject","inLanguage":"de","@id":"https:\/\/www.stonecity.cz\/de\/produkt\/steinverkleidung-sierra-nevada-horn-bc-11r\/#primaryimage","url":"https:\/\/www.stonecity.cz\/wp-content\/uploads\/2024\/01\/STONE-CITY-Sierra-Nevada-BC-11-3-1.jpg","contentUrl":"https:\/\/www.stonecity.cz\/wp-content\/uploads\/2024\/01\/STONE-CITY-Sierra-Nevada-BC-11-3-1.jpg","width":1280,"height":947},{"@type":"BreadcrumbList","@id":"https:\/\/www.stonecity.cz\/de\/produkt\/steinverkleidung-sierra-nevada-horn-bc-11r\/#breadcrumb","itemListElement":[{"@type":"ListItem","position":1,"name":"Dom\u016f","item":"https:\/\/www.stonecity.cz\/de\/"},{"@type":"ListItem","position":2,"name":"Shop","item":"https:\/\/www.stonecity.cz\/de\/shop\/"},{"@type":"ListItem","position":3,"name":"Sierra Nevada Ecksteinfliesen BC-11R"}]},{"@type":"WebSite","@id":"https:\/\/www.stonecity.cz\/de\/#website","url":"https:\/\/www.stonecity.cz\/de\/","name":"Stonecity.cz","description":"Dla\u017eba, obklady, um\u011bl\u00fd i p\u0159\u00edrodn\u00ed k\u00e1men","potentialAction":[{"@type":"SearchAction","target":{"@type":"EntryPoint","urlTemplate":"https:\/\/www.stonecity.cz\/de\/?s={search_term_string}"},"query-input":{"@type":"PropertyValueSpecification","valueRequired":true,"valueName":"search_term_string"}}],"inLanguage":"de"}]}},"_links":{"self":[{"href":"https:\/\/www.stonecity.cz\/de\/wp-json\/wp\/v2\/product\/17524","targetHints":{"allow":["GET"]}}],"collection":[{"href":"https:\/\/www.stonecity.cz\/de\/wp-json\/wp\/v2\/product"}],"about":[{"href":"https:\/\/www.stonecity.cz\/de\/wp-json\/wp\/v2\/types\/product"}],"wp:featuredmedia":[{"embeddable":true,"href":"https:\/\/www.stonecity.cz\/de\/wp-json\/wp\/v2\/media\/17528"}],"wp:attachment":[{"href":"https:\/\/www.stonecity.cz\/de\/wp-json\/wp\/v2\/media?parent=17524"}],"wp:term":[{"taxonomy":"product_cat","embeddable":true,"href":"https:\/\/www.stonecity.cz\/de\/wp-json\/wp\/v2\/product_cat?post=17524"},{"taxonomy":"product_tag","embeddable":true,"href":"https:\/\/www.stonecity.cz\/de\/wp-json\/wp\/v2\/product_tag?post=17524"}],"curies":[{"name":"wp","href":"https:\/\/api.w.org\/{rel}","templated":true}]}}