{"id":17556,"date":"2024-02-12T09:42:43","date_gmt":"2024-02-12T08:42:43","guid":{"rendered":"https:\/\/www.stonecity.cz\/?post_type=product&#038;p=17556"},"modified":"2024-04-17T14:43:48","modified_gmt":"2024-04-17T12:43:48","slug":"stein-trog-u-20zl-gros","status":"publish","type":"product","link":"https:\/\/www.stonecity.cz\/de\/produkt\/stein-trog-u-20zl-gros\/","title":{"rendered":"Stein-Badewanne U-20ZL"},"content":{"rendered":"<p>Ein Steinbad f\u00fcr den Garten, ideal zum Abh\u00e4rten das ganze Jahr \u00fcber.<br \/>\nDie Granitbadewanne kann auch als Pflanzgef\u00e4\u00df oder Gie\u00dfkanne verwendet werden.<span id=\"span-12-51\" class=\"ct-span\">  Wir erstellen die Formate der einzelnen Produkte nach Ihren W\u00fcnschen, den Preis bieten wir entsprechend der aktuellen Nachfrage an.<br \/>\n<\/span><\/p>\n","protected":false},"excerpt":{"rendered":"<p>Ein Steinbad f\u00fcr den Garten, ideal zum Abh\u00e4rten das ganze Jahr \u00fcber. Die Granitbadewanne kann auch als Pflanzgef\u00e4\u00df oder Gie\u00dfkanne verwendet werden. Wir erstellen die Formate der einzelnen Produkte nach Ihren W\u00fcnschen, den Preis bieten wir entsprechend der aktuellen Nachfrage an.<\/p>\n","protected":false},"featured_media":17569,"template":"","meta":[],"product_cat":[1987,1985,2037],"product_tag":[],"class_list":{"0":"post-17556","1":"product","2":"type-product","3":"status-publish","4":"has-post-thumbnail","6":"product_cat-waschbecken-und-troge-aus-stein","7":"product_cat-troge-aus-stein","8":"product_cat-steinwannen","10":"first","11":"instock","12":"taxable","13":"shipping-taxable","14":"purchasable","15":"product-type-simple"},"yoast_head":"<!-- This site is optimized with the Yoast SEO plugin v26.8 - https:\/\/yoast.com\/product\/yoast-seo-wordpress\/ -->\n<title>Stein-Badewanne U-20ZL - Stonecity.cz<\/title>\n<meta name=\"robots\" content=\"index, follow, max-snippet:-1, max-image-preview:large, max-video-preview:-1\" \/>\n<link rel=\"canonical\" href=\"https:\/\/www.stonecity.cz\/de\/produkt\/stein-trog-u-20zl-gros\/\" \/>\n<meta property=\"og:locale\" content=\"de_DE\" \/>\n<meta property=\"og:type\" content=\"article\" \/>\n<meta property=\"og:title\" content=\"Stein-Badewanne U-20ZL - Stonecity.cz\" \/>\n<meta property=\"og:description\" content=\"Ein Steinbad f\u00fcr den Garten, ideal zum Abh\u00e4rten das ganze Jahr \u00fcber. Die Granitbadewanne kann auch als Pflanzgef\u00e4\u00df oder Gie\u00dfkanne verwendet werden. Wir erstellen die Formate der einzelnen Produkte nach Ihren W\u00fcnschen, den Preis bieten wir entsprechend der aktuellen Nachfrage an.\" \/>\n<meta property=\"og:url\" content=\"https:\/\/www.stonecity.cz\/de\/produkt\/stein-trog-u-20zl-gros\/\" \/>\n<meta property=\"og:site_name\" content=\"Stonecity.cz\" \/>\n<meta property=\"article:modified_time\" content=\"2024-04-17T12:43:48+00:00\" \/>\n<meta property=\"og:image\" content=\"https:\/\/www.stonecity.cz\/wp-content\/uploads\/2024\/02\/STONE-CITY-zulova-koryta-14.jpg\" \/>\n\t<meta property=\"og:image:width\" content=\"1200\" \/>\n\t<meta property=\"og:image:height\" content=\"1600\" \/>\n\t<meta property=\"og:image:type\" content=\"image\/jpeg\" \/>\n<meta name=\"twitter:card\" content=\"summary_large_image\" \/>\n<meta name=\"twitter:label1\" content=\"Gesch\u00e4tzte Lesezeit\" \/>\n\t<meta name=\"twitter:data1\" content=\"1\u00a0Minute\" \/>\n<script type=\"application\/ld+json\" class=\"yoast-schema-graph\">{\"@context\":\"https:\/\/schema.org\",\"@graph\":[{\"@type\":\"WebPage\",\"@id\":\"https:\/\/www.stonecity.cz\/de\/produkt\/stein-trog-u-20zl-gros\/\",\"url\":\"https:\/\/www.stonecity.cz\/de\/produkt\/stein-trog-u-20zl-gros\/\",\"name\":\"Stein-Badewanne U-20ZL - Stonecity.cz\",\"isPartOf\":{\"@id\":\"https:\/\/www.stonecity.cz\/de\/#website\"},\"primaryImageOfPage\":{\"@id\":\"https:\/\/www.stonecity.cz\/de\/produkt\/stein-trog-u-20zl-gros\/#primaryimage\"},\"image\":{\"@id\":\"https:\/\/www.stonecity.cz\/de\/produkt\/stein-trog-u-20zl-gros\/#primaryimage\"},\"thumbnailUrl\":\"https:\/\/www.stonecity.cz\/wp-content\/uploads\/2024\/02\/STONE-CITY-zulova-koryta-14.jpg\",\"datePublished\":\"2024-02-12T08:42:43+00:00\",\"dateModified\":\"2024-04-17T12:43:48+00:00\",\"breadcrumb\":{\"@id\":\"https:\/\/www.stonecity.cz\/de\/produkt\/stein-trog-u-20zl-gros\/#breadcrumb\"},\"inLanguage\":\"de\",\"potentialAction\":[{\"@type\":\"ReadAction\",\"target\":[\"https:\/\/www.stonecity.cz\/de\/produkt\/stein-trog-u-20zl-gros\/\"]}]},{\"@type\":\"ImageObject\",\"inLanguage\":\"de\",\"@id\":\"https:\/\/www.stonecity.cz\/de\/produkt\/stein-trog-u-20zl-gros\/#primaryimage\",\"url\":\"https:\/\/www.stonecity.cz\/wp-content\/uploads\/2024\/02\/STONE-CITY-zulova-koryta-14.jpg\",\"contentUrl\":\"https:\/\/www.stonecity.cz\/wp-content\/uploads\/2024\/02\/STONE-CITY-zulova-koryta-14.jpg\",\"width\":1200,\"height\":1600},{\"@type\":\"BreadcrumbList\",\"@id\":\"https:\/\/www.stonecity.cz\/de\/produkt\/stein-trog-u-20zl-gros\/#breadcrumb\",\"itemListElement\":[{\"@type\":\"ListItem\",\"position\":1,\"name\":\"Dom\u016f\",\"item\":\"https:\/\/www.stonecity.cz\/de\/\"},{\"@type\":\"ListItem\",\"position\":2,\"name\":\"Shop\",\"item\":\"https:\/\/www.stonecity.cz\/de\/shop\/\"},{\"@type\":\"ListItem\",\"position\":3,\"name\":\"Stein-Badewanne U-20ZL\"}]},{\"@type\":\"WebSite\",\"@id\":\"https:\/\/www.stonecity.cz\/de\/#website\",\"url\":\"https:\/\/www.stonecity.cz\/de\/\",\"name\":\"Stonecity.cz\",\"description\":\"Dla\u017eba, obklady, um\u011bl\u00fd i p\u0159\u00edrodn\u00ed k\u00e1men\",\"potentialAction\":[{\"@type\":\"SearchAction\",\"target\":{\"@type\":\"EntryPoint\",\"urlTemplate\":\"https:\/\/www.stonecity.cz\/de\/?s={search_term_string}\"},\"query-input\":{\"@type\":\"PropertyValueSpecification\",\"valueRequired\":true,\"valueName\":\"search_term_string\"}}],\"inLanguage\":\"de\"}]}<\/script>\n<!-- \/ Yoast SEO plugin. -->","yoast_head_json":{"title":"Stein-Badewanne U-20ZL - Stonecity.cz","robots":{"index":"index","follow":"follow","max-snippet":"max-snippet:-1","max-image-preview":"max-image-preview:large","max-video-preview":"max-video-preview:-1"},"canonical":"https:\/\/www.stonecity.cz\/de\/produkt\/stein-trog-u-20zl-gros\/","og_locale":"de_DE","og_type":"article","og_title":"Stein-Badewanne U-20ZL - Stonecity.cz","og_description":"Ein Steinbad f\u00fcr den Garten, ideal zum Abh\u00e4rten das ganze Jahr \u00fcber. Die Granitbadewanne kann auch als Pflanzgef\u00e4\u00df oder Gie\u00dfkanne verwendet werden. Wir erstellen die Formate der einzelnen Produkte nach Ihren W\u00fcnschen, den Preis bieten wir entsprechend der aktuellen Nachfrage an.","og_url":"https:\/\/www.stonecity.cz\/de\/produkt\/stein-trog-u-20zl-gros\/","og_site_name":"Stonecity.cz","article_modified_time":"2024-04-17T12:43:48+00:00","og_image":[{"width":1200,"height":1600,"url":"https:\/\/www.stonecity.cz\/wp-content\/uploads\/2024\/02\/STONE-CITY-zulova-koryta-14.jpg","type":"image\/jpeg"}],"twitter_card":"summary_large_image","twitter_misc":{"Gesch\u00e4tzte Lesezeit":"1\u00a0Minute"},"schema":{"@context":"https:\/\/schema.org","@graph":[{"@type":"WebPage","@id":"https:\/\/www.stonecity.cz\/de\/produkt\/stein-trog-u-20zl-gros\/","url":"https:\/\/www.stonecity.cz\/de\/produkt\/stein-trog-u-20zl-gros\/","name":"Stein-Badewanne U-20ZL - Stonecity.cz","isPartOf":{"@id":"https:\/\/www.stonecity.cz\/de\/#website"},"primaryImageOfPage":{"@id":"https:\/\/www.stonecity.cz\/de\/produkt\/stein-trog-u-20zl-gros\/#primaryimage"},"image":{"@id":"https:\/\/www.stonecity.cz\/de\/produkt\/stein-trog-u-20zl-gros\/#primaryimage"},"thumbnailUrl":"https:\/\/www.stonecity.cz\/wp-content\/uploads\/2024\/02\/STONE-CITY-zulova-koryta-14.jpg","datePublished":"2024-02-12T08:42:43+00:00","dateModified":"2024-04-17T12:43:48+00:00","breadcrumb":{"@id":"https:\/\/www.stonecity.cz\/de\/produkt\/stein-trog-u-20zl-gros\/#breadcrumb"},"inLanguage":"de","potentialAction":[{"@type":"ReadAction","target":["https:\/\/www.stonecity.cz\/de\/produkt\/stein-trog-u-20zl-gros\/"]}]},{"@type":"ImageObject","inLanguage":"de","@id":"https:\/\/www.stonecity.cz\/de\/produkt\/stein-trog-u-20zl-gros\/#primaryimage","url":"https:\/\/www.stonecity.cz\/wp-content\/uploads\/2024\/02\/STONE-CITY-zulova-koryta-14.jpg","contentUrl":"https:\/\/www.stonecity.cz\/wp-content\/uploads\/2024\/02\/STONE-CITY-zulova-koryta-14.jpg","width":1200,"height":1600},{"@type":"BreadcrumbList","@id":"https:\/\/www.stonecity.cz\/de\/produkt\/stein-trog-u-20zl-gros\/#breadcrumb","itemListElement":[{"@type":"ListItem","position":1,"name":"Dom\u016f","item":"https:\/\/www.stonecity.cz\/de\/"},{"@type":"ListItem","position":2,"name":"Shop","item":"https:\/\/www.stonecity.cz\/de\/shop\/"},{"@type":"ListItem","position":3,"name":"Stein-Badewanne U-20ZL"}]},{"@type":"WebSite","@id":"https:\/\/www.stonecity.cz\/de\/#website","url":"https:\/\/www.stonecity.cz\/de\/","name":"Stonecity.cz","description":"Dla\u017eba, obklady, um\u011bl\u00fd i p\u0159\u00edrodn\u00ed k\u00e1men","potentialAction":[{"@type":"SearchAction","target":{"@type":"EntryPoint","urlTemplate":"https:\/\/www.stonecity.cz\/de\/?s={search_term_string}"},"query-input":{"@type":"PropertyValueSpecification","valueRequired":true,"valueName":"search_term_string"}}],"inLanguage":"de"}]}},"_links":{"self":[{"href":"https:\/\/www.stonecity.cz\/de\/wp-json\/wp\/v2\/product\/17556","targetHints":{"allow":["GET"]}}],"collection":[{"href":"https:\/\/www.stonecity.cz\/de\/wp-json\/wp\/v2\/product"}],"about":[{"href":"https:\/\/www.stonecity.cz\/de\/wp-json\/wp\/v2\/types\/product"}],"wp:featuredmedia":[{"embeddable":true,"href":"https:\/\/www.stonecity.cz\/de\/wp-json\/wp\/v2\/media\/17569"}],"wp:attachment":[{"href":"https:\/\/www.stonecity.cz\/de\/wp-json\/wp\/v2\/media?parent=17556"}],"wp:term":[{"taxonomy":"product_cat","embeddable":true,"href":"https:\/\/www.stonecity.cz\/de\/wp-json\/wp\/v2\/product_cat?post=17556"},{"taxonomy":"product_tag","embeddable":true,"href":"https:\/\/www.stonecity.cz\/de\/wp-json\/wp\/v2\/product_tag?post=17556"}],"curies":[{"name":"wp","href":"https:\/\/api.w.org\/{rel}","templated":true}]}}