{"id":17778,"date":"2024-04-25T10:02:47","date_gmt":"2024-04-25T08:02:47","guid":{"rendered":"https:\/\/www.stonecity.cz\/?post_type=product&#038;p=17778"},"modified":"2025-03-07T11:12:32","modified_gmt":"2025-03-07T10:12:32","slug":"naslapy-antik-garten-m-qua-39m","status":"publish","type":"product","link":"https:\/\/www.stonecity.cz\/de\/produkt\/naslapy-antik-garten-m-qua-39m\/","title":{"rendered":"Antik Garden M Steinfundamente &#8211; QUA-39M"},"content":{"rendered":"<p>Die Gartentritte oder Steinsockel sind aus nat\u00fcrlichem Quarzit gefertigt. Sie werden als Rasensteine verwendet.<\/p>\n<ul>\n<li>Mit sch\u00f6nen Steintrittsteinen k\u00f6nnen Sie romantische Ecken und Wege schaffen<\/li>\n<li>Erm\u00f6glicht es Ihnen, auch nach dem Regen im Garten spazieren zu gehen, ohne in nasse Erde zu treten<\/li>\n<li>Sie bringen ein zus\u00e4tzliches Element in jeden Garten, das Sie lieben werden<\/li>\n<\/ul>\n<p>&nbsp;<\/p>\n<p>&nbsp;<\/p>\n","protected":false},"excerpt":{"rendered":"<p>Die Gartentritte oder Steinsockel sind aus nat\u00fcrlichem Quarzit gefertigt. Sie werden als Rasensteine verwendet. Mit sch\u00f6nen Steintrittsteinen k\u00f6nnen Sie romantische Ecken und Wege schaffen Erm\u00f6glicht es Ihnen, auch nach dem Regen im Garten spazieren zu gehen, ohne in nasse Erde zu treten Sie bringen ein zus\u00e4tzliches Element in jeden Garten, das Sie lieben werden &nbsp; [&#8230;]\n","protected":false},"featured_media":17786,"template":"","meta":[],"product_cat":[1917,1923,1941,1993],"product_tag":[1830,1833,1841,1840],"class_list":{"0":"post-17778","1":"product","2":"type-product","3":"status-publish","4":"has-post-thumbnail","6":"product_cat-pflaster","7":"product_cat-naturstein","8":"product_cat-quarzit-de","9":"product_cat-dekorationen-aus-stein","10":"product_tag-fassadenverkleidung","11":"product_tag-fur-den-ausenbereich-geeignet","12":"product_tag-fur-den-garten-geeignet-de","13":"product_tag-geeignet-fur-die-terrasse","14":"pa_baleni-1-palette-950kg-300stuck","15":"pa_diagonala-prumer-20-30cm-de","16":"pa_tloustka-2-cm-de","18":"first","19":"instock","20":"purchasable","21":"product-type-simple"},"yoast_head":"<!-- This site is optimized with the Yoast SEO plugin v26.8 - https:\/\/yoast.com\/product\/yoast-seo-wordpress\/ -->\n<title>Antik Garden M Steinfundamente - QUA-39M - Stonecity.cz<\/title>\n<meta name=\"robots\" content=\"index, follow, max-snippet:-1, max-image-preview:large, max-video-preview:-1\" \/>\n<link rel=\"canonical\" href=\"https:\/\/www.stonecity.cz\/de\/produkt\/naslapy-antik-garten-m-qua-39m\/\" \/>\n<meta property=\"og:locale\" content=\"de_DE\" \/>\n<meta property=\"og:type\" content=\"article\" \/>\n<meta property=\"og:title\" content=\"Antik Garden M Steinfundamente - QUA-39M - Stonecity.cz\" \/>\n<meta property=\"og:description\" content=\"Die Gartentritte oder Steinsockel sind aus nat\u00fcrlichem Quarzit gefertigt. Sie werden als Rasensteine verwendet. Mit sch\u00f6nen Steintrittsteinen k\u00f6nnen Sie romantische Ecken und Wege schaffen Erm\u00f6glicht es Ihnen, auch nach dem Regen im Garten spazieren zu gehen, ohne in nasse Erde zu treten Sie bringen ein zus\u00e4tzliches Element in jeden Garten, das Sie lieben werden &nbsp; [...]\" \/>\n<meta property=\"og:url\" content=\"https:\/\/www.stonecity.cz\/de\/produkt\/naslapy-antik-garten-m-qua-39m\/\" \/>\n<meta property=\"og:site_name\" content=\"Stonecity.cz\" \/>\n<meta property=\"article:modified_time\" content=\"2025-03-07T10:12:32+00:00\" \/>\n<meta property=\"og:image\" content=\"https:\/\/www.stonecity.cz\/wp-content\/uploads\/2024\/04\/QUA-39M.jpg\" \/>\n\t<meta property=\"og:image:width\" content=\"1351\" \/>\n\t<meta property=\"og:image:height\" content=\"1801\" \/>\n\t<meta property=\"og:image:type\" content=\"image\/jpeg\" \/>\n<meta name=\"twitter:card\" content=\"summary_large_image\" \/>\n<script type=\"application\/ld+json\" class=\"yoast-schema-graph\">{\"@context\":\"https:\/\/schema.org\",\"@graph\":[{\"@type\":\"WebPage\",\"@id\":\"https:\/\/www.stonecity.cz\/de\/produkt\/naslapy-antik-garten-m-qua-39m\/\",\"url\":\"https:\/\/www.stonecity.cz\/de\/produkt\/naslapy-antik-garten-m-qua-39m\/\",\"name\":\"Antik Garden M Steinfundamente - QUA-39M - Stonecity.cz\",\"isPartOf\":{\"@id\":\"https:\/\/www.stonecity.cz\/de\/#website\"},\"primaryImageOfPage\":{\"@id\":\"https:\/\/www.stonecity.cz\/de\/produkt\/naslapy-antik-garten-m-qua-39m\/#primaryimage\"},\"image\":{\"@id\":\"https:\/\/www.stonecity.cz\/de\/produkt\/naslapy-antik-garten-m-qua-39m\/#primaryimage\"},\"thumbnailUrl\":\"https:\/\/www.stonecity.cz\/wp-content\/uploads\/2024\/04\/QUA-39M.jpg\",\"datePublished\":\"2024-04-25T08:02:47+00:00\",\"dateModified\":\"2025-03-07T10:12:32+00:00\",\"breadcrumb\":{\"@id\":\"https:\/\/www.stonecity.cz\/de\/produkt\/naslapy-antik-garten-m-qua-39m\/#breadcrumb\"},\"inLanguage\":\"de\",\"potentialAction\":[{\"@type\":\"ReadAction\",\"target\":[\"https:\/\/www.stonecity.cz\/de\/produkt\/naslapy-antik-garten-m-qua-39m\/\"]}]},{\"@type\":\"ImageObject\",\"inLanguage\":\"de\",\"@id\":\"https:\/\/www.stonecity.cz\/de\/produkt\/naslapy-antik-garten-m-qua-39m\/#primaryimage\",\"url\":\"https:\/\/www.stonecity.cz\/wp-content\/uploads\/2024\/04\/QUA-39M.jpg\",\"contentUrl\":\"https:\/\/www.stonecity.cz\/wp-content\/uploads\/2024\/04\/QUA-39M.jpg\",\"width\":1351,\"height\":1801},{\"@type\":\"BreadcrumbList\",\"@id\":\"https:\/\/www.stonecity.cz\/de\/produkt\/naslapy-antik-garten-m-qua-39m\/#breadcrumb\",\"itemListElement\":[{\"@type\":\"ListItem\",\"position\":1,\"name\":\"Dom\u016f\",\"item\":\"https:\/\/www.stonecity.cz\/de\/\"},{\"@type\":\"ListItem\",\"position\":2,\"name\":\"Shop\",\"item\":\"https:\/\/www.stonecity.cz\/de\/shop\/\"},{\"@type\":\"ListItem\",\"position\":3,\"name\":\"Antik Garden M Steinfundamente &#8211; QUA-39M\"}]},{\"@type\":\"WebSite\",\"@id\":\"https:\/\/www.stonecity.cz\/de\/#website\",\"url\":\"https:\/\/www.stonecity.cz\/de\/\",\"name\":\"Stonecity.cz\",\"description\":\"Dla\u017eba, obklady, um\u011bl\u00fd i p\u0159\u00edrodn\u00ed k\u00e1men\",\"potentialAction\":[{\"@type\":\"SearchAction\",\"target\":{\"@type\":\"EntryPoint\",\"urlTemplate\":\"https:\/\/www.stonecity.cz\/de\/?s={search_term_string}\"},\"query-input\":{\"@type\":\"PropertyValueSpecification\",\"valueRequired\":true,\"valueName\":\"search_term_string\"}}],\"inLanguage\":\"de\"}]}<\/script>\n<!-- \/ Yoast SEO plugin. -->","yoast_head_json":{"title":"Antik Garden M Steinfundamente - QUA-39M - Stonecity.cz","robots":{"index":"index","follow":"follow","max-snippet":"max-snippet:-1","max-image-preview":"max-image-preview:large","max-video-preview":"max-video-preview:-1"},"canonical":"https:\/\/www.stonecity.cz\/de\/produkt\/naslapy-antik-garten-m-qua-39m\/","og_locale":"de_DE","og_type":"article","og_title":"Antik Garden M Steinfundamente - QUA-39M - Stonecity.cz","og_description":"Die Gartentritte oder Steinsockel sind aus nat\u00fcrlichem Quarzit gefertigt. Sie werden als Rasensteine verwendet. Mit sch\u00f6nen Steintrittsteinen k\u00f6nnen Sie romantische Ecken und Wege schaffen Erm\u00f6glicht es Ihnen, auch nach dem Regen im Garten spazieren zu gehen, ohne in nasse Erde zu treten Sie bringen ein zus\u00e4tzliches Element in jeden Garten, das Sie lieben werden &nbsp; [...]","og_url":"https:\/\/www.stonecity.cz\/de\/produkt\/naslapy-antik-garten-m-qua-39m\/","og_site_name":"Stonecity.cz","article_modified_time":"2025-03-07T10:12:32+00:00","og_image":[{"width":1351,"height":1801,"url":"https:\/\/www.stonecity.cz\/wp-content\/uploads\/2024\/04\/QUA-39M.jpg","type":"image\/jpeg"}],"twitter_card":"summary_large_image","schema":{"@context":"https:\/\/schema.org","@graph":[{"@type":"WebPage","@id":"https:\/\/www.stonecity.cz\/de\/produkt\/naslapy-antik-garten-m-qua-39m\/","url":"https:\/\/www.stonecity.cz\/de\/produkt\/naslapy-antik-garten-m-qua-39m\/","name":"Antik Garden M Steinfundamente - QUA-39M - Stonecity.cz","isPartOf":{"@id":"https:\/\/www.stonecity.cz\/de\/#website"},"primaryImageOfPage":{"@id":"https:\/\/www.stonecity.cz\/de\/produkt\/naslapy-antik-garten-m-qua-39m\/#primaryimage"},"image":{"@id":"https:\/\/www.stonecity.cz\/de\/produkt\/naslapy-antik-garten-m-qua-39m\/#primaryimage"},"thumbnailUrl":"https:\/\/www.stonecity.cz\/wp-content\/uploads\/2024\/04\/QUA-39M.jpg","datePublished":"2024-04-25T08:02:47+00:00","dateModified":"2025-03-07T10:12:32+00:00","breadcrumb":{"@id":"https:\/\/www.stonecity.cz\/de\/produkt\/naslapy-antik-garten-m-qua-39m\/#breadcrumb"},"inLanguage":"de","potentialAction":[{"@type":"ReadAction","target":["https:\/\/www.stonecity.cz\/de\/produkt\/naslapy-antik-garten-m-qua-39m\/"]}]},{"@type":"ImageObject","inLanguage":"de","@id":"https:\/\/www.stonecity.cz\/de\/produkt\/naslapy-antik-garten-m-qua-39m\/#primaryimage","url":"https:\/\/www.stonecity.cz\/wp-content\/uploads\/2024\/04\/QUA-39M.jpg","contentUrl":"https:\/\/www.stonecity.cz\/wp-content\/uploads\/2024\/04\/QUA-39M.jpg","width":1351,"height":1801},{"@type":"BreadcrumbList","@id":"https:\/\/www.stonecity.cz\/de\/produkt\/naslapy-antik-garten-m-qua-39m\/#breadcrumb","itemListElement":[{"@type":"ListItem","position":1,"name":"Dom\u016f","item":"https:\/\/www.stonecity.cz\/de\/"},{"@type":"ListItem","position":2,"name":"Shop","item":"https:\/\/www.stonecity.cz\/de\/shop\/"},{"@type":"ListItem","position":3,"name":"Antik Garden M Steinfundamente &#8211; QUA-39M"}]},{"@type":"WebSite","@id":"https:\/\/www.stonecity.cz\/de\/#website","url":"https:\/\/www.stonecity.cz\/de\/","name":"Stonecity.cz","description":"Dla\u017eba, obklady, um\u011bl\u00fd i p\u0159\u00edrodn\u00ed k\u00e1men","potentialAction":[{"@type":"SearchAction","target":{"@type":"EntryPoint","urlTemplate":"https:\/\/www.stonecity.cz\/de\/?s={search_term_string}"},"query-input":{"@type":"PropertyValueSpecification","valueRequired":true,"valueName":"search_term_string"}}],"inLanguage":"de"}]}},"_links":{"self":[{"href":"https:\/\/www.stonecity.cz\/de\/wp-json\/wp\/v2\/product\/17778","targetHints":{"allow":["GET"]}}],"collection":[{"href":"https:\/\/www.stonecity.cz\/de\/wp-json\/wp\/v2\/product"}],"about":[{"href":"https:\/\/www.stonecity.cz\/de\/wp-json\/wp\/v2\/types\/product"}],"wp:featuredmedia":[{"embeddable":true,"href":"https:\/\/www.stonecity.cz\/de\/wp-json\/wp\/v2\/media\/17786"}],"wp:attachment":[{"href":"https:\/\/www.stonecity.cz\/de\/wp-json\/wp\/v2\/media?parent=17778"}],"wp:term":[{"taxonomy":"product_cat","embeddable":true,"href":"https:\/\/www.stonecity.cz\/de\/wp-json\/wp\/v2\/product_cat?post=17778"},{"taxonomy":"product_tag","embeddable":true,"href":"https:\/\/www.stonecity.cz\/de\/wp-json\/wp\/v2\/product_tag?post=17778"}],"curies":[{"name":"wp","href":"https:\/\/api.w.org\/{rel}","templated":true}]}}