{"id":17877,"date":"2024-05-15T16:18:27","date_gmt":"2024-05-15T14:18:27","guid":{"rendered":"https:\/\/www.stonecity.cz\/?post_type=product&#038;p=17877"},"modified":"2025-03-07T11:56:41","modified_gmt":"2025-03-07T10:56:41","slug":"athena-extra-grose-qua-28-kopirovat","status":"publish","type":"product","link":"https:\/\/www.stonecity.cz\/de\/produkt\/athena-extra-grose-qua-28-kopirovat\/","title":{"rendered":"Unregelm\u00e4\u00dfiges Steinpflaster aus Porphyr CRAZY PAVING POR-XXXL &#8211; Reisen"},"content":{"rendered":"<p>Porphyr &#8211; unregelm\u00e4\u00dfige Formen, gro\u00dfe Formate haben unterschiedliche Seitenl\u00e4ngen mit einer Diagonale von ca. 100x100cm<br \/>\nDie Sch\u00f6nheit dieses Steins wird durch die nat\u00fcrliche Oberfl\u00e4che, abgesplitterte Kanten und eine Farbmischung aus grau, violett,<br \/>\ngrau-braun und violett-violett unterstrichen.<\/p>\n<p>Porphyr ist ein Eruptivgestein, das gro\u00dfe Kristalle &#8211; meist Feldspat oder Quarz &#8211; enth\u00e4lt.<br \/>\nDieser Stein eignet sich f\u00fcr Terrassen, Einfahrten, Gehwege oder Pflaster, aber auch f\u00fcr Pl\u00e4tze und Innenr\u00e4ume.<br \/>\nHardy.<\/p>\n<p>Abmessungen: Dicke 4-7 cm<\/p>\n<p>Diagonale ca. 100x100cm<\/p>\n<p>2-4St\u00fcck = 1m2<\/p>\n<p>140-150kg\/m2<\/p>\n<p>Verwendung: Pflaster im Au\u00dfenbereich, um Schwimmb\u00e4der, Flure, Terrassen, Gehwege, Pl\u00e4tze, G\u00e4rten<\/p>\n<p>Einfache Installation und minimale Wartung.<\/p>\n<p><em><strong><a href=\"https:\/\/www.stonecity.cz\/wp-content\/uploads\/2020\/05\/Protiskluznost.pdf\">Anti-Rutsch<\/a><\/strong><\/em><\/p>\n<p><em><strong><a href=\"https:\/\/www.stonecity.cz\/wp-content\/uploads\/2020\/05\/Pevnost-v-ohybu.pdf\">Biegefestigkeit<\/a><\/strong><\/em><\/p>\n<p><em><strong><a href=\"https:\/\/www.stonecity.cz\/wp-content\/uploads\/2020\/05\/Absorpce-vody.pdf\">Wasseraufnahme<\/a><\/strong><\/em><\/p>\n","protected":false},"excerpt":{"rendered":"<p>Porphyr &#8211; unregelm\u00e4\u00dfige Formen, gro\u00dfe Formate haben unterschiedliche Seitenl\u00e4ngen mit einer Diagonale von ca. 100x100cm Die Sch\u00f6nheit dieses Steins wird durch die nat\u00fcrliche Oberfl\u00e4che, abgesplitterte Kanten und eine Farbmischung aus grau, violett, grau-braun und violett-violett unterstrichen. Porphyr ist ein Eruptivgestein, das gro\u00dfe Kristalle &#8211; meist Feldspat oder Quarz &#8211; enth\u00e4lt. Dieser Stein eignet sich f\u00fcr [&#8230;]\n","protected":false},"featured_media":19487,"template":"","meta":[],"product_cat":[1917,1923,1947],"product_tag":[1830,1833,1841,1840],"class_list":{"0":"post-17877","1":"product","2":"type-product","3":"status-publish","4":"has-post-thumbnail","6":"product_cat-pflaster","7":"product_cat-naturstein","8":"product_cat-porphyr","9":"product_tag-fassadenverkleidung","10":"product_tag-fur-den-ausenbereich-geeignet","11":"product_tag-fur-den-garten-geeignet-de","12":"product_tag-geeignet-fur-die-terrasse","13":"pa_poznamka-der-preis-gilt-fur-ein-gemeinsames-gelenk-1-5-cm","15":"first","16":"instock","17":"purchasable","18":"product-type-simple"},"yoast_head":"<!-- This site is optimized with the Yoast SEO plugin v26.8 - https:\/\/yoast.com\/product\/yoast-seo-wordpress\/ -->\n<title>Unregelm\u00e4\u00dfiges Steinpflaster aus Porphyr CRAZY PAVING POR-XXXL - Reisen - Stonecity.cz<\/title>\n<meta name=\"robots\" content=\"index, follow, max-snippet:-1, max-image-preview:large, max-video-preview:-1\" \/>\n<link rel=\"canonical\" href=\"https:\/\/www.stonecity.cz\/de\/produkt\/athena-extra-grose-qua-28-kopirovat\/\" \/>\n<meta property=\"og:locale\" content=\"de_DE\" \/>\n<meta property=\"og:type\" content=\"article\" \/>\n<meta property=\"og:title\" content=\"Unregelm\u00e4\u00dfiges Steinpflaster aus Porphyr CRAZY PAVING POR-XXXL - Reisen - Stonecity.cz\" \/>\n<meta property=\"og:description\" content=\"Porphyr &#8211; unregelm\u00e4\u00dfige Formen, gro\u00dfe Formate haben unterschiedliche Seitenl\u00e4ngen mit einer Diagonale von ca. 100x100cm Die Sch\u00f6nheit dieses Steins wird durch die nat\u00fcrliche Oberfl\u00e4che, abgesplitterte Kanten und eine Farbmischung aus grau, violett, grau-braun und violett-violett unterstrichen. Porphyr ist ein Eruptivgestein, das gro\u00dfe Kristalle &#8211; meist Feldspat oder Quarz &#8211; enth\u00e4lt. Dieser Stein eignet sich f\u00fcr [...]\" \/>\n<meta property=\"og:url\" content=\"https:\/\/www.stonecity.cz\/de\/produkt\/athena-extra-grose-qua-28-kopirovat\/\" \/>\n<meta property=\"og:site_name\" content=\"Stonecity.cz\" \/>\n<meta property=\"article:modified_time\" content=\"2025-03-07T10:56:41+00:00\" \/>\n<meta property=\"og:image\" content=\"https:\/\/www.stonecity.cz\/wp-content\/uploads\/2024\/05\/STONE-CITY-crazy-paving-XXL-extra-size-4.jpg\" \/>\n\t<meta property=\"og:image:width\" content=\"1600\" \/>\n\t<meta property=\"og:image:height\" content=\"1200\" \/>\n\t<meta property=\"og:image:type\" content=\"image\/jpeg\" \/>\n<meta name=\"twitter:card\" content=\"summary_large_image\" \/>\n<meta name=\"twitter:label1\" content=\"Gesch\u00e4tzte Lesezeit\" \/>\n\t<meta name=\"twitter:data1\" content=\"1\u00a0Minute\" \/>\n<script type=\"application\/ld+json\" class=\"yoast-schema-graph\">{\"@context\":\"https:\/\/schema.org\",\"@graph\":[{\"@type\":\"WebPage\",\"@id\":\"https:\/\/www.stonecity.cz\/de\/produkt\/athena-extra-grose-qua-28-kopirovat\/\",\"url\":\"https:\/\/www.stonecity.cz\/de\/produkt\/athena-extra-grose-qua-28-kopirovat\/\",\"name\":\"Unregelm\u00e4\u00dfiges Steinpflaster aus Porphyr CRAZY PAVING POR-XXXL - Reisen - Stonecity.cz\",\"isPartOf\":{\"@id\":\"https:\/\/www.stonecity.cz\/de\/#website\"},\"primaryImageOfPage\":{\"@id\":\"https:\/\/www.stonecity.cz\/de\/produkt\/athena-extra-grose-qua-28-kopirovat\/#primaryimage\"},\"image\":{\"@id\":\"https:\/\/www.stonecity.cz\/de\/produkt\/athena-extra-grose-qua-28-kopirovat\/#primaryimage\"},\"thumbnailUrl\":\"https:\/\/www.stonecity.cz\/wp-content\/uploads\/2024\/05\/STONE-CITY-crazy-paving-XXL-extra-size-3-1.jpg\",\"datePublished\":\"2024-05-15T14:18:27+00:00\",\"dateModified\":\"2025-03-07T10:56:41+00:00\",\"breadcrumb\":{\"@id\":\"https:\/\/www.stonecity.cz\/de\/produkt\/athena-extra-grose-qua-28-kopirovat\/#breadcrumb\"},\"inLanguage\":\"de\",\"potentialAction\":[{\"@type\":\"ReadAction\",\"target\":[\"https:\/\/www.stonecity.cz\/de\/produkt\/athena-extra-grose-qua-28-kopirovat\/\"]}]},{\"@type\":\"ImageObject\",\"inLanguage\":\"de\",\"@id\":\"https:\/\/www.stonecity.cz\/de\/produkt\/athena-extra-grose-qua-28-kopirovat\/#primaryimage\",\"url\":\"https:\/\/www.stonecity.cz\/wp-content\/uploads\/2024\/05\/STONE-CITY-crazy-paving-XXL-extra-size-3-1.jpg\",\"contentUrl\":\"https:\/\/www.stonecity.cz\/wp-content\/uploads\/2024\/05\/STONE-CITY-crazy-paving-XXL-extra-size-3-1.jpg\",\"width\":1600,\"height\":900},{\"@type\":\"BreadcrumbList\",\"@id\":\"https:\/\/www.stonecity.cz\/de\/produkt\/athena-extra-grose-qua-28-kopirovat\/#breadcrumb\",\"itemListElement\":[{\"@type\":\"ListItem\",\"position\":1,\"name\":\"Dom\u016f\",\"item\":\"https:\/\/www.stonecity.cz\/de\/\"},{\"@type\":\"ListItem\",\"position\":2,\"name\":\"Shop\",\"item\":\"https:\/\/www.stonecity.cz\/de\/shop\/\"},{\"@type\":\"ListItem\",\"position\":3,\"name\":\"Unregelm\u00e4\u00dfiges Steinpflaster aus Porphyr CRAZY PAVING POR-XXXL &#8211; Reisen\"}]},{\"@type\":\"WebSite\",\"@id\":\"https:\/\/www.stonecity.cz\/de\/#website\",\"url\":\"https:\/\/www.stonecity.cz\/de\/\",\"name\":\"Stonecity.cz\",\"description\":\"Dla\u017eba, obklady, um\u011bl\u00fd i p\u0159\u00edrodn\u00ed k\u00e1men\",\"potentialAction\":[{\"@type\":\"SearchAction\",\"target\":{\"@type\":\"EntryPoint\",\"urlTemplate\":\"https:\/\/www.stonecity.cz\/de\/?s={search_term_string}\"},\"query-input\":{\"@type\":\"PropertyValueSpecification\",\"valueRequired\":true,\"valueName\":\"search_term_string\"}}],\"inLanguage\":\"de\"}]}<\/script>\n<!-- \/ Yoast SEO plugin. -->","yoast_head_json":{"title":"Unregelm\u00e4\u00dfiges Steinpflaster aus Porphyr CRAZY PAVING POR-XXXL - Reisen - Stonecity.cz","robots":{"index":"index","follow":"follow","max-snippet":"max-snippet:-1","max-image-preview":"max-image-preview:large","max-video-preview":"max-video-preview:-1"},"canonical":"https:\/\/www.stonecity.cz\/de\/produkt\/athena-extra-grose-qua-28-kopirovat\/","og_locale":"de_DE","og_type":"article","og_title":"Unregelm\u00e4\u00dfiges Steinpflaster aus Porphyr CRAZY PAVING POR-XXXL - Reisen - Stonecity.cz","og_description":"Porphyr &#8211; unregelm\u00e4\u00dfige Formen, gro\u00dfe Formate haben unterschiedliche Seitenl\u00e4ngen mit einer Diagonale von ca. 100x100cm Die Sch\u00f6nheit dieses Steins wird durch die nat\u00fcrliche Oberfl\u00e4che, abgesplitterte Kanten und eine Farbmischung aus grau, violett, grau-braun und violett-violett unterstrichen. Porphyr ist ein Eruptivgestein, das gro\u00dfe Kristalle &#8211; meist Feldspat oder Quarz &#8211; enth\u00e4lt. Dieser Stein eignet sich f\u00fcr [...]","og_url":"https:\/\/www.stonecity.cz\/de\/produkt\/athena-extra-grose-qua-28-kopirovat\/","og_site_name":"Stonecity.cz","article_modified_time":"2025-03-07T10:56:41+00:00","og_image":[{"width":1600,"height":1200,"url":"https:\/\/www.stonecity.cz\/wp-content\/uploads\/2024\/05\/STONE-CITY-crazy-paving-XXL-extra-size-4.jpg","type":"image\/jpeg"}],"twitter_card":"summary_large_image","twitter_misc":{"Gesch\u00e4tzte Lesezeit":"1\u00a0Minute"},"schema":{"@context":"https:\/\/schema.org","@graph":[{"@type":"WebPage","@id":"https:\/\/www.stonecity.cz\/de\/produkt\/athena-extra-grose-qua-28-kopirovat\/","url":"https:\/\/www.stonecity.cz\/de\/produkt\/athena-extra-grose-qua-28-kopirovat\/","name":"Unregelm\u00e4\u00dfiges Steinpflaster aus Porphyr CRAZY PAVING POR-XXXL - Reisen - Stonecity.cz","isPartOf":{"@id":"https:\/\/www.stonecity.cz\/de\/#website"},"primaryImageOfPage":{"@id":"https:\/\/www.stonecity.cz\/de\/produkt\/athena-extra-grose-qua-28-kopirovat\/#primaryimage"},"image":{"@id":"https:\/\/www.stonecity.cz\/de\/produkt\/athena-extra-grose-qua-28-kopirovat\/#primaryimage"},"thumbnailUrl":"https:\/\/www.stonecity.cz\/wp-content\/uploads\/2024\/05\/STONE-CITY-crazy-paving-XXL-extra-size-3-1.jpg","datePublished":"2024-05-15T14:18:27+00:00","dateModified":"2025-03-07T10:56:41+00:00","breadcrumb":{"@id":"https:\/\/www.stonecity.cz\/de\/produkt\/athena-extra-grose-qua-28-kopirovat\/#breadcrumb"},"inLanguage":"de","potentialAction":[{"@type":"ReadAction","target":["https:\/\/www.stonecity.cz\/de\/produkt\/athena-extra-grose-qua-28-kopirovat\/"]}]},{"@type":"ImageObject","inLanguage":"de","@id":"https:\/\/www.stonecity.cz\/de\/produkt\/athena-extra-grose-qua-28-kopirovat\/#primaryimage","url":"https:\/\/www.stonecity.cz\/wp-content\/uploads\/2024\/05\/STONE-CITY-crazy-paving-XXL-extra-size-3-1.jpg","contentUrl":"https:\/\/www.stonecity.cz\/wp-content\/uploads\/2024\/05\/STONE-CITY-crazy-paving-XXL-extra-size-3-1.jpg","width":1600,"height":900},{"@type":"BreadcrumbList","@id":"https:\/\/www.stonecity.cz\/de\/produkt\/athena-extra-grose-qua-28-kopirovat\/#breadcrumb","itemListElement":[{"@type":"ListItem","position":1,"name":"Dom\u016f","item":"https:\/\/www.stonecity.cz\/de\/"},{"@type":"ListItem","position":2,"name":"Shop","item":"https:\/\/www.stonecity.cz\/de\/shop\/"},{"@type":"ListItem","position":3,"name":"Unregelm\u00e4\u00dfiges Steinpflaster aus Porphyr CRAZY PAVING POR-XXXL &#8211; Reisen"}]},{"@type":"WebSite","@id":"https:\/\/www.stonecity.cz\/de\/#website","url":"https:\/\/www.stonecity.cz\/de\/","name":"Stonecity.cz","description":"Dla\u017eba, obklady, um\u011bl\u00fd i p\u0159\u00edrodn\u00ed k\u00e1men","potentialAction":[{"@type":"SearchAction","target":{"@type":"EntryPoint","urlTemplate":"https:\/\/www.stonecity.cz\/de\/?s={search_term_string}"},"query-input":{"@type":"PropertyValueSpecification","valueRequired":true,"valueName":"search_term_string"}}],"inLanguage":"de"}]}},"_links":{"self":[{"href":"https:\/\/www.stonecity.cz\/de\/wp-json\/wp\/v2\/product\/17877","targetHints":{"allow":["GET"]}}],"collection":[{"href":"https:\/\/www.stonecity.cz\/de\/wp-json\/wp\/v2\/product"}],"about":[{"href":"https:\/\/www.stonecity.cz\/de\/wp-json\/wp\/v2\/types\/product"}],"wp:featuredmedia":[{"embeddable":true,"href":"https:\/\/www.stonecity.cz\/de\/wp-json\/wp\/v2\/media\/19487"}],"wp:attachment":[{"href":"https:\/\/www.stonecity.cz\/de\/wp-json\/wp\/v2\/media?parent=17877"}],"wp:term":[{"taxonomy":"product_cat","embeddable":true,"href":"https:\/\/www.stonecity.cz\/de\/wp-json\/wp\/v2\/product_cat?post=17877"},{"taxonomy":"product_tag","embeddable":true,"href":"https:\/\/www.stonecity.cz\/de\/wp-json\/wp\/v2\/product_tag?post=17877"}],"curies":[{"name":"wp","href":"https:\/\/api.w.org\/{rel}","templated":true}]}}