{"id":17895,"date":"2024-05-20T09:19:59","date_gmt":"2024-05-20T07:19:59","guid":{"rendered":"https:\/\/www.stonecity.cz\/?post_type=product&#038;p=17895"},"modified":"2024-05-20T09:31:56","modified_gmt":"2024-05-20T07:31:56","slug":"verrucktes-pflaster-xxxl-por-xxxl-kopirovat","status":"publish","type":"product","link":"https:\/\/www.stonecity.cz\/de\/produkt\/verrucktes-pflaster-xxxl-por-xxxl-kopirovat\/","title":{"rendered":"KIESELSTEINCHEN &#8211; POR- PB"},"content":{"rendered":"<p>Porphyr &#8211; unregelm\u00e4\u00dfige Formen, nat\u00fcrliche Oberfl\u00e4che, gro\u00dfe Kieselsteine in verschiedenen Farben<br \/>\nDie Sch\u00f6nheit dieses Steins wird durch die nat\u00fcrliche Oberfl\u00e4che und die Farbmischung aus Grau und Violett hervorgehoben,<br \/>\ngrau-braun und violett-violett gef\u00e4rbt.<\/p>\n<p>Porphyr ist ein Eruptivgestein mit gro\u00dfen Kristallen &#8211; meist Feldspat oder Quarz.<br \/>\nDieser Stein eignet sich als Dekoration f\u00fcr den Garten, Steingarten oder Teich. Sie ist widerstandsf\u00e4hig.<\/p>\n<p>Abmessungen: 50-80cm<\/p>\n<p>1St\u00fcck ab 150kg<\/p>\n<p>Verwendung: um Schwimmb\u00e4der, Gehwege, Garten<\/p>\n<p>Preis pro St\u00fcck ab 290kg \/ abh\u00e4ngig vom Gewicht des gew\u00e4hlten Steins<\/p>\n<p><em><strong><a href=\"https:\/\/www.stonecity.cz\/wp-content\/uploads\/2020\/05\/Absorpce-vody.pdf\">Wasseraufnahme<\/a><\/strong><\/em><\/p>\n","protected":false},"excerpt":{"rendered":"<p>Porphyr &#8211; unregelm\u00e4\u00dfige Formen, nat\u00fcrliche Oberfl\u00e4che, gro\u00dfe Kieselsteine in verschiedenen Farben Die Sch\u00f6nheit dieses Steins wird durch die nat\u00fcrliche Oberfl\u00e4che und die Farbmischung aus Grau und Violett hervorgehoben, grau-braun und violett-violett gef\u00e4rbt. Porphyr ist ein Eruptivgestein mit gro\u00dfen Kristallen &#8211; meist Feldspat oder Quarz. Dieser Stein eignet sich als Dekoration f\u00fcr den Garten, Steingarten oder [&#8230;]\n","protected":false},"featured_media":17899,"template":"","meta":[],"product_cat":[1993,2045,2047],"product_tag":[1830,1833,1841,1840],"class_list":{"0":"post-17895","1":"product","2":"type-product","3":"status-publish","4":"has-post-thumbnail","6":"product_cat-dekorationen-aus-stein","7":"product_cat-kieselsteine","8":"product_cat-monolithen","9":"product_tag-fassadenverkleidung","10":"product_tag-fur-den-ausenbereich-geeignet","11":"product_tag-fur-den-garten-geeignet-de","12":"product_tag-geeignet-fur-die-terrasse","13":"pa_mj-ks-1-stuck","15":"first","16":"instock","17":"purchasable","18":"product-type-simple"},"yoast_head":"<!-- This site is optimized with the Yoast SEO plugin v26.8 - https:\/\/yoast.com\/product\/yoast-seo-wordpress\/ -->\n<title>KIESELSTEINCHEN - POR- PB - Stonecity.cz<\/title>\n<meta name=\"robots\" content=\"index, follow, max-snippet:-1, max-image-preview:large, max-video-preview:-1\" \/>\n<link rel=\"canonical\" href=\"https:\/\/www.stonecity.cz\/de\/produkt\/verrucktes-pflaster-xxxl-por-xxxl-kopirovat\/\" \/>\n<meta property=\"og:locale\" content=\"de_DE\" \/>\n<meta property=\"og:type\" content=\"article\" \/>\n<meta property=\"og:title\" content=\"KIESELSTEINCHEN - POR- PB - Stonecity.cz\" \/>\n<meta property=\"og:description\" content=\"Porphyr &#8211; unregelm\u00e4\u00dfige Formen, nat\u00fcrliche Oberfl\u00e4che, gro\u00dfe Kieselsteine in verschiedenen Farben Die Sch\u00f6nheit dieses Steins wird durch die nat\u00fcrliche Oberfl\u00e4che und die Farbmischung aus Grau und Violett hervorgehoben, grau-braun und violett-violett gef\u00e4rbt. Porphyr ist ein Eruptivgestein mit gro\u00dfen Kristallen &#8211; meist Feldspat oder Quarz. Dieser Stein eignet sich als Dekoration f\u00fcr den Garten, Steingarten oder [...]\" \/>\n<meta property=\"og:url\" content=\"https:\/\/www.stonecity.cz\/de\/produkt\/verrucktes-pflaster-xxxl-por-xxxl-kopirovat\/\" \/>\n<meta property=\"og:site_name\" content=\"Stonecity.cz\" \/>\n<meta property=\"article:modified_time\" content=\"2024-05-20T07:31:56+00:00\" \/>\n<meta property=\"og:image\" content=\"https:\/\/www.stonecity.cz\/wp-content\/uploads\/2024\/05\/Stone-City-monolit-Porfyr-5.jpg\" \/>\n\t<meta property=\"og:image:width\" content=\"768\" \/>\n\t<meta property=\"og:image:height\" content=\"1024\" \/>\n\t<meta property=\"og:image:type\" content=\"image\/jpeg\" \/>\n<meta name=\"twitter:card\" content=\"summary_large_image\" \/>\n<script type=\"application\/ld+json\" class=\"yoast-schema-graph\">{\"@context\":\"https:\/\/schema.org\",\"@graph\":[{\"@type\":\"WebPage\",\"@id\":\"https:\/\/www.stonecity.cz\/de\/produkt\/verrucktes-pflaster-xxxl-por-xxxl-kopirovat\/\",\"url\":\"https:\/\/www.stonecity.cz\/de\/produkt\/verrucktes-pflaster-xxxl-por-xxxl-kopirovat\/\",\"name\":\"KIESELSTEINCHEN - POR- PB - Stonecity.cz\",\"isPartOf\":{\"@id\":\"https:\/\/www.stonecity.cz\/de\/#website\"},\"primaryImageOfPage\":{\"@id\":\"https:\/\/www.stonecity.cz\/de\/produkt\/verrucktes-pflaster-xxxl-por-xxxl-kopirovat\/#primaryimage\"},\"image\":{\"@id\":\"https:\/\/www.stonecity.cz\/de\/produkt\/verrucktes-pflaster-xxxl-por-xxxl-kopirovat\/#primaryimage\"},\"thumbnailUrl\":\"https:\/\/www.stonecity.cz\/wp-content\/uploads\/2024\/05\/Stone-City-monolit-Porfyr-5.jpg\",\"datePublished\":\"2024-05-20T07:19:59+00:00\",\"dateModified\":\"2024-05-20T07:31:56+00:00\",\"breadcrumb\":{\"@id\":\"https:\/\/www.stonecity.cz\/de\/produkt\/verrucktes-pflaster-xxxl-por-xxxl-kopirovat\/#breadcrumb\"},\"inLanguage\":\"de\",\"potentialAction\":[{\"@type\":\"ReadAction\",\"target\":[\"https:\/\/www.stonecity.cz\/de\/produkt\/verrucktes-pflaster-xxxl-por-xxxl-kopirovat\/\"]}]},{\"@type\":\"ImageObject\",\"inLanguage\":\"de\",\"@id\":\"https:\/\/www.stonecity.cz\/de\/produkt\/verrucktes-pflaster-xxxl-por-xxxl-kopirovat\/#primaryimage\",\"url\":\"https:\/\/www.stonecity.cz\/wp-content\/uploads\/2024\/05\/Stone-City-monolit-Porfyr-5.jpg\",\"contentUrl\":\"https:\/\/www.stonecity.cz\/wp-content\/uploads\/2024\/05\/Stone-City-monolit-Porfyr-5.jpg\",\"width\":768,\"height\":1024},{\"@type\":\"BreadcrumbList\",\"@id\":\"https:\/\/www.stonecity.cz\/de\/produkt\/verrucktes-pflaster-xxxl-por-xxxl-kopirovat\/#breadcrumb\",\"itemListElement\":[{\"@type\":\"ListItem\",\"position\":1,\"name\":\"Dom\u016f\",\"item\":\"https:\/\/www.stonecity.cz\/de\/\"},{\"@type\":\"ListItem\",\"position\":2,\"name\":\"Shop\",\"item\":\"https:\/\/www.stonecity.cz\/de\/shop\/\"},{\"@type\":\"ListItem\",\"position\":3,\"name\":\"KIESELSTEINCHEN &#8211; POR- PB\"}]},{\"@type\":\"WebSite\",\"@id\":\"https:\/\/www.stonecity.cz\/de\/#website\",\"url\":\"https:\/\/www.stonecity.cz\/de\/\",\"name\":\"Stonecity.cz\",\"description\":\"Dla\u017eba, obklady, um\u011bl\u00fd i p\u0159\u00edrodn\u00ed k\u00e1men\",\"potentialAction\":[{\"@type\":\"SearchAction\",\"target\":{\"@type\":\"EntryPoint\",\"urlTemplate\":\"https:\/\/www.stonecity.cz\/de\/?s={search_term_string}\"},\"query-input\":{\"@type\":\"PropertyValueSpecification\",\"valueRequired\":true,\"valueName\":\"search_term_string\"}}],\"inLanguage\":\"de\"}]}<\/script>\n<!-- \/ Yoast SEO plugin. -->","yoast_head_json":{"title":"KIESELSTEINCHEN - POR- PB - Stonecity.cz","robots":{"index":"index","follow":"follow","max-snippet":"max-snippet:-1","max-image-preview":"max-image-preview:large","max-video-preview":"max-video-preview:-1"},"canonical":"https:\/\/www.stonecity.cz\/de\/produkt\/verrucktes-pflaster-xxxl-por-xxxl-kopirovat\/","og_locale":"de_DE","og_type":"article","og_title":"KIESELSTEINCHEN - POR- PB - Stonecity.cz","og_description":"Porphyr &#8211; unregelm\u00e4\u00dfige Formen, nat\u00fcrliche Oberfl\u00e4che, gro\u00dfe Kieselsteine in verschiedenen Farben Die Sch\u00f6nheit dieses Steins wird durch die nat\u00fcrliche Oberfl\u00e4che und die Farbmischung aus Grau und Violett hervorgehoben, grau-braun und violett-violett gef\u00e4rbt. Porphyr ist ein Eruptivgestein mit gro\u00dfen Kristallen &#8211; meist Feldspat oder Quarz. Dieser Stein eignet sich als Dekoration f\u00fcr den Garten, Steingarten oder [...]","og_url":"https:\/\/www.stonecity.cz\/de\/produkt\/verrucktes-pflaster-xxxl-por-xxxl-kopirovat\/","og_site_name":"Stonecity.cz","article_modified_time":"2024-05-20T07:31:56+00:00","og_image":[{"width":768,"height":1024,"url":"https:\/\/www.stonecity.cz\/wp-content\/uploads\/2024\/05\/Stone-City-monolit-Porfyr-5.jpg","type":"image\/jpeg"}],"twitter_card":"summary_large_image","schema":{"@context":"https:\/\/schema.org","@graph":[{"@type":"WebPage","@id":"https:\/\/www.stonecity.cz\/de\/produkt\/verrucktes-pflaster-xxxl-por-xxxl-kopirovat\/","url":"https:\/\/www.stonecity.cz\/de\/produkt\/verrucktes-pflaster-xxxl-por-xxxl-kopirovat\/","name":"KIESELSTEINCHEN - POR- PB - Stonecity.cz","isPartOf":{"@id":"https:\/\/www.stonecity.cz\/de\/#website"},"primaryImageOfPage":{"@id":"https:\/\/www.stonecity.cz\/de\/produkt\/verrucktes-pflaster-xxxl-por-xxxl-kopirovat\/#primaryimage"},"image":{"@id":"https:\/\/www.stonecity.cz\/de\/produkt\/verrucktes-pflaster-xxxl-por-xxxl-kopirovat\/#primaryimage"},"thumbnailUrl":"https:\/\/www.stonecity.cz\/wp-content\/uploads\/2024\/05\/Stone-City-monolit-Porfyr-5.jpg","datePublished":"2024-05-20T07:19:59+00:00","dateModified":"2024-05-20T07:31:56+00:00","breadcrumb":{"@id":"https:\/\/www.stonecity.cz\/de\/produkt\/verrucktes-pflaster-xxxl-por-xxxl-kopirovat\/#breadcrumb"},"inLanguage":"de","potentialAction":[{"@type":"ReadAction","target":["https:\/\/www.stonecity.cz\/de\/produkt\/verrucktes-pflaster-xxxl-por-xxxl-kopirovat\/"]}]},{"@type":"ImageObject","inLanguage":"de","@id":"https:\/\/www.stonecity.cz\/de\/produkt\/verrucktes-pflaster-xxxl-por-xxxl-kopirovat\/#primaryimage","url":"https:\/\/www.stonecity.cz\/wp-content\/uploads\/2024\/05\/Stone-City-monolit-Porfyr-5.jpg","contentUrl":"https:\/\/www.stonecity.cz\/wp-content\/uploads\/2024\/05\/Stone-City-monolit-Porfyr-5.jpg","width":768,"height":1024},{"@type":"BreadcrumbList","@id":"https:\/\/www.stonecity.cz\/de\/produkt\/verrucktes-pflaster-xxxl-por-xxxl-kopirovat\/#breadcrumb","itemListElement":[{"@type":"ListItem","position":1,"name":"Dom\u016f","item":"https:\/\/www.stonecity.cz\/de\/"},{"@type":"ListItem","position":2,"name":"Shop","item":"https:\/\/www.stonecity.cz\/de\/shop\/"},{"@type":"ListItem","position":3,"name":"KIESELSTEINCHEN &#8211; POR- PB"}]},{"@type":"WebSite","@id":"https:\/\/www.stonecity.cz\/de\/#website","url":"https:\/\/www.stonecity.cz\/de\/","name":"Stonecity.cz","description":"Dla\u017eba, obklady, um\u011bl\u00fd i p\u0159\u00edrodn\u00ed k\u00e1men","potentialAction":[{"@type":"SearchAction","target":{"@type":"EntryPoint","urlTemplate":"https:\/\/www.stonecity.cz\/de\/?s={search_term_string}"},"query-input":{"@type":"PropertyValueSpecification","valueRequired":true,"valueName":"search_term_string"}}],"inLanguage":"de"}]}},"_links":{"self":[{"href":"https:\/\/www.stonecity.cz\/de\/wp-json\/wp\/v2\/product\/17895","targetHints":{"allow":["GET"]}}],"collection":[{"href":"https:\/\/www.stonecity.cz\/de\/wp-json\/wp\/v2\/product"}],"about":[{"href":"https:\/\/www.stonecity.cz\/de\/wp-json\/wp\/v2\/types\/product"}],"wp:featuredmedia":[{"embeddable":true,"href":"https:\/\/www.stonecity.cz\/de\/wp-json\/wp\/v2\/media\/17899"}],"wp:attachment":[{"href":"https:\/\/www.stonecity.cz\/de\/wp-json\/wp\/v2\/media?parent=17895"}],"wp:term":[{"taxonomy":"product_cat","embeddable":true,"href":"https:\/\/www.stonecity.cz\/de\/wp-json\/wp\/v2\/product_cat?post=17895"},{"taxonomy":"product_tag","embeddable":true,"href":"https:\/\/www.stonecity.cz\/de\/wp-json\/wp\/v2\/product_tag?post=17895"}],"curies":[{"name":"wp","href":"https:\/\/api.w.org\/{rel}","templated":true}]}}