{"id":17988,"date":"2024-06-14T14:48:41","date_gmt":"2024-06-14T12:48:41","guid":{"rendered":"https:\/\/www.stonecity.cz\/?post_type=product&#038;p=17988"},"modified":"2024-06-14T14:59:16","modified_gmt":"2024-06-14T12:59:16","slug":"japanisches-gepack-gros-jp-02-l","status":"publish","type":"product","link":"https:\/\/www.stonecity.cz\/de\/produkt\/japanisches-gepack-gros-jp-02-l\/","title":{"rendered":"Japanische Pagode JP-02-L"},"content":{"rendered":"<p>Ein dekorativer Stein, der nicht nur Ihren Garten versch\u00f6nern wird.<\/p>\n<p>Die gro\u00dfe japanische Pagode ist aus sechs separaten Elementen zusammengesetzt, die in der Mitte mit einem Gelierstab (nicht im Lieferumfang enthalten) verbunden werden k\u00f6nnen. Die Eisenstange ist im Boden verankert. Die Pagode kann mit einem Kerzen-\/Eisband beleuchtet werden und schafft in jedem Garten einen angenehmen Ort zum Entspannen.<\/p>\n<p>F\u00fcr den Au\u00dfen- und Innenbereich geeignet.<\/p>\n","protected":false},"excerpt":{"rendered":"<p>Ein dekorativer Stein, der nicht nur Ihren Garten versch\u00f6nern wird. Die gro\u00dfe japanische Pagode ist aus sechs separaten Elementen zusammengesetzt, die in der Mitte mit einem Gelierstab (nicht im Lieferumfang enthalten) verbunden werden k\u00f6nnen. Die Eisenstange ist im Boden verankert. Die Pagode kann mit einem Kerzen-\/Eisband beleuchtet werden und schafft in jedem Garten einen angenehmen [&#8230;]\n","protected":false},"featured_media":17991,"template":"","meta":[],"product_cat":[1993],"product_tag":[1833,1839,1840,1834],"class_list":{"0":"post-17988","1":"product","2":"type-product","3":"status-publish","4":"has-post-thumbnail","6":"product_cat-dekorationen-aus-stein","7":"product_tag-fur-den-ausenbereich-geeignet","8":"product_tag-fur-den-garten-geeignet","9":"product_tag-geeignet-fur-die-terrasse","10":"product_tag-geeignet-fur-innenraume","12":"first","13":"instock","14":"taxable","15":"shipping-taxable","16":"purchasable","17":"product-type-simple"},"yoast_head":"<!-- This site is optimized with the Yoast SEO plugin v26.8 - https:\/\/yoast.com\/product\/yoast-seo-wordpress\/ -->\n<title>Japanische Pagode JP-02-L - Stonecity.cz<\/title>\n<meta name=\"robots\" content=\"index, follow, max-snippet:-1, max-image-preview:large, max-video-preview:-1\" \/>\n<link rel=\"canonical\" href=\"https:\/\/www.stonecity.cz\/de\/produkt\/japanisches-gepack-gros-jp-02-l\/\" \/>\n<meta property=\"og:locale\" content=\"de_DE\" \/>\n<meta property=\"og:type\" content=\"article\" \/>\n<meta property=\"og:title\" content=\"Japanische Pagode JP-02-L - Stonecity.cz\" \/>\n<meta property=\"og:description\" content=\"Ein dekorativer Stein, der nicht nur Ihren Garten versch\u00f6nern wird. Die gro\u00dfe japanische Pagode ist aus sechs separaten Elementen zusammengesetzt, die in der Mitte mit einem Gelierstab (nicht im Lieferumfang enthalten) verbunden werden k\u00f6nnen. Die Eisenstange ist im Boden verankert. Die Pagode kann mit einem Kerzen-\/Eisband beleuchtet werden und schafft in jedem Garten einen angenehmen [...]\" \/>\n<meta property=\"og:url\" content=\"https:\/\/www.stonecity.cz\/de\/produkt\/japanisches-gepack-gros-jp-02-l\/\" \/>\n<meta property=\"og:site_name\" content=\"Stonecity.cz\" \/>\n<meta property=\"article:modified_time\" content=\"2024-06-14T12:59:16+00:00\" \/>\n<meta property=\"og:image\" content=\"https:\/\/www.stonecity.cz\/wp-content\/uploads\/2024\/06\/pagoda-velka.jpg\" \/>\n\t<meta property=\"og:image:width\" content=\"1512\" \/>\n\t<meta property=\"og:image:height\" content=\"2016\" \/>\n\t<meta property=\"og:image:type\" content=\"image\/jpeg\" \/>\n<meta name=\"twitter:card\" content=\"summary_large_image\" \/>\n<script type=\"application\/ld+json\" class=\"yoast-schema-graph\">{\"@context\":\"https:\/\/schema.org\",\"@graph\":[{\"@type\":\"WebPage\",\"@id\":\"https:\/\/www.stonecity.cz\/de\/produkt\/japanisches-gepack-gros-jp-02-l\/\",\"url\":\"https:\/\/www.stonecity.cz\/de\/produkt\/japanisches-gepack-gros-jp-02-l\/\",\"name\":\"Japanische Pagode JP-02-L - Stonecity.cz\",\"isPartOf\":{\"@id\":\"https:\/\/www.stonecity.cz\/de\/#website\"},\"primaryImageOfPage\":{\"@id\":\"https:\/\/www.stonecity.cz\/de\/produkt\/japanisches-gepack-gros-jp-02-l\/#primaryimage\"},\"image\":{\"@id\":\"https:\/\/www.stonecity.cz\/de\/produkt\/japanisches-gepack-gros-jp-02-l\/#primaryimage\"},\"thumbnailUrl\":\"https:\/\/www.stonecity.cz\/wp-content\/uploads\/2024\/06\/pagoda-velka.jpg\",\"datePublished\":\"2024-06-14T12:48:41+00:00\",\"dateModified\":\"2024-06-14T12:59:16+00:00\",\"breadcrumb\":{\"@id\":\"https:\/\/www.stonecity.cz\/de\/produkt\/japanisches-gepack-gros-jp-02-l\/#breadcrumb\"},\"inLanguage\":\"de\",\"potentialAction\":[{\"@type\":\"ReadAction\",\"target\":[\"https:\/\/www.stonecity.cz\/de\/produkt\/japanisches-gepack-gros-jp-02-l\/\"]}]},{\"@type\":\"ImageObject\",\"inLanguage\":\"de\",\"@id\":\"https:\/\/www.stonecity.cz\/de\/produkt\/japanisches-gepack-gros-jp-02-l\/#primaryimage\",\"url\":\"https:\/\/www.stonecity.cz\/wp-content\/uploads\/2024\/06\/pagoda-velka.jpg\",\"contentUrl\":\"https:\/\/www.stonecity.cz\/wp-content\/uploads\/2024\/06\/pagoda-velka.jpg\",\"width\":1512,\"height\":2016},{\"@type\":\"BreadcrumbList\",\"@id\":\"https:\/\/www.stonecity.cz\/de\/produkt\/japanisches-gepack-gros-jp-02-l\/#breadcrumb\",\"itemListElement\":[{\"@type\":\"ListItem\",\"position\":1,\"name\":\"Dom\u016f\",\"item\":\"https:\/\/www.stonecity.cz\/de\/\"},{\"@type\":\"ListItem\",\"position\":2,\"name\":\"Shop\",\"item\":\"https:\/\/www.stonecity.cz\/de\/shop\/\"},{\"@type\":\"ListItem\",\"position\":3,\"name\":\"Japanische Pagode JP-02-L\"}]},{\"@type\":\"WebSite\",\"@id\":\"https:\/\/www.stonecity.cz\/de\/#website\",\"url\":\"https:\/\/www.stonecity.cz\/de\/\",\"name\":\"Stonecity.cz\",\"description\":\"Dla\u017eba, obklady, um\u011bl\u00fd i p\u0159\u00edrodn\u00ed k\u00e1men\",\"potentialAction\":[{\"@type\":\"SearchAction\",\"target\":{\"@type\":\"EntryPoint\",\"urlTemplate\":\"https:\/\/www.stonecity.cz\/de\/?s={search_term_string}\"},\"query-input\":{\"@type\":\"PropertyValueSpecification\",\"valueRequired\":true,\"valueName\":\"search_term_string\"}}],\"inLanguage\":\"de\"}]}<\/script>\n<!-- \/ Yoast SEO plugin. -->","yoast_head_json":{"title":"Japanische Pagode JP-02-L - Stonecity.cz","robots":{"index":"index","follow":"follow","max-snippet":"max-snippet:-1","max-image-preview":"max-image-preview:large","max-video-preview":"max-video-preview:-1"},"canonical":"https:\/\/www.stonecity.cz\/de\/produkt\/japanisches-gepack-gros-jp-02-l\/","og_locale":"de_DE","og_type":"article","og_title":"Japanische Pagode JP-02-L - Stonecity.cz","og_description":"Ein dekorativer Stein, der nicht nur Ihren Garten versch\u00f6nern wird. Die gro\u00dfe japanische Pagode ist aus sechs separaten Elementen zusammengesetzt, die in der Mitte mit einem Gelierstab (nicht im Lieferumfang enthalten) verbunden werden k\u00f6nnen. Die Eisenstange ist im Boden verankert. Die Pagode kann mit einem Kerzen-\/Eisband beleuchtet werden und schafft in jedem Garten einen angenehmen [...]","og_url":"https:\/\/www.stonecity.cz\/de\/produkt\/japanisches-gepack-gros-jp-02-l\/","og_site_name":"Stonecity.cz","article_modified_time":"2024-06-14T12:59:16+00:00","og_image":[{"width":1512,"height":2016,"url":"https:\/\/www.stonecity.cz\/wp-content\/uploads\/2024\/06\/pagoda-velka.jpg","type":"image\/jpeg"}],"twitter_card":"summary_large_image","schema":{"@context":"https:\/\/schema.org","@graph":[{"@type":"WebPage","@id":"https:\/\/www.stonecity.cz\/de\/produkt\/japanisches-gepack-gros-jp-02-l\/","url":"https:\/\/www.stonecity.cz\/de\/produkt\/japanisches-gepack-gros-jp-02-l\/","name":"Japanische Pagode JP-02-L - Stonecity.cz","isPartOf":{"@id":"https:\/\/www.stonecity.cz\/de\/#website"},"primaryImageOfPage":{"@id":"https:\/\/www.stonecity.cz\/de\/produkt\/japanisches-gepack-gros-jp-02-l\/#primaryimage"},"image":{"@id":"https:\/\/www.stonecity.cz\/de\/produkt\/japanisches-gepack-gros-jp-02-l\/#primaryimage"},"thumbnailUrl":"https:\/\/www.stonecity.cz\/wp-content\/uploads\/2024\/06\/pagoda-velka.jpg","datePublished":"2024-06-14T12:48:41+00:00","dateModified":"2024-06-14T12:59:16+00:00","breadcrumb":{"@id":"https:\/\/www.stonecity.cz\/de\/produkt\/japanisches-gepack-gros-jp-02-l\/#breadcrumb"},"inLanguage":"de","potentialAction":[{"@type":"ReadAction","target":["https:\/\/www.stonecity.cz\/de\/produkt\/japanisches-gepack-gros-jp-02-l\/"]}]},{"@type":"ImageObject","inLanguage":"de","@id":"https:\/\/www.stonecity.cz\/de\/produkt\/japanisches-gepack-gros-jp-02-l\/#primaryimage","url":"https:\/\/www.stonecity.cz\/wp-content\/uploads\/2024\/06\/pagoda-velka.jpg","contentUrl":"https:\/\/www.stonecity.cz\/wp-content\/uploads\/2024\/06\/pagoda-velka.jpg","width":1512,"height":2016},{"@type":"BreadcrumbList","@id":"https:\/\/www.stonecity.cz\/de\/produkt\/japanisches-gepack-gros-jp-02-l\/#breadcrumb","itemListElement":[{"@type":"ListItem","position":1,"name":"Dom\u016f","item":"https:\/\/www.stonecity.cz\/de\/"},{"@type":"ListItem","position":2,"name":"Shop","item":"https:\/\/www.stonecity.cz\/de\/shop\/"},{"@type":"ListItem","position":3,"name":"Japanische Pagode JP-02-L"}]},{"@type":"WebSite","@id":"https:\/\/www.stonecity.cz\/de\/#website","url":"https:\/\/www.stonecity.cz\/de\/","name":"Stonecity.cz","description":"Dla\u017eba, obklady, um\u011bl\u00fd i p\u0159\u00edrodn\u00ed k\u00e1men","potentialAction":[{"@type":"SearchAction","target":{"@type":"EntryPoint","urlTemplate":"https:\/\/www.stonecity.cz\/de\/?s={search_term_string}"},"query-input":{"@type":"PropertyValueSpecification","valueRequired":true,"valueName":"search_term_string"}}],"inLanguage":"de"}]}},"_links":{"self":[{"href":"https:\/\/www.stonecity.cz\/de\/wp-json\/wp\/v2\/product\/17988","targetHints":{"allow":["GET"]}}],"collection":[{"href":"https:\/\/www.stonecity.cz\/de\/wp-json\/wp\/v2\/product"}],"about":[{"href":"https:\/\/www.stonecity.cz\/de\/wp-json\/wp\/v2\/types\/product"}],"wp:featuredmedia":[{"embeddable":true,"href":"https:\/\/www.stonecity.cz\/de\/wp-json\/wp\/v2\/media\/17991"}],"wp:attachment":[{"href":"https:\/\/www.stonecity.cz\/de\/wp-json\/wp\/v2\/media?parent=17988"}],"wp:term":[{"taxonomy":"product_cat","embeddable":true,"href":"https:\/\/www.stonecity.cz\/de\/wp-json\/wp\/v2\/product_cat?post=17988"},{"taxonomy":"product_tag","embeddable":true,"href":"https:\/\/www.stonecity.cz\/de\/wp-json\/wp\/v2\/product_tag?post=17988"}],"curies":[{"name":"wp","href":"https:\/\/api.w.org\/{rel}","templated":true}]}}