{"id":18151,"date":"2024-08-09T13:53:16","date_gmt":"2024-08-09T11:53:16","guid":{"rendered":"https:\/\/www.stonecity.cz\/?post_type=product&#038;p=18151"},"modified":"2024-08-09T14:11:10","modified_gmt":"2024-08-09T12:11:10","slug":"steinlager-schweiss-dl-01","status":"publish","type":"product","link":"https:\/\/www.stonecity.cz\/de\/produkt\/steinlager-schweiss-dl-01\/","title":{"rendered":"Liegestuhl aus Schweizer Stein &#8211; DL-01"},"content":{"rendered":"<p>Die Design-Steinbank wird jeden Entspannungsbereich in Ihrem Garten oder Wellnessbereich aufwerten. Mit dem sch\u00f6nen Steintisch (Peggles\/ Eggs Swiss large DS-10-L) schafft er den idealen Ort f\u00fcr Ihre Entspannung. Die Bank ist aus Naturstein gefertigt.  <\/p>\n<blockquote class=\"wp-embedded-content\" data-secret=\"0DbkGTCMBM\"><p><a href=\"https:\/\/www.stonecity.cz\/produkt\/peggles-eggs-swiss-velky-ds-10-l\/\">Peggles\/ Eggs Swiss velk\u00fd DS-10-L<\/a><\/p><\/blockquote>\n<p><iframe loading=\"lazy\" class=\"wp-embedded-content\" sandbox=\"allow-scripts\" security=\"restricted\" style=\"position: absolute; clip: rect(1px, 1px, 1px, 1px);\" title=\"&#8222;Peggles\/ Eggs Swiss velk\u00fd DS-10-L&#8220; &#8212; Stonecity.cz\" src=\"https:\/\/www.stonecity.cz\/produkt\/peggles-eggs-swiss-velky-ds-10-l\/embed\/#?secret=mTR6iHOJ6u#?secret=0DbkGTCMBM\" data-secret=\"0DbkGTCMBM\" width=\"600\" height=\"338\" frameborder=\"0\" marginwidth=\"0\" marginheight=\"0\" scrolling=\"no\"><\/iframe><\/p>\n<p>&nbsp;<\/p>\n<p>&nbsp;<\/p>\n<p>&nbsp;<\/p>\n","protected":false},"excerpt":{"rendered":"<p>Die Design-Steinbank wird jeden Entspannungsbereich in Ihrem Garten oder Wellnessbereich aufwerten. Mit dem sch\u00f6nen Steintisch (Peggles\/ Eggs Swiss large DS-10-L) schafft er den idealen Ort f\u00fcr Ihre Entspannung. Die Bank ist aus Naturstein gefertigt. &nbsp; &nbsp; &nbsp;<\/p>\n","protected":false},"featured_media":18157,"template":"","meta":[],"product_cat":[1993],"product_tag":[],"class_list":{"0":"post-18151","1":"product","2":"type-product","3":"status-publish","4":"has-post-thumbnail","6":"product_cat-dekorationen-aus-stein","7":"pa_hmotnost-v-kg-za-1-mj-180-de","9":"first","10":"instock","11":"taxable","12":"shipping-taxable","13":"purchasable","14":"product-type-simple"},"yoast_head":"<!-- This site is optimized with the Yoast SEO plugin v26.8 - https:\/\/yoast.com\/product\/yoast-seo-wordpress\/ -->\n<title>Liegestuhl aus Schweizer Stein - DL-01 - Stonecity.cz<\/title>\n<meta name=\"robots\" content=\"index, follow, max-snippet:-1, max-image-preview:large, max-video-preview:-1\" \/>\n<link rel=\"canonical\" href=\"https:\/\/www.stonecity.cz\/de\/produkt\/steinlager-schweiss-dl-01\/\" \/>\n<meta property=\"og:locale\" content=\"de_DE\" \/>\n<meta property=\"og:type\" content=\"article\" \/>\n<meta property=\"og:title\" content=\"Liegestuhl aus Schweizer Stein - DL-01 - Stonecity.cz\" \/>\n<meta property=\"og:description\" content=\"Die Design-Steinbank wird jeden Entspannungsbereich in Ihrem Garten oder Wellnessbereich aufwerten. Mit dem sch\u00f6nen Steintisch (Peggles\/ Eggs Swiss large DS-10-L) schafft er den idealen Ort f\u00fcr Ihre Entspannung. Die Bank ist aus Naturstein gefertigt. &nbsp; &nbsp; &nbsp;\" \/>\n<meta property=\"og:url\" content=\"https:\/\/www.stonecity.cz\/de\/produkt\/steinlager-schweiss-dl-01\/\" \/>\n<meta property=\"og:site_name\" content=\"Stonecity.cz\" \/>\n<meta property=\"article:modified_time\" content=\"2024-08-09T12:11:10+00:00\" \/>\n<meta property=\"og:image\" content=\"https:\/\/www.stonecity.cz\/wp-content\/uploads\/2024\/08\/kamenna-lehatka-III.jpg\" \/>\n\t<meta property=\"og:image:width\" content=\"2016\" \/>\n\t<meta property=\"og:image:height\" content=\"1512\" \/>\n\t<meta property=\"og:image:type\" content=\"image\/jpeg\" \/>\n<meta name=\"twitter:card\" content=\"summary_large_image\" \/>\n<script type=\"application\/ld+json\" class=\"yoast-schema-graph\">{\"@context\":\"https:\/\/schema.org\",\"@graph\":[{\"@type\":\"WebPage\",\"@id\":\"https:\/\/www.stonecity.cz\/de\/produkt\/steinlager-schweiss-dl-01\/\",\"url\":\"https:\/\/www.stonecity.cz\/de\/produkt\/steinlager-schweiss-dl-01\/\",\"name\":\"Liegestuhl aus Schweizer Stein - DL-01 - Stonecity.cz\",\"isPartOf\":{\"@id\":\"https:\/\/www.stonecity.cz\/de\/#website\"},\"primaryImageOfPage\":{\"@id\":\"https:\/\/www.stonecity.cz\/de\/produkt\/steinlager-schweiss-dl-01\/#primaryimage\"},\"image\":{\"@id\":\"https:\/\/www.stonecity.cz\/de\/produkt\/steinlager-schweiss-dl-01\/#primaryimage\"},\"thumbnailUrl\":\"https:\/\/www.stonecity.cz\/wp-content\/uploads\/2024\/08\/kamenna-lehatka-III.jpg\",\"datePublished\":\"2024-08-09T11:53:16+00:00\",\"dateModified\":\"2024-08-09T12:11:10+00:00\",\"breadcrumb\":{\"@id\":\"https:\/\/www.stonecity.cz\/de\/produkt\/steinlager-schweiss-dl-01\/#breadcrumb\"},\"inLanguage\":\"de\",\"potentialAction\":[{\"@type\":\"ReadAction\",\"target\":[\"https:\/\/www.stonecity.cz\/de\/produkt\/steinlager-schweiss-dl-01\/\"]}]},{\"@type\":\"ImageObject\",\"inLanguage\":\"de\",\"@id\":\"https:\/\/www.stonecity.cz\/de\/produkt\/steinlager-schweiss-dl-01\/#primaryimage\",\"url\":\"https:\/\/www.stonecity.cz\/wp-content\/uploads\/2024\/08\/kamenna-lehatka-III.jpg\",\"contentUrl\":\"https:\/\/www.stonecity.cz\/wp-content\/uploads\/2024\/08\/kamenna-lehatka-III.jpg\",\"width\":2016,\"height\":1512},{\"@type\":\"BreadcrumbList\",\"@id\":\"https:\/\/www.stonecity.cz\/de\/produkt\/steinlager-schweiss-dl-01\/#breadcrumb\",\"itemListElement\":[{\"@type\":\"ListItem\",\"position\":1,\"name\":\"Dom\u016f\",\"item\":\"https:\/\/www.stonecity.cz\/de\/\"},{\"@type\":\"ListItem\",\"position\":2,\"name\":\"Shop\",\"item\":\"https:\/\/www.stonecity.cz\/de\/shop\/\"},{\"@type\":\"ListItem\",\"position\":3,\"name\":\"Liegestuhl aus Schweizer Stein &#8211; DL-01\"}]},{\"@type\":\"WebSite\",\"@id\":\"https:\/\/www.stonecity.cz\/de\/#website\",\"url\":\"https:\/\/www.stonecity.cz\/de\/\",\"name\":\"Stonecity.cz\",\"description\":\"Dla\u017eba, obklady, um\u011bl\u00fd i p\u0159\u00edrodn\u00ed k\u00e1men\",\"potentialAction\":[{\"@type\":\"SearchAction\",\"target\":{\"@type\":\"EntryPoint\",\"urlTemplate\":\"https:\/\/www.stonecity.cz\/de\/?s={search_term_string}\"},\"query-input\":{\"@type\":\"PropertyValueSpecification\",\"valueRequired\":true,\"valueName\":\"search_term_string\"}}],\"inLanguage\":\"de\"}]}<\/script>\n<!-- \/ Yoast SEO plugin. -->","yoast_head_json":{"title":"Liegestuhl aus Schweizer Stein - DL-01 - Stonecity.cz","robots":{"index":"index","follow":"follow","max-snippet":"max-snippet:-1","max-image-preview":"max-image-preview:large","max-video-preview":"max-video-preview:-1"},"canonical":"https:\/\/www.stonecity.cz\/de\/produkt\/steinlager-schweiss-dl-01\/","og_locale":"de_DE","og_type":"article","og_title":"Liegestuhl aus Schweizer Stein - DL-01 - Stonecity.cz","og_description":"Die Design-Steinbank wird jeden Entspannungsbereich in Ihrem Garten oder Wellnessbereich aufwerten. Mit dem sch\u00f6nen Steintisch (Peggles\/ Eggs Swiss large DS-10-L) schafft er den idealen Ort f\u00fcr Ihre Entspannung. Die Bank ist aus Naturstein gefertigt. &nbsp; &nbsp; &nbsp;","og_url":"https:\/\/www.stonecity.cz\/de\/produkt\/steinlager-schweiss-dl-01\/","og_site_name":"Stonecity.cz","article_modified_time":"2024-08-09T12:11:10+00:00","og_image":[{"width":2016,"height":1512,"url":"https:\/\/www.stonecity.cz\/wp-content\/uploads\/2024\/08\/kamenna-lehatka-III.jpg","type":"image\/jpeg"}],"twitter_card":"summary_large_image","schema":{"@context":"https:\/\/schema.org","@graph":[{"@type":"WebPage","@id":"https:\/\/www.stonecity.cz\/de\/produkt\/steinlager-schweiss-dl-01\/","url":"https:\/\/www.stonecity.cz\/de\/produkt\/steinlager-schweiss-dl-01\/","name":"Liegestuhl aus Schweizer Stein - DL-01 - Stonecity.cz","isPartOf":{"@id":"https:\/\/www.stonecity.cz\/de\/#website"},"primaryImageOfPage":{"@id":"https:\/\/www.stonecity.cz\/de\/produkt\/steinlager-schweiss-dl-01\/#primaryimage"},"image":{"@id":"https:\/\/www.stonecity.cz\/de\/produkt\/steinlager-schweiss-dl-01\/#primaryimage"},"thumbnailUrl":"https:\/\/www.stonecity.cz\/wp-content\/uploads\/2024\/08\/kamenna-lehatka-III.jpg","datePublished":"2024-08-09T11:53:16+00:00","dateModified":"2024-08-09T12:11:10+00:00","breadcrumb":{"@id":"https:\/\/www.stonecity.cz\/de\/produkt\/steinlager-schweiss-dl-01\/#breadcrumb"},"inLanguage":"de","potentialAction":[{"@type":"ReadAction","target":["https:\/\/www.stonecity.cz\/de\/produkt\/steinlager-schweiss-dl-01\/"]}]},{"@type":"ImageObject","inLanguage":"de","@id":"https:\/\/www.stonecity.cz\/de\/produkt\/steinlager-schweiss-dl-01\/#primaryimage","url":"https:\/\/www.stonecity.cz\/wp-content\/uploads\/2024\/08\/kamenna-lehatka-III.jpg","contentUrl":"https:\/\/www.stonecity.cz\/wp-content\/uploads\/2024\/08\/kamenna-lehatka-III.jpg","width":2016,"height":1512},{"@type":"BreadcrumbList","@id":"https:\/\/www.stonecity.cz\/de\/produkt\/steinlager-schweiss-dl-01\/#breadcrumb","itemListElement":[{"@type":"ListItem","position":1,"name":"Dom\u016f","item":"https:\/\/www.stonecity.cz\/de\/"},{"@type":"ListItem","position":2,"name":"Shop","item":"https:\/\/www.stonecity.cz\/de\/shop\/"},{"@type":"ListItem","position":3,"name":"Liegestuhl aus Schweizer Stein &#8211; DL-01"}]},{"@type":"WebSite","@id":"https:\/\/www.stonecity.cz\/de\/#website","url":"https:\/\/www.stonecity.cz\/de\/","name":"Stonecity.cz","description":"Dla\u017eba, obklady, um\u011bl\u00fd i p\u0159\u00edrodn\u00ed k\u00e1men","potentialAction":[{"@type":"SearchAction","target":{"@type":"EntryPoint","urlTemplate":"https:\/\/www.stonecity.cz\/de\/?s={search_term_string}"},"query-input":{"@type":"PropertyValueSpecification","valueRequired":true,"valueName":"search_term_string"}}],"inLanguage":"de"}]}},"_links":{"self":[{"href":"https:\/\/www.stonecity.cz\/de\/wp-json\/wp\/v2\/product\/18151","targetHints":{"allow":["GET"]}}],"collection":[{"href":"https:\/\/www.stonecity.cz\/de\/wp-json\/wp\/v2\/product"}],"about":[{"href":"https:\/\/www.stonecity.cz\/de\/wp-json\/wp\/v2\/types\/product"}],"wp:featuredmedia":[{"embeddable":true,"href":"https:\/\/www.stonecity.cz\/de\/wp-json\/wp\/v2\/media\/18157"}],"wp:attachment":[{"href":"https:\/\/www.stonecity.cz\/de\/wp-json\/wp\/v2\/media?parent=18151"}],"wp:term":[{"taxonomy":"product_cat","embeddable":true,"href":"https:\/\/www.stonecity.cz\/de\/wp-json\/wp\/v2\/product_cat?post=18151"},{"taxonomy":"product_tag","embeddable":true,"href":"https:\/\/www.stonecity.cz\/de\/wp-json\/wp\/v2\/product_tag?post=18151"}],"curies":[{"name":"wp","href":"https:\/\/api.w.org\/{rel}","templated":true}]}}