{"id":18166,"date":"2024-08-09T14:24:57","date_gmt":"2024-08-09T12:24:57","guid":{"rendered":"https:\/\/www.stonecity.cz\/?post_type=product&#038;p=18166"},"modified":"2025-03-07T11:08:48","modified_gmt":"2025-03-07T10:08:48","slug":"piskovcova-dlazba-verladen-ratgeber","status":"publish","type":"product","link":"https:\/\/www.stonecity.cz\/de\/produkt\/piskovcova-dlazba-verladen-ratgeber\/","title":{"rendered":"Stein rustikale Sandsteinpflaster\/Fliesen DORADA (PI-11,12,13)"},"content":{"rendered":"<p>Exklusive DORADA Sandsteinfliese mit dezentem Muster und feiner Farbglut.<\/p>\n<p>Kanten geschnitten, Oberfl\u00e4che geschnitten. Wir k\u00f6nnen eine Fliesenoberfl\u00e4che liefern &#8211; rau &#8211; geh\u00e4mmert \/ gestockt<\/p>\n<p>Au\u00dfen- und Innenbereich, widerstandsf\u00e4hig<\/p>\n<p>Erh\u00e4ltlich in drei Gr\u00f6\u00dfen.<\/p>\n<p>&nbsp;<\/p>\n","protected":false},"excerpt":{"rendered":"<p>Exklusive DORADA Sandsteinfliese mit dezentem Muster und feiner Farbglut. Kanten geschnitten, Oberfl\u00e4che geschnitten. Wir k\u00f6nnen eine Fliesenoberfl\u00e4che liefern &#8211; rau &#8211; geh\u00e4mmert \/ gestockt Au\u00dfen- und Innenbereich, widerstandsf\u00e4hig Erh\u00e4ltlich in drei Gr\u00f6\u00dfen. &nbsp;<\/p>\n","protected":false},"featured_media":18184,"template":"","meta":[],"product_cat":[3268,2041,2033,2055,1917,1923,1949],"product_tag":[1833,1841,1840],"class_list":{"0":"post-18166","1":"product","2":"type-product","3":"status-publish","4":"has-post-thumbnail","6":"product_cat-historische-und-rustikale-burgersteige","7":"product_cat-verblendsteine","8":"product_cat-naturstein-de","9":"product_cat-sandstein-de","10":"product_cat-pflaster","11":"product_cat-naturstein","12":"product_cat-sandstein","13":"product_tag-fur-den-ausenbereich-geeignet","14":"product_tag-fur-den-garten-geeignet-de","15":"product_tag-geeignet-fur-die-terrasse","16":"pa_baleni-kiste-ca-33-35-m2","17":"pa_sirka-37cm-de","18":"pa_tloustka-2cm-de","19":"pa_tloustka-3cm-de","21":"first","22":"instock","23":"purchasable","24":"product-type-variable"},"yoast_head":"<!-- This site is optimized with the Yoast SEO plugin v26.8 - https:\/\/yoast.com\/product\/yoast-seo-wordpress\/ -->\n<title>Stein rustikale Sandsteinpflaster\/Fliesen DORADA (PI-11,12,13) - Stonecity.cz<\/title>\n<meta name=\"robots\" content=\"index, follow, max-snippet:-1, max-image-preview:large, max-video-preview:-1\" \/>\n<link rel=\"canonical\" href=\"https:\/\/www.stonecity.cz\/de\/produkt\/piskovcova-dlazba-verladen-ratgeber\/\" \/>\n<meta property=\"og:locale\" content=\"de_DE\" \/>\n<meta property=\"og:type\" content=\"article\" \/>\n<meta property=\"og:title\" content=\"Stein rustikale Sandsteinpflaster\/Fliesen DORADA (PI-11,12,13) - Stonecity.cz\" \/>\n<meta property=\"og:description\" content=\"Exklusive DORADA Sandsteinfliese mit dezentem Muster und feiner Farbglut. Kanten geschnitten, Oberfl\u00e4che geschnitten. Wir k\u00f6nnen eine Fliesenoberfl\u00e4che liefern &#8211; rau &#8211; geh\u00e4mmert \/ gestockt Au\u00dfen- und Innenbereich, widerstandsf\u00e4hig Erh\u00e4ltlich in drei Gr\u00f6\u00dfen. &nbsp;\" \/>\n<meta property=\"og:url\" content=\"https:\/\/www.stonecity.cz\/de\/produkt\/piskovcova-dlazba-verladen-ratgeber\/\" \/>\n<meta property=\"og:site_name\" content=\"Stonecity.cz\" \/>\n<meta property=\"article:modified_time\" content=\"2025-03-07T10:08:48+00:00\" \/>\n<meta property=\"og:image\" content=\"https:\/\/www.stonecity.cz\/wp-content\/uploads\/2024\/08\/Dorada-de-los-Pinares-building-scaled.jpg\" \/>\n\t<meta property=\"og:image:width\" content=\"2560\" \/>\n\t<meta property=\"og:image:height\" content=\"1707\" \/>\n\t<meta property=\"og:image:type\" content=\"image\/jpeg\" \/>\n<meta name=\"twitter:card\" content=\"summary_large_image\" \/>\n<script type=\"application\/ld+json\" class=\"yoast-schema-graph\">{\"@context\":\"https:\/\/schema.org\",\"@graph\":[{\"@type\":\"WebPage\",\"@id\":\"https:\/\/www.stonecity.cz\/de\/produkt\/piskovcova-dlazba-verladen-ratgeber\/\",\"url\":\"https:\/\/www.stonecity.cz\/de\/produkt\/piskovcova-dlazba-verladen-ratgeber\/\",\"name\":\"Stein rustikale Sandsteinpflaster\/Fliesen DORADA (PI-11,12,13) - Stonecity.cz\",\"isPartOf\":{\"@id\":\"https:\/\/www.stonecity.cz\/de\/#website\"},\"primaryImageOfPage\":{\"@id\":\"https:\/\/www.stonecity.cz\/de\/produkt\/piskovcova-dlazba-verladen-ratgeber\/#primaryimage\"},\"image\":{\"@id\":\"https:\/\/www.stonecity.cz\/de\/produkt\/piskovcova-dlazba-verladen-ratgeber\/#primaryimage\"},\"thumbnailUrl\":\"https:\/\/www.stonecity.cz\/wp-content\/uploads\/2024\/08\/Dorada-de-los-Pinares-building-scaled.jpg\",\"datePublished\":\"2024-08-09T12:24:57+00:00\",\"dateModified\":\"2025-03-07T10:08:48+00:00\",\"breadcrumb\":{\"@id\":\"https:\/\/www.stonecity.cz\/de\/produkt\/piskovcova-dlazba-verladen-ratgeber\/#breadcrumb\"},\"inLanguage\":\"de\",\"potentialAction\":[{\"@type\":\"ReadAction\",\"target\":[\"https:\/\/www.stonecity.cz\/de\/produkt\/piskovcova-dlazba-verladen-ratgeber\/\"]}]},{\"@type\":\"ImageObject\",\"inLanguage\":\"de\",\"@id\":\"https:\/\/www.stonecity.cz\/de\/produkt\/piskovcova-dlazba-verladen-ratgeber\/#primaryimage\",\"url\":\"https:\/\/www.stonecity.cz\/wp-content\/uploads\/2024\/08\/Dorada-de-los-Pinares-building-scaled.jpg\",\"contentUrl\":\"https:\/\/www.stonecity.cz\/wp-content\/uploads\/2024\/08\/Dorada-de-los-Pinares-building-scaled.jpg\",\"width\":2560,\"height\":1707},{\"@type\":\"BreadcrumbList\",\"@id\":\"https:\/\/www.stonecity.cz\/de\/produkt\/piskovcova-dlazba-verladen-ratgeber\/#breadcrumb\",\"itemListElement\":[{\"@type\":\"ListItem\",\"position\":1,\"name\":\"Dom\u016f\",\"item\":\"https:\/\/www.stonecity.cz\/de\/\"},{\"@type\":\"ListItem\",\"position\":2,\"name\":\"Shop\",\"item\":\"https:\/\/www.stonecity.cz\/de\/shop\/\"},{\"@type\":\"ListItem\",\"position\":3,\"name\":\"Stein rustikale Sandsteinpflaster\/Fliesen DORADA (PI-11,12,13)\"}]},{\"@type\":\"WebSite\",\"@id\":\"https:\/\/www.stonecity.cz\/de\/#website\",\"url\":\"https:\/\/www.stonecity.cz\/de\/\",\"name\":\"Stonecity.cz\",\"description\":\"Dla\u017eba, obklady, um\u011bl\u00fd i p\u0159\u00edrodn\u00ed k\u00e1men\",\"potentialAction\":[{\"@type\":\"SearchAction\",\"target\":{\"@type\":\"EntryPoint\",\"urlTemplate\":\"https:\/\/www.stonecity.cz\/de\/?s={search_term_string}\"},\"query-input\":{\"@type\":\"PropertyValueSpecification\",\"valueRequired\":true,\"valueName\":\"search_term_string\"}}],\"inLanguage\":\"de\"}]}<\/script>\n<!-- \/ Yoast SEO plugin. -->","yoast_head_json":{"title":"Stein rustikale Sandsteinpflaster\/Fliesen DORADA (PI-11,12,13) - Stonecity.cz","robots":{"index":"index","follow":"follow","max-snippet":"max-snippet:-1","max-image-preview":"max-image-preview:large","max-video-preview":"max-video-preview:-1"},"canonical":"https:\/\/www.stonecity.cz\/de\/produkt\/piskovcova-dlazba-verladen-ratgeber\/","og_locale":"de_DE","og_type":"article","og_title":"Stein rustikale Sandsteinpflaster\/Fliesen DORADA (PI-11,12,13) - Stonecity.cz","og_description":"Exklusive DORADA Sandsteinfliese mit dezentem Muster und feiner Farbglut. Kanten geschnitten, Oberfl\u00e4che geschnitten. Wir k\u00f6nnen eine Fliesenoberfl\u00e4che liefern &#8211; rau &#8211; geh\u00e4mmert \/ gestockt Au\u00dfen- und Innenbereich, widerstandsf\u00e4hig Erh\u00e4ltlich in drei Gr\u00f6\u00dfen. &nbsp;","og_url":"https:\/\/www.stonecity.cz\/de\/produkt\/piskovcova-dlazba-verladen-ratgeber\/","og_site_name":"Stonecity.cz","article_modified_time":"2025-03-07T10:08:48+00:00","og_image":[{"width":2560,"height":1707,"url":"https:\/\/www.stonecity.cz\/wp-content\/uploads\/2024\/08\/Dorada-de-los-Pinares-building-scaled.jpg","type":"image\/jpeg"}],"twitter_card":"summary_large_image","schema":{"@context":"https:\/\/schema.org","@graph":[{"@type":"WebPage","@id":"https:\/\/www.stonecity.cz\/de\/produkt\/piskovcova-dlazba-verladen-ratgeber\/","url":"https:\/\/www.stonecity.cz\/de\/produkt\/piskovcova-dlazba-verladen-ratgeber\/","name":"Stein rustikale Sandsteinpflaster\/Fliesen DORADA (PI-11,12,13) - Stonecity.cz","isPartOf":{"@id":"https:\/\/www.stonecity.cz\/de\/#website"},"primaryImageOfPage":{"@id":"https:\/\/www.stonecity.cz\/de\/produkt\/piskovcova-dlazba-verladen-ratgeber\/#primaryimage"},"image":{"@id":"https:\/\/www.stonecity.cz\/de\/produkt\/piskovcova-dlazba-verladen-ratgeber\/#primaryimage"},"thumbnailUrl":"https:\/\/www.stonecity.cz\/wp-content\/uploads\/2024\/08\/Dorada-de-los-Pinares-building-scaled.jpg","datePublished":"2024-08-09T12:24:57+00:00","dateModified":"2025-03-07T10:08:48+00:00","breadcrumb":{"@id":"https:\/\/www.stonecity.cz\/de\/produkt\/piskovcova-dlazba-verladen-ratgeber\/#breadcrumb"},"inLanguage":"de","potentialAction":[{"@type":"ReadAction","target":["https:\/\/www.stonecity.cz\/de\/produkt\/piskovcova-dlazba-verladen-ratgeber\/"]}]},{"@type":"ImageObject","inLanguage":"de","@id":"https:\/\/www.stonecity.cz\/de\/produkt\/piskovcova-dlazba-verladen-ratgeber\/#primaryimage","url":"https:\/\/www.stonecity.cz\/wp-content\/uploads\/2024\/08\/Dorada-de-los-Pinares-building-scaled.jpg","contentUrl":"https:\/\/www.stonecity.cz\/wp-content\/uploads\/2024\/08\/Dorada-de-los-Pinares-building-scaled.jpg","width":2560,"height":1707},{"@type":"BreadcrumbList","@id":"https:\/\/www.stonecity.cz\/de\/produkt\/piskovcova-dlazba-verladen-ratgeber\/#breadcrumb","itemListElement":[{"@type":"ListItem","position":1,"name":"Dom\u016f","item":"https:\/\/www.stonecity.cz\/de\/"},{"@type":"ListItem","position":2,"name":"Shop","item":"https:\/\/www.stonecity.cz\/de\/shop\/"},{"@type":"ListItem","position":3,"name":"Stein rustikale Sandsteinpflaster\/Fliesen DORADA (PI-11,12,13)"}]},{"@type":"WebSite","@id":"https:\/\/www.stonecity.cz\/de\/#website","url":"https:\/\/www.stonecity.cz\/de\/","name":"Stonecity.cz","description":"Dla\u017eba, obklady, um\u011bl\u00fd i p\u0159\u00edrodn\u00ed k\u00e1men","potentialAction":[{"@type":"SearchAction","target":{"@type":"EntryPoint","urlTemplate":"https:\/\/www.stonecity.cz\/de\/?s={search_term_string}"},"query-input":{"@type":"PropertyValueSpecification","valueRequired":true,"valueName":"search_term_string"}}],"inLanguage":"de"}]}},"_links":{"self":[{"href":"https:\/\/www.stonecity.cz\/de\/wp-json\/wp\/v2\/product\/18166","targetHints":{"allow":["GET"]}}],"collection":[{"href":"https:\/\/www.stonecity.cz\/de\/wp-json\/wp\/v2\/product"}],"about":[{"href":"https:\/\/www.stonecity.cz\/de\/wp-json\/wp\/v2\/types\/product"}],"wp:featuredmedia":[{"embeddable":true,"href":"https:\/\/www.stonecity.cz\/de\/wp-json\/wp\/v2\/media\/18184"}],"wp:attachment":[{"href":"https:\/\/www.stonecity.cz\/de\/wp-json\/wp\/v2\/media?parent=18166"}],"wp:term":[{"taxonomy":"product_cat","embeddable":true,"href":"https:\/\/www.stonecity.cz\/de\/wp-json\/wp\/v2\/product_cat?post=18166"},{"taxonomy":"product_tag","embeddable":true,"href":"https:\/\/www.stonecity.cz\/de\/wp-json\/wp\/v2\/product_tag?post=18166"}],"curies":[{"name":"wp","href":"https:\/\/api.w.org\/{rel}","templated":true}]}}