{"id":18266,"date":"2024-08-22T09:27:25","date_gmt":"2024-08-22T07:27:25","guid":{"rendered":"https:\/\/www.stonecity.cz\/?post_type=product&#038;p=18266"},"modified":"2024-08-22T14:33:46","modified_gmt":"2024-08-22T12:33:46","slug":"lampen-onyx","status":"publish","type":"product","link":"https:\/\/www.stonecity.cz\/de\/produkt\/lampen-onyx\/","title":{"rendered":"Onyx Lampe"},"content":{"rendered":"<p>Handgefertigte ONYX Innenleuchte aus Naturstein, die eine einzigartige und beruhigende Beleuchtung f\u00fcr Ihr Zuhause bietet. Der Onyx gilt als sehr m\u00e4chtiger magischer Stein, der die Atmosph\u00e4re verbessert, ein wirksames Aphrodisiakum ist und Ihrem Zuhause positive Energie verleiht. Eine einzigartige Eigenschaft von Onyx ist seine Lichtdurchl\u00e4ssigkeit. Die Originalit\u00e4t jeder Onyxlampe liegt in den unterschiedlichen Formen und Farben der Adern des Steins. Eine der ber\u00fchmtesten Onyxw\u00e4nde befindet sich in der ber\u00fchmten Br\u00fcnner Villa Tugendhat. Herkunft: Mexiko. Diese Art von Mineralien wird in verschiedenen Teilen Mexikos abgebaut. In der Stadt Tescali stellen die Steinmetze daraus verschiedene Beleuchtungsk\u00f6rper, Badaccessoires, Waschbecken und nicht zuletzt beeindruckende beleuchtete Bars und W\u00e4nde her. Verdrahtung &#8211; Lampenbeleuchtung : 3 St\u00fcck Led-Birnen im Inneren des Onyx-Lampenk\u00f6rpers, 220 V <strong>Versand : nur pers\u00f6nliche Abholung<\/strong><\/p>\n<p>&nbsp;<\/p>\n<p>&nbsp;<\/p>\n<p>&nbsp;<\/p>\n<p>&nbsp;<\/p>\n","protected":false},"excerpt":{"rendered":"<p>Handgefertigte ONYX Innenleuchte aus Naturstein, die eine einzigartige und beruhigende Beleuchtung f\u00fcr Ihr Zuhause bietet. Der Onyx gilt als sehr m\u00e4chtiger magischer Stein, der die Atmosph\u00e4re verbessert, ein wirksames Aphrodisiakum ist und Ihrem Zuhause positive Energie verleiht. Eine einzigartige Eigenschaft von Onyx ist seine Lichtdurchl\u00e4ssigkeit. Die Originalit\u00e4t jeder Onyxlampe liegt in den unterschiedlichen Formen und [&#8230;]\n","protected":false},"featured_media":18278,"template":"","meta":[],"product_cat":[1993],"product_tag":[],"class_list":{"0":"post-18266","1":"product","2":"type-product","3":"status-publish","4":"has-post-thumbnail","6":"product_cat-dekorationen-aus-stein","7":"pa_hmotnost-v-kg-za-1-mj-50kg-de","9":"first","10":"instock","11":"taxable","12":"shipping-taxable","13":"purchasable","14":"product-type-simple"},"yoast_head":"<!-- This site is optimized with the Yoast SEO plugin v26.8 - https:\/\/yoast.com\/product\/yoast-seo-wordpress\/ -->\n<title>Onyx Lampe - Stonecity.cz<\/title>\n<meta name=\"robots\" content=\"index, follow, max-snippet:-1, max-image-preview:large, max-video-preview:-1\" \/>\n<link rel=\"canonical\" href=\"https:\/\/www.stonecity.cz\/de\/produkt\/lampen-onyx\/\" \/>\n<meta property=\"og:locale\" content=\"de_DE\" \/>\n<meta property=\"og:type\" content=\"article\" \/>\n<meta property=\"og:title\" content=\"Onyx Lampe - Stonecity.cz\" \/>\n<meta property=\"og:description\" content=\"Handgefertigte ONYX Innenleuchte aus Naturstein, die eine einzigartige und beruhigende Beleuchtung f\u00fcr Ihr Zuhause bietet. Der Onyx gilt als sehr m\u00e4chtiger magischer Stein, der die Atmosph\u00e4re verbessert, ein wirksames Aphrodisiakum ist und Ihrem Zuhause positive Energie verleiht. Eine einzigartige Eigenschaft von Onyx ist seine Lichtdurchl\u00e4ssigkeit. Die Originalit\u00e4t jeder Onyxlampe liegt in den unterschiedlichen Formen und [...]\" \/>\n<meta property=\"og:url\" content=\"https:\/\/www.stonecity.cz\/de\/produkt\/lampen-onyx\/\" \/>\n<meta property=\"og:site_name\" content=\"Stonecity.cz\" \/>\n<meta property=\"article:modified_time\" content=\"2024-08-22T12:33:46+00:00\" \/>\n<meta property=\"og:image\" content=\"https:\/\/www.stonecity.cz\/wp-content\/uploads\/2024\/08\/STONE-CITY-onyxova-lampa-6.jpg\" \/>\n\t<meta property=\"og:image:width\" content=\"768\" \/>\n\t<meta property=\"og:image:height\" content=\"1024\" \/>\n\t<meta property=\"og:image:type\" content=\"image\/jpeg\" \/>\n<meta name=\"twitter:card\" content=\"summary_large_image\" \/>\n<meta name=\"twitter:label1\" content=\"Gesch\u00e4tzte Lesezeit\" \/>\n\t<meta name=\"twitter:data1\" content=\"1\u00a0Minute\" \/>\n<script type=\"application\/ld+json\" class=\"yoast-schema-graph\">{\"@context\":\"https:\/\/schema.org\",\"@graph\":[{\"@type\":\"WebPage\",\"@id\":\"https:\/\/www.stonecity.cz\/de\/produkt\/lampen-onyx\/\",\"url\":\"https:\/\/www.stonecity.cz\/de\/produkt\/lampen-onyx\/\",\"name\":\"Onyx Lampe - Stonecity.cz\",\"isPartOf\":{\"@id\":\"https:\/\/www.stonecity.cz\/de\/#website\"},\"primaryImageOfPage\":{\"@id\":\"https:\/\/www.stonecity.cz\/de\/produkt\/lampen-onyx\/#primaryimage\"},\"image\":{\"@id\":\"https:\/\/www.stonecity.cz\/de\/produkt\/lampen-onyx\/#primaryimage\"},\"thumbnailUrl\":\"https:\/\/www.stonecity.cz\/wp-content\/uploads\/2024\/08\/STONE-CITY-onyxova-lampa-6.jpg\",\"datePublished\":\"2024-08-22T07:27:25+00:00\",\"dateModified\":\"2024-08-22T12:33:46+00:00\",\"breadcrumb\":{\"@id\":\"https:\/\/www.stonecity.cz\/de\/produkt\/lampen-onyx\/#breadcrumb\"},\"inLanguage\":\"de\",\"potentialAction\":[{\"@type\":\"ReadAction\",\"target\":[\"https:\/\/www.stonecity.cz\/de\/produkt\/lampen-onyx\/\"]}]},{\"@type\":\"ImageObject\",\"inLanguage\":\"de\",\"@id\":\"https:\/\/www.stonecity.cz\/de\/produkt\/lampen-onyx\/#primaryimage\",\"url\":\"https:\/\/www.stonecity.cz\/wp-content\/uploads\/2024\/08\/STONE-CITY-onyxova-lampa-6.jpg\",\"contentUrl\":\"https:\/\/www.stonecity.cz\/wp-content\/uploads\/2024\/08\/STONE-CITY-onyxova-lampa-6.jpg\",\"width\":768,\"height\":1024},{\"@type\":\"BreadcrumbList\",\"@id\":\"https:\/\/www.stonecity.cz\/de\/produkt\/lampen-onyx\/#breadcrumb\",\"itemListElement\":[{\"@type\":\"ListItem\",\"position\":1,\"name\":\"Dom\u016f\",\"item\":\"https:\/\/www.stonecity.cz\/de\/\"},{\"@type\":\"ListItem\",\"position\":2,\"name\":\"Shop\",\"item\":\"https:\/\/www.stonecity.cz\/de\/shop\/\"},{\"@type\":\"ListItem\",\"position\":3,\"name\":\"Onyx Lampe\"}]},{\"@type\":\"WebSite\",\"@id\":\"https:\/\/www.stonecity.cz\/de\/#website\",\"url\":\"https:\/\/www.stonecity.cz\/de\/\",\"name\":\"Stonecity.cz\",\"description\":\"Dla\u017eba, obklady, um\u011bl\u00fd i p\u0159\u00edrodn\u00ed k\u00e1men\",\"potentialAction\":[{\"@type\":\"SearchAction\",\"target\":{\"@type\":\"EntryPoint\",\"urlTemplate\":\"https:\/\/www.stonecity.cz\/de\/?s={search_term_string}\"},\"query-input\":{\"@type\":\"PropertyValueSpecification\",\"valueRequired\":true,\"valueName\":\"search_term_string\"}}],\"inLanguage\":\"de\"}]}<\/script>\n<!-- \/ Yoast SEO plugin. -->","yoast_head_json":{"title":"Onyx Lampe - Stonecity.cz","robots":{"index":"index","follow":"follow","max-snippet":"max-snippet:-1","max-image-preview":"max-image-preview:large","max-video-preview":"max-video-preview:-1"},"canonical":"https:\/\/www.stonecity.cz\/de\/produkt\/lampen-onyx\/","og_locale":"de_DE","og_type":"article","og_title":"Onyx Lampe - Stonecity.cz","og_description":"Handgefertigte ONYX Innenleuchte aus Naturstein, die eine einzigartige und beruhigende Beleuchtung f\u00fcr Ihr Zuhause bietet. Der Onyx gilt als sehr m\u00e4chtiger magischer Stein, der die Atmosph\u00e4re verbessert, ein wirksames Aphrodisiakum ist und Ihrem Zuhause positive Energie verleiht. Eine einzigartige Eigenschaft von Onyx ist seine Lichtdurchl\u00e4ssigkeit. Die Originalit\u00e4t jeder Onyxlampe liegt in den unterschiedlichen Formen und [...]","og_url":"https:\/\/www.stonecity.cz\/de\/produkt\/lampen-onyx\/","og_site_name":"Stonecity.cz","article_modified_time":"2024-08-22T12:33:46+00:00","og_image":[{"width":768,"height":1024,"url":"https:\/\/www.stonecity.cz\/wp-content\/uploads\/2024\/08\/STONE-CITY-onyxova-lampa-6.jpg","type":"image\/jpeg"}],"twitter_card":"summary_large_image","twitter_misc":{"Gesch\u00e4tzte Lesezeit":"1\u00a0Minute"},"schema":{"@context":"https:\/\/schema.org","@graph":[{"@type":"WebPage","@id":"https:\/\/www.stonecity.cz\/de\/produkt\/lampen-onyx\/","url":"https:\/\/www.stonecity.cz\/de\/produkt\/lampen-onyx\/","name":"Onyx Lampe - Stonecity.cz","isPartOf":{"@id":"https:\/\/www.stonecity.cz\/de\/#website"},"primaryImageOfPage":{"@id":"https:\/\/www.stonecity.cz\/de\/produkt\/lampen-onyx\/#primaryimage"},"image":{"@id":"https:\/\/www.stonecity.cz\/de\/produkt\/lampen-onyx\/#primaryimage"},"thumbnailUrl":"https:\/\/www.stonecity.cz\/wp-content\/uploads\/2024\/08\/STONE-CITY-onyxova-lampa-6.jpg","datePublished":"2024-08-22T07:27:25+00:00","dateModified":"2024-08-22T12:33:46+00:00","breadcrumb":{"@id":"https:\/\/www.stonecity.cz\/de\/produkt\/lampen-onyx\/#breadcrumb"},"inLanguage":"de","potentialAction":[{"@type":"ReadAction","target":["https:\/\/www.stonecity.cz\/de\/produkt\/lampen-onyx\/"]}]},{"@type":"ImageObject","inLanguage":"de","@id":"https:\/\/www.stonecity.cz\/de\/produkt\/lampen-onyx\/#primaryimage","url":"https:\/\/www.stonecity.cz\/wp-content\/uploads\/2024\/08\/STONE-CITY-onyxova-lampa-6.jpg","contentUrl":"https:\/\/www.stonecity.cz\/wp-content\/uploads\/2024\/08\/STONE-CITY-onyxova-lampa-6.jpg","width":768,"height":1024},{"@type":"BreadcrumbList","@id":"https:\/\/www.stonecity.cz\/de\/produkt\/lampen-onyx\/#breadcrumb","itemListElement":[{"@type":"ListItem","position":1,"name":"Dom\u016f","item":"https:\/\/www.stonecity.cz\/de\/"},{"@type":"ListItem","position":2,"name":"Shop","item":"https:\/\/www.stonecity.cz\/de\/shop\/"},{"@type":"ListItem","position":3,"name":"Onyx Lampe"}]},{"@type":"WebSite","@id":"https:\/\/www.stonecity.cz\/de\/#website","url":"https:\/\/www.stonecity.cz\/de\/","name":"Stonecity.cz","description":"Dla\u017eba, obklady, um\u011bl\u00fd i p\u0159\u00edrodn\u00ed k\u00e1men","potentialAction":[{"@type":"SearchAction","target":{"@type":"EntryPoint","urlTemplate":"https:\/\/www.stonecity.cz\/de\/?s={search_term_string}"},"query-input":{"@type":"PropertyValueSpecification","valueRequired":true,"valueName":"search_term_string"}}],"inLanguage":"de"}]}},"_links":{"self":[{"href":"https:\/\/www.stonecity.cz\/de\/wp-json\/wp\/v2\/product\/18266","targetHints":{"allow":["GET"]}}],"collection":[{"href":"https:\/\/www.stonecity.cz\/de\/wp-json\/wp\/v2\/product"}],"about":[{"href":"https:\/\/www.stonecity.cz\/de\/wp-json\/wp\/v2\/types\/product"}],"wp:featuredmedia":[{"embeddable":true,"href":"https:\/\/www.stonecity.cz\/de\/wp-json\/wp\/v2\/media\/18278"}],"wp:attachment":[{"href":"https:\/\/www.stonecity.cz\/de\/wp-json\/wp\/v2\/media?parent=18266"}],"wp:term":[{"taxonomy":"product_cat","embeddable":true,"href":"https:\/\/www.stonecity.cz\/de\/wp-json\/wp\/v2\/product_cat?post=18266"},{"taxonomy":"product_tag","embeddable":true,"href":"https:\/\/www.stonecity.cz\/de\/wp-json\/wp\/v2\/product_tag?post=18266"}],"curies":[{"name":"wp","href":"https:\/\/api.w.org\/{rel}","templated":true}]}}