{"id":18461,"date":"2024-09-26T12:12:47","date_gmt":"2024-09-26T10:12:47","guid":{"rendered":"https:\/\/www.stonecity.cz\/?post_type=product&#038;p=18461"},"modified":"2024-09-26T12:19:51","modified_gmt":"2024-09-26T10:19:51","slug":"kartenstein-pfs-2","status":"publish","type":"product","link":"https:\/\/www.stonecity.cz\/de\/produkt\/kartenstein-pfs-2\/","title":{"rendered":"KARTENSTEIN PFS 2"},"content":{"rendered":"<div class=\"ProductDescription margin-xs-top-md\">\n<section class=\"description-vantaggi margin-bottom-md\">\n<div>\n<div class=\"ProductDescription margin-xs-top-md\">\n<div class=\"ProductDescription margin-xs-top-md\">Vorgemischter M\u00f6rtel zum F\u00fcllen von Fugen in architektonischen Steinpflasterungen f\u00fcr die Umweltklasse XF4, mit hoher mechanischer Festigkeit, Best\u00e4ndigkeit gegen Tausalze und Frostzyklen.<br \/>\nTECHNISCHE DATEN: Verarbeitbarkeit der Mischung: 20 Minuten.<br \/>\nNach 6 Stunden.<br \/>\nWartezeit bis zur Inbetriebnahme: 7 Tage.<br \/>\nFarbe: grau.<br \/>\nAnwendung: mit MAPEI-Gummikelle oder Kelle.<br \/>\nReinigung: mit einem MAPEI- oder Scotch Brite\u00ae-Schwamm (oder mit einer Maschine mit speziellen Scotch-Brite\u00ae-Filzschleifscheiben).<br \/>\nAlternativ mit Wasser nach der ersten Aush\u00e4rtung.<br \/>\nLagerung: 12 Monate.<br \/>\nVerbrauch: je nach Fugenprofil und Belagsgr\u00f6\u00dfe.<br \/>\nVerpackung: 25kg-S\u00e4cke.          <\/div>\n<\/div>\n<p><a href=\"https:\/\/www.stonecity.cz\/wp-content\/uploads\/2024\/09\/materialovy-list-PFS-2.pdf\">Materialblatt PFS 2<\/a><a href=\"https:\/\/www.stonecity.cz\/wp-content\/uploads\/2024\/09\/bezpecnostni-list-PFS-2.pdf\">Sicherheitsdatenblatt PFS 2<\/a><a href=\"https:\/\/www.stonecity.cz\/wp-content\/uploads\/2024\/09\/prohlaseni-o-shode-PFS-2.pdf\">Konformit\u00e4tserkl\u00e4rung PFS 2<\/a><a href=\"https:\/\/www.stonecity.cz\/wp-content\/uploads\/2024\/09\/EPS-PFS-2.pdf\">EPS PFS 2<\/a><iframe loading=\"lazy\" title=\"Mapei - Jointement des sols en pierre avec Mapestone PFS 2\" width=\"1020\" height=\"574\" src=\"https:\/\/www.youtube.com\/embed\/YaLgCRVhGQA?feature=oembed\" frameborder=\"0\" allow=\"accelerometer; autoplay; clipboard-write; encrypted-media; gyroscope; picture-in-picture; web-share\" referrerpolicy=\"strict-origin-when-cross-origin\" allowfullscreen><\/iframe><\/p>\n<\/div>\n<\/section>\n<\/div>\n","protected":false},"excerpt":{"rendered":"<p>Vorgemischter M\u00f6rtel zum F\u00fcllen von Fugen in architektonischen Steinpflasterungen f\u00fcr die Umweltklasse XF4, mit hoher mechanischer Festigkeit, Best\u00e4ndigkeit gegen Tausalze und Frostzyklen. TECHNISCHE DATEN: Verarbeitbarkeit der Mischung: 20 Minuten. Nach 6 Stunden. Wartezeit bis zur Inbetriebnahme: 7 Tage. Farbe: grau. Anwendung: mit MAPEI-Gummikelle oder Kelle. Reinigung: mit einem MAPEI- oder Scotch Brite\u00ae-Schwamm (oder mit einer [&#8230;]\n","protected":false},"featured_media":18476,"template":"","meta":[],"product_cat":[2063],"product_tag":[],"class_list":{"0":"post-18461","1":"product","2":"type-product","3":"status-publish","4":"has-post-thumbnail","6":"product_cat-zubehor","7":"product_shipping_class-zubehor","8":"pa_baleni-25-kg-de","10":"first","11":"instock","12":"purchasable","13":"product-type-simple"},"yoast_head":"<!-- This site is optimized with the Yoast SEO plugin v26.8 - https:\/\/yoast.com\/product\/yoast-seo-wordpress\/ -->\n<title>KARTENSTEIN PFS 2 - Stonecity.cz<\/title>\n<meta name=\"robots\" content=\"index, follow, max-snippet:-1, max-image-preview:large, max-video-preview:-1\" \/>\n<link rel=\"canonical\" href=\"https:\/\/www.stonecity.cz\/de\/produkt\/kartenstein-pfs-2\/\" \/>\n<meta property=\"og:locale\" content=\"de_DE\" \/>\n<meta property=\"og:type\" content=\"article\" \/>\n<meta property=\"og:title\" content=\"KARTENSTEIN PFS 2 - Stonecity.cz\" \/>\n<meta property=\"og:description\" content=\"Vorgemischter M\u00f6rtel zum F\u00fcllen von Fugen in architektonischen Steinpflasterungen f\u00fcr die Umweltklasse XF4, mit hoher mechanischer Festigkeit, Best\u00e4ndigkeit gegen Tausalze und Frostzyklen. TECHNISCHE DATEN: Verarbeitbarkeit der Mischung: 20 Minuten. Nach 6 Stunden. Wartezeit bis zur Inbetriebnahme: 7 Tage. Farbe: grau. Anwendung: mit MAPEI-Gummikelle oder Kelle. Reinigung: mit einem MAPEI- oder Scotch Brite\u00ae-Schwamm (oder mit einer [...]\" \/>\n<meta property=\"og:url\" content=\"https:\/\/www.stonecity.cz\/de\/produkt\/kartenstein-pfs-2\/\" \/>\n<meta property=\"og:site_name\" content=\"Stonecity.cz\" \/>\n<meta property=\"article:modified_time\" content=\"2024-09-26T10:19:51+00:00\" \/>\n<meta property=\"og:image\" content=\"https:\/\/www.stonecity.cz\/wp-content\/uploads\/2024\/09\/pfs-2.png\" \/>\n\t<meta property=\"og:image:width\" content=\"1080\" \/>\n\t<meta property=\"og:image:height\" content=\"1080\" \/>\n\t<meta property=\"og:image:type\" content=\"image\/png\" \/>\n<meta name=\"twitter:card\" content=\"summary_large_image\" \/>\n<meta name=\"twitter:label1\" content=\"Gesch\u00e4tzte Lesezeit\" \/>\n\t<meta name=\"twitter:data1\" content=\"1\u00a0Minute\" \/>\n<script type=\"application\/ld+json\" class=\"yoast-schema-graph\">{\"@context\":\"https:\/\/schema.org\",\"@graph\":[{\"@type\":\"WebPage\",\"@id\":\"https:\/\/www.stonecity.cz\/de\/produkt\/kartenstein-pfs-2\/\",\"url\":\"https:\/\/www.stonecity.cz\/de\/produkt\/kartenstein-pfs-2\/\",\"name\":\"KARTENSTEIN PFS 2 - Stonecity.cz\",\"isPartOf\":{\"@id\":\"https:\/\/www.stonecity.cz\/de\/#website\"},\"primaryImageOfPage\":{\"@id\":\"https:\/\/www.stonecity.cz\/de\/produkt\/kartenstein-pfs-2\/#primaryimage\"},\"image\":{\"@id\":\"https:\/\/www.stonecity.cz\/de\/produkt\/kartenstein-pfs-2\/#primaryimage\"},\"thumbnailUrl\":\"https:\/\/www.stonecity.cz\/wp-content\/uploads\/2024\/09\/pfs-2.png\",\"datePublished\":\"2024-09-26T10:12:47+00:00\",\"dateModified\":\"2024-09-26T10:19:51+00:00\",\"breadcrumb\":{\"@id\":\"https:\/\/www.stonecity.cz\/de\/produkt\/kartenstein-pfs-2\/#breadcrumb\"},\"inLanguage\":\"de\",\"potentialAction\":[{\"@type\":\"ReadAction\",\"target\":[\"https:\/\/www.stonecity.cz\/de\/produkt\/kartenstein-pfs-2\/\"]}]},{\"@type\":\"ImageObject\",\"inLanguage\":\"de\",\"@id\":\"https:\/\/www.stonecity.cz\/de\/produkt\/kartenstein-pfs-2\/#primaryimage\",\"url\":\"https:\/\/www.stonecity.cz\/wp-content\/uploads\/2024\/09\/pfs-2.png\",\"contentUrl\":\"https:\/\/www.stonecity.cz\/wp-content\/uploads\/2024\/09\/pfs-2.png\",\"width\":1080,\"height\":1080},{\"@type\":\"BreadcrumbList\",\"@id\":\"https:\/\/www.stonecity.cz\/de\/produkt\/kartenstein-pfs-2\/#breadcrumb\",\"itemListElement\":[{\"@type\":\"ListItem\",\"position\":1,\"name\":\"Dom\u016f\",\"item\":\"https:\/\/www.stonecity.cz\/de\/\"},{\"@type\":\"ListItem\",\"position\":2,\"name\":\"Shop\",\"item\":\"https:\/\/www.stonecity.cz\/de\/shop\/\"},{\"@type\":\"ListItem\",\"position\":3,\"name\":\"KARTENSTEIN PFS 2\"}]},{\"@type\":\"WebSite\",\"@id\":\"https:\/\/www.stonecity.cz\/de\/#website\",\"url\":\"https:\/\/www.stonecity.cz\/de\/\",\"name\":\"Stonecity.cz\",\"description\":\"Dla\u017eba, obklady, um\u011bl\u00fd i p\u0159\u00edrodn\u00ed k\u00e1men\",\"potentialAction\":[{\"@type\":\"SearchAction\",\"target\":{\"@type\":\"EntryPoint\",\"urlTemplate\":\"https:\/\/www.stonecity.cz\/de\/?s={search_term_string}\"},\"query-input\":{\"@type\":\"PropertyValueSpecification\",\"valueRequired\":true,\"valueName\":\"search_term_string\"}}],\"inLanguage\":\"de\"}]}<\/script>\n<!-- \/ Yoast SEO plugin. -->","yoast_head_json":{"title":"KARTENSTEIN PFS 2 - Stonecity.cz","robots":{"index":"index","follow":"follow","max-snippet":"max-snippet:-1","max-image-preview":"max-image-preview:large","max-video-preview":"max-video-preview:-1"},"canonical":"https:\/\/www.stonecity.cz\/de\/produkt\/kartenstein-pfs-2\/","og_locale":"de_DE","og_type":"article","og_title":"KARTENSTEIN PFS 2 - Stonecity.cz","og_description":"Vorgemischter M\u00f6rtel zum F\u00fcllen von Fugen in architektonischen Steinpflasterungen f\u00fcr die Umweltklasse XF4, mit hoher mechanischer Festigkeit, Best\u00e4ndigkeit gegen Tausalze und Frostzyklen. TECHNISCHE DATEN: Verarbeitbarkeit der Mischung: 20 Minuten. Nach 6 Stunden. Wartezeit bis zur Inbetriebnahme: 7 Tage. Farbe: grau. Anwendung: mit MAPEI-Gummikelle oder Kelle. Reinigung: mit einem MAPEI- oder Scotch Brite\u00ae-Schwamm (oder mit einer [...]","og_url":"https:\/\/www.stonecity.cz\/de\/produkt\/kartenstein-pfs-2\/","og_site_name":"Stonecity.cz","article_modified_time":"2024-09-26T10:19:51+00:00","og_image":[{"width":1080,"height":1080,"url":"https:\/\/www.stonecity.cz\/wp-content\/uploads\/2024\/09\/pfs-2.png","type":"image\/png"}],"twitter_card":"summary_large_image","twitter_misc":{"Gesch\u00e4tzte Lesezeit":"1\u00a0Minute"},"schema":{"@context":"https:\/\/schema.org","@graph":[{"@type":"WebPage","@id":"https:\/\/www.stonecity.cz\/de\/produkt\/kartenstein-pfs-2\/","url":"https:\/\/www.stonecity.cz\/de\/produkt\/kartenstein-pfs-2\/","name":"KARTENSTEIN PFS 2 - Stonecity.cz","isPartOf":{"@id":"https:\/\/www.stonecity.cz\/de\/#website"},"primaryImageOfPage":{"@id":"https:\/\/www.stonecity.cz\/de\/produkt\/kartenstein-pfs-2\/#primaryimage"},"image":{"@id":"https:\/\/www.stonecity.cz\/de\/produkt\/kartenstein-pfs-2\/#primaryimage"},"thumbnailUrl":"https:\/\/www.stonecity.cz\/wp-content\/uploads\/2024\/09\/pfs-2.png","datePublished":"2024-09-26T10:12:47+00:00","dateModified":"2024-09-26T10:19:51+00:00","breadcrumb":{"@id":"https:\/\/www.stonecity.cz\/de\/produkt\/kartenstein-pfs-2\/#breadcrumb"},"inLanguage":"de","potentialAction":[{"@type":"ReadAction","target":["https:\/\/www.stonecity.cz\/de\/produkt\/kartenstein-pfs-2\/"]}]},{"@type":"ImageObject","inLanguage":"de","@id":"https:\/\/www.stonecity.cz\/de\/produkt\/kartenstein-pfs-2\/#primaryimage","url":"https:\/\/www.stonecity.cz\/wp-content\/uploads\/2024\/09\/pfs-2.png","contentUrl":"https:\/\/www.stonecity.cz\/wp-content\/uploads\/2024\/09\/pfs-2.png","width":1080,"height":1080},{"@type":"BreadcrumbList","@id":"https:\/\/www.stonecity.cz\/de\/produkt\/kartenstein-pfs-2\/#breadcrumb","itemListElement":[{"@type":"ListItem","position":1,"name":"Dom\u016f","item":"https:\/\/www.stonecity.cz\/de\/"},{"@type":"ListItem","position":2,"name":"Shop","item":"https:\/\/www.stonecity.cz\/de\/shop\/"},{"@type":"ListItem","position":3,"name":"KARTENSTEIN PFS 2"}]},{"@type":"WebSite","@id":"https:\/\/www.stonecity.cz\/de\/#website","url":"https:\/\/www.stonecity.cz\/de\/","name":"Stonecity.cz","description":"Dla\u017eba, obklady, um\u011bl\u00fd i p\u0159\u00edrodn\u00ed k\u00e1men","potentialAction":[{"@type":"SearchAction","target":{"@type":"EntryPoint","urlTemplate":"https:\/\/www.stonecity.cz\/de\/?s={search_term_string}"},"query-input":{"@type":"PropertyValueSpecification","valueRequired":true,"valueName":"search_term_string"}}],"inLanguage":"de"}]}},"_links":{"self":[{"href":"https:\/\/www.stonecity.cz\/de\/wp-json\/wp\/v2\/product\/18461","targetHints":{"allow":["GET"]}}],"collection":[{"href":"https:\/\/www.stonecity.cz\/de\/wp-json\/wp\/v2\/product"}],"about":[{"href":"https:\/\/www.stonecity.cz\/de\/wp-json\/wp\/v2\/types\/product"}],"wp:featuredmedia":[{"embeddable":true,"href":"https:\/\/www.stonecity.cz\/de\/wp-json\/wp\/v2\/media\/18476"}],"wp:attachment":[{"href":"https:\/\/www.stonecity.cz\/de\/wp-json\/wp\/v2\/media?parent=18461"}],"wp:term":[{"taxonomy":"product_cat","embeddable":true,"href":"https:\/\/www.stonecity.cz\/de\/wp-json\/wp\/v2\/product_cat?post=18461"},{"taxonomy":"product_tag","embeddable":true,"href":"https:\/\/www.stonecity.cz\/de\/wp-json\/wp\/v2\/product_tag?post=18461"}],"curies":[{"name":"wp","href":"https:\/\/api.w.org\/{rel}","templated":true}]}}