{"id":18648,"date":"2024-11-05T13:17:12","date_gmt":"2024-11-05T12:17:12","guid":{"rendered":"https:\/\/www.stonecity.cz\/?post_type=product&#038;p=18648"},"modified":"2024-11-05T13:39:41","modified_gmt":"2024-11-05T12:39:41","slug":"zule-curb-garden-gold-ob","status":"publish","type":"product","link":"https:\/\/www.stonecity.cz\/de\/produkt\/zule-curb-garden-gold-ob\/","title":{"rendered":"Granit-Gartenbordstein ZL-OB"},"content":{"rendered":"<p>Granit-Garteneinfassung mit allseitigem Schnitt, oben gegerbt. Zeitlos-haltbar-stark: Pflastersteine aus Granit zeichnen sich im Allgemeinen durch zeitlose Eleganz, au\u00dfergew\u00f6hnliche Festigkeit und architektonische Vielseitigkeit aus und k\u00f6nnen f\u00fcr jeden historischen oder zeitgen\u00f6ssischen Designtrend verwendet werden. Diese Pflastersteine und Materialien umgeben uns schon seit Hunderten von Jahren. Verlegung in Beton. Verwendung: Au\u00dfenbereich Hardy : YES<\/p>\n<p>&nbsp;<\/p>\n<p>&nbsp;<\/p>\n<p>&nbsp;<\/p>\n<p>&nbsp;<\/p>\n<p>&nbsp;<\/p>\n<p>&nbsp;<\/p>\n","protected":false},"excerpt":{"rendered":"<p>Granit-Garteneinfassung mit allseitigem Schnitt, oben gegerbt. Zeitlos-haltbar-stark: Pflastersteine aus Granit zeichnen sich im Allgemeinen durch zeitlose Eleganz, au\u00dfergew\u00f6hnliche Festigkeit und architektonische Vielseitigkeit aus und k\u00f6nnen f\u00fcr jeden historischen oder zeitgen\u00f6ssischen Designtrend verwendet werden. Diese Pflastersteine und Materialien umgeben uns schon seit Hunderten von Jahren. Verlegung in Beton. Verwendung: Au\u00dfenbereich Hardy : YES &nbsp; &nbsp; &nbsp; [&#8230;]\n","protected":false},"featured_media":18660,"template":"","meta":[],"product_cat":[3173,1917,1945],"product_tag":[1833,1841,1835,1836,1840],"class_list":{"0":"post-18648","1":"product","2":"type-product","3":"status-publish","4":"has-post-thumbnail","6":"product_cat-brustungen-treppen-poolumrandungen","7":"product_cat-pflaster","8":"product_cat-granit","9":"product_tag-fur-den-ausenbereich-geeignet","10":"product_tag-fur-den-garten-geeignet-de","11":"product_tag-geeignet-fur-das-badezimmer","12":"product_tag-geeignet-fur-die-kuche","13":"product_tag-geeignet-fur-die-terrasse","14":"pa_baleni-box-22m2-de","16":"first","17":"onbackorder","18":"purchasable","19":"product-type-variable"},"yoast_head":"<!-- This site is optimized with the Yoast SEO plugin v26.8 - https:\/\/yoast.com\/product\/yoast-seo-wordpress\/ -->\n<title>Granit-Gartenbordstein ZL-OB - Stonecity.cz<\/title>\n<meta name=\"robots\" content=\"index, follow, max-snippet:-1, max-image-preview:large, max-video-preview:-1\" \/>\n<link rel=\"canonical\" href=\"https:\/\/www.stonecity.cz\/de\/produkt\/zule-curb-garden-gold-ob\/\" \/>\n<meta property=\"og:locale\" content=\"de_DE\" \/>\n<meta property=\"og:type\" content=\"article\" \/>\n<meta property=\"og:title\" content=\"Granit-Gartenbordstein ZL-OB - Stonecity.cz\" \/>\n<meta property=\"og:description\" content=\"Granit-Garteneinfassung mit allseitigem Schnitt, oben gegerbt. Zeitlos-haltbar-stark: Pflastersteine aus Granit zeichnen sich im Allgemeinen durch zeitlose Eleganz, au\u00dfergew\u00f6hnliche Festigkeit und architektonische Vielseitigkeit aus und k\u00f6nnen f\u00fcr jeden historischen oder zeitgen\u00f6ssischen Designtrend verwendet werden. Diese Pflastersteine und Materialien umgeben uns schon seit Hunderten von Jahren. Verlegung in Beton. Verwendung: Au\u00dfenbereich Hardy : YES &nbsp; &nbsp; &nbsp; [...]\" \/>\n<meta property=\"og:url\" content=\"https:\/\/www.stonecity.cz\/de\/produkt\/zule-curb-garden-gold-ob\/\" \/>\n<meta property=\"og:site_name\" content=\"Stonecity.cz\" \/>\n<meta property=\"article:modified_time\" content=\"2024-11-05T12:39:41+00:00\" \/>\n<meta property=\"og:image\" content=\"https:\/\/www.stonecity.cz\/wp-content\/uploads\/2024\/11\/IMG-20241029-WA0001.jpg\" \/>\n\t<meta property=\"og:image:width\" content=\"1600\" \/>\n\t<meta property=\"og:image:height\" content=\"739\" \/>\n\t<meta property=\"og:image:type\" content=\"image\/jpeg\" \/>\n<meta name=\"twitter:card\" content=\"summary_large_image\" \/>\n<script type=\"application\/ld+json\" class=\"yoast-schema-graph\">{\"@context\":\"https:\/\/schema.org\",\"@graph\":[{\"@type\":\"WebPage\",\"@id\":\"https:\/\/www.stonecity.cz\/de\/produkt\/zule-curb-garden-gold-ob\/\",\"url\":\"https:\/\/www.stonecity.cz\/de\/produkt\/zule-curb-garden-gold-ob\/\",\"name\":\"Granit-Gartenbordstein ZL-OB - Stonecity.cz\",\"isPartOf\":{\"@id\":\"https:\/\/www.stonecity.cz\/de\/#website\"},\"primaryImageOfPage\":{\"@id\":\"https:\/\/www.stonecity.cz\/de\/produkt\/zule-curb-garden-gold-ob\/#primaryimage\"},\"image\":{\"@id\":\"https:\/\/www.stonecity.cz\/de\/produkt\/zule-curb-garden-gold-ob\/#primaryimage\"},\"thumbnailUrl\":\"https:\/\/www.stonecity.cz\/wp-content\/uploads\/2024\/11\/IMG-20241029-WA0001.jpg\",\"datePublished\":\"2024-11-05T12:17:12+00:00\",\"dateModified\":\"2024-11-05T12:39:41+00:00\",\"breadcrumb\":{\"@id\":\"https:\/\/www.stonecity.cz\/de\/produkt\/zule-curb-garden-gold-ob\/#breadcrumb\"},\"inLanguage\":\"de\",\"potentialAction\":[{\"@type\":\"ReadAction\",\"target\":[\"https:\/\/www.stonecity.cz\/de\/produkt\/zule-curb-garden-gold-ob\/\"]}]},{\"@type\":\"ImageObject\",\"inLanguage\":\"de\",\"@id\":\"https:\/\/www.stonecity.cz\/de\/produkt\/zule-curb-garden-gold-ob\/#primaryimage\",\"url\":\"https:\/\/www.stonecity.cz\/wp-content\/uploads\/2024\/11\/IMG-20241029-WA0001.jpg\",\"contentUrl\":\"https:\/\/www.stonecity.cz\/wp-content\/uploads\/2024\/11\/IMG-20241029-WA0001.jpg\",\"width\":1600,\"height\":739},{\"@type\":\"BreadcrumbList\",\"@id\":\"https:\/\/www.stonecity.cz\/de\/produkt\/zule-curb-garden-gold-ob\/#breadcrumb\",\"itemListElement\":[{\"@type\":\"ListItem\",\"position\":1,\"name\":\"Dom\u016f\",\"item\":\"https:\/\/www.stonecity.cz\/de\/\"},{\"@type\":\"ListItem\",\"position\":2,\"name\":\"Shop\",\"item\":\"https:\/\/www.stonecity.cz\/de\/shop\/\"},{\"@type\":\"ListItem\",\"position\":3,\"name\":\"Granit-Gartenbordstein ZL-OB\"}]},{\"@type\":\"WebSite\",\"@id\":\"https:\/\/www.stonecity.cz\/de\/#website\",\"url\":\"https:\/\/www.stonecity.cz\/de\/\",\"name\":\"Stonecity.cz\",\"description\":\"Dla\u017eba, obklady, um\u011bl\u00fd i p\u0159\u00edrodn\u00ed k\u00e1men\",\"potentialAction\":[{\"@type\":\"SearchAction\",\"target\":{\"@type\":\"EntryPoint\",\"urlTemplate\":\"https:\/\/www.stonecity.cz\/de\/?s={search_term_string}\"},\"query-input\":{\"@type\":\"PropertyValueSpecification\",\"valueRequired\":true,\"valueName\":\"search_term_string\"}}],\"inLanguage\":\"de\"}]}<\/script>\n<!-- \/ Yoast SEO plugin. -->","yoast_head_json":{"title":"Granit-Gartenbordstein ZL-OB - Stonecity.cz","robots":{"index":"index","follow":"follow","max-snippet":"max-snippet:-1","max-image-preview":"max-image-preview:large","max-video-preview":"max-video-preview:-1"},"canonical":"https:\/\/www.stonecity.cz\/de\/produkt\/zule-curb-garden-gold-ob\/","og_locale":"de_DE","og_type":"article","og_title":"Granit-Gartenbordstein ZL-OB - Stonecity.cz","og_description":"Granit-Garteneinfassung mit allseitigem Schnitt, oben gegerbt. Zeitlos-haltbar-stark: Pflastersteine aus Granit zeichnen sich im Allgemeinen durch zeitlose Eleganz, au\u00dfergew\u00f6hnliche Festigkeit und architektonische Vielseitigkeit aus und k\u00f6nnen f\u00fcr jeden historischen oder zeitgen\u00f6ssischen Designtrend verwendet werden. Diese Pflastersteine und Materialien umgeben uns schon seit Hunderten von Jahren. Verlegung in Beton. Verwendung: Au\u00dfenbereich Hardy : YES &nbsp; &nbsp; &nbsp; [...]","og_url":"https:\/\/www.stonecity.cz\/de\/produkt\/zule-curb-garden-gold-ob\/","og_site_name":"Stonecity.cz","article_modified_time":"2024-11-05T12:39:41+00:00","og_image":[{"width":1600,"height":739,"url":"https:\/\/www.stonecity.cz\/wp-content\/uploads\/2024\/11\/IMG-20241029-WA0001.jpg","type":"image\/jpeg"}],"twitter_card":"summary_large_image","schema":{"@context":"https:\/\/schema.org","@graph":[{"@type":"WebPage","@id":"https:\/\/www.stonecity.cz\/de\/produkt\/zule-curb-garden-gold-ob\/","url":"https:\/\/www.stonecity.cz\/de\/produkt\/zule-curb-garden-gold-ob\/","name":"Granit-Gartenbordstein ZL-OB - Stonecity.cz","isPartOf":{"@id":"https:\/\/www.stonecity.cz\/de\/#website"},"primaryImageOfPage":{"@id":"https:\/\/www.stonecity.cz\/de\/produkt\/zule-curb-garden-gold-ob\/#primaryimage"},"image":{"@id":"https:\/\/www.stonecity.cz\/de\/produkt\/zule-curb-garden-gold-ob\/#primaryimage"},"thumbnailUrl":"https:\/\/www.stonecity.cz\/wp-content\/uploads\/2024\/11\/IMG-20241029-WA0001.jpg","datePublished":"2024-11-05T12:17:12+00:00","dateModified":"2024-11-05T12:39:41+00:00","breadcrumb":{"@id":"https:\/\/www.stonecity.cz\/de\/produkt\/zule-curb-garden-gold-ob\/#breadcrumb"},"inLanguage":"de","potentialAction":[{"@type":"ReadAction","target":["https:\/\/www.stonecity.cz\/de\/produkt\/zule-curb-garden-gold-ob\/"]}]},{"@type":"ImageObject","inLanguage":"de","@id":"https:\/\/www.stonecity.cz\/de\/produkt\/zule-curb-garden-gold-ob\/#primaryimage","url":"https:\/\/www.stonecity.cz\/wp-content\/uploads\/2024\/11\/IMG-20241029-WA0001.jpg","contentUrl":"https:\/\/www.stonecity.cz\/wp-content\/uploads\/2024\/11\/IMG-20241029-WA0001.jpg","width":1600,"height":739},{"@type":"BreadcrumbList","@id":"https:\/\/www.stonecity.cz\/de\/produkt\/zule-curb-garden-gold-ob\/#breadcrumb","itemListElement":[{"@type":"ListItem","position":1,"name":"Dom\u016f","item":"https:\/\/www.stonecity.cz\/de\/"},{"@type":"ListItem","position":2,"name":"Shop","item":"https:\/\/www.stonecity.cz\/de\/shop\/"},{"@type":"ListItem","position":3,"name":"Granit-Gartenbordstein ZL-OB"}]},{"@type":"WebSite","@id":"https:\/\/www.stonecity.cz\/de\/#website","url":"https:\/\/www.stonecity.cz\/de\/","name":"Stonecity.cz","description":"Dla\u017eba, obklady, um\u011bl\u00fd i p\u0159\u00edrodn\u00ed k\u00e1men","potentialAction":[{"@type":"SearchAction","target":{"@type":"EntryPoint","urlTemplate":"https:\/\/www.stonecity.cz\/de\/?s={search_term_string}"},"query-input":{"@type":"PropertyValueSpecification","valueRequired":true,"valueName":"search_term_string"}}],"inLanguage":"de"}]}},"_links":{"self":[{"href":"https:\/\/www.stonecity.cz\/de\/wp-json\/wp\/v2\/product\/18648","targetHints":{"allow":["GET"]}}],"collection":[{"href":"https:\/\/www.stonecity.cz\/de\/wp-json\/wp\/v2\/product"}],"about":[{"href":"https:\/\/www.stonecity.cz\/de\/wp-json\/wp\/v2\/types\/product"}],"wp:featuredmedia":[{"embeddable":true,"href":"https:\/\/www.stonecity.cz\/de\/wp-json\/wp\/v2\/media\/18660"}],"wp:attachment":[{"href":"https:\/\/www.stonecity.cz\/de\/wp-json\/wp\/v2\/media?parent=18648"}],"wp:term":[{"taxonomy":"product_cat","embeddable":true,"href":"https:\/\/www.stonecity.cz\/de\/wp-json\/wp\/v2\/product_cat?post=18648"},{"taxonomy":"product_tag","embeddable":true,"href":"https:\/\/www.stonecity.cz\/de\/wp-json\/wp\/v2\/product_tag?post=18648"}],"curies":[{"name":"wp","href":"https:\/\/api.w.org\/{rel}","templated":true}]}}