{"id":18736,"date":"2024-12-03T16:09:55","date_gmt":"2024-12-03T15:09:55","guid":{"rendered":"https:\/\/www.stonecity.cz\/?post_type=product&#038;p=18736"},"modified":"2025-03-07T11:05:49","modified_gmt":"2025-03-07T10:05:49","slug":"bella-night-antik-travertine-tr-76","status":"publish","type":"product","link":"https:\/\/www.stonecity.cz\/de\/produkt\/bella-night-antik-travertine-tr-76\/","title":{"rendered":"Stein rustikal Fliesen \/ Travertin Fliesen Bella Noce Antik TR-76"},"content":{"rendered":"<p>Travertin ist ein wundersch\u00f6ner Naturstein, der h\u00e4ufig im Innen- und Au\u00dfenbereich verwendet wird. Er ist bekannt f\u00fcr seine einzigartige Textur und sein warmes Aussehen. Die charakteristischen Poren (Kavernen) und Adern des Travertins verleihen ihm ein verspieltes und organisches Aussehen. Die Verwendung von Travertin in Ihrer Einrichtung verleiht Ihnen einen Hauch von Eleganz und nat\u00fcrlicher Sch\u00f6nheit.<br \/>\nGanz gleich, ob Sie sich f\u00fcr einen modernen oder klassischen Stil entscheiden, Travertin bietet unz\u00e4hlige M\u00f6glichkeiten, Ihrem Raum ein zeitloses und luxuri\u00f6ses Aussehen zu verleihen. Zusammenfassend l\u00e4sst sich sagen, dass Travertin ein vielseitiger und beeindruckender Naturstein ist, der eine stilvolle Erg\u00e4nzung f\u00fcr jeden Innen- oder Au\u00dfenbereich sein kann. Es kombiniert nat\u00fcrliche Sch\u00f6nheit mit Langlebigkeit und einfacher Pflege, was es zu einer beliebten Wahl f\u00fcr viele Kunden macht.<\/p>\n<p>Die Oberfl\u00e4che des Brettes wird gespachtelt &#8211; d.h. die sichtbaren Hohlr\u00e4ume werden aufgef\u00fcllt und die Oberfl\u00e4che vollst\u00e4ndig nachbearbeitet.<\/p>\n<p>Fliesenkanten &#8211; Pr\u00e4zisionsschnitt<\/p>\n<p>Travertinpflaster ist farbecht und frostbest\u00e4ndig. Nach der Impr\u00e4gnierung des Steins ist das Material resistent gegen \u00d6l oder andere Arten von Verschmutzung.<\/p>\n<p>Travertin ist ein luxuri\u00f6ses und sehr elegantes Material, das seit Jahrhunderten wegen seiner Eleganz, Haltbarkeit und Zeitlosigkeit in der Architektur und im Bauwesen verwendet wird.<\/p>\n<p>Oberfl\u00e4che: Kreuzschliff, gef\u00fcllt, poliert<\/p>\n<p>Verwendung: B\u00e4der, K\u00fcchen, Poolumgebung, Terrassen, Flure, Treppenh\u00e4user&#8230;<\/p>\n<p>Einfache Installation und minimale Wartung.<\/p>\n<p><em><strong><a href=\"https:\/\/www.stonecity.cz\/wp-content\/uploads\/2020\/05\/Certifikat-k-travertinu.pdf\">Zertifikat f\u00fcr Travertin<\/a><\/strong><\/em><\/p>\n<p>&nbsp;<\/p>\n","protected":false},"excerpt":{"rendered":"<p>Travertin ist ein wundersch\u00f6ner Naturstein, der h\u00e4ufig im Innen- und Au\u00dfenbereich verwendet wird. Er ist bekannt f\u00fcr seine einzigartige Textur und sein warmes Aussehen. Die charakteristischen Poren (Kavernen) und Adern des Travertins verleihen ihm ein verspieltes und organisches Aussehen. Die Verwendung von Travertin in Ihrer Einrichtung verleiht Ihnen einen Hauch von Eleganz und nat\u00fcrlicher Sch\u00f6nheit. [&#8230;]\n","protected":false},"featured_media":18749,"template":"","meta":[],"product_cat":[3268,2041,2033,2057,1917,1923,1951],"product_tag":[1833,1841,1835,1836,1840,1834],"class_list":{"0":"post-18736","1":"product","2":"type-product","3":"status-publish","4":"has-post-thumbnail","6":"product_cat-historische-und-rustikale-burgersteige","7":"product_cat-verblendsteine","8":"product_cat-naturstein-de","9":"product_cat-travertin-de-2","10":"product_cat-pflaster","11":"product_cat-naturstein","12":"product_cat-travertin-de","13":"product_tag-fur-den-ausenbereich-geeignet","14":"product_tag-fur-den-garten-geeignet-de","15":"product_tag-geeignet-fur-das-badezimmer","16":"product_tag-geeignet-fur-die-kuche","17":"product_tag-geeignet-fur-die-terrasse","18":"product_tag-geeignet-fur-innenraume","19":"pa_baleni-karton-075m2-3stuck","21":"first","22":"instock","23":"purchasable","24":"product-type-simple"},"yoast_head":"<!-- This site is optimized with the Yoast SEO plugin v26.8 - https:\/\/yoast.com\/product\/yoast-seo-wordpress\/ -->\n<title>Stein rustikal Fliesen \/ Travertin Fliesen Bella Noce Antik TR-76 - Stonecity.cz<\/title>\n<meta name=\"robots\" content=\"index, follow, max-snippet:-1, max-image-preview:large, max-video-preview:-1\" \/>\n<link rel=\"canonical\" href=\"https:\/\/www.stonecity.cz\/de\/produkt\/bella-night-antik-travertine-tr-76\/\" \/>\n<meta property=\"og:locale\" content=\"de_DE\" \/>\n<meta property=\"og:type\" content=\"article\" \/>\n<meta property=\"og:title\" content=\"Stein rustikal Fliesen \/ Travertin Fliesen Bella Noce Antik TR-76 - Stonecity.cz\" \/>\n<meta property=\"og:description\" content=\"Travertin ist ein wundersch\u00f6ner Naturstein, der h\u00e4ufig im Innen- und Au\u00dfenbereich verwendet wird. Er ist bekannt f\u00fcr seine einzigartige Textur und sein warmes Aussehen. Die charakteristischen Poren (Kavernen) und Adern des Travertins verleihen ihm ein verspieltes und organisches Aussehen. Die Verwendung von Travertin in Ihrer Einrichtung verleiht Ihnen einen Hauch von Eleganz und nat\u00fcrlicher Sch\u00f6nheit. [...]\" \/>\n<meta property=\"og:url\" content=\"https:\/\/www.stonecity.cz\/de\/produkt\/bella-night-antik-travertine-tr-76\/\" \/>\n<meta property=\"og:site_name\" content=\"Stonecity.cz\" \/>\n<meta property=\"article:modified_time\" content=\"2025-03-07T10:05:49+00:00\" \/>\n<meta property=\"og:image\" content=\"https:\/\/www.stonecity.cz\/wp-content\/uploads\/2024\/12\/produkt-foto-Bella-Noce-Antique-travertine-.jpg\" \/>\n\t<meta property=\"og:image:width\" content=\"1483\" \/>\n\t<meta property=\"og:image:height\" content=\"900\" \/>\n\t<meta property=\"og:image:type\" content=\"image\/jpeg\" \/>\n<meta name=\"twitter:card\" content=\"summary_large_image\" \/>\n<meta name=\"twitter:label1\" content=\"Gesch\u00e4tzte Lesezeit\" \/>\n\t<meta name=\"twitter:data1\" content=\"1\u00a0Minute\" \/>\n<script type=\"application\/ld+json\" class=\"yoast-schema-graph\">{\"@context\":\"https:\/\/schema.org\",\"@graph\":[{\"@type\":\"WebPage\",\"@id\":\"https:\/\/www.stonecity.cz\/de\/produkt\/bella-night-antik-travertine-tr-76\/\",\"url\":\"https:\/\/www.stonecity.cz\/de\/produkt\/bella-night-antik-travertine-tr-76\/\",\"name\":\"Stein rustikal Fliesen \/ Travertin Fliesen Bella Noce Antik TR-76 - Stonecity.cz\",\"isPartOf\":{\"@id\":\"https:\/\/www.stonecity.cz\/de\/#website\"},\"primaryImageOfPage\":{\"@id\":\"https:\/\/www.stonecity.cz\/de\/produkt\/bella-night-antik-travertine-tr-76\/#primaryimage\"},\"image\":{\"@id\":\"https:\/\/www.stonecity.cz\/de\/produkt\/bella-night-antik-travertine-tr-76\/#primaryimage\"},\"thumbnailUrl\":\"https:\/\/www.stonecity.cz\/wp-content\/uploads\/2024\/12\/produkt-foto-Bella-Noce-Antique-travertine-.jpg\",\"datePublished\":\"2024-12-03T15:09:55+00:00\",\"dateModified\":\"2025-03-07T10:05:49+00:00\",\"breadcrumb\":{\"@id\":\"https:\/\/www.stonecity.cz\/de\/produkt\/bella-night-antik-travertine-tr-76\/#breadcrumb\"},\"inLanguage\":\"de\",\"potentialAction\":[{\"@type\":\"ReadAction\",\"target\":[\"https:\/\/www.stonecity.cz\/de\/produkt\/bella-night-antik-travertine-tr-76\/\"]}]},{\"@type\":\"ImageObject\",\"inLanguage\":\"de\",\"@id\":\"https:\/\/www.stonecity.cz\/de\/produkt\/bella-night-antik-travertine-tr-76\/#primaryimage\",\"url\":\"https:\/\/www.stonecity.cz\/wp-content\/uploads\/2024\/12\/produkt-foto-Bella-Noce-Antique-travertine-.jpg\",\"contentUrl\":\"https:\/\/www.stonecity.cz\/wp-content\/uploads\/2024\/12\/produkt-foto-Bella-Noce-Antique-travertine-.jpg\",\"width\":1483,\"height\":900},{\"@type\":\"BreadcrumbList\",\"@id\":\"https:\/\/www.stonecity.cz\/de\/produkt\/bella-night-antik-travertine-tr-76\/#breadcrumb\",\"itemListElement\":[{\"@type\":\"ListItem\",\"position\":1,\"name\":\"Dom\u016f\",\"item\":\"https:\/\/www.stonecity.cz\/de\/\"},{\"@type\":\"ListItem\",\"position\":2,\"name\":\"Shop\",\"item\":\"https:\/\/www.stonecity.cz\/de\/shop\/\"},{\"@type\":\"ListItem\",\"position\":3,\"name\":\"Stein rustikal Fliesen \/ Travertin Fliesen Bella Noce Antik TR-76\"}]},{\"@type\":\"WebSite\",\"@id\":\"https:\/\/www.stonecity.cz\/de\/#website\",\"url\":\"https:\/\/www.stonecity.cz\/de\/\",\"name\":\"Stonecity.cz\",\"description\":\"Dla\u017eba, obklady, um\u011bl\u00fd i p\u0159\u00edrodn\u00ed k\u00e1men\",\"potentialAction\":[{\"@type\":\"SearchAction\",\"target\":{\"@type\":\"EntryPoint\",\"urlTemplate\":\"https:\/\/www.stonecity.cz\/de\/?s={search_term_string}\"},\"query-input\":{\"@type\":\"PropertyValueSpecification\",\"valueRequired\":true,\"valueName\":\"search_term_string\"}}],\"inLanguage\":\"de\"}]}<\/script>\n<!-- \/ Yoast SEO plugin. -->","yoast_head_json":{"title":"Stein rustikal Fliesen \/ Travertin Fliesen Bella Noce Antik TR-76 - Stonecity.cz","robots":{"index":"index","follow":"follow","max-snippet":"max-snippet:-1","max-image-preview":"max-image-preview:large","max-video-preview":"max-video-preview:-1"},"canonical":"https:\/\/www.stonecity.cz\/de\/produkt\/bella-night-antik-travertine-tr-76\/","og_locale":"de_DE","og_type":"article","og_title":"Stein rustikal Fliesen \/ Travertin Fliesen Bella Noce Antik TR-76 - Stonecity.cz","og_description":"Travertin ist ein wundersch\u00f6ner Naturstein, der h\u00e4ufig im Innen- und Au\u00dfenbereich verwendet wird. Er ist bekannt f\u00fcr seine einzigartige Textur und sein warmes Aussehen. Die charakteristischen Poren (Kavernen) und Adern des Travertins verleihen ihm ein verspieltes und organisches Aussehen. Die Verwendung von Travertin in Ihrer Einrichtung verleiht Ihnen einen Hauch von Eleganz und nat\u00fcrlicher Sch\u00f6nheit. [...]","og_url":"https:\/\/www.stonecity.cz\/de\/produkt\/bella-night-antik-travertine-tr-76\/","og_site_name":"Stonecity.cz","article_modified_time":"2025-03-07T10:05:49+00:00","og_image":[{"width":1483,"height":900,"url":"https:\/\/www.stonecity.cz\/wp-content\/uploads\/2024\/12\/produkt-foto-Bella-Noce-Antique-travertine-.jpg","type":"image\/jpeg"}],"twitter_card":"summary_large_image","twitter_misc":{"Gesch\u00e4tzte Lesezeit":"1\u00a0Minute"},"schema":{"@context":"https:\/\/schema.org","@graph":[{"@type":"WebPage","@id":"https:\/\/www.stonecity.cz\/de\/produkt\/bella-night-antik-travertine-tr-76\/","url":"https:\/\/www.stonecity.cz\/de\/produkt\/bella-night-antik-travertine-tr-76\/","name":"Stein rustikal Fliesen \/ Travertin Fliesen Bella Noce Antik TR-76 - Stonecity.cz","isPartOf":{"@id":"https:\/\/www.stonecity.cz\/de\/#website"},"primaryImageOfPage":{"@id":"https:\/\/www.stonecity.cz\/de\/produkt\/bella-night-antik-travertine-tr-76\/#primaryimage"},"image":{"@id":"https:\/\/www.stonecity.cz\/de\/produkt\/bella-night-antik-travertine-tr-76\/#primaryimage"},"thumbnailUrl":"https:\/\/www.stonecity.cz\/wp-content\/uploads\/2024\/12\/produkt-foto-Bella-Noce-Antique-travertine-.jpg","datePublished":"2024-12-03T15:09:55+00:00","dateModified":"2025-03-07T10:05:49+00:00","breadcrumb":{"@id":"https:\/\/www.stonecity.cz\/de\/produkt\/bella-night-antik-travertine-tr-76\/#breadcrumb"},"inLanguage":"de","potentialAction":[{"@type":"ReadAction","target":["https:\/\/www.stonecity.cz\/de\/produkt\/bella-night-antik-travertine-tr-76\/"]}]},{"@type":"ImageObject","inLanguage":"de","@id":"https:\/\/www.stonecity.cz\/de\/produkt\/bella-night-antik-travertine-tr-76\/#primaryimage","url":"https:\/\/www.stonecity.cz\/wp-content\/uploads\/2024\/12\/produkt-foto-Bella-Noce-Antique-travertine-.jpg","contentUrl":"https:\/\/www.stonecity.cz\/wp-content\/uploads\/2024\/12\/produkt-foto-Bella-Noce-Antique-travertine-.jpg","width":1483,"height":900},{"@type":"BreadcrumbList","@id":"https:\/\/www.stonecity.cz\/de\/produkt\/bella-night-antik-travertine-tr-76\/#breadcrumb","itemListElement":[{"@type":"ListItem","position":1,"name":"Dom\u016f","item":"https:\/\/www.stonecity.cz\/de\/"},{"@type":"ListItem","position":2,"name":"Shop","item":"https:\/\/www.stonecity.cz\/de\/shop\/"},{"@type":"ListItem","position":3,"name":"Stein rustikal Fliesen \/ Travertin Fliesen Bella Noce Antik TR-76"}]},{"@type":"WebSite","@id":"https:\/\/www.stonecity.cz\/de\/#website","url":"https:\/\/www.stonecity.cz\/de\/","name":"Stonecity.cz","description":"Dla\u017eba, obklady, um\u011bl\u00fd i p\u0159\u00edrodn\u00ed k\u00e1men","potentialAction":[{"@type":"SearchAction","target":{"@type":"EntryPoint","urlTemplate":"https:\/\/www.stonecity.cz\/de\/?s={search_term_string}"},"query-input":{"@type":"PropertyValueSpecification","valueRequired":true,"valueName":"search_term_string"}}],"inLanguage":"de"}]}},"_links":{"self":[{"href":"https:\/\/www.stonecity.cz\/de\/wp-json\/wp\/v2\/product\/18736","targetHints":{"allow":["GET"]}}],"collection":[{"href":"https:\/\/www.stonecity.cz\/de\/wp-json\/wp\/v2\/product"}],"about":[{"href":"https:\/\/www.stonecity.cz\/de\/wp-json\/wp\/v2\/types\/product"}],"wp:featuredmedia":[{"embeddable":true,"href":"https:\/\/www.stonecity.cz\/de\/wp-json\/wp\/v2\/media\/18749"}],"wp:attachment":[{"href":"https:\/\/www.stonecity.cz\/de\/wp-json\/wp\/v2\/media?parent=18736"}],"wp:term":[{"taxonomy":"product_cat","embeddable":true,"href":"https:\/\/www.stonecity.cz\/de\/wp-json\/wp\/v2\/product_cat?post=18736"},{"taxonomy":"product_tag","embeddable":true,"href":"https:\/\/www.stonecity.cz\/de\/wp-json\/wp\/v2\/product_tag?post=18736"}],"curies":[{"name":"wp","href":"https:\/\/api.w.org\/{rel}","templated":true}]}}