{"id":18891,"date":"2025-02-05T13:40:16","date_gmt":"2025-02-05T12:40:16","guid":{"rendered":"https:\/\/www.stonecity.cz\/?post_type=product&#038;p=18891"},"modified":"2025-03-07T12:10:04","modified_gmt":"2025-03-07T11:10:04","slug":"travertin-ravenna-antico-tr-04-kopirovat","status":"publish","type":"product","link":"https:\/\/www.stonecity.cz\/de\/produkt\/travertin-ravenna-antico-tr-04-kopirovat\/","title":{"rendered":"Steinverkleidungen \/ Travertinfliesen Ravenna Antico TR-06"},"content":{"rendered":"<p>Travertin ist ein wundersch\u00f6ner Naturstein, der h\u00e4ufig im Innen- und Au\u00dfenbereich verwendet wird. Er ist bekannt f\u00fcr seine einzigartige Textur und sein warmes Aussehen. Die charakteristischen Poren (Kavernen) und Adern des Travertins verleihen ihm ein verspieltes und organisches Aussehen. Die Verwendung von Travertin in Ihrer Einrichtung verleiht Ihnen einen Hauch von Eleganz und nat\u00fcrlicher Sch\u00f6nheit.<br \/>\nGanz gleich, ob Sie sich f\u00fcr einen modernen oder klassischen Stil entscheiden, Travertin bietet unz\u00e4hlige M\u00f6glichkeiten, Ihrem Raum ein zeitloses und luxuri\u00f6ses Aussehen zu verleihen. Zusammenfassend l\u00e4sst sich sagen, dass Travertin ein vielseitiger und beeindruckender Naturstein ist, der eine stilvolle Erg\u00e4nzung f\u00fcr jeden Innen- oder Au\u00dfenbereich sein kann. Es kombiniert nat\u00fcrliche Sch\u00f6nheit mit Langlebigkeit und einfacher Pflege, was es zu einer beliebten Wahl f\u00fcr viele Kunden macht.<\/p>\n<p>Travertin Ravenna Antico<\/p>\n<p>Travertinfliesen in cremefarbenen T\u00f6nen mit rustikalem Touch. Travertin ist sehr praktisch in der Pflege und beh\u00e4lt dank seiner Textur immer ein sauberes Aussehen. Dieses Modell ist als Fliese f\u00fcr den Au\u00dfenbereich geeignet.<\/p>\n<p>Innenfliesen &#8211; Dicke 1 cm<\/p>\n<p>Oberfl\u00e4che: gef\u00fcllt, quergeschnitten, geschnittene Kanten<\/p>\n<p>Verwendung: B\u00e4der, K\u00fcchen, Poolumgebung, Terrassen, Flure, Treppenh\u00e4user&#8230;<\/p>\n<p>Einfache Installation und minimale Wartung.<\/p>\n<p><em><strong><a href=\"https:\/\/www.stonecity.cz\/wp-content\/uploads\/2020\/05\/Certifikat-k-travertinu.pdf\">Zertifikat f\u00fcr Travertin<\/a><\/strong><\/em><\/p>\n","protected":false},"excerpt":{"rendered":"<p>Travertin ist ein wundersch\u00f6ner Naturstein, der h\u00e4ufig im Innen- und Au\u00dfenbereich verwendet wird. Er ist bekannt f\u00fcr seine einzigartige Textur und sein warmes Aussehen. Die charakteristischen Poren (Kavernen) und Adern des Travertins verleihen ihm ein verspieltes und organisches Aussehen. Die Verwendung von Travertin in Ihrer Einrichtung verleiht Ihnen einen Hauch von Eleganz und nat\u00fcrlicher Sch\u00f6nheit. [&#8230;]\n","protected":false},"featured_media":18912,"template":"","meta":[],"product_cat":[2041,2033,2057,1917,1923,1951],"product_tag":[1830,1833,1841,1835,1836,1840,1834],"class_list":{"0":"post-18891","1":"product","2":"type-product","3":"status-publish","4":"has-post-thumbnail","6":"product_cat-verblendsteine","7":"product_cat-naturstein-de","8":"product_cat-travertin-de-2","9":"product_cat-pflaster","10":"product_cat-naturstein","11":"product_cat-travertin-de","12":"product_tag-fassadenverkleidung","13":"product_tag-fur-den-ausenbereich-geeignet","14":"product_tag-fur-den-garten-geeignet-de","15":"product_tag-geeignet-fur-das-badezimmer","16":"product_tag-geeignet-fur-die-kuche","17":"product_tag-geeignet-fur-die-terrasse","18":"product_tag-geeignet-fur-innenraume","19":"pa_baleni-schachtel-048m2","20":"pa_baleni-schachtel-mit-60-schachteln","22":"first","23":"instock","24":"purchasable","25":"product-type-simple"},"yoast_head":"<!-- This site is optimized with the Yoast SEO plugin v26.8 - https:\/\/yoast.com\/product\/yoast-seo-wordpress\/ -->\n<title>Steinverkleidungen \/ Travertinfliesen Ravenna Antico TR-06 - Stonecity.cz<\/title>\n<meta name=\"robots\" content=\"index, follow, max-snippet:-1, max-image-preview:large, max-video-preview:-1\" \/>\n<link rel=\"canonical\" href=\"https:\/\/www.stonecity.cz\/de\/produkt\/travertin-ravenna-antico-tr-04-kopirovat\/\" \/>\n<meta property=\"og:locale\" content=\"de_DE\" \/>\n<meta property=\"og:type\" content=\"article\" \/>\n<meta property=\"og:title\" content=\"Steinverkleidungen \/ Travertinfliesen Ravenna Antico TR-06 - Stonecity.cz\" \/>\n<meta property=\"og:description\" content=\"Travertin ist ein wundersch\u00f6ner Naturstein, der h\u00e4ufig im Innen- und Au\u00dfenbereich verwendet wird. Er ist bekannt f\u00fcr seine einzigartige Textur und sein warmes Aussehen. Die charakteristischen Poren (Kavernen) und Adern des Travertins verleihen ihm ein verspieltes und organisches Aussehen. Die Verwendung von Travertin in Ihrer Einrichtung verleiht Ihnen einen Hauch von Eleganz und nat\u00fcrlicher Sch\u00f6nheit. [...]\" \/>\n<meta property=\"og:url\" content=\"https:\/\/www.stonecity.cz\/de\/produkt\/travertin-ravenna-antico-tr-04-kopirovat\/\" \/>\n<meta property=\"og:site_name\" content=\"Stonecity.cz\" \/>\n<meta property=\"article:modified_time\" content=\"2025-03-07T11:10:04+00:00\" \/>\n<meta property=\"og:image\" content=\"https:\/\/www.stonecity.cz\/wp-content\/uploads\/2025\/02\/37-PiccoliTiles01-1082x800.jpg\" \/>\n\t<meta property=\"og:image:width\" content=\"1082\" \/>\n\t<meta property=\"og:image:height\" content=\"800\" \/>\n\t<meta property=\"og:image:type\" content=\"image\/jpeg\" \/>\n<meta name=\"twitter:card\" content=\"summary_large_image\" \/>\n<meta name=\"twitter:label1\" content=\"Gesch\u00e4tzte Lesezeit\" \/>\n\t<meta name=\"twitter:data1\" content=\"1\u00a0Minute\" \/>\n<script type=\"application\/ld+json\" class=\"yoast-schema-graph\">{\"@context\":\"https:\/\/schema.org\",\"@graph\":[{\"@type\":\"WebPage\",\"@id\":\"https:\/\/www.stonecity.cz\/de\/produkt\/travertin-ravenna-antico-tr-04-kopirovat\/\",\"url\":\"https:\/\/www.stonecity.cz\/de\/produkt\/travertin-ravenna-antico-tr-04-kopirovat\/\",\"name\":\"Steinverkleidungen \/ Travertinfliesen Ravenna Antico TR-06 - Stonecity.cz\",\"isPartOf\":{\"@id\":\"https:\/\/www.stonecity.cz\/de\/#website\"},\"primaryImageOfPage\":{\"@id\":\"https:\/\/www.stonecity.cz\/de\/produkt\/travertin-ravenna-antico-tr-04-kopirovat\/#primaryimage\"},\"image\":{\"@id\":\"https:\/\/www.stonecity.cz\/de\/produkt\/travertin-ravenna-antico-tr-04-kopirovat\/#primaryimage\"},\"thumbnailUrl\":\"https:\/\/www.stonecity.cz\/wp-content\/uploads\/2025\/02\/37-PiccoliTiles01-scaled.jpg\",\"datePublished\":\"2025-02-05T12:40:16+00:00\",\"dateModified\":\"2025-03-07T11:10:04+00:00\",\"breadcrumb\":{\"@id\":\"https:\/\/www.stonecity.cz\/de\/produkt\/travertin-ravenna-antico-tr-04-kopirovat\/#breadcrumb\"},\"inLanguage\":\"de\",\"potentialAction\":[{\"@type\":\"ReadAction\",\"target\":[\"https:\/\/www.stonecity.cz\/de\/produkt\/travertin-ravenna-antico-tr-04-kopirovat\/\"]}]},{\"@type\":\"ImageObject\",\"inLanguage\":\"de\",\"@id\":\"https:\/\/www.stonecity.cz\/de\/produkt\/travertin-ravenna-antico-tr-04-kopirovat\/#primaryimage\",\"url\":\"https:\/\/www.stonecity.cz\/wp-content\/uploads\/2025\/02\/37-PiccoliTiles01-scaled.jpg\",\"contentUrl\":\"https:\/\/www.stonecity.cz\/wp-content\/uploads\/2025\/02\/37-PiccoliTiles01-scaled.jpg\",\"width\":2560,\"height\":1893},{\"@type\":\"BreadcrumbList\",\"@id\":\"https:\/\/www.stonecity.cz\/de\/produkt\/travertin-ravenna-antico-tr-04-kopirovat\/#breadcrumb\",\"itemListElement\":[{\"@type\":\"ListItem\",\"position\":1,\"name\":\"Dom\u016f\",\"item\":\"https:\/\/www.stonecity.cz\/de\/\"},{\"@type\":\"ListItem\",\"position\":2,\"name\":\"Shop\",\"item\":\"https:\/\/www.stonecity.cz\/de\/shop\/\"},{\"@type\":\"ListItem\",\"position\":3,\"name\":\"Steinverkleidungen \/ Travertinfliesen Ravenna Antico TR-06\"}]},{\"@type\":\"WebSite\",\"@id\":\"https:\/\/www.stonecity.cz\/de\/#website\",\"url\":\"https:\/\/www.stonecity.cz\/de\/\",\"name\":\"Stonecity.cz\",\"description\":\"Dla\u017eba, obklady, um\u011bl\u00fd i p\u0159\u00edrodn\u00ed k\u00e1men\",\"potentialAction\":[{\"@type\":\"SearchAction\",\"target\":{\"@type\":\"EntryPoint\",\"urlTemplate\":\"https:\/\/www.stonecity.cz\/de\/?s={search_term_string}\"},\"query-input\":{\"@type\":\"PropertyValueSpecification\",\"valueRequired\":true,\"valueName\":\"search_term_string\"}}],\"inLanguage\":\"de\"}]}<\/script>\n<!-- \/ Yoast SEO plugin. -->","yoast_head_json":{"title":"Steinverkleidungen \/ Travertinfliesen Ravenna Antico TR-06 - Stonecity.cz","robots":{"index":"index","follow":"follow","max-snippet":"max-snippet:-1","max-image-preview":"max-image-preview:large","max-video-preview":"max-video-preview:-1"},"canonical":"https:\/\/www.stonecity.cz\/de\/produkt\/travertin-ravenna-antico-tr-04-kopirovat\/","og_locale":"de_DE","og_type":"article","og_title":"Steinverkleidungen \/ Travertinfliesen Ravenna Antico TR-06 - Stonecity.cz","og_description":"Travertin ist ein wundersch\u00f6ner Naturstein, der h\u00e4ufig im Innen- und Au\u00dfenbereich verwendet wird. Er ist bekannt f\u00fcr seine einzigartige Textur und sein warmes Aussehen. Die charakteristischen Poren (Kavernen) und Adern des Travertins verleihen ihm ein verspieltes und organisches Aussehen. Die Verwendung von Travertin in Ihrer Einrichtung verleiht Ihnen einen Hauch von Eleganz und nat\u00fcrlicher Sch\u00f6nheit. [...]","og_url":"https:\/\/www.stonecity.cz\/de\/produkt\/travertin-ravenna-antico-tr-04-kopirovat\/","og_site_name":"Stonecity.cz","article_modified_time":"2025-03-07T11:10:04+00:00","og_image":[{"width":1082,"height":800,"url":"https:\/\/www.stonecity.cz\/wp-content\/uploads\/2025\/02\/37-PiccoliTiles01-1082x800.jpg","type":"image\/jpeg"}],"twitter_card":"summary_large_image","twitter_misc":{"Gesch\u00e4tzte Lesezeit":"1\u00a0Minute"},"schema":{"@context":"https:\/\/schema.org","@graph":[{"@type":"WebPage","@id":"https:\/\/www.stonecity.cz\/de\/produkt\/travertin-ravenna-antico-tr-04-kopirovat\/","url":"https:\/\/www.stonecity.cz\/de\/produkt\/travertin-ravenna-antico-tr-04-kopirovat\/","name":"Steinverkleidungen \/ Travertinfliesen Ravenna Antico TR-06 - Stonecity.cz","isPartOf":{"@id":"https:\/\/www.stonecity.cz\/de\/#website"},"primaryImageOfPage":{"@id":"https:\/\/www.stonecity.cz\/de\/produkt\/travertin-ravenna-antico-tr-04-kopirovat\/#primaryimage"},"image":{"@id":"https:\/\/www.stonecity.cz\/de\/produkt\/travertin-ravenna-antico-tr-04-kopirovat\/#primaryimage"},"thumbnailUrl":"https:\/\/www.stonecity.cz\/wp-content\/uploads\/2025\/02\/37-PiccoliTiles01-scaled.jpg","datePublished":"2025-02-05T12:40:16+00:00","dateModified":"2025-03-07T11:10:04+00:00","breadcrumb":{"@id":"https:\/\/www.stonecity.cz\/de\/produkt\/travertin-ravenna-antico-tr-04-kopirovat\/#breadcrumb"},"inLanguage":"de","potentialAction":[{"@type":"ReadAction","target":["https:\/\/www.stonecity.cz\/de\/produkt\/travertin-ravenna-antico-tr-04-kopirovat\/"]}]},{"@type":"ImageObject","inLanguage":"de","@id":"https:\/\/www.stonecity.cz\/de\/produkt\/travertin-ravenna-antico-tr-04-kopirovat\/#primaryimage","url":"https:\/\/www.stonecity.cz\/wp-content\/uploads\/2025\/02\/37-PiccoliTiles01-scaled.jpg","contentUrl":"https:\/\/www.stonecity.cz\/wp-content\/uploads\/2025\/02\/37-PiccoliTiles01-scaled.jpg","width":2560,"height":1893},{"@type":"BreadcrumbList","@id":"https:\/\/www.stonecity.cz\/de\/produkt\/travertin-ravenna-antico-tr-04-kopirovat\/#breadcrumb","itemListElement":[{"@type":"ListItem","position":1,"name":"Dom\u016f","item":"https:\/\/www.stonecity.cz\/de\/"},{"@type":"ListItem","position":2,"name":"Shop","item":"https:\/\/www.stonecity.cz\/de\/shop\/"},{"@type":"ListItem","position":3,"name":"Steinverkleidungen \/ Travertinfliesen Ravenna Antico TR-06"}]},{"@type":"WebSite","@id":"https:\/\/www.stonecity.cz\/de\/#website","url":"https:\/\/www.stonecity.cz\/de\/","name":"Stonecity.cz","description":"Dla\u017eba, obklady, um\u011bl\u00fd i p\u0159\u00edrodn\u00ed k\u00e1men","potentialAction":[{"@type":"SearchAction","target":{"@type":"EntryPoint","urlTemplate":"https:\/\/www.stonecity.cz\/de\/?s={search_term_string}"},"query-input":{"@type":"PropertyValueSpecification","valueRequired":true,"valueName":"search_term_string"}}],"inLanguage":"de"}]}},"_links":{"self":[{"href":"https:\/\/www.stonecity.cz\/de\/wp-json\/wp\/v2\/product\/18891","targetHints":{"allow":["GET"]}}],"collection":[{"href":"https:\/\/www.stonecity.cz\/de\/wp-json\/wp\/v2\/product"}],"about":[{"href":"https:\/\/www.stonecity.cz\/de\/wp-json\/wp\/v2\/types\/product"}],"wp:featuredmedia":[{"embeddable":true,"href":"https:\/\/www.stonecity.cz\/de\/wp-json\/wp\/v2\/media\/18912"}],"wp:attachment":[{"href":"https:\/\/www.stonecity.cz\/de\/wp-json\/wp\/v2\/media?parent=18891"}],"wp:term":[{"taxonomy":"product_cat","embeddable":true,"href":"https:\/\/www.stonecity.cz\/de\/wp-json\/wp\/v2\/product_cat?post=18891"},{"taxonomy":"product_tag","embeddable":true,"href":"https:\/\/www.stonecity.cz\/de\/wp-json\/wp\/v2\/product_tag?post=18891"}],"curies":[{"name":"wp","href":"https:\/\/api.w.org\/{rel}","templated":true}]}}