{"id":18921,"date":"2025-02-05T14:43:59","date_gmt":"2025-02-05T13:43:59","guid":{"rendered":"https:\/\/www.stonecity.cz\/?post_type=product&#038;p=18921"},"modified":"2025-03-07T11:05:14","modified_gmt":"2025-03-07T10:05:14","slug":"pflastersteine-aus-granit-gr-54-kopirovat","status":"publish","type":"product","link":"https:\/\/www.stonecity.cz\/de\/produkt\/pflastersteine-aus-granit-gr-54-kopirovat\/","title":{"rendered":"Historische rustikale Fliesen \/ Fliesen GENT &#8211; GR-09-POR"},"content":{"rendered":"<p>Einzigartiges Granit- und Porphyrpflaster aus originalen alten Steinbruchw\u00fcrfeln, die auf der Kontaktunterseite gereinigt und geschnitten werden.<\/p>\n<p>So entsteht ein originelles, vielseitiges Pflaster, das eine einzigartige und unverwechselbare Atmosph\u00e4re alter Zeiten vermittelt oder als Kontrast die zeitgen\u00f6ssische moderne Architektur aufwertet.<\/p>\n<p>Das Pflaster kann sowohl im Innen- als auch im Au\u00dfenbereich mit M\u00f6rtelbett oder Klebem\u00f6rtel verwendet werden, wo kein Platz f\u00fcr die traditionellen gro\u00dfen W\u00fcrfel ist.<\/p>\n<p>Unendliche Haltbarkeit, brutale Widerstandsf\u00e4higkeit, unbegrenzte Zeitlosigkeit, vielseitige Verwendbarkeit.<\/p>\n<p>&nbsp;<\/p>\n<div style=\"width: 480px;\" class=\"wp-video\"><!--[if lt IE 9]><script>document.createElement('video');<\/script><![endif]-->\n<video class=\"wp-video-shortcode\" id=\"video-18921-1\" width=\"480\" height=\"848\" preload=\"metadata\" controls=\"controls\"><source type=\"video\/mp4\" src=\"https:\/\/www.stonecity.cz\/wp-content\/uploads\/2025\/02\/VID-20250205-WA0001.mp4?_=1\" \/><a href=\"https:\/\/www.stonecity.cz\/wp-content\/uploads\/2025\/02\/VID-20250205-WA0001.mp4\">https:\/\/www.stonecity.cz\/wp-content\/uploads\/2025\/02\/VID-20250205-WA0001.mp4<\/a><\/video><\/div>\n<div style=\"width: 480px;\" class=\"wp-video\"><video class=\"wp-video-shortcode\" id=\"video-18921-2\" width=\"480\" height=\"848\" preload=\"metadata\" controls=\"controls\"><source type=\"video\/mp4\" src=\"https:\/\/www.stonecity.cz\/wp-content\/uploads\/2025\/02\/VID-20250205-WA0002.mp4?_=2\" \/><a href=\"https:\/\/www.stonecity.cz\/wp-content\/uploads\/2025\/02\/VID-20250205-WA0002.mp4\">https:\/\/www.stonecity.cz\/wp-content\/uploads\/2025\/02\/VID-20250205-WA0002.mp4<\/a><\/video><\/div>\n<div style=\"width: 480px;\" class=\"wp-video\"><video class=\"wp-video-shortcode\" id=\"video-18921-3\" width=\"480\" height=\"704\" preload=\"metadata\" controls=\"controls\"><source type=\"video\/mp4\" src=\"https:\/\/www.stonecity.cz\/wp-content\/uploads\/2025\/02\/VID-20250205-WA0003.mp4?_=3\" \/><a href=\"https:\/\/www.stonecity.cz\/wp-content\/uploads\/2025\/02\/VID-20250205-WA0003.mp4\">https:\/\/www.stonecity.cz\/wp-content\/uploads\/2025\/02\/VID-20250205-WA0003.mp4<\/a><\/video><\/div>\n","protected":false},"excerpt":{"rendered":"<div style=\"width: 480px;\" class=\"wp-video\"><video class=\"wp-video-shortcode\" id=\"video-18921-4\" width=\"480\" height=\"848\" preload=\"metadata\" controls=\"controls\"><source type=\"video\/mp4\" src=\"https:\/\/www.stonecity.cz\/wp-content\/uploads\/2025\/02\/VID-20250205-WA0001.mp4?_=4\" \/><a href=\"https:\/\/www.stonecity.cz\/wp-content\/uploads\/2025\/02\/VID-20250205-WA0001.mp4\">https:\/\/www.stonecity.cz\/wp-content\/uploads\/2025\/02\/VID-20250205-WA0001.mp4<\/a><\/video><\/div>\n<div style=\"width: 480px;\" class=\"wp-video\"><video class=\"wp-video-shortcode\" id=\"video-18921-5\" width=\"480\" height=\"848\" preload=\"metadata\" controls=\"controls\"><source type=\"video\/mp4\" src=\"https:\/\/www.stonecity.cz\/wp-content\/uploads\/2025\/02\/VID-20250205-WA0002.mp4?_=5\" \/><a href=\"https:\/\/www.stonecity.cz\/wp-content\/uploads\/2025\/02\/VID-20250205-WA0002.mp4\">https:\/\/www.stonecity.cz\/wp-content\/uploads\/2025\/02\/VID-20250205-WA0002.mp4<\/a><\/video><\/div>\n<div style=\"width: 480px;\" class=\"wp-video\"><video class=\"wp-video-shortcode\" id=\"video-18921-6\" width=\"480\" height=\"704\" preload=\"metadata\" controls=\"controls\"><source type=\"video\/mp4\" src=\"https:\/\/www.stonecity.cz\/wp-content\/uploads\/2025\/02\/VID-20250205-WA0003.mp4?_=6\" \/><a href=\"https:\/\/www.stonecity.cz\/wp-content\/uploads\/2025\/02\/VID-20250205-WA0003.mp4\">https:\/\/www.stonecity.cz\/wp-content\/uploads\/2025\/02\/VID-20250205-WA0003.mp4<\/a><\/video><\/div>\n","protected":false},"featured_media":18934,"template":"","meta":[],"product_cat":[3268,2041,2033,2051,2053,1917,1923,1945,1947],"product_tag":[1833,1835,1840,1834],"class_list":{"0":"post-18921","1":"product","2":"type-product","3":"status-publish","4":"has-post-thumbnail","6":"product_cat-historische-und-rustikale-burgersteige","7":"product_cat-verblendsteine","8":"product_cat-naturstein-de","9":"product_cat-granit-de","10":"product_cat-porphyr-de","11":"product_cat-pflaster","12":"product_cat-naturstein","13":"product_cat-granit","14":"product_cat-porphyr","15":"product_tag-fur-den-ausenbereich-geeignet","16":"product_tag-geeignet-fur-das-badezimmer","17":"product_tag-geeignet-fur-die-terrasse","18":"product_tag-geeignet-fur-innenraume","19":"pa_baleni-holzkiste-125m2","20":"pa_barva-grau-de","22":"first","23":"onbackorder","24":"purchasable","25":"product-type-simple"},"yoast_head":"<!-- This site is optimized with the Yoast SEO plugin v26.8 - https:\/\/yoast.com\/product\/yoast-seo-wordpress\/ -->\n<title>Historische rustikale Fliesen \/ Fliesen GENT - GR-09-POR - Stonecity.cz<\/title>\n<meta name=\"robots\" content=\"index, follow, max-snippet:-1, max-image-preview:large, max-video-preview:-1\" \/>\n<link rel=\"canonical\" href=\"https:\/\/www.stonecity.cz\/de\/produkt\/pflastersteine-aus-granit-gr-54-kopirovat\/\" \/>\n<meta property=\"og:locale\" content=\"de_DE\" \/>\n<meta property=\"og:type\" content=\"article\" \/>\n<meta property=\"og:title\" content=\"Historische rustikale Fliesen \/ Fliesen GENT - GR-09-POR - Stonecity.cz\" \/>\n<meta property=\"og:url\" content=\"https:\/\/www.stonecity.cz\/de\/produkt\/pflastersteine-aus-granit-gr-54-kopirovat\/\" \/>\n<meta property=\"og:site_name\" content=\"Stonecity.cz\" \/>\n<meta property=\"article:modified_time\" content=\"2025-03-07T10:05:14+00:00\" \/>\n<meta property=\"og:image\" content=\"https:\/\/www.stonecity.cz\/wp-content\/uploads\/2025\/02\/IMG_9914-1067x800.jpg\" \/>\n\t<meta property=\"og:image:width\" content=\"1067\" \/>\n\t<meta property=\"og:image:height\" content=\"800\" \/>\n\t<meta property=\"og:image:type\" content=\"image\/jpeg\" \/>\n<meta name=\"twitter:card\" content=\"summary_large_image\" \/>\n<meta name=\"twitter:label1\" content=\"Gesch\u00e4tzte Lesezeit\" \/>\n\t<meta name=\"twitter:data1\" content=\"1\u00a0Minute\" \/>\n<script type=\"application\/ld+json\" class=\"yoast-schema-graph\">{\"@context\":\"https:\/\/schema.org\",\"@graph\":[{\"@type\":\"WebPage\",\"@id\":\"https:\/\/www.stonecity.cz\/de\/produkt\/pflastersteine-aus-granit-gr-54-kopirovat\/\",\"url\":\"https:\/\/www.stonecity.cz\/de\/produkt\/pflastersteine-aus-granit-gr-54-kopirovat\/\",\"name\":\"Historische rustikale Fliesen \/ Fliesen GENT - GR-09-POR - Stonecity.cz\",\"isPartOf\":{\"@id\":\"https:\/\/www.stonecity.cz\/de\/#website\"},\"primaryImageOfPage\":{\"@id\":\"https:\/\/www.stonecity.cz\/de\/produkt\/pflastersteine-aus-granit-gr-54-kopirovat\/#primaryimage\"},\"image\":{\"@id\":\"https:\/\/www.stonecity.cz\/de\/produkt\/pflastersteine-aus-granit-gr-54-kopirovat\/#primaryimage\"},\"thumbnailUrl\":\"https:\/\/www.stonecity.cz\/wp-content\/uploads\/2025\/02\/IMG_9914.jpg\",\"datePublished\":\"2025-02-05T13:43:59+00:00\",\"dateModified\":\"2025-03-07T10:05:14+00:00\",\"breadcrumb\":{\"@id\":\"https:\/\/www.stonecity.cz\/de\/produkt\/pflastersteine-aus-granit-gr-54-kopirovat\/#breadcrumb\"},\"inLanguage\":\"de\",\"potentialAction\":[{\"@type\":\"ReadAction\",\"target\":[\"https:\/\/www.stonecity.cz\/de\/produkt\/pflastersteine-aus-granit-gr-54-kopirovat\/\"]}]},{\"@type\":\"ImageObject\",\"inLanguage\":\"de\",\"@id\":\"https:\/\/www.stonecity.cz\/de\/produkt\/pflastersteine-aus-granit-gr-54-kopirovat\/#primaryimage\",\"url\":\"https:\/\/www.stonecity.cz\/wp-content\/uploads\/2025\/02\/IMG_9914.jpg\",\"contentUrl\":\"https:\/\/www.stonecity.cz\/wp-content\/uploads\/2025\/02\/IMG_9914.jpg\",\"width\":2016,\"height\":1512},{\"@type\":\"BreadcrumbList\",\"@id\":\"https:\/\/www.stonecity.cz\/de\/produkt\/pflastersteine-aus-granit-gr-54-kopirovat\/#breadcrumb\",\"itemListElement\":[{\"@type\":\"ListItem\",\"position\":1,\"name\":\"Dom\u016f\",\"item\":\"https:\/\/www.stonecity.cz\/de\/\"},{\"@type\":\"ListItem\",\"position\":2,\"name\":\"Shop\",\"item\":\"https:\/\/www.stonecity.cz\/de\/shop\/\"},{\"@type\":\"ListItem\",\"position\":3,\"name\":\"Historische rustikale Fliesen \/ Fliesen GENT &#8211; GR-09-POR\"}]},{\"@type\":\"WebSite\",\"@id\":\"https:\/\/www.stonecity.cz\/de\/#website\",\"url\":\"https:\/\/www.stonecity.cz\/de\/\",\"name\":\"Stonecity.cz\",\"description\":\"Dla\u017eba, obklady, um\u011bl\u00fd i p\u0159\u00edrodn\u00ed k\u00e1men\",\"potentialAction\":[{\"@type\":\"SearchAction\",\"target\":{\"@type\":\"EntryPoint\",\"urlTemplate\":\"https:\/\/www.stonecity.cz\/de\/?s={search_term_string}\"},\"query-input\":{\"@type\":\"PropertyValueSpecification\",\"valueRequired\":true,\"valueName\":\"search_term_string\"}}],\"inLanguage\":\"de\"}]}<\/script>\n<!-- \/ Yoast SEO plugin. -->","yoast_head_json":{"title":"Historische rustikale Fliesen \/ Fliesen GENT - GR-09-POR - Stonecity.cz","robots":{"index":"index","follow":"follow","max-snippet":"max-snippet:-1","max-image-preview":"max-image-preview:large","max-video-preview":"max-video-preview:-1"},"canonical":"https:\/\/www.stonecity.cz\/de\/produkt\/pflastersteine-aus-granit-gr-54-kopirovat\/","og_locale":"de_DE","og_type":"article","og_title":"Historische rustikale Fliesen \/ Fliesen GENT - GR-09-POR - Stonecity.cz","og_url":"https:\/\/www.stonecity.cz\/de\/produkt\/pflastersteine-aus-granit-gr-54-kopirovat\/","og_site_name":"Stonecity.cz","article_modified_time":"2025-03-07T10:05:14+00:00","og_image":[{"width":1067,"height":800,"url":"https:\/\/www.stonecity.cz\/wp-content\/uploads\/2025\/02\/IMG_9914-1067x800.jpg","type":"image\/jpeg"}],"twitter_card":"summary_large_image","twitter_misc":{"Gesch\u00e4tzte Lesezeit":"1\u00a0Minute"},"schema":{"@context":"https:\/\/schema.org","@graph":[{"@type":"WebPage","@id":"https:\/\/www.stonecity.cz\/de\/produkt\/pflastersteine-aus-granit-gr-54-kopirovat\/","url":"https:\/\/www.stonecity.cz\/de\/produkt\/pflastersteine-aus-granit-gr-54-kopirovat\/","name":"Historische rustikale Fliesen \/ Fliesen GENT - GR-09-POR - Stonecity.cz","isPartOf":{"@id":"https:\/\/www.stonecity.cz\/de\/#website"},"primaryImageOfPage":{"@id":"https:\/\/www.stonecity.cz\/de\/produkt\/pflastersteine-aus-granit-gr-54-kopirovat\/#primaryimage"},"image":{"@id":"https:\/\/www.stonecity.cz\/de\/produkt\/pflastersteine-aus-granit-gr-54-kopirovat\/#primaryimage"},"thumbnailUrl":"https:\/\/www.stonecity.cz\/wp-content\/uploads\/2025\/02\/IMG_9914.jpg","datePublished":"2025-02-05T13:43:59+00:00","dateModified":"2025-03-07T10:05:14+00:00","breadcrumb":{"@id":"https:\/\/www.stonecity.cz\/de\/produkt\/pflastersteine-aus-granit-gr-54-kopirovat\/#breadcrumb"},"inLanguage":"de","potentialAction":[{"@type":"ReadAction","target":["https:\/\/www.stonecity.cz\/de\/produkt\/pflastersteine-aus-granit-gr-54-kopirovat\/"]}]},{"@type":"ImageObject","inLanguage":"de","@id":"https:\/\/www.stonecity.cz\/de\/produkt\/pflastersteine-aus-granit-gr-54-kopirovat\/#primaryimage","url":"https:\/\/www.stonecity.cz\/wp-content\/uploads\/2025\/02\/IMG_9914.jpg","contentUrl":"https:\/\/www.stonecity.cz\/wp-content\/uploads\/2025\/02\/IMG_9914.jpg","width":2016,"height":1512},{"@type":"BreadcrumbList","@id":"https:\/\/www.stonecity.cz\/de\/produkt\/pflastersteine-aus-granit-gr-54-kopirovat\/#breadcrumb","itemListElement":[{"@type":"ListItem","position":1,"name":"Dom\u016f","item":"https:\/\/www.stonecity.cz\/de\/"},{"@type":"ListItem","position":2,"name":"Shop","item":"https:\/\/www.stonecity.cz\/de\/shop\/"},{"@type":"ListItem","position":3,"name":"Historische rustikale Fliesen \/ Fliesen GENT &#8211; GR-09-POR"}]},{"@type":"WebSite","@id":"https:\/\/www.stonecity.cz\/de\/#website","url":"https:\/\/www.stonecity.cz\/de\/","name":"Stonecity.cz","description":"Dla\u017eba, obklady, um\u011bl\u00fd i p\u0159\u00edrodn\u00ed k\u00e1men","potentialAction":[{"@type":"SearchAction","target":{"@type":"EntryPoint","urlTemplate":"https:\/\/www.stonecity.cz\/de\/?s={search_term_string}"},"query-input":{"@type":"PropertyValueSpecification","valueRequired":true,"valueName":"search_term_string"}}],"inLanguage":"de"}]}},"_links":{"self":[{"href":"https:\/\/www.stonecity.cz\/de\/wp-json\/wp\/v2\/product\/18921","targetHints":{"allow":["GET"]}}],"collection":[{"href":"https:\/\/www.stonecity.cz\/de\/wp-json\/wp\/v2\/product"}],"about":[{"href":"https:\/\/www.stonecity.cz\/de\/wp-json\/wp\/v2\/types\/product"}],"wp:featuredmedia":[{"embeddable":true,"href":"https:\/\/www.stonecity.cz\/de\/wp-json\/wp\/v2\/media\/18934"}],"wp:attachment":[{"href":"https:\/\/www.stonecity.cz\/de\/wp-json\/wp\/v2\/media?parent=18921"}],"wp:term":[{"taxonomy":"product_cat","embeddable":true,"href":"https:\/\/www.stonecity.cz\/de\/wp-json\/wp\/v2\/product_cat?post=18921"},{"taxonomy":"product_tag","embeddable":true,"href":"https:\/\/www.stonecity.cz\/de\/wp-json\/wp\/v2\/product_tag?post=18921"}],"curies":[{"name":"wp","href":"https:\/\/api.w.org\/{rel}","templated":true}]}}