{"id":19151,"date":"2025-02-27T12:35:16","date_gmt":"2025-02-27T11:35:16","guid":{"rendered":"https:\/\/www.stonecity.cz\/?post_type=product&#038;p=19151"},"modified":"2025-03-07T11:04:36","modified_gmt":"2025-03-07T10:04:36","slug":"sandsteinplatten-meran-braun-pi-05-0910-kopirovat","status":"publish","type":"product","link":"https:\/\/www.stonecity.cz\/de\/produkt\/sandsteinplatten-meran-braun-pi-05-0910-kopirovat\/","title":{"rendered":"Stein rustikale Sandsteinfliesen Focus Yellow PI-01"},"content":{"rendered":"<p>Sandstein ist ein Sedimentgestein, das haupts\u00e4chlich aus Sandk\u00f6rnern besteht. W\u00e4hrend der Sedimentation von Sandk\u00f6rnern werden auch Tone, Kalksteine, Kies, Schiefer, Feldspat und andere Gesteinsfragmente abgelagert. Durch die Verwitterung wird der urspr\u00fcnglich gelbbraune Sandstein grau. Das Vorkommen einiger Oxide und anderer Mineralien f\u00e4rbt den Sandstein br\u00e4unlich rot.<\/p>\n<p>Steinpflaster aus gespaltenem Sandstein.<\/p>\n<p>Oberfl\u00e4che: abgesplitterte Kanten, nat\u00fcrliche Oberfl\u00e4che<\/p>\n<p>Dicke: 2,2 cm, kalibriert<\/p>\n<p>Abmessungen:<\/p>\n<ul>\n<li>60\u00d760 (PI-01)<\/li>\n<\/ul>\n<p>&nbsp;<\/p>\n","protected":false},"excerpt":{"rendered":"<p>Sandstein ist ein Sedimentgestein, das haupts\u00e4chlich aus Sandk\u00f6rnern besteht. W\u00e4hrend der Sedimentation von Sandk\u00f6rnern werden auch Tone, Kalksteine, Kies, Schiefer, Feldspat und andere Gesteinsfragmente abgelagert. Durch die Verwitterung wird der urspr\u00fcnglich gelbbraune Sandstein grau. Das Vorkommen einiger Oxide und anderer Mineralien f\u00e4rbt den Sandstein br\u00e4unlich rot. Steinpflaster aus gespaltenem Sandstein. Oberfl\u00e4che: abgesplitterte Kanten, nat\u00fcrliche Oberfl\u00e4che [&#8230;]\n","protected":false},"featured_media":19157,"template":"","meta":[],"product_cat":[3268,1917,1923,1949],"product_tag":[1832,1833,1840,1834,1837,1838,1831],"class_list":{"0":"post-19151","1":"product","2":"type-product","3":"status-publish","4":"has-post-thumbnail","6":"product_cat-historische-und-rustikale-burgersteige","7":"product_cat-pflaster","8":"product_cat-naturstein","9":"product_cat-sandstein","10":"product_tag-aus","11":"product_tag-fur-den-ausenbereich-geeignet","12":"product_tag-geeignet-fur-die-terrasse","13":"product_tag-geeignet-fur-innenraume","14":"product_tag-geeignet-fur-sauna","15":"product_tag-geeignet-fur-wellness","16":"product_tag-naturstein","17":"pa_barva-braun","18":"pa_barva-creme","19":"pa_tloustka-22-cm-de","21":"first","22":"instock","23":"taxable","24":"shipping-taxable","25":"purchasable","26":"product-type-simple"},"yoast_head":"<!-- This site is optimized with the Yoast SEO plugin v26.8 - https:\/\/yoast.com\/product\/yoast-seo-wordpress\/ -->\n<title>Stein rustikale Sandsteinfliesen Focus Yellow PI-01 - Stonecity.cz<\/title>\n<meta name=\"robots\" content=\"index, follow, max-snippet:-1, max-image-preview:large, max-video-preview:-1\" \/>\n<link rel=\"canonical\" href=\"https:\/\/www.stonecity.cz\/de\/produkt\/sandsteinplatten-meran-braun-pi-05-0910-kopirovat\/\" \/>\n<meta property=\"og:locale\" content=\"de_DE\" \/>\n<meta property=\"og:type\" content=\"article\" \/>\n<meta property=\"og:title\" content=\"Stein rustikale Sandsteinfliesen Focus Yellow PI-01 - Stonecity.cz\" \/>\n<meta property=\"og:description\" content=\"Sandstein ist ein Sedimentgestein, das haupts\u00e4chlich aus Sandk\u00f6rnern besteht. W\u00e4hrend der Sedimentation von Sandk\u00f6rnern werden auch Tone, Kalksteine, Kies, Schiefer, Feldspat und andere Gesteinsfragmente abgelagert. Durch die Verwitterung wird der urspr\u00fcnglich gelbbraune Sandstein grau. Das Vorkommen einiger Oxide und anderer Mineralien f\u00e4rbt den Sandstein br\u00e4unlich rot. Steinpflaster aus gespaltenem Sandstein. Oberfl\u00e4che: abgesplitterte Kanten, nat\u00fcrliche Oberfl\u00e4che [...]\" \/>\n<meta property=\"og:url\" content=\"https:\/\/www.stonecity.cz\/de\/produkt\/sandsteinplatten-meran-braun-pi-05-0910-kopirovat\/\" \/>\n<meta property=\"og:site_name\" content=\"Stonecity.cz\" \/>\n<meta property=\"article:modified_time\" content=\"2025-03-07T10:04:36+00:00\" \/>\n<meta property=\"og:image\" content=\"https:\/\/www.stonecity.cz\/wp-content\/uploads\/2025\/02\/PI-01.jpg\" \/>\n\t<meta property=\"og:image:width\" content=\"1631\" \/>\n\t<meta property=\"og:image:height\" content=\"1611\" \/>\n\t<meta property=\"og:image:type\" content=\"image\/jpeg\" \/>\n<meta name=\"twitter:card\" content=\"summary_large_image\" \/>\n<script type=\"application\/ld+json\" class=\"yoast-schema-graph\">{\"@context\":\"https:\/\/schema.org\",\"@graph\":[{\"@type\":\"WebPage\",\"@id\":\"https:\/\/www.stonecity.cz\/de\/produkt\/sandsteinplatten-meran-braun-pi-05-0910-kopirovat\/\",\"url\":\"https:\/\/www.stonecity.cz\/de\/produkt\/sandsteinplatten-meran-braun-pi-05-0910-kopirovat\/\",\"name\":\"Stein rustikale Sandsteinfliesen Focus Yellow PI-01 - Stonecity.cz\",\"isPartOf\":{\"@id\":\"https:\/\/www.stonecity.cz\/de\/#website\"},\"primaryImageOfPage\":{\"@id\":\"https:\/\/www.stonecity.cz\/de\/produkt\/sandsteinplatten-meran-braun-pi-05-0910-kopirovat\/#primaryimage\"},\"image\":{\"@id\":\"https:\/\/www.stonecity.cz\/de\/produkt\/sandsteinplatten-meran-braun-pi-05-0910-kopirovat\/#primaryimage\"},\"thumbnailUrl\":\"https:\/\/www.stonecity.cz\/wp-content\/uploads\/2025\/02\/PI-01.jpg\",\"datePublished\":\"2025-02-27T11:35:16+00:00\",\"dateModified\":\"2025-03-07T10:04:36+00:00\",\"breadcrumb\":{\"@id\":\"https:\/\/www.stonecity.cz\/de\/produkt\/sandsteinplatten-meran-braun-pi-05-0910-kopirovat\/#breadcrumb\"},\"inLanguage\":\"de\",\"potentialAction\":[{\"@type\":\"ReadAction\",\"target\":[\"https:\/\/www.stonecity.cz\/de\/produkt\/sandsteinplatten-meran-braun-pi-05-0910-kopirovat\/\"]}]},{\"@type\":\"ImageObject\",\"inLanguage\":\"de\",\"@id\":\"https:\/\/www.stonecity.cz\/de\/produkt\/sandsteinplatten-meran-braun-pi-05-0910-kopirovat\/#primaryimage\",\"url\":\"https:\/\/www.stonecity.cz\/wp-content\/uploads\/2025\/02\/PI-01.jpg\",\"contentUrl\":\"https:\/\/www.stonecity.cz\/wp-content\/uploads\/2025\/02\/PI-01.jpg\",\"width\":1631,\"height\":1611},{\"@type\":\"BreadcrumbList\",\"@id\":\"https:\/\/www.stonecity.cz\/de\/produkt\/sandsteinplatten-meran-braun-pi-05-0910-kopirovat\/#breadcrumb\",\"itemListElement\":[{\"@type\":\"ListItem\",\"position\":1,\"name\":\"Dom\u016f\",\"item\":\"https:\/\/www.stonecity.cz\/de\/\"},{\"@type\":\"ListItem\",\"position\":2,\"name\":\"Shop\",\"item\":\"https:\/\/www.stonecity.cz\/de\/shop\/\"},{\"@type\":\"ListItem\",\"position\":3,\"name\":\"Stein rustikale Sandsteinfliesen Focus Yellow PI-01\"}]},{\"@type\":\"WebSite\",\"@id\":\"https:\/\/www.stonecity.cz\/de\/#website\",\"url\":\"https:\/\/www.stonecity.cz\/de\/\",\"name\":\"Stonecity.cz\",\"description\":\"Dla\u017eba, obklady, um\u011bl\u00fd i p\u0159\u00edrodn\u00ed k\u00e1men\",\"potentialAction\":[{\"@type\":\"SearchAction\",\"target\":{\"@type\":\"EntryPoint\",\"urlTemplate\":\"https:\/\/www.stonecity.cz\/de\/?s={search_term_string}\"},\"query-input\":{\"@type\":\"PropertyValueSpecification\",\"valueRequired\":true,\"valueName\":\"search_term_string\"}}],\"inLanguage\":\"de\"}]}<\/script>\n<!-- \/ Yoast SEO plugin. -->","yoast_head_json":{"title":"Stein rustikale Sandsteinfliesen Focus Yellow PI-01 - Stonecity.cz","robots":{"index":"index","follow":"follow","max-snippet":"max-snippet:-1","max-image-preview":"max-image-preview:large","max-video-preview":"max-video-preview:-1"},"canonical":"https:\/\/www.stonecity.cz\/de\/produkt\/sandsteinplatten-meran-braun-pi-05-0910-kopirovat\/","og_locale":"de_DE","og_type":"article","og_title":"Stein rustikale Sandsteinfliesen Focus Yellow PI-01 - Stonecity.cz","og_description":"Sandstein ist ein Sedimentgestein, das haupts\u00e4chlich aus Sandk\u00f6rnern besteht. W\u00e4hrend der Sedimentation von Sandk\u00f6rnern werden auch Tone, Kalksteine, Kies, Schiefer, Feldspat und andere Gesteinsfragmente abgelagert. Durch die Verwitterung wird der urspr\u00fcnglich gelbbraune Sandstein grau. Das Vorkommen einiger Oxide und anderer Mineralien f\u00e4rbt den Sandstein br\u00e4unlich rot. Steinpflaster aus gespaltenem Sandstein. Oberfl\u00e4che: abgesplitterte Kanten, nat\u00fcrliche Oberfl\u00e4che [...]","og_url":"https:\/\/www.stonecity.cz\/de\/produkt\/sandsteinplatten-meran-braun-pi-05-0910-kopirovat\/","og_site_name":"Stonecity.cz","article_modified_time":"2025-03-07T10:04:36+00:00","og_image":[{"width":1631,"height":1611,"url":"https:\/\/www.stonecity.cz\/wp-content\/uploads\/2025\/02\/PI-01.jpg","type":"image\/jpeg"}],"twitter_card":"summary_large_image","schema":{"@context":"https:\/\/schema.org","@graph":[{"@type":"WebPage","@id":"https:\/\/www.stonecity.cz\/de\/produkt\/sandsteinplatten-meran-braun-pi-05-0910-kopirovat\/","url":"https:\/\/www.stonecity.cz\/de\/produkt\/sandsteinplatten-meran-braun-pi-05-0910-kopirovat\/","name":"Stein rustikale Sandsteinfliesen Focus Yellow PI-01 - Stonecity.cz","isPartOf":{"@id":"https:\/\/www.stonecity.cz\/de\/#website"},"primaryImageOfPage":{"@id":"https:\/\/www.stonecity.cz\/de\/produkt\/sandsteinplatten-meran-braun-pi-05-0910-kopirovat\/#primaryimage"},"image":{"@id":"https:\/\/www.stonecity.cz\/de\/produkt\/sandsteinplatten-meran-braun-pi-05-0910-kopirovat\/#primaryimage"},"thumbnailUrl":"https:\/\/www.stonecity.cz\/wp-content\/uploads\/2025\/02\/PI-01.jpg","datePublished":"2025-02-27T11:35:16+00:00","dateModified":"2025-03-07T10:04:36+00:00","breadcrumb":{"@id":"https:\/\/www.stonecity.cz\/de\/produkt\/sandsteinplatten-meran-braun-pi-05-0910-kopirovat\/#breadcrumb"},"inLanguage":"de","potentialAction":[{"@type":"ReadAction","target":["https:\/\/www.stonecity.cz\/de\/produkt\/sandsteinplatten-meran-braun-pi-05-0910-kopirovat\/"]}]},{"@type":"ImageObject","inLanguage":"de","@id":"https:\/\/www.stonecity.cz\/de\/produkt\/sandsteinplatten-meran-braun-pi-05-0910-kopirovat\/#primaryimage","url":"https:\/\/www.stonecity.cz\/wp-content\/uploads\/2025\/02\/PI-01.jpg","contentUrl":"https:\/\/www.stonecity.cz\/wp-content\/uploads\/2025\/02\/PI-01.jpg","width":1631,"height":1611},{"@type":"BreadcrumbList","@id":"https:\/\/www.stonecity.cz\/de\/produkt\/sandsteinplatten-meran-braun-pi-05-0910-kopirovat\/#breadcrumb","itemListElement":[{"@type":"ListItem","position":1,"name":"Dom\u016f","item":"https:\/\/www.stonecity.cz\/de\/"},{"@type":"ListItem","position":2,"name":"Shop","item":"https:\/\/www.stonecity.cz\/de\/shop\/"},{"@type":"ListItem","position":3,"name":"Stein rustikale Sandsteinfliesen Focus Yellow PI-01"}]},{"@type":"WebSite","@id":"https:\/\/www.stonecity.cz\/de\/#website","url":"https:\/\/www.stonecity.cz\/de\/","name":"Stonecity.cz","description":"Dla\u017eba, obklady, um\u011bl\u00fd i p\u0159\u00edrodn\u00ed k\u00e1men","potentialAction":[{"@type":"SearchAction","target":{"@type":"EntryPoint","urlTemplate":"https:\/\/www.stonecity.cz\/de\/?s={search_term_string}"},"query-input":{"@type":"PropertyValueSpecification","valueRequired":true,"valueName":"search_term_string"}}],"inLanguage":"de"}]}},"_links":{"self":[{"href":"https:\/\/www.stonecity.cz\/de\/wp-json\/wp\/v2\/product\/19151","targetHints":{"allow":["GET"]}}],"collection":[{"href":"https:\/\/www.stonecity.cz\/de\/wp-json\/wp\/v2\/product"}],"about":[{"href":"https:\/\/www.stonecity.cz\/de\/wp-json\/wp\/v2\/types\/product"}],"wp:featuredmedia":[{"embeddable":true,"href":"https:\/\/www.stonecity.cz\/de\/wp-json\/wp\/v2\/media\/19157"}],"wp:attachment":[{"href":"https:\/\/www.stonecity.cz\/de\/wp-json\/wp\/v2\/media?parent=19151"}],"wp:term":[{"taxonomy":"product_cat","embeddable":true,"href":"https:\/\/www.stonecity.cz\/de\/wp-json\/wp\/v2\/product_cat?post=19151"},{"taxonomy":"product_tag","embeddable":true,"href":"https:\/\/www.stonecity.cz\/de\/wp-json\/wp\/v2\/product_tag?post=19151"}],"curies":[{"name":"wp","href":"https:\/\/api.w.org\/{rel}","templated":true}]}}