{"id":19212,"date":"2025-02-27T13:34:18","date_gmt":"2025-02-27T12:34:18","guid":{"rendered":"https:\/\/www.stonecity.cz\/?post_type=product&#038;p=19212"},"modified":"2025-03-07T11:15:56","modified_gmt":"2025-03-07T10:15:56","slug":"focus-grey-naturlicher-poolrand-treppe-brustung-pi-04-bl-kopirovat","status":"publish","type":"product","link":"https:\/\/www.stonecity.cz\/de\/produkt\/focus-grey-naturlicher-poolrand-treppe-brustung-pi-04-bl-kopirovat\/","title":{"rendered":"Steinabdeckung\/ Treppe\/ Schweller Focus Gelb nat\u00fcrlich PI-11-BL"},"content":{"rendered":"<p>Poolrand \/ Treppe \/ Schwelle &#8211; ist aus nat\u00fcrlichem Sandstein gefertigt, hat abgesplitterte Kanten. Er dient als unverzichtbare Erg\u00e4nzung zu den Pflastersteinen aus Indischem Gelbem Sandstein, die wir im Format 60&#215;60 cm f\u00fchren. <\/p>\n<p>Die Kanten entsprechen in Farbe, Abmessungen und rutschhemmender Oberfl\u00e4chenbehandlung dem Pflaster.<\/p>\n<p>Anwendung: Poolumrandung, Treppen, Br\u00fcstungen, Abdeckplatten<\/p>\n<p>&nbsp;<\/p>\n<p>&nbsp;<\/p>\n","protected":false},"excerpt":{"rendered":"<p>Poolrand \/ Treppe \/ Schwelle &#8211; ist aus nat\u00fcrlichem Sandstein gefertigt, hat abgesplitterte Kanten. Er dient als unverzichtbare Erg\u00e4nzung zu den Pflastersteinen aus Indischem Gelbem Sandstein, die wir im Format 60&#215;60 cm f\u00fchren. Die Kanten entsprechen in Farbe, Abmessungen und rutschhemmender Oberfl\u00e4chenbehandlung dem Pflaster. Anwendung: Poolumrandung, Treppen, Br\u00fcstungen, Abdeckplatten &nbsp; &nbsp;<\/p>\n","protected":false},"featured_media":19170,"template":"","meta":[],"product_cat":[3173,1917,1923,1949],"product_tag":[1833,1841,1835,1836,1840,1834],"class_list":{"0":"post-19212","1":"product","2":"type-product","3":"status-publish","4":"has-post-thumbnail","6":"product_cat-brustungen-treppen-poolumrandungen","7":"product_cat-pflaster","8":"product_cat-naturstein","9":"product_cat-sandstein","10":"product_tag-fur-den-ausenbereich-geeignet","11":"product_tag-fur-den-garten-geeignet-de","12":"product_tag-geeignet-fur-das-badezimmer","13":"product_tag-geeignet-fur-die-kuche","14":"product_tag-geeignet-fur-die-terrasse","15":"product_tag-geeignet-fur-innenraume","16":"pa_baleni-karton-162-m2-90-stuck","18":"first","19":"instock","20":"purchasable","21":"product-type-simple"},"yoast_head":"<!-- This site is optimized with the Yoast SEO plugin v26.8 - https:\/\/yoast.com\/product\/yoast-seo-wordpress\/ -->\n<title>Steinabdeckung\/ Treppe\/ Schweller Focus Gelb nat\u00fcrlich PI-11-BL - Stonecity.cz<\/title>\n<meta name=\"robots\" content=\"index, follow, max-snippet:-1, max-image-preview:large, max-video-preview:-1\" \/>\n<link rel=\"canonical\" href=\"https:\/\/www.stonecity.cz\/de\/produkt\/focus-grey-naturlicher-poolrand-treppe-brustung-pi-04-bl-kopirovat\/\" \/>\n<meta property=\"og:locale\" content=\"de_DE\" \/>\n<meta property=\"og:type\" content=\"article\" \/>\n<meta property=\"og:title\" content=\"Steinabdeckung\/ Treppe\/ Schweller Focus Gelb nat\u00fcrlich PI-11-BL - Stonecity.cz\" \/>\n<meta property=\"og:description\" content=\"Poolrand \/ Treppe \/ Schwelle &#8211; ist aus nat\u00fcrlichem Sandstein gefertigt, hat abgesplitterte Kanten. Er dient als unverzichtbare Erg\u00e4nzung zu den Pflastersteinen aus Indischem Gelbem Sandstein, die wir im Format 60&#215;60 cm f\u00fchren. Die Kanten entsprechen in Farbe, Abmessungen und rutschhemmender Oberfl\u00e4chenbehandlung dem Pflaster. Anwendung: Poolumrandung, Treppen, Br\u00fcstungen, Abdeckplatten &nbsp; &nbsp;\" \/>\n<meta property=\"og:url\" content=\"https:\/\/www.stonecity.cz\/de\/produkt\/focus-grey-naturlicher-poolrand-treppe-brustung-pi-04-bl-kopirovat\/\" \/>\n<meta property=\"og:site_name\" content=\"Stonecity.cz\" \/>\n<meta property=\"article:modified_time\" content=\"2025-03-07T10:15:56+00:00\" \/>\n<meta property=\"og:image\" content=\"https:\/\/www.stonecity.cz\/wp-content\/uploads\/2025\/02\/lem-piskovec.jpg\" \/>\n\t<meta property=\"og:image:width\" content=\"1200\" \/>\n\t<meta property=\"og:image:height\" content=\"1600\" \/>\n\t<meta property=\"og:image:type\" content=\"image\/jpeg\" \/>\n<meta name=\"twitter:card\" content=\"summary_large_image\" \/>\n<script type=\"application\/ld+json\" class=\"yoast-schema-graph\">{\"@context\":\"https:\/\/schema.org\",\"@graph\":[{\"@type\":\"WebPage\",\"@id\":\"https:\/\/www.stonecity.cz\/de\/produkt\/focus-grey-naturlicher-poolrand-treppe-brustung-pi-04-bl-kopirovat\/\",\"url\":\"https:\/\/www.stonecity.cz\/de\/produkt\/focus-grey-naturlicher-poolrand-treppe-brustung-pi-04-bl-kopirovat\/\",\"name\":\"Steinabdeckung\/ Treppe\/ Schweller Focus Gelb nat\u00fcrlich PI-11-BL - Stonecity.cz\",\"isPartOf\":{\"@id\":\"https:\/\/www.stonecity.cz\/de\/#website\"},\"primaryImageOfPage\":{\"@id\":\"https:\/\/www.stonecity.cz\/de\/produkt\/focus-grey-naturlicher-poolrand-treppe-brustung-pi-04-bl-kopirovat\/#primaryimage\"},\"image\":{\"@id\":\"https:\/\/www.stonecity.cz\/de\/produkt\/focus-grey-naturlicher-poolrand-treppe-brustung-pi-04-bl-kopirovat\/#primaryimage\"},\"thumbnailUrl\":\"https:\/\/www.stonecity.cz\/wp-content\/uploads\/2025\/02\/lem-piskovec.jpg\",\"datePublished\":\"2025-02-27T12:34:18+00:00\",\"dateModified\":\"2025-03-07T10:15:56+00:00\",\"breadcrumb\":{\"@id\":\"https:\/\/www.stonecity.cz\/de\/produkt\/focus-grey-naturlicher-poolrand-treppe-brustung-pi-04-bl-kopirovat\/#breadcrumb\"},\"inLanguage\":\"de\",\"potentialAction\":[{\"@type\":\"ReadAction\",\"target\":[\"https:\/\/www.stonecity.cz\/de\/produkt\/focus-grey-naturlicher-poolrand-treppe-brustung-pi-04-bl-kopirovat\/\"]}]},{\"@type\":\"ImageObject\",\"inLanguage\":\"de\",\"@id\":\"https:\/\/www.stonecity.cz\/de\/produkt\/focus-grey-naturlicher-poolrand-treppe-brustung-pi-04-bl-kopirovat\/#primaryimage\",\"url\":\"https:\/\/www.stonecity.cz\/wp-content\/uploads\/2025\/02\/lem-piskovec.jpg\",\"contentUrl\":\"https:\/\/www.stonecity.cz\/wp-content\/uploads\/2025\/02\/lem-piskovec.jpg\",\"width\":1200,\"height\":1600},{\"@type\":\"BreadcrumbList\",\"@id\":\"https:\/\/www.stonecity.cz\/de\/produkt\/focus-grey-naturlicher-poolrand-treppe-brustung-pi-04-bl-kopirovat\/#breadcrumb\",\"itemListElement\":[{\"@type\":\"ListItem\",\"position\":1,\"name\":\"Dom\u016f\",\"item\":\"https:\/\/www.stonecity.cz\/de\/\"},{\"@type\":\"ListItem\",\"position\":2,\"name\":\"Shop\",\"item\":\"https:\/\/www.stonecity.cz\/de\/shop\/\"},{\"@type\":\"ListItem\",\"position\":3,\"name\":\"Steinabdeckung\/ Treppe\/ Schweller Focus Gelb nat\u00fcrlich PI-11-BL\"}]},{\"@type\":\"WebSite\",\"@id\":\"https:\/\/www.stonecity.cz\/de\/#website\",\"url\":\"https:\/\/www.stonecity.cz\/de\/\",\"name\":\"Stonecity.cz\",\"description\":\"Dla\u017eba, obklady, um\u011bl\u00fd i p\u0159\u00edrodn\u00ed k\u00e1men\",\"potentialAction\":[{\"@type\":\"SearchAction\",\"target\":{\"@type\":\"EntryPoint\",\"urlTemplate\":\"https:\/\/www.stonecity.cz\/de\/?s={search_term_string}\"},\"query-input\":{\"@type\":\"PropertyValueSpecification\",\"valueRequired\":true,\"valueName\":\"search_term_string\"}}],\"inLanguage\":\"de\"}]}<\/script>\n<!-- \/ Yoast SEO plugin. -->","yoast_head_json":{"title":"Steinabdeckung\/ Treppe\/ Schweller Focus Gelb nat\u00fcrlich PI-11-BL - Stonecity.cz","robots":{"index":"index","follow":"follow","max-snippet":"max-snippet:-1","max-image-preview":"max-image-preview:large","max-video-preview":"max-video-preview:-1"},"canonical":"https:\/\/www.stonecity.cz\/de\/produkt\/focus-grey-naturlicher-poolrand-treppe-brustung-pi-04-bl-kopirovat\/","og_locale":"de_DE","og_type":"article","og_title":"Steinabdeckung\/ Treppe\/ Schweller Focus Gelb nat\u00fcrlich PI-11-BL - Stonecity.cz","og_description":"Poolrand \/ Treppe \/ Schwelle &#8211; ist aus nat\u00fcrlichem Sandstein gefertigt, hat abgesplitterte Kanten. Er dient als unverzichtbare Erg\u00e4nzung zu den Pflastersteinen aus Indischem Gelbem Sandstein, die wir im Format 60&#215;60 cm f\u00fchren. Die Kanten entsprechen in Farbe, Abmessungen und rutschhemmender Oberfl\u00e4chenbehandlung dem Pflaster. Anwendung: Poolumrandung, Treppen, Br\u00fcstungen, Abdeckplatten &nbsp; &nbsp;","og_url":"https:\/\/www.stonecity.cz\/de\/produkt\/focus-grey-naturlicher-poolrand-treppe-brustung-pi-04-bl-kopirovat\/","og_site_name":"Stonecity.cz","article_modified_time":"2025-03-07T10:15:56+00:00","og_image":[{"width":1200,"height":1600,"url":"https:\/\/www.stonecity.cz\/wp-content\/uploads\/2025\/02\/lem-piskovec.jpg","type":"image\/jpeg"}],"twitter_card":"summary_large_image","schema":{"@context":"https:\/\/schema.org","@graph":[{"@type":"WebPage","@id":"https:\/\/www.stonecity.cz\/de\/produkt\/focus-grey-naturlicher-poolrand-treppe-brustung-pi-04-bl-kopirovat\/","url":"https:\/\/www.stonecity.cz\/de\/produkt\/focus-grey-naturlicher-poolrand-treppe-brustung-pi-04-bl-kopirovat\/","name":"Steinabdeckung\/ Treppe\/ Schweller Focus Gelb nat\u00fcrlich PI-11-BL - Stonecity.cz","isPartOf":{"@id":"https:\/\/www.stonecity.cz\/de\/#website"},"primaryImageOfPage":{"@id":"https:\/\/www.stonecity.cz\/de\/produkt\/focus-grey-naturlicher-poolrand-treppe-brustung-pi-04-bl-kopirovat\/#primaryimage"},"image":{"@id":"https:\/\/www.stonecity.cz\/de\/produkt\/focus-grey-naturlicher-poolrand-treppe-brustung-pi-04-bl-kopirovat\/#primaryimage"},"thumbnailUrl":"https:\/\/www.stonecity.cz\/wp-content\/uploads\/2025\/02\/lem-piskovec.jpg","datePublished":"2025-02-27T12:34:18+00:00","dateModified":"2025-03-07T10:15:56+00:00","breadcrumb":{"@id":"https:\/\/www.stonecity.cz\/de\/produkt\/focus-grey-naturlicher-poolrand-treppe-brustung-pi-04-bl-kopirovat\/#breadcrumb"},"inLanguage":"de","potentialAction":[{"@type":"ReadAction","target":["https:\/\/www.stonecity.cz\/de\/produkt\/focus-grey-naturlicher-poolrand-treppe-brustung-pi-04-bl-kopirovat\/"]}]},{"@type":"ImageObject","inLanguage":"de","@id":"https:\/\/www.stonecity.cz\/de\/produkt\/focus-grey-naturlicher-poolrand-treppe-brustung-pi-04-bl-kopirovat\/#primaryimage","url":"https:\/\/www.stonecity.cz\/wp-content\/uploads\/2025\/02\/lem-piskovec.jpg","contentUrl":"https:\/\/www.stonecity.cz\/wp-content\/uploads\/2025\/02\/lem-piskovec.jpg","width":1200,"height":1600},{"@type":"BreadcrumbList","@id":"https:\/\/www.stonecity.cz\/de\/produkt\/focus-grey-naturlicher-poolrand-treppe-brustung-pi-04-bl-kopirovat\/#breadcrumb","itemListElement":[{"@type":"ListItem","position":1,"name":"Dom\u016f","item":"https:\/\/www.stonecity.cz\/de\/"},{"@type":"ListItem","position":2,"name":"Shop","item":"https:\/\/www.stonecity.cz\/de\/shop\/"},{"@type":"ListItem","position":3,"name":"Steinabdeckung\/ Treppe\/ Schweller Focus Gelb nat\u00fcrlich PI-11-BL"}]},{"@type":"WebSite","@id":"https:\/\/www.stonecity.cz\/de\/#website","url":"https:\/\/www.stonecity.cz\/de\/","name":"Stonecity.cz","description":"Dla\u017eba, obklady, um\u011bl\u00fd i p\u0159\u00edrodn\u00ed k\u00e1men","potentialAction":[{"@type":"SearchAction","target":{"@type":"EntryPoint","urlTemplate":"https:\/\/www.stonecity.cz\/de\/?s={search_term_string}"},"query-input":{"@type":"PropertyValueSpecification","valueRequired":true,"valueName":"search_term_string"}}],"inLanguage":"de"}]}},"_links":{"self":[{"href":"https:\/\/www.stonecity.cz\/de\/wp-json\/wp\/v2\/product\/19212","targetHints":{"allow":["GET"]}}],"collection":[{"href":"https:\/\/www.stonecity.cz\/de\/wp-json\/wp\/v2\/product"}],"about":[{"href":"https:\/\/www.stonecity.cz\/de\/wp-json\/wp\/v2\/types\/product"}],"wp:featuredmedia":[{"embeddable":true,"href":"https:\/\/www.stonecity.cz\/de\/wp-json\/wp\/v2\/media\/19170"}],"wp:attachment":[{"href":"https:\/\/www.stonecity.cz\/de\/wp-json\/wp\/v2\/media?parent=19212"}],"wp:term":[{"taxonomy":"product_cat","embeddable":true,"href":"https:\/\/www.stonecity.cz\/de\/wp-json\/wp\/v2\/product_cat?post=19212"},{"taxonomy":"product_tag","embeddable":true,"href":"https:\/\/www.stonecity.cz\/de\/wp-json\/wp\/v2\/product_tag?post=19212"}],"curies":[{"name":"wp","href":"https:\/\/api.w.org\/{rel}","templated":true}]}}