{"id":19250,"date":"2025-02-28T09:36:22","date_gmt":"2025-02-28T08:36:22","guid":{"rendered":"https:\/\/www.stonecity.cz\/?post_type=product&#038;p=19250"},"modified":"2025-02-28T09:43:57","modified_gmt":"2025-02-28T08:43:57","slug":"steinfliesen-delfy-langfliesen-qua-20l-kopirovat","status":"publish","type":"product","link":"https:\/\/www.stonecity.cz\/de\/produkt\/steinfliesen-delfy-langfliesen-qua-20l-kopirovat\/","title":{"rendered":"Kronos Langes 3D-Panel QUA-25P\/3D"},"content":{"rendered":"<p><span class=\"tlid-translation translation\"><span title=\"\">Steinfliesen Delfy lange Fliesen gro\u00df <\/span><\/span><span class=\"tlid-translation translation\"><span title=\"\"><br \/>\nIn einer St\u00e4rke von 1-4 cm ist die rohe nat\u00fcrliche Oberfl\u00e4che des Steins sch\u00f6n und deutlich sichtbar.<\/span><\/span><\/p>\n<p>Eine sehr solide Fliese, die aus Paneelen besteht.<br \/>\nDie Fliesen vermitteln den perfekten Eindruck einer Felswand.<br \/>\nJeder Stein dieser Serie ist ein komplettes Original, mit einer einzigartigen Textur und Farbnuance.<\/p>\n<p>&nbsp;<\/p>\n","protected":false},"excerpt":{"rendered":"<p>Steinfliesen Delfy lange Fliesen gro\u00df In einer St\u00e4rke von 1-4 cm ist die rohe nat\u00fcrliche Oberfl\u00e4che des Steins sch\u00f6n und deutlich sichtbar. Eine sehr solide Fliese, die aus Paneelen besteht. Die Fliesen vermitteln den perfekten Eindruck einer Felswand. Jeder Stein dieser Serie ist ein komplettes Original, mit einer einzigartigen Textur und Farbnuance. &nbsp;<\/p>\n","protected":false},"featured_media":19254,"template":"","meta":[],"product_cat":[2041,2033,2039],"product_tag":[1830,1833,1840,1834,1838],"class_list":{"0":"post-19250","1":"product","2":"type-product","3":"status-publish","4":"has-post-thumbnail","6":"product_cat-verblendsteine","7":"product_cat-naturstein-de","8":"product_cat-quarzit-de-2","9":"product_tag-fassadenverkleidung","10":"product_tag-fur-den-ausenbereich-geeignet","11":"product_tag-geeignet-fur-die-terrasse","12":"product_tag-geeignet-fur-innenraume","13":"product_tag-geeignet-fur-wellness","14":"pa_baleni-palette-15-m2-de","15":"pa_mj-m2-1-m2-de","17":"first","18":"instock","19":"purchasable","20":"product-type-simple"},"yoast_head":"<!-- This site is optimized with the Yoast SEO plugin v26.8 - https:\/\/yoast.com\/product\/yoast-seo-wordpress\/ -->\n<title>Kronos Langes 3D-Panel QUA-25P\/3D - Stonecity.cz<\/title>\n<meta name=\"robots\" content=\"index, follow, max-snippet:-1, max-image-preview:large, max-video-preview:-1\" \/>\n<link rel=\"canonical\" href=\"https:\/\/www.stonecity.cz\/de\/produkt\/steinfliesen-delfy-langfliesen-qua-20l-kopirovat\/\" \/>\n<meta property=\"og:locale\" content=\"de_DE\" \/>\n<meta property=\"og:type\" content=\"article\" \/>\n<meta property=\"og:title\" content=\"Kronos Langes 3D-Panel QUA-25P\/3D - Stonecity.cz\" \/>\n<meta property=\"og:description\" content=\"Steinfliesen Delfy lange Fliesen gro\u00df In einer St\u00e4rke von 1-4 cm ist die rohe nat\u00fcrliche Oberfl\u00e4che des Steins sch\u00f6n und deutlich sichtbar. Eine sehr solide Fliese, die aus Paneelen besteht. Die Fliesen vermitteln den perfekten Eindruck einer Felswand. Jeder Stein dieser Serie ist ein komplettes Original, mit einer einzigartigen Textur und Farbnuance. &nbsp;\" \/>\n<meta property=\"og:url\" content=\"https:\/\/www.stonecity.cz\/de\/produkt\/steinfliesen-delfy-langfliesen-qua-20l-kopirovat\/\" \/>\n<meta property=\"og:site_name\" content=\"Stonecity.cz\" \/>\n<meta property=\"article:modified_time\" content=\"2025-02-28T08:43:57+00:00\" \/>\n<meta property=\"og:image\" content=\"https:\/\/www.stonecity.cz\/wp-content\/uploads\/2025\/02\/QUA-25L.jpg\" \/>\n\t<meta property=\"og:image:width\" content=\"1522\" \/>\n\t<meta property=\"og:image:height\" content=\"2395\" \/>\n\t<meta property=\"og:image:type\" content=\"image\/jpeg\" \/>\n<meta name=\"twitter:card\" content=\"summary_large_image\" \/>\n<script type=\"application\/ld+json\" class=\"yoast-schema-graph\">{\"@context\":\"https:\/\/schema.org\",\"@graph\":[{\"@type\":\"WebPage\",\"@id\":\"https:\/\/www.stonecity.cz\/de\/produkt\/steinfliesen-delfy-langfliesen-qua-20l-kopirovat\/\",\"url\":\"https:\/\/www.stonecity.cz\/de\/produkt\/steinfliesen-delfy-langfliesen-qua-20l-kopirovat\/\",\"name\":\"Kronos Langes 3D-Panel QUA-25P\/3D - Stonecity.cz\",\"isPartOf\":{\"@id\":\"https:\/\/www.stonecity.cz\/de\/#website\"},\"primaryImageOfPage\":{\"@id\":\"https:\/\/www.stonecity.cz\/de\/produkt\/steinfliesen-delfy-langfliesen-qua-20l-kopirovat\/#primaryimage\"},\"image\":{\"@id\":\"https:\/\/www.stonecity.cz\/de\/produkt\/steinfliesen-delfy-langfliesen-qua-20l-kopirovat\/#primaryimage\"},\"thumbnailUrl\":\"https:\/\/www.stonecity.cz\/wp-content\/uploads\/2025\/02\/QUA-25L.jpg\",\"datePublished\":\"2025-02-28T08:36:22+00:00\",\"dateModified\":\"2025-02-28T08:43:57+00:00\",\"breadcrumb\":{\"@id\":\"https:\/\/www.stonecity.cz\/de\/produkt\/steinfliesen-delfy-langfliesen-qua-20l-kopirovat\/#breadcrumb\"},\"inLanguage\":\"de\",\"potentialAction\":[{\"@type\":\"ReadAction\",\"target\":[\"https:\/\/www.stonecity.cz\/de\/produkt\/steinfliesen-delfy-langfliesen-qua-20l-kopirovat\/\"]}]},{\"@type\":\"ImageObject\",\"inLanguage\":\"de\",\"@id\":\"https:\/\/www.stonecity.cz\/de\/produkt\/steinfliesen-delfy-langfliesen-qua-20l-kopirovat\/#primaryimage\",\"url\":\"https:\/\/www.stonecity.cz\/wp-content\/uploads\/2025\/02\/QUA-25L.jpg\",\"contentUrl\":\"https:\/\/www.stonecity.cz\/wp-content\/uploads\/2025\/02\/QUA-25L.jpg\",\"width\":1522,\"height\":2395},{\"@type\":\"BreadcrumbList\",\"@id\":\"https:\/\/www.stonecity.cz\/de\/produkt\/steinfliesen-delfy-langfliesen-qua-20l-kopirovat\/#breadcrumb\",\"itemListElement\":[{\"@type\":\"ListItem\",\"position\":1,\"name\":\"Dom\u016f\",\"item\":\"https:\/\/www.stonecity.cz\/de\/\"},{\"@type\":\"ListItem\",\"position\":2,\"name\":\"Shop\",\"item\":\"https:\/\/www.stonecity.cz\/de\/shop\/\"},{\"@type\":\"ListItem\",\"position\":3,\"name\":\"Kronos Langes 3D-Panel QUA-25P\/3D\"}]},{\"@type\":\"WebSite\",\"@id\":\"https:\/\/www.stonecity.cz\/de\/#website\",\"url\":\"https:\/\/www.stonecity.cz\/de\/\",\"name\":\"Stonecity.cz\",\"description\":\"Dla\u017eba, obklady, um\u011bl\u00fd i p\u0159\u00edrodn\u00ed k\u00e1men\",\"potentialAction\":[{\"@type\":\"SearchAction\",\"target\":{\"@type\":\"EntryPoint\",\"urlTemplate\":\"https:\/\/www.stonecity.cz\/de\/?s={search_term_string}\"},\"query-input\":{\"@type\":\"PropertyValueSpecification\",\"valueRequired\":true,\"valueName\":\"search_term_string\"}}],\"inLanguage\":\"de\"}]}<\/script>\n<!-- \/ Yoast SEO plugin. -->","yoast_head_json":{"title":"Kronos Langes 3D-Panel QUA-25P\/3D - Stonecity.cz","robots":{"index":"index","follow":"follow","max-snippet":"max-snippet:-1","max-image-preview":"max-image-preview:large","max-video-preview":"max-video-preview:-1"},"canonical":"https:\/\/www.stonecity.cz\/de\/produkt\/steinfliesen-delfy-langfliesen-qua-20l-kopirovat\/","og_locale":"de_DE","og_type":"article","og_title":"Kronos Langes 3D-Panel QUA-25P\/3D - Stonecity.cz","og_description":"Steinfliesen Delfy lange Fliesen gro\u00df In einer St\u00e4rke von 1-4 cm ist die rohe nat\u00fcrliche Oberfl\u00e4che des Steins sch\u00f6n und deutlich sichtbar. Eine sehr solide Fliese, die aus Paneelen besteht. Die Fliesen vermitteln den perfekten Eindruck einer Felswand. Jeder Stein dieser Serie ist ein komplettes Original, mit einer einzigartigen Textur und Farbnuance. &nbsp;","og_url":"https:\/\/www.stonecity.cz\/de\/produkt\/steinfliesen-delfy-langfliesen-qua-20l-kopirovat\/","og_site_name":"Stonecity.cz","article_modified_time":"2025-02-28T08:43:57+00:00","og_image":[{"width":1522,"height":2395,"url":"https:\/\/www.stonecity.cz\/wp-content\/uploads\/2025\/02\/QUA-25L.jpg","type":"image\/jpeg"}],"twitter_card":"summary_large_image","schema":{"@context":"https:\/\/schema.org","@graph":[{"@type":"WebPage","@id":"https:\/\/www.stonecity.cz\/de\/produkt\/steinfliesen-delfy-langfliesen-qua-20l-kopirovat\/","url":"https:\/\/www.stonecity.cz\/de\/produkt\/steinfliesen-delfy-langfliesen-qua-20l-kopirovat\/","name":"Kronos Langes 3D-Panel QUA-25P\/3D - Stonecity.cz","isPartOf":{"@id":"https:\/\/www.stonecity.cz\/de\/#website"},"primaryImageOfPage":{"@id":"https:\/\/www.stonecity.cz\/de\/produkt\/steinfliesen-delfy-langfliesen-qua-20l-kopirovat\/#primaryimage"},"image":{"@id":"https:\/\/www.stonecity.cz\/de\/produkt\/steinfliesen-delfy-langfliesen-qua-20l-kopirovat\/#primaryimage"},"thumbnailUrl":"https:\/\/www.stonecity.cz\/wp-content\/uploads\/2025\/02\/QUA-25L.jpg","datePublished":"2025-02-28T08:36:22+00:00","dateModified":"2025-02-28T08:43:57+00:00","breadcrumb":{"@id":"https:\/\/www.stonecity.cz\/de\/produkt\/steinfliesen-delfy-langfliesen-qua-20l-kopirovat\/#breadcrumb"},"inLanguage":"de","potentialAction":[{"@type":"ReadAction","target":["https:\/\/www.stonecity.cz\/de\/produkt\/steinfliesen-delfy-langfliesen-qua-20l-kopirovat\/"]}]},{"@type":"ImageObject","inLanguage":"de","@id":"https:\/\/www.stonecity.cz\/de\/produkt\/steinfliesen-delfy-langfliesen-qua-20l-kopirovat\/#primaryimage","url":"https:\/\/www.stonecity.cz\/wp-content\/uploads\/2025\/02\/QUA-25L.jpg","contentUrl":"https:\/\/www.stonecity.cz\/wp-content\/uploads\/2025\/02\/QUA-25L.jpg","width":1522,"height":2395},{"@type":"BreadcrumbList","@id":"https:\/\/www.stonecity.cz\/de\/produkt\/steinfliesen-delfy-langfliesen-qua-20l-kopirovat\/#breadcrumb","itemListElement":[{"@type":"ListItem","position":1,"name":"Dom\u016f","item":"https:\/\/www.stonecity.cz\/de\/"},{"@type":"ListItem","position":2,"name":"Shop","item":"https:\/\/www.stonecity.cz\/de\/shop\/"},{"@type":"ListItem","position":3,"name":"Kronos Langes 3D-Panel QUA-25P\/3D"}]},{"@type":"WebSite","@id":"https:\/\/www.stonecity.cz\/de\/#website","url":"https:\/\/www.stonecity.cz\/de\/","name":"Stonecity.cz","description":"Dla\u017eba, obklady, um\u011bl\u00fd i p\u0159\u00edrodn\u00ed k\u00e1men","potentialAction":[{"@type":"SearchAction","target":{"@type":"EntryPoint","urlTemplate":"https:\/\/www.stonecity.cz\/de\/?s={search_term_string}"},"query-input":{"@type":"PropertyValueSpecification","valueRequired":true,"valueName":"search_term_string"}}],"inLanguage":"de"}]}},"_links":{"self":[{"href":"https:\/\/www.stonecity.cz\/de\/wp-json\/wp\/v2\/product\/19250","targetHints":{"allow":["GET"]}}],"collection":[{"href":"https:\/\/www.stonecity.cz\/de\/wp-json\/wp\/v2\/product"}],"about":[{"href":"https:\/\/www.stonecity.cz\/de\/wp-json\/wp\/v2\/types\/product"}],"wp:featuredmedia":[{"embeddable":true,"href":"https:\/\/www.stonecity.cz\/de\/wp-json\/wp\/v2\/media\/19254"}],"wp:attachment":[{"href":"https:\/\/www.stonecity.cz\/de\/wp-json\/wp\/v2\/media?parent=19250"}],"wp:term":[{"taxonomy":"product_cat","embeddable":true,"href":"https:\/\/www.stonecity.cz\/de\/wp-json\/wp\/v2\/product_cat?post=19250"},{"taxonomy":"product_tag","embeddable":true,"href":"https:\/\/www.stonecity.cz\/de\/wp-json\/wp\/v2\/product_tag?post=19250"}],"curies":[{"name":"wp","href":"https:\/\/api.w.org\/{rel}","templated":true}]}}