{"id":19315,"date":"2025-02-28T10:11:46","date_gmt":"2025-02-28T09:11:46","guid":{"rendered":"https:\/\/www.stonecity.cz\/?post_type=product&#038;p=19315"},"modified":"2025-02-28T10:20:08","modified_gmt":"2025-02-28T09:20:08","slug":"fubr-ehemals-fsm-fugenmortel-fur-fliesen-kopirovat","status":"publish","type":"product","link":"https:\/\/www.stonecity.cz\/de\/produkt\/fubr-ehemals-fsm-fugenmortel-fur-fliesen-kopirovat\/","title":{"rendered":"Fugenm\u00f6rtel Quick Mix PFN"},"content":{"rendered":"<div class=\"field field--name-field-kratky-popis field--type-text-long field--label-hidden field--item\">\n<p>Wasserdurchl\u00e4ssige Fugenmasse zum F\u00fcllen von Fugen 5-25 mm, Kl. CG 2W.<\/p>\n<\/div>\n<div class=\"field field--name-field-text field--type-text-long field--label-hidden field--item\">\n<p>Zum Verfugen und Isolieren von keramischen Wand- und Bodenfliesen, Doppelfliesen,<br \/>\nGlasbausteinen und anderen keramischen Materialien, die auf der Vorderseite glasiert sind.<br \/>\nF\u00fcr den Innen- und Au\u00dfenbereich.<\/p>\n<\/div>\n<div class=\"field field--name-field-technicke-udaje field--type-text-long field--label-hidden field--item\">\n<p>Verbrauch bei einem kleinen Fliesenformat von 15 \u00d7 15 \u00d7 5 cm und einer Fugendicke von 10 mm ca. 1,2 kg\/m\u00b2.<\/p>\n<p><a href=\"https:\/\/www.stonecity.cz\/wp-content\/uploads\/2025\/02\/pos_cz_pfn.pdf\">pos_cz_pfn<\/a><\/p>\n<p> tl_cz_pfn<\/p>\n<p><a href=\"https:\/\/www.stonecity.cz\/wp-content\/uploads\/2025\/02\/bl_cz_pfn_bezova.pdf\">bl_cz_pfn_bezova<\/a><\/p>\n<p><a href=\"https:\/\/www.stonecity.cz\/wp-content\/uploads\/2025\/02\/bl_cz_pfn_seda_antracit.pdf\">bl_cz_pfn_seda_antracit<\/a><\/p>\n<\/div>\n","protected":false},"excerpt":{"rendered":"<p>Wasserdurchl\u00e4ssige Fugenmasse zum F\u00fcllen von Fugen 5-25 mm, Kl. CG 2W. Zum Verfugen und Isolieren von keramischen Wand- und Bodenfliesen, Doppelfliesen, Glasbausteinen und anderen keramischen Materialien, die auf der Vorderseite glasiert sind. F\u00fcr den Innen- und Au\u00dfenbereich. Verbrauch bei einem kleinen Fliesenformat von 15 \u00d7 15 \u00d7 5 cm und einer Fugendicke von 10 mm [&#8230;]\n","protected":false},"featured_media":19318,"template":"","meta":[],"product_cat":[2063],"product_tag":[1833,1834],"class_list":{"0":"post-19315","1":"product","2":"type-product","3":"status-publish","4":"has-post-thumbnail","6":"product_cat-zubehor","7":"product_tag-fur-den-ausenbereich-geeignet","8":"product_tag-geeignet-fur-innenraume","9":"pa_baleni-25-kg-de","11":"first","12":"instock","13":"purchasable","14":"product-type-simple"},"yoast_head":"<!-- This site is optimized with the Yoast SEO plugin v26.8 - https:\/\/yoast.com\/product\/yoast-seo-wordpress\/ -->\n<title>Fugenm\u00f6rtel Quick Mix PFN - Stonecity.cz<\/title>\n<meta name=\"robots\" content=\"index, follow, max-snippet:-1, max-image-preview:large, max-video-preview:-1\" \/>\n<link rel=\"canonical\" href=\"https:\/\/www.stonecity.cz\/de\/produkt\/fubr-ehemals-fsm-fugenmortel-fur-fliesen-kopirovat\/\" \/>\n<meta property=\"og:locale\" content=\"de_DE\" \/>\n<meta property=\"og:type\" content=\"article\" \/>\n<meta property=\"og:title\" content=\"Fugenm\u00f6rtel Quick Mix PFN - Stonecity.cz\" \/>\n<meta property=\"og:description\" content=\"Wasserdurchl\u00e4ssige Fugenmasse zum F\u00fcllen von Fugen 5-25 mm, Kl. CG 2W. Zum Verfugen und Isolieren von keramischen Wand- und Bodenfliesen, Doppelfliesen, Glasbausteinen und anderen keramischen Materialien, die auf der Vorderseite glasiert sind. F\u00fcr den Innen- und Au\u00dfenbereich. Verbrauch bei einem kleinen Fliesenformat von 15 \u00d7 15 \u00d7 5 cm und einer Fugendicke von 10 mm [...]\" \/>\n<meta property=\"og:url\" content=\"https:\/\/www.stonecity.cz\/de\/produkt\/fubr-ehemals-fsm-fugenmortel-fur-fliesen-kopirovat\/\" \/>\n<meta property=\"og:site_name\" content=\"Stonecity.cz\" \/>\n<meta property=\"article:modified_time\" content=\"2025-02-28T09:20:08+00:00\" \/>\n<meta property=\"og:image\" content=\"https:\/\/www.stonecity.cz\/wp-content\/uploads\/2025\/02\/pfn_25kg-1.jpg\" \/>\n\t<meta property=\"og:image:width\" content=\"800\" \/>\n\t<meta property=\"og:image:height\" content=\"800\" \/>\n\t<meta property=\"og:image:type\" content=\"image\/jpeg\" \/>\n<meta name=\"twitter:card\" content=\"summary_large_image\" \/>\n<script type=\"application\/ld+json\" class=\"yoast-schema-graph\">{\"@context\":\"https:\/\/schema.org\",\"@graph\":[{\"@type\":\"WebPage\",\"@id\":\"https:\/\/www.stonecity.cz\/de\/produkt\/fubr-ehemals-fsm-fugenmortel-fur-fliesen-kopirovat\/\",\"url\":\"https:\/\/www.stonecity.cz\/de\/produkt\/fubr-ehemals-fsm-fugenmortel-fur-fliesen-kopirovat\/\",\"name\":\"Fugenm\u00f6rtel Quick Mix PFN - Stonecity.cz\",\"isPartOf\":{\"@id\":\"https:\/\/www.stonecity.cz\/de\/#website\"},\"primaryImageOfPage\":{\"@id\":\"https:\/\/www.stonecity.cz\/de\/produkt\/fubr-ehemals-fsm-fugenmortel-fur-fliesen-kopirovat\/#primaryimage\"},\"image\":{\"@id\":\"https:\/\/www.stonecity.cz\/de\/produkt\/fubr-ehemals-fsm-fugenmortel-fur-fliesen-kopirovat\/#primaryimage\"},\"thumbnailUrl\":\"https:\/\/www.stonecity.cz\/wp-content\/uploads\/2025\/02\/pfn_25kg-1.jpg\",\"datePublished\":\"2025-02-28T09:11:46+00:00\",\"dateModified\":\"2025-02-28T09:20:08+00:00\",\"breadcrumb\":{\"@id\":\"https:\/\/www.stonecity.cz\/de\/produkt\/fubr-ehemals-fsm-fugenmortel-fur-fliesen-kopirovat\/#breadcrumb\"},\"inLanguage\":\"de\",\"potentialAction\":[{\"@type\":\"ReadAction\",\"target\":[\"https:\/\/www.stonecity.cz\/de\/produkt\/fubr-ehemals-fsm-fugenmortel-fur-fliesen-kopirovat\/\"]}]},{\"@type\":\"ImageObject\",\"inLanguage\":\"de\",\"@id\":\"https:\/\/www.stonecity.cz\/de\/produkt\/fubr-ehemals-fsm-fugenmortel-fur-fliesen-kopirovat\/#primaryimage\",\"url\":\"https:\/\/www.stonecity.cz\/wp-content\/uploads\/2025\/02\/pfn_25kg-1.jpg\",\"contentUrl\":\"https:\/\/www.stonecity.cz\/wp-content\/uploads\/2025\/02\/pfn_25kg-1.jpg\",\"width\":800,\"height\":800},{\"@type\":\"BreadcrumbList\",\"@id\":\"https:\/\/www.stonecity.cz\/de\/produkt\/fubr-ehemals-fsm-fugenmortel-fur-fliesen-kopirovat\/#breadcrumb\",\"itemListElement\":[{\"@type\":\"ListItem\",\"position\":1,\"name\":\"Dom\u016f\",\"item\":\"https:\/\/www.stonecity.cz\/de\/\"},{\"@type\":\"ListItem\",\"position\":2,\"name\":\"Shop\",\"item\":\"https:\/\/www.stonecity.cz\/de\/shop\/\"},{\"@type\":\"ListItem\",\"position\":3,\"name\":\"Fugenm\u00f6rtel Quick Mix PFN\"}]},{\"@type\":\"WebSite\",\"@id\":\"https:\/\/www.stonecity.cz\/de\/#website\",\"url\":\"https:\/\/www.stonecity.cz\/de\/\",\"name\":\"Stonecity.cz\",\"description\":\"Dla\u017eba, obklady, um\u011bl\u00fd i p\u0159\u00edrodn\u00ed k\u00e1men\",\"potentialAction\":[{\"@type\":\"SearchAction\",\"target\":{\"@type\":\"EntryPoint\",\"urlTemplate\":\"https:\/\/www.stonecity.cz\/de\/?s={search_term_string}\"},\"query-input\":{\"@type\":\"PropertyValueSpecification\",\"valueRequired\":true,\"valueName\":\"search_term_string\"}}],\"inLanguage\":\"de\"}]}<\/script>\n<!-- \/ Yoast SEO plugin. -->","yoast_head_json":{"title":"Fugenm\u00f6rtel Quick Mix PFN - Stonecity.cz","robots":{"index":"index","follow":"follow","max-snippet":"max-snippet:-1","max-image-preview":"max-image-preview:large","max-video-preview":"max-video-preview:-1"},"canonical":"https:\/\/www.stonecity.cz\/de\/produkt\/fubr-ehemals-fsm-fugenmortel-fur-fliesen-kopirovat\/","og_locale":"de_DE","og_type":"article","og_title":"Fugenm\u00f6rtel Quick Mix PFN - Stonecity.cz","og_description":"Wasserdurchl\u00e4ssige Fugenmasse zum F\u00fcllen von Fugen 5-25 mm, Kl. CG 2W. Zum Verfugen und Isolieren von keramischen Wand- und Bodenfliesen, Doppelfliesen, Glasbausteinen und anderen keramischen Materialien, die auf der Vorderseite glasiert sind. F\u00fcr den Innen- und Au\u00dfenbereich. Verbrauch bei einem kleinen Fliesenformat von 15 \u00d7 15 \u00d7 5 cm und einer Fugendicke von 10 mm [...]","og_url":"https:\/\/www.stonecity.cz\/de\/produkt\/fubr-ehemals-fsm-fugenmortel-fur-fliesen-kopirovat\/","og_site_name":"Stonecity.cz","article_modified_time":"2025-02-28T09:20:08+00:00","og_image":[{"width":800,"height":800,"url":"https:\/\/www.stonecity.cz\/wp-content\/uploads\/2025\/02\/pfn_25kg-1.jpg","type":"image\/jpeg"}],"twitter_card":"summary_large_image","schema":{"@context":"https:\/\/schema.org","@graph":[{"@type":"WebPage","@id":"https:\/\/www.stonecity.cz\/de\/produkt\/fubr-ehemals-fsm-fugenmortel-fur-fliesen-kopirovat\/","url":"https:\/\/www.stonecity.cz\/de\/produkt\/fubr-ehemals-fsm-fugenmortel-fur-fliesen-kopirovat\/","name":"Fugenm\u00f6rtel Quick Mix PFN - Stonecity.cz","isPartOf":{"@id":"https:\/\/www.stonecity.cz\/de\/#website"},"primaryImageOfPage":{"@id":"https:\/\/www.stonecity.cz\/de\/produkt\/fubr-ehemals-fsm-fugenmortel-fur-fliesen-kopirovat\/#primaryimage"},"image":{"@id":"https:\/\/www.stonecity.cz\/de\/produkt\/fubr-ehemals-fsm-fugenmortel-fur-fliesen-kopirovat\/#primaryimage"},"thumbnailUrl":"https:\/\/www.stonecity.cz\/wp-content\/uploads\/2025\/02\/pfn_25kg-1.jpg","datePublished":"2025-02-28T09:11:46+00:00","dateModified":"2025-02-28T09:20:08+00:00","breadcrumb":{"@id":"https:\/\/www.stonecity.cz\/de\/produkt\/fubr-ehemals-fsm-fugenmortel-fur-fliesen-kopirovat\/#breadcrumb"},"inLanguage":"de","potentialAction":[{"@type":"ReadAction","target":["https:\/\/www.stonecity.cz\/de\/produkt\/fubr-ehemals-fsm-fugenmortel-fur-fliesen-kopirovat\/"]}]},{"@type":"ImageObject","inLanguage":"de","@id":"https:\/\/www.stonecity.cz\/de\/produkt\/fubr-ehemals-fsm-fugenmortel-fur-fliesen-kopirovat\/#primaryimage","url":"https:\/\/www.stonecity.cz\/wp-content\/uploads\/2025\/02\/pfn_25kg-1.jpg","contentUrl":"https:\/\/www.stonecity.cz\/wp-content\/uploads\/2025\/02\/pfn_25kg-1.jpg","width":800,"height":800},{"@type":"BreadcrumbList","@id":"https:\/\/www.stonecity.cz\/de\/produkt\/fubr-ehemals-fsm-fugenmortel-fur-fliesen-kopirovat\/#breadcrumb","itemListElement":[{"@type":"ListItem","position":1,"name":"Dom\u016f","item":"https:\/\/www.stonecity.cz\/de\/"},{"@type":"ListItem","position":2,"name":"Shop","item":"https:\/\/www.stonecity.cz\/de\/shop\/"},{"@type":"ListItem","position":3,"name":"Fugenm\u00f6rtel Quick Mix PFN"}]},{"@type":"WebSite","@id":"https:\/\/www.stonecity.cz\/de\/#website","url":"https:\/\/www.stonecity.cz\/de\/","name":"Stonecity.cz","description":"Dla\u017eba, obklady, um\u011bl\u00fd i p\u0159\u00edrodn\u00ed k\u00e1men","potentialAction":[{"@type":"SearchAction","target":{"@type":"EntryPoint","urlTemplate":"https:\/\/www.stonecity.cz\/de\/?s={search_term_string}"},"query-input":{"@type":"PropertyValueSpecification","valueRequired":true,"valueName":"search_term_string"}}],"inLanguage":"de"}]}},"_links":{"self":[{"href":"https:\/\/www.stonecity.cz\/de\/wp-json\/wp\/v2\/product\/19315","targetHints":{"allow":["GET"]}}],"collection":[{"href":"https:\/\/www.stonecity.cz\/de\/wp-json\/wp\/v2\/product"}],"about":[{"href":"https:\/\/www.stonecity.cz\/de\/wp-json\/wp\/v2\/types\/product"}],"wp:featuredmedia":[{"embeddable":true,"href":"https:\/\/www.stonecity.cz\/de\/wp-json\/wp\/v2\/media\/19318"}],"wp:attachment":[{"href":"https:\/\/www.stonecity.cz\/de\/wp-json\/wp\/v2\/media?parent=19315"}],"wp:term":[{"taxonomy":"product_cat","embeddable":true,"href":"https:\/\/www.stonecity.cz\/de\/wp-json\/wp\/v2\/product_cat?post=19315"},{"taxonomy":"product_tag","embeddable":true,"href":"https:\/\/www.stonecity.cz\/de\/wp-json\/wp\/v2\/product_tag?post=19315"}],"curies":[{"name":"wp","href":"https:\/\/api.w.org\/{rel}","templated":true}]}}