{"id":19354,"date":"2025-03-04T12:30:42","date_gmt":"2025-03-04T11:30:42","guid":{"rendered":"https:\/\/www.stonecity.cz\/?post_type=product&#038;p=19354"},"modified":"2025-03-07T11:03:58","modified_gmt":"2025-03-07T10:03:58","slug":"kalksteinfliesen-indian-gold-l-01-l-02-kopirovat","status":"publish","type":"product","link":"https:\/\/www.stonecity.cz\/de\/produkt\/kalksteinfliesen-indian-gold-l-01-l-02-kopirovat\/","title":{"rendered":"Rustikale Steinfliesen Murcia schwarz L-11\/ L-12"},"content":{"rendered":"<p>Kalkstein ist ein Sedimentgestein, das durch die Ansammlung von (kalkhaltigen) \u00dcberresten von Meeresorganismen entsteht. Der Kalkstein besteht daher haupts\u00e4chlich aus Kalziumkarbonat und Fossilien (Muscheln, Ammoniten usw.) werden regelm\u00e4\u00dfig in ihm gefunden. <\/p>\n<p>Kalksteinfliesen in schwarzer Farbe.<\/p>\n<p>Oberfl\u00e4che: abgesplitterte Kanten, nat\u00fcrliche Oberfl\u00e4che<\/p>\n<p>Dicke: 2,2 cm<\/p>\n<p>L-11 = Abmessung 60&#215;60 cm (0,36m2), Karton 14,4 m2<\/p>\n<p>L-12 = Gr\u00f6\u00dfe 90&#215;60 cm (0,54m2), Karton 21,6 m2<\/p>\n<div style=\"width: 848px;\" class=\"wp-video\"><!--[if lt IE 9]><script>document.createElement('video');<\/script><![endif]-->\n<video class=\"wp-video-shortcode\" id=\"video-19354-1\" width=\"848\" height=\"480\" preload=\"metadata\" controls=\"controls\"><source type=\"video\/mp4\" src=\"https:\/\/www.stonecity.cz\/wp-content\/uploads\/2025\/03\/VID-Murcia.mp4?_=1\" \/><a href=\"https:\/\/www.stonecity.cz\/wp-content\/uploads\/2025\/03\/VID-Murcia.mp4\">https:\/\/www.stonecity.cz\/wp-content\/uploads\/2025\/03\/VID-Murcia.mp4<\/a><\/video><\/div>\n<p>&nbsp;<\/p>\n<p>&nbsp;<\/p>\n<p>&nbsp;<\/p>\n<p>&nbsp;<\/p>\n<p>&nbsp;<\/p>\n","protected":false},"excerpt":{"rendered":"<p>Kalkstein ist ein Sedimentgestein, das durch die Ansammlung von (kalkhaltigen) \u00dcberresten von Meeresorganismen entsteht. Der Kalkstein besteht daher haupts\u00e4chlich aus Kalziumkarbonat und Fossilien (Muscheln, Ammoniten usw.) werden regelm\u00e4\u00dfig in ihm gefunden. Kalksteinfliesen in schwarzer Farbe. Oberfl\u00e4che: abgesplitterte Kanten, nat\u00fcrliche Oberfl\u00e4che Dicke: 2,2 cm L-11 = Abmessung 60&#215;60 cm (0,36m2), Karton 14,4 m2 L-12 = Gr\u00f6\u00dfe [&#8230;]\n","protected":false},"featured_media":19363,"template":"","meta":[],"product_cat":[3268,1917,1923,1953],"product_tag":[1832,1833,1840,1834,1837,1838],"class_list":{"0":"post-19354","1":"product","2":"type-product","3":"status-publish","4":"has-post-thumbnail","6":"product_cat-historische-und-rustikale-burgersteige","7":"product_cat-pflaster","8":"product_cat-naturstein","9":"product_cat-kalkstein","10":"product_tag-aus","11":"product_tag-fur-den-ausenbereich-geeignet","12":"product_tag-geeignet-fur-die-terrasse","13":"product_tag-geeignet-fur-innenraume","14":"product_tag-geeignet-fur-sauna","15":"product_tag-geeignet-fur-wellness","16":"pa_tloustka-22-cm-de","18":"first","19":"instock","20":"taxable","21":"shipping-taxable","22":"purchasable","23":"product-type-variable","24":"has-default-attributes"},"yoast_head":"<!-- This site is optimized with the Yoast SEO plugin v26.8 - https:\/\/yoast.com\/product\/yoast-seo-wordpress\/ -->\n<title>Rustikale Steinfliesen Murcia schwarz L-11\/ L-12 - Stonecity.cz<\/title>\n<meta name=\"robots\" content=\"index, follow, max-snippet:-1, max-image-preview:large, max-video-preview:-1\" \/>\n<link rel=\"canonical\" href=\"https:\/\/www.stonecity.cz\/de\/produkt\/kalksteinfliesen-indian-gold-l-01-l-02-kopirovat\/\" \/>\n<meta property=\"og:locale\" content=\"de_DE\" \/>\n<meta property=\"og:type\" content=\"article\" \/>\n<meta property=\"og:title\" content=\"Rustikale Steinfliesen Murcia schwarz L-11\/ L-12 - Stonecity.cz\" \/>\n<meta property=\"og:description\" content=\"Kalkstein ist ein Sedimentgestein, das durch die Ansammlung von (kalkhaltigen) \u00dcberresten von Meeresorganismen entsteht. Der Kalkstein besteht daher haupts\u00e4chlich aus Kalziumkarbonat und Fossilien (Muscheln, Ammoniten usw.) werden regelm\u00e4\u00dfig in ihm gefunden. Kalksteinfliesen in schwarzer Farbe. Oberfl\u00e4che: abgesplitterte Kanten, nat\u00fcrliche Oberfl\u00e4che Dicke: 2,2 cm L-11 = Abmessung 60&#215;60 cm (0,36m2), Karton 14,4 m2 L-12 = Gr\u00f6\u00dfe [...]\" \/>\n<meta property=\"og:url\" content=\"https:\/\/www.stonecity.cz\/de\/produkt\/kalksteinfliesen-indian-gold-l-01-l-02-kopirovat\/\" \/>\n<meta property=\"og:site_name\" content=\"Stonecity.cz\" \/>\n<meta property=\"article:modified_time\" content=\"2025-03-07T10:03:58+00:00\" \/>\n<meta property=\"og:image\" content=\"https:\/\/www.stonecity.cz\/wp-content\/uploads\/2025\/03\/Kadappa-Black-2-min-scaled.jpg\" \/>\n\t<meta property=\"og:image:width\" content=\"2560\" \/>\n\t<meta property=\"og:image:height\" content=\"1920\" \/>\n\t<meta property=\"og:image:type\" content=\"image\/jpeg\" \/>\n<meta name=\"twitter:card\" content=\"summary_large_image\" \/>\n<script type=\"application\/ld+json\" class=\"yoast-schema-graph\">{\"@context\":\"https:\/\/schema.org\",\"@graph\":[{\"@type\":\"WebPage\",\"@id\":\"https:\/\/www.stonecity.cz\/de\/produkt\/kalksteinfliesen-indian-gold-l-01-l-02-kopirovat\/\",\"url\":\"https:\/\/www.stonecity.cz\/de\/produkt\/kalksteinfliesen-indian-gold-l-01-l-02-kopirovat\/\",\"name\":\"Rustikale Steinfliesen Murcia schwarz L-11\/ L-12 - Stonecity.cz\",\"isPartOf\":{\"@id\":\"https:\/\/www.stonecity.cz\/de\/#website\"},\"primaryImageOfPage\":{\"@id\":\"https:\/\/www.stonecity.cz\/de\/produkt\/kalksteinfliesen-indian-gold-l-01-l-02-kopirovat\/#primaryimage\"},\"image\":{\"@id\":\"https:\/\/www.stonecity.cz\/de\/produkt\/kalksteinfliesen-indian-gold-l-01-l-02-kopirovat\/#primaryimage\"},\"thumbnailUrl\":\"https:\/\/www.stonecity.cz\/wp-content\/uploads\/2025\/03\/Kadappa-Black-2-min-scaled.jpg\",\"datePublished\":\"2025-03-04T11:30:42+00:00\",\"dateModified\":\"2025-03-07T10:03:58+00:00\",\"breadcrumb\":{\"@id\":\"https:\/\/www.stonecity.cz\/de\/produkt\/kalksteinfliesen-indian-gold-l-01-l-02-kopirovat\/#breadcrumb\"},\"inLanguage\":\"de\",\"potentialAction\":[{\"@type\":\"ReadAction\",\"target\":[\"https:\/\/www.stonecity.cz\/de\/produkt\/kalksteinfliesen-indian-gold-l-01-l-02-kopirovat\/\"]}]},{\"@type\":\"ImageObject\",\"inLanguage\":\"de\",\"@id\":\"https:\/\/www.stonecity.cz\/de\/produkt\/kalksteinfliesen-indian-gold-l-01-l-02-kopirovat\/#primaryimage\",\"url\":\"https:\/\/www.stonecity.cz\/wp-content\/uploads\/2025\/03\/Kadappa-Black-2-min-scaled.jpg\",\"contentUrl\":\"https:\/\/www.stonecity.cz\/wp-content\/uploads\/2025\/03\/Kadappa-Black-2-min-scaled.jpg\",\"width\":2560,\"height\":1920},{\"@type\":\"BreadcrumbList\",\"@id\":\"https:\/\/www.stonecity.cz\/de\/produkt\/kalksteinfliesen-indian-gold-l-01-l-02-kopirovat\/#breadcrumb\",\"itemListElement\":[{\"@type\":\"ListItem\",\"position\":1,\"name\":\"Dom\u016f\",\"item\":\"https:\/\/www.stonecity.cz\/de\/\"},{\"@type\":\"ListItem\",\"position\":2,\"name\":\"Shop\",\"item\":\"https:\/\/www.stonecity.cz\/de\/shop\/\"},{\"@type\":\"ListItem\",\"position\":3,\"name\":\"Rustikale Steinfliesen Murcia schwarz L-11\/ L-12\"}]},{\"@type\":\"WebSite\",\"@id\":\"https:\/\/www.stonecity.cz\/de\/#website\",\"url\":\"https:\/\/www.stonecity.cz\/de\/\",\"name\":\"Stonecity.cz\",\"description\":\"Dla\u017eba, obklady, um\u011bl\u00fd i p\u0159\u00edrodn\u00ed k\u00e1men\",\"potentialAction\":[{\"@type\":\"SearchAction\",\"target\":{\"@type\":\"EntryPoint\",\"urlTemplate\":\"https:\/\/www.stonecity.cz\/de\/?s={search_term_string}\"},\"query-input\":{\"@type\":\"PropertyValueSpecification\",\"valueRequired\":true,\"valueName\":\"search_term_string\"}}],\"inLanguage\":\"de\"}]}<\/script>\n<!-- \/ Yoast SEO plugin. -->","yoast_head_json":{"title":"Rustikale Steinfliesen Murcia schwarz L-11\/ L-12 - Stonecity.cz","robots":{"index":"index","follow":"follow","max-snippet":"max-snippet:-1","max-image-preview":"max-image-preview:large","max-video-preview":"max-video-preview:-1"},"canonical":"https:\/\/www.stonecity.cz\/de\/produkt\/kalksteinfliesen-indian-gold-l-01-l-02-kopirovat\/","og_locale":"de_DE","og_type":"article","og_title":"Rustikale Steinfliesen Murcia schwarz L-11\/ L-12 - Stonecity.cz","og_description":"Kalkstein ist ein Sedimentgestein, das durch die Ansammlung von (kalkhaltigen) \u00dcberresten von Meeresorganismen entsteht. Der Kalkstein besteht daher haupts\u00e4chlich aus Kalziumkarbonat und Fossilien (Muscheln, Ammoniten usw.) werden regelm\u00e4\u00dfig in ihm gefunden. Kalksteinfliesen in schwarzer Farbe. Oberfl\u00e4che: abgesplitterte Kanten, nat\u00fcrliche Oberfl\u00e4che Dicke: 2,2 cm L-11 = Abmessung 60&#215;60 cm (0,36m2), Karton 14,4 m2 L-12 = Gr\u00f6\u00dfe [...]","og_url":"https:\/\/www.stonecity.cz\/de\/produkt\/kalksteinfliesen-indian-gold-l-01-l-02-kopirovat\/","og_site_name":"Stonecity.cz","article_modified_time":"2025-03-07T10:03:58+00:00","og_image":[{"width":2560,"height":1920,"url":"https:\/\/www.stonecity.cz\/wp-content\/uploads\/2025\/03\/Kadappa-Black-2-min-scaled.jpg","type":"image\/jpeg"}],"twitter_card":"summary_large_image","schema":{"@context":"https:\/\/schema.org","@graph":[{"@type":"WebPage","@id":"https:\/\/www.stonecity.cz\/de\/produkt\/kalksteinfliesen-indian-gold-l-01-l-02-kopirovat\/","url":"https:\/\/www.stonecity.cz\/de\/produkt\/kalksteinfliesen-indian-gold-l-01-l-02-kopirovat\/","name":"Rustikale Steinfliesen Murcia schwarz L-11\/ L-12 - Stonecity.cz","isPartOf":{"@id":"https:\/\/www.stonecity.cz\/de\/#website"},"primaryImageOfPage":{"@id":"https:\/\/www.stonecity.cz\/de\/produkt\/kalksteinfliesen-indian-gold-l-01-l-02-kopirovat\/#primaryimage"},"image":{"@id":"https:\/\/www.stonecity.cz\/de\/produkt\/kalksteinfliesen-indian-gold-l-01-l-02-kopirovat\/#primaryimage"},"thumbnailUrl":"https:\/\/www.stonecity.cz\/wp-content\/uploads\/2025\/03\/Kadappa-Black-2-min-scaled.jpg","datePublished":"2025-03-04T11:30:42+00:00","dateModified":"2025-03-07T10:03:58+00:00","breadcrumb":{"@id":"https:\/\/www.stonecity.cz\/de\/produkt\/kalksteinfliesen-indian-gold-l-01-l-02-kopirovat\/#breadcrumb"},"inLanguage":"de","potentialAction":[{"@type":"ReadAction","target":["https:\/\/www.stonecity.cz\/de\/produkt\/kalksteinfliesen-indian-gold-l-01-l-02-kopirovat\/"]}]},{"@type":"ImageObject","inLanguage":"de","@id":"https:\/\/www.stonecity.cz\/de\/produkt\/kalksteinfliesen-indian-gold-l-01-l-02-kopirovat\/#primaryimage","url":"https:\/\/www.stonecity.cz\/wp-content\/uploads\/2025\/03\/Kadappa-Black-2-min-scaled.jpg","contentUrl":"https:\/\/www.stonecity.cz\/wp-content\/uploads\/2025\/03\/Kadappa-Black-2-min-scaled.jpg","width":2560,"height":1920},{"@type":"BreadcrumbList","@id":"https:\/\/www.stonecity.cz\/de\/produkt\/kalksteinfliesen-indian-gold-l-01-l-02-kopirovat\/#breadcrumb","itemListElement":[{"@type":"ListItem","position":1,"name":"Dom\u016f","item":"https:\/\/www.stonecity.cz\/de\/"},{"@type":"ListItem","position":2,"name":"Shop","item":"https:\/\/www.stonecity.cz\/de\/shop\/"},{"@type":"ListItem","position":3,"name":"Rustikale Steinfliesen Murcia schwarz L-11\/ L-12"}]},{"@type":"WebSite","@id":"https:\/\/www.stonecity.cz\/de\/#website","url":"https:\/\/www.stonecity.cz\/de\/","name":"Stonecity.cz","description":"Dla\u017eba, obklady, um\u011bl\u00fd i p\u0159\u00edrodn\u00ed k\u00e1men","potentialAction":[{"@type":"SearchAction","target":{"@type":"EntryPoint","urlTemplate":"https:\/\/www.stonecity.cz\/de\/?s={search_term_string}"},"query-input":{"@type":"PropertyValueSpecification","valueRequired":true,"valueName":"search_term_string"}}],"inLanguage":"de"}]}},"_links":{"self":[{"href":"https:\/\/www.stonecity.cz\/de\/wp-json\/wp\/v2\/product\/19354","targetHints":{"allow":["GET"]}}],"collection":[{"href":"https:\/\/www.stonecity.cz\/de\/wp-json\/wp\/v2\/product"}],"about":[{"href":"https:\/\/www.stonecity.cz\/de\/wp-json\/wp\/v2\/types\/product"}],"wp:featuredmedia":[{"embeddable":true,"href":"https:\/\/www.stonecity.cz\/de\/wp-json\/wp\/v2\/media\/19363"}],"wp:attachment":[{"href":"https:\/\/www.stonecity.cz\/de\/wp-json\/wp\/v2\/media?parent=19354"}],"wp:term":[{"taxonomy":"product_cat","embeddable":true,"href":"https:\/\/www.stonecity.cz\/de\/wp-json\/wp\/v2\/product_cat?post=19354"},{"taxonomy":"product_tag","embeddable":true,"href":"https:\/\/www.stonecity.cz\/de\/wp-json\/wp\/v2\/product_tag?post=19354"}],"curies":[{"name":"wp","href":"https:\/\/api.w.org\/{rel}","templated":true}]}}