{"id":19589,"date":"2025-04-15T11:03:02","date_gmt":"2025-04-15T09:03:02","guid":{"rendered":"https:\/\/www.stonecity.cz\/?post_type=product&#038;p=19589"},"modified":"2025-04-15T11:06:55","modified_gmt":"2025-04-15T09:06:55","slug":"casioli-ecke-qua-33r-steinfliese-kopirovat","status":"publish","type":"product","link":"https:\/\/www.stonecity.cz\/de\/produkt\/casioli-ecke-qua-33r-steinfliese-kopirovat\/","title":{"rendered":"Muravera Ecke QUA-10R Steinfliese"},"content":{"rendered":"<p><span class=\"tlid-translation translation\"><span title=\"\">Steinverkleidung Muravera gro\u00df <\/span><\/span><span class=\"tlid-translation translation\"><span title=\"\"><br \/>\nBei einer Dicke von 3-5 cm ist die rohe nat\u00fcrliche Oberfl\u00e4che des Steins sch\u00f6n und deutlich sichtbar.<\/span><\/span><\/p>\n<p>Eine sehr starke Fliese, die mit oder ohne Fugen verkleidet werden kann.<br \/>\nDie Fliese ohne Fugen erzeugt den perfekten Eindruck einer Felswand.<br \/>\nJeder Stein dieser Serie ist ein komplettes Original, mit einer einzigartigen Textur und Farbnuance.<\/p>\n","protected":false},"excerpt":{"rendered":"<p>Steinverkleidung Muravera gro\u00df Bei einer Dicke von 3-5 cm ist die rohe nat\u00fcrliche Oberfl\u00e4che des Steins sch\u00f6n und deutlich sichtbar. Eine sehr starke Fliese, die mit oder ohne Fugen verkleidet werden kann. Die Fliese ohne Fugen erzeugt den perfekten Eindruck einer Felswand. Jeder Stein dieser Serie ist ein komplettes Original, mit einer einzigartigen Textur und [&#8230;]\n","protected":false},"featured_media":14793,"template":"","meta":[],"product_cat":[2041,2033,2049],"product_tag":[1833,1834],"class_list":{"0":"post-19589","1":"product","2":"type-product","3":"status-publish","4":"has-post-thumbnail","6":"product_cat-verblendsteine","7":"product_cat-naturstein-de","8":"product_cat-marmor","9":"product_tag-fur-den-ausenbereich-geeignet","10":"product_tag-geeignet-fur-innenraume","11":"pa_baleni-30bm-palette-810kg","13":"first","14":"onbackorder","15":"purchasable","16":"product-type-simple"},"yoast_head":"<!-- This site is optimized with the Yoast SEO plugin v26.8 - https:\/\/yoast.com\/product\/yoast-seo-wordpress\/ -->\n<title>Muravera Ecke QUA-10R Steinfliese - Stonecity.cz<\/title>\n<meta name=\"robots\" content=\"index, follow, max-snippet:-1, max-image-preview:large, max-video-preview:-1\" \/>\n<link rel=\"canonical\" href=\"https:\/\/www.stonecity.cz\/de\/produkt\/casioli-ecke-qua-33r-steinfliese-kopirovat\/\" \/>\n<meta property=\"og:locale\" content=\"de_DE\" \/>\n<meta property=\"og:type\" content=\"article\" \/>\n<meta property=\"og:title\" content=\"Muravera Ecke QUA-10R Steinfliese - Stonecity.cz\" \/>\n<meta property=\"og:description\" content=\"Steinverkleidung Muravera gro\u00df Bei einer Dicke von 3-5 cm ist die rohe nat\u00fcrliche Oberfl\u00e4che des Steins sch\u00f6n und deutlich sichtbar. Eine sehr starke Fliese, die mit oder ohne Fugen verkleidet werden kann. Die Fliese ohne Fugen erzeugt den perfekten Eindruck einer Felswand. Jeder Stein dieser Serie ist ein komplettes Original, mit einer einzigartigen Textur und [...]\" \/>\n<meta property=\"og:url\" content=\"https:\/\/www.stonecity.cz\/de\/produkt\/casioli-ecke-qua-33r-steinfliese-kopirovat\/\" \/>\n<meta property=\"og:site_name\" content=\"Stonecity.cz\" \/>\n<meta property=\"article:modified_time\" content=\"2025-04-15T09:06:55+00:00\" \/>\n<meta property=\"og:image\" content=\"https:\/\/www.stonecity.cz\/wp-content\/uploads\/2022\/12\/Kamenny-obklad-Casioli-QUA-33-1.jpg\" \/>\n\t<meta property=\"og:image:width\" content=\"1024\" \/>\n\t<meta property=\"og:image:height\" content=\"576\" \/>\n\t<meta property=\"og:image:type\" content=\"image\/jpeg\" \/>\n<meta name=\"twitter:card\" content=\"summary_large_image\" \/>\n<script type=\"application\/ld+json\" class=\"yoast-schema-graph\">{\"@context\":\"https:\/\/schema.org\",\"@graph\":[{\"@type\":\"WebPage\",\"@id\":\"https:\/\/www.stonecity.cz\/de\/produkt\/casioli-ecke-qua-33r-steinfliese-kopirovat\/\",\"url\":\"https:\/\/www.stonecity.cz\/de\/produkt\/casioli-ecke-qua-33r-steinfliese-kopirovat\/\",\"name\":\"Muravera Ecke QUA-10R Steinfliese - Stonecity.cz\",\"isPartOf\":{\"@id\":\"https:\/\/www.stonecity.cz\/de\/#website\"},\"primaryImageOfPage\":{\"@id\":\"https:\/\/www.stonecity.cz\/de\/produkt\/casioli-ecke-qua-33r-steinfliese-kopirovat\/#primaryimage\"},\"image\":{\"@id\":\"https:\/\/www.stonecity.cz\/de\/produkt\/casioli-ecke-qua-33r-steinfliese-kopirovat\/#primaryimage\"},\"thumbnailUrl\":\"https:\/\/www.stonecity.cz\/wp-content\/uploads\/2022\/12\/Kamenny-obklad-Casioli-QUA-33-1.jpg\",\"datePublished\":\"2025-04-15T09:03:02+00:00\",\"dateModified\":\"2025-04-15T09:06:55+00:00\",\"breadcrumb\":{\"@id\":\"https:\/\/www.stonecity.cz\/de\/produkt\/casioli-ecke-qua-33r-steinfliese-kopirovat\/#breadcrumb\"},\"inLanguage\":\"de\",\"potentialAction\":[{\"@type\":\"ReadAction\",\"target\":[\"https:\/\/www.stonecity.cz\/de\/produkt\/casioli-ecke-qua-33r-steinfliese-kopirovat\/\"]}]},{\"@type\":\"ImageObject\",\"inLanguage\":\"de\",\"@id\":\"https:\/\/www.stonecity.cz\/de\/produkt\/casioli-ecke-qua-33r-steinfliese-kopirovat\/#primaryimage\",\"url\":\"https:\/\/www.stonecity.cz\/wp-content\/uploads\/2022\/12\/Kamenny-obklad-Casioli-QUA-33-1.jpg\",\"contentUrl\":\"https:\/\/www.stonecity.cz\/wp-content\/uploads\/2022\/12\/Kamenny-obklad-Casioli-QUA-33-1.jpg\",\"width\":1024,\"height\":576},{\"@type\":\"BreadcrumbList\",\"@id\":\"https:\/\/www.stonecity.cz\/de\/produkt\/casioli-ecke-qua-33r-steinfliese-kopirovat\/#breadcrumb\",\"itemListElement\":[{\"@type\":\"ListItem\",\"position\":1,\"name\":\"Dom\u016f\",\"item\":\"https:\/\/www.stonecity.cz\/de\/\"},{\"@type\":\"ListItem\",\"position\":2,\"name\":\"Shop\",\"item\":\"https:\/\/www.stonecity.cz\/de\/shop\/\"},{\"@type\":\"ListItem\",\"position\":3,\"name\":\"Muravera Ecke QUA-10R Steinfliese\"}]},{\"@type\":\"WebSite\",\"@id\":\"https:\/\/www.stonecity.cz\/de\/#website\",\"url\":\"https:\/\/www.stonecity.cz\/de\/\",\"name\":\"Stonecity.cz\",\"description\":\"Dla\u017eba, obklady, um\u011bl\u00fd i p\u0159\u00edrodn\u00ed k\u00e1men\",\"potentialAction\":[{\"@type\":\"SearchAction\",\"target\":{\"@type\":\"EntryPoint\",\"urlTemplate\":\"https:\/\/www.stonecity.cz\/de\/?s={search_term_string}\"},\"query-input\":{\"@type\":\"PropertyValueSpecification\",\"valueRequired\":true,\"valueName\":\"search_term_string\"}}],\"inLanguage\":\"de\"}]}<\/script>\n<!-- \/ Yoast SEO plugin. -->","yoast_head_json":{"title":"Muravera Ecke QUA-10R Steinfliese - Stonecity.cz","robots":{"index":"index","follow":"follow","max-snippet":"max-snippet:-1","max-image-preview":"max-image-preview:large","max-video-preview":"max-video-preview:-1"},"canonical":"https:\/\/www.stonecity.cz\/de\/produkt\/casioli-ecke-qua-33r-steinfliese-kopirovat\/","og_locale":"de_DE","og_type":"article","og_title":"Muravera Ecke QUA-10R Steinfliese - Stonecity.cz","og_description":"Steinverkleidung Muravera gro\u00df Bei einer Dicke von 3-5 cm ist die rohe nat\u00fcrliche Oberfl\u00e4che des Steins sch\u00f6n und deutlich sichtbar. Eine sehr starke Fliese, die mit oder ohne Fugen verkleidet werden kann. Die Fliese ohne Fugen erzeugt den perfekten Eindruck einer Felswand. Jeder Stein dieser Serie ist ein komplettes Original, mit einer einzigartigen Textur und [...]","og_url":"https:\/\/www.stonecity.cz\/de\/produkt\/casioli-ecke-qua-33r-steinfliese-kopirovat\/","og_site_name":"Stonecity.cz","article_modified_time":"2025-04-15T09:06:55+00:00","og_image":[{"width":1024,"height":576,"url":"https:\/\/www.stonecity.cz\/wp-content\/uploads\/2022\/12\/Kamenny-obklad-Casioli-QUA-33-1.jpg","type":"image\/jpeg"}],"twitter_card":"summary_large_image","schema":{"@context":"https:\/\/schema.org","@graph":[{"@type":"WebPage","@id":"https:\/\/www.stonecity.cz\/de\/produkt\/casioli-ecke-qua-33r-steinfliese-kopirovat\/","url":"https:\/\/www.stonecity.cz\/de\/produkt\/casioli-ecke-qua-33r-steinfliese-kopirovat\/","name":"Muravera Ecke QUA-10R Steinfliese - Stonecity.cz","isPartOf":{"@id":"https:\/\/www.stonecity.cz\/de\/#website"},"primaryImageOfPage":{"@id":"https:\/\/www.stonecity.cz\/de\/produkt\/casioli-ecke-qua-33r-steinfliese-kopirovat\/#primaryimage"},"image":{"@id":"https:\/\/www.stonecity.cz\/de\/produkt\/casioli-ecke-qua-33r-steinfliese-kopirovat\/#primaryimage"},"thumbnailUrl":"https:\/\/www.stonecity.cz\/wp-content\/uploads\/2022\/12\/Kamenny-obklad-Casioli-QUA-33-1.jpg","datePublished":"2025-04-15T09:03:02+00:00","dateModified":"2025-04-15T09:06:55+00:00","breadcrumb":{"@id":"https:\/\/www.stonecity.cz\/de\/produkt\/casioli-ecke-qua-33r-steinfliese-kopirovat\/#breadcrumb"},"inLanguage":"de","potentialAction":[{"@type":"ReadAction","target":["https:\/\/www.stonecity.cz\/de\/produkt\/casioli-ecke-qua-33r-steinfliese-kopirovat\/"]}]},{"@type":"ImageObject","inLanguage":"de","@id":"https:\/\/www.stonecity.cz\/de\/produkt\/casioli-ecke-qua-33r-steinfliese-kopirovat\/#primaryimage","url":"https:\/\/www.stonecity.cz\/wp-content\/uploads\/2022\/12\/Kamenny-obklad-Casioli-QUA-33-1.jpg","contentUrl":"https:\/\/www.stonecity.cz\/wp-content\/uploads\/2022\/12\/Kamenny-obklad-Casioli-QUA-33-1.jpg","width":1024,"height":576},{"@type":"BreadcrumbList","@id":"https:\/\/www.stonecity.cz\/de\/produkt\/casioli-ecke-qua-33r-steinfliese-kopirovat\/#breadcrumb","itemListElement":[{"@type":"ListItem","position":1,"name":"Dom\u016f","item":"https:\/\/www.stonecity.cz\/de\/"},{"@type":"ListItem","position":2,"name":"Shop","item":"https:\/\/www.stonecity.cz\/de\/shop\/"},{"@type":"ListItem","position":3,"name":"Muravera Ecke QUA-10R Steinfliese"}]},{"@type":"WebSite","@id":"https:\/\/www.stonecity.cz\/de\/#website","url":"https:\/\/www.stonecity.cz\/de\/","name":"Stonecity.cz","description":"Dla\u017eba, obklady, um\u011bl\u00fd i p\u0159\u00edrodn\u00ed k\u00e1men","potentialAction":[{"@type":"SearchAction","target":{"@type":"EntryPoint","urlTemplate":"https:\/\/www.stonecity.cz\/de\/?s={search_term_string}"},"query-input":{"@type":"PropertyValueSpecification","valueRequired":true,"valueName":"search_term_string"}}],"inLanguage":"de"}]}},"_links":{"self":[{"href":"https:\/\/www.stonecity.cz\/de\/wp-json\/wp\/v2\/product\/19589","targetHints":{"allow":["GET"]}}],"collection":[{"href":"https:\/\/www.stonecity.cz\/de\/wp-json\/wp\/v2\/product"}],"about":[{"href":"https:\/\/www.stonecity.cz\/de\/wp-json\/wp\/v2\/types\/product"}],"wp:featuredmedia":[{"embeddable":true,"href":"https:\/\/www.stonecity.cz\/de\/wp-json\/wp\/v2\/media\/14793"}],"wp:attachment":[{"href":"https:\/\/www.stonecity.cz\/de\/wp-json\/wp\/v2\/media?parent=19589"}],"wp:term":[{"taxonomy":"product_cat","embeddable":true,"href":"https:\/\/www.stonecity.cz\/de\/wp-json\/wp\/v2\/product_cat?post=19589"},{"taxonomy":"product_tag","embeddable":true,"href":"https:\/\/www.stonecity.cz\/de\/wp-json\/wp\/v2\/product_tag?post=19589"}],"curies":[{"name":"wp","href":"https:\/\/api.w.org\/{rel}","templated":true}]}}