{"id":19614,"date":"2025-05-09T09:50:51","date_gmt":"2025-05-09T07:50:51","guid":{"rendered":"https:\/\/www.stonecity.cz\/?post_type=product&#038;p=19614"},"modified":"2025-05-09T10:02:54","modified_gmt":"2025-05-09T08:02:54","slug":"unregelmasiges-steinpflaster-aus-porphyr-crazy-paving-por-xxxl-reisen-kopirovat","status":"publish","type":"product","link":"https:\/\/www.stonecity.cz\/de\/produkt\/unregelmasiges-steinpflaster-aus-porphyr-crazy-paving-por-xxxl-reisen-kopirovat\/","title":{"rendered":"Porphyrtreppe unregelm\u00e4\u00dfig Natural Top XXL &#8211; POR-TR-31"},"content":{"rendered":"<p>NEUE Garten- und Teichtreppe aus Massivholz<\/p>\n<p>Porphyr &#8211; unregelm\u00e4\u00dfige Formen, gro\u00dfe Formate haben unterschiedliche Seitenl\u00e4ngen mit einer Diagonale von ca. 70x120cm<br \/>\nDie Sch\u00f6nheit dieses Steins wird durch die nat\u00fcrliche Oberfl\u00e4che, abgesplitterte Kanten und eine Farbmischung aus grau, violett,<br \/>\ngrau-braun und violett-violett unterstrichen.<\/p>\n<p>Porphyr ist ein Eruptivgestein, das gro\u00dfe Kristalle &#8211; meist Feldspat oder Quarz &#8211; enth\u00e4lt.<br \/>\nDieser Stein eignet sich f\u00fcr Terrassen, Einfahrten, Gehwege oder Pflaster, aber auch f\u00fcr Pl\u00e4tze und Innenr\u00e4ume.<br \/>\nHardy.<\/p>\n<p>Abmessungen: Dicke 12-17 cm<\/p>\n<p>Diagonale ca. 70x120cm<\/p>\n<p>Verwendung: Pflaster im Au\u00dfenbereich, um Schwimmb\u00e4der, Flure, Terrassen, Gehwege, Pl\u00e4tze, G\u00e4rten<\/p>\n<p>Einfache Installation und minimale Wartung.<\/p>\n<p><em><strong><a href=\"https:\/\/www.stonecity.cz\/wp-content\/uploads\/2020\/05\/Protiskluznost.pdf\">Anti-Rutsch<\/a><\/strong><\/em><\/p>\n<p><em><strong><a href=\"https:\/\/www.stonecity.cz\/wp-content\/uploads\/2020\/05\/Pevnost-v-ohybu.pdf\">Biegefestigkeit<\/a><\/strong><\/em><\/p>\n<p><em><strong><a href=\"https:\/\/www.stonecity.cz\/wp-content\/uploads\/2020\/05\/Absorpce-vody.pdf\">Wasseraufnahme<\/a><\/strong><\/em><\/p>\n","protected":false},"excerpt":{"rendered":"<p>NEUE Garten- und Teichtreppe aus Massivholz Porphyr &#8211; unregelm\u00e4\u00dfige Formen, gro\u00dfe Formate haben unterschiedliche Seitenl\u00e4ngen mit einer Diagonale von ca. 70x120cm Die Sch\u00f6nheit dieses Steins wird durch die nat\u00fcrliche Oberfl\u00e4che, abgesplitterte Kanten und eine Farbmischung aus grau, violett, grau-braun und violett-violett unterstrichen. Porphyr ist ein Eruptivgestein, das gro\u00dfe Kristalle &#8211; meist Feldspat oder Quarz &#8211; [&#8230;]\n","protected":false},"featured_media":19517,"template":"","meta":[],"product_cat":[3173,1917,1923,1947],"product_tag":[1830,1833,1841,1840],"class_list":{"0":"post-19614","1":"product","2":"type-product","3":"status-publish","4":"has-post-thumbnail","6":"product_cat-brustungen-treppen-poolumrandungen","7":"product_cat-pflaster","8":"product_cat-naturstein","9":"product_cat-porphyr","10":"product_tag-fassadenverkleidung","11":"product_tag-fur-den-ausenbereich-geeignet","12":"product_tag-fur-den-garten-geeignet-de","13":"product_tag-geeignet-fur-die-terrasse","14":"pa_poznamka-der-preis-gilt-fur-ein-gemeinsames-gelenk-1-5-cm","16":"first","17":"instock","18":"purchasable","19":"product-type-simple"},"yoast_head":"<!-- This site is optimized with the Yoast SEO plugin v26.8 - https:\/\/yoast.com\/product\/yoast-seo-wordpress\/ -->\n<title>Porphyrtreppe unregelm\u00e4\u00dfig Natural Top XXL - POR-TR-31 - Stonecity.cz<\/title>\n<meta name=\"robots\" content=\"index, follow, max-snippet:-1, max-image-preview:large, max-video-preview:-1\" \/>\n<link rel=\"canonical\" href=\"https:\/\/www.stonecity.cz\/de\/produkt\/unregelmasiges-steinpflaster-aus-porphyr-crazy-paving-por-xxxl-reisen-kopirovat\/\" \/>\n<meta property=\"og:locale\" content=\"de_DE\" \/>\n<meta property=\"og:type\" content=\"article\" \/>\n<meta property=\"og:title\" content=\"Porphyrtreppe unregelm\u00e4\u00dfig Natural Top XXL - POR-TR-31 - Stonecity.cz\" \/>\n<meta property=\"og:description\" content=\"NEUE Garten- und Teichtreppe aus Massivholz Porphyr &#8211; unregelm\u00e4\u00dfige Formen, gro\u00dfe Formate haben unterschiedliche Seitenl\u00e4ngen mit einer Diagonale von ca. 70x120cm Die Sch\u00f6nheit dieses Steins wird durch die nat\u00fcrliche Oberfl\u00e4che, abgesplitterte Kanten und eine Farbmischung aus grau, violett, grau-braun und violett-violett unterstrichen. Porphyr ist ein Eruptivgestein, das gro\u00dfe Kristalle &#8211; meist Feldspat oder Quarz &#8211; [...]\" \/>\n<meta property=\"og:url\" content=\"https:\/\/www.stonecity.cz\/de\/produkt\/unregelmasiges-steinpflaster-aus-porphyr-crazy-paving-por-xxxl-reisen-kopirovat\/\" \/>\n<meta property=\"og:site_name\" content=\"Stonecity.cz\" \/>\n<meta property=\"article:modified_time\" content=\"2025-05-09T08:02:54+00:00\" \/>\n<meta property=\"og:image\" content=\"https:\/\/www.stonecity.cz\/wp-content\/uploads\/2024\/05\/STONE-CITY-crazy-paving-XXL-extra-size-8.jpg\" \/>\n\t<meta property=\"og:image:width\" content=\"1100\" \/>\n\t<meta property=\"og:image:height\" content=\"733\" \/>\n\t<meta property=\"og:image:type\" content=\"image\/jpeg\" \/>\n<meta name=\"twitter:card\" content=\"summary_large_image\" \/>\n<meta name=\"twitter:label1\" content=\"Gesch\u00e4tzte Lesezeit\" \/>\n\t<meta name=\"twitter:data1\" content=\"1\u00a0Minute\" \/>\n<script type=\"application\/ld+json\" class=\"yoast-schema-graph\">{\"@context\":\"https:\/\/schema.org\",\"@graph\":[{\"@type\":\"WebPage\",\"@id\":\"https:\/\/www.stonecity.cz\/de\/produkt\/unregelmasiges-steinpflaster-aus-porphyr-crazy-paving-por-xxxl-reisen-kopirovat\/\",\"url\":\"https:\/\/www.stonecity.cz\/de\/produkt\/unregelmasiges-steinpflaster-aus-porphyr-crazy-paving-por-xxxl-reisen-kopirovat\/\",\"name\":\"Porphyrtreppe unregelm\u00e4\u00dfig Natural Top XXL - POR-TR-31 - Stonecity.cz\",\"isPartOf\":{\"@id\":\"https:\/\/www.stonecity.cz\/de\/#website\"},\"primaryImageOfPage\":{\"@id\":\"https:\/\/www.stonecity.cz\/de\/produkt\/unregelmasiges-steinpflaster-aus-porphyr-crazy-paving-por-xxxl-reisen-kopirovat\/#primaryimage\"},\"image\":{\"@id\":\"https:\/\/www.stonecity.cz\/de\/produkt\/unregelmasiges-steinpflaster-aus-porphyr-crazy-paving-por-xxxl-reisen-kopirovat\/#primaryimage\"},\"thumbnailUrl\":\"https:\/\/www.stonecity.cz\/wp-content\/uploads\/2024\/05\/STONE-CITY-crazy-paving-XXL-extra-size-8.jpg\",\"datePublished\":\"2025-05-09T07:50:51+00:00\",\"dateModified\":\"2025-05-09T08:02:54+00:00\",\"breadcrumb\":{\"@id\":\"https:\/\/www.stonecity.cz\/de\/produkt\/unregelmasiges-steinpflaster-aus-porphyr-crazy-paving-por-xxxl-reisen-kopirovat\/#breadcrumb\"},\"inLanguage\":\"de\",\"potentialAction\":[{\"@type\":\"ReadAction\",\"target\":[\"https:\/\/www.stonecity.cz\/de\/produkt\/unregelmasiges-steinpflaster-aus-porphyr-crazy-paving-por-xxxl-reisen-kopirovat\/\"]}]},{\"@type\":\"ImageObject\",\"inLanguage\":\"de\",\"@id\":\"https:\/\/www.stonecity.cz\/de\/produkt\/unregelmasiges-steinpflaster-aus-porphyr-crazy-paving-por-xxxl-reisen-kopirovat\/#primaryimage\",\"url\":\"https:\/\/www.stonecity.cz\/wp-content\/uploads\/2024\/05\/STONE-CITY-crazy-paving-XXL-extra-size-8.jpg\",\"contentUrl\":\"https:\/\/www.stonecity.cz\/wp-content\/uploads\/2024\/05\/STONE-CITY-crazy-paving-XXL-extra-size-8.jpg\",\"width\":1100,\"height\":733},{\"@type\":\"BreadcrumbList\",\"@id\":\"https:\/\/www.stonecity.cz\/de\/produkt\/unregelmasiges-steinpflaster-aus-porphyr-crazy-paving-por-xxxl-reisen-kopirovat\/#breadcrumb\",\"itemListElement\":[{\"@type\":\"ListItem\",\"position\":1,\"name\":\"Dom\u016f\",\"item\":\"https:\/\/www.stonecity.cz\/de\/\"},{\"@type\":\"ListItem\",\"position\":2,\"name\":\"Shop\",\"item\":\"https:\/\/www.stonecity.cz\/de\/shop\/\"},{\"@type\":\"ListItem\",\"position\":3,\"name\":\"Porphyrtreppe unregelm\u00e4\u00dfig Natural Top XXL &#8211; POR-TR-31\"}]},{\"@type\":\"WebSite\",\"@id\":\"https:\/\/www.stonecity.cz\/de\/#website\",\"url\":\"https:\/\/www.stonecity.cz\/de\/\",\"name\":\"Stonecity.cz\",\"description\":\"Dla\u017eba, obklady, um\u011bl\u00fd i p\u0159\u00edrodn\u00ed k\u00e1men\",\"potentialAction\":[{\"@type\":\"SearchAction\",\"target\":{\"@type\":\"EntryPoint\",\"urlTemplate\":\"https:\/\/www.stonecity.cz\/de\/?s={search_term_string}\"},\"query-input\":{\"@type\":\"PropertyValueSpecification\",\"valueRequired\":true,\"valueName\":\"search_term_string\"}}],\"inLanguage\":\"de\"}]}<\/script>\n<!-- \/ Yoast SEO plugin. -->","yoast_head_json":{"title":"Porphyrtreppe unregelm\u00e4\u00dfig Natural Top XXL - POR-TR-31 - Stonecity.cz","robots":{"index":"index","follow":"follow","max-snippet":"max-snippet:-1","max-image-preview":"max-image-preview:large","max-video-preview":"max-video-preview:-1"},"canonical":"https:\/\/www.stonecity.cz\/de\/produkt\/unregelmasiges-steinpflaster-aus-porphyr-crazy-paving-por-xxxl-reisen-kopirovat\/","og_locale":"de_DE","og_type":"article","og_title":"Porphyrtreppe unregelm\u00e4\u00dfig Natural Top XXL - POR-TR-31 - Stonecity.cz","og_description":"NEUE Garten- und Teichtreppe aus Massivholz Porphyr &#8211; unregelm\u00e4\u00dfige Formen, gro\u00dfe Formate haben unterschiedliche Seitenl\u00e4ngen mit einer Diagonale von ca. 70x120cm Die Sch\u00f6nheit dieses Steins wird durch die nat\u00fcrliche Oberfl\u00e4che, abgesplitterte Kanten und eine Farbmischung aus grau, violett, grau-braun und violett-violett unterstrichen. Porphyr ist ein Eruptivgestein, das gro\u00dfe Kristalle &#8211; meist Feldspat oder Quarz &#8211; [...]","og_url":"https:\/\/www.stonecity.cz\/de\/produkt\/unregelmasiges-steinpflaster-aus-porphyr-crazy-paving-por-xxxl-reisen-kopirovat\/","og_site_name":"Stonecity.cz","article_modified_time":"2025-05-09T08:02:54+00:00","og_image":[{"width":1100,"height":733,"url":"https:\/\/www.stonecity.cz\/wp-content\/uploads\/2024\/05\/STONE-CITY-crazy-paving-XXL-extra-size-8.jpg","type":"image\/jpeg"}],"twitter_card":"summary_large_image","twitter_misc":{"Gesch\u00e4tzte Lesezeit":"1\u00a0Minute"},"schema":{"@context":"https:\/\/schema.org","@graph":[{"@type":"WebPage","@id":"https:\/\/www.stonecity.cz\/de\/produkt\/unregelmasiges-steinpflaster-aus-porphyr-crazy-paving-por-xxxl-reisen-kopirovat\/","url":"https:\/\/www.stonecity.cz\/de\/produkt\/unregelmasiges-steinpflaster-aus-porphyr-crazy-paving-por-xxxl-reisen-kopirovat\/","name":"Porphyrtreppe unregelm\u00e4\u00dfig Natural Top XXL - POR-TR-31 - Stonecity.cz","isPartOf":{"@id":"https:\/\/www.stonecity.cz\/de\/#website"},"primaryImageOfPage":{"@id":"https:\/\/www.stonecity.cz\/de\/produkt\/unregelmasiges-steinpflaster-aus-porphyr-crazy-paving-por-xxxl-reisen-kopirovat\/#primaryimage"},"image":{"@id":"https:\/\/www.stonecity.cz\/de\/produkt\/unregelmasiges-steinpflaster-aus-porphyr-crazy-paving-por-xxxl-reisen-kopirovat\/#primaryimage"},"thumbnailUrl":"https:\/\/www.stonecity.cz\/wp-content\/uploads\/2024\/05\/STONE-CITY-crazy-paving-XXL-extra-size-8.jpg","datePublished":"2025-05-09T07:50:51+00:00","dateModified":"2025-05-09T08:02:54+00:00","breadcrumb":{"@id":"https:\/\/www.stonecity.cz\/de\/produkt\/unregelmasiges-steinpflaster-aus-porphyr-crazy-paving-por-xxxl-reisen-kopirovat\/#breadcrumb"},"inLanguage":"de","potentialAction":[{"@type":"ReadAction","target":["https:\/\/www.stonecity.cz\/de\/produkt\/unregelmasiges-steinpflaster-aus-porphyr-crazy-paving-por-xxxl-reisen-kopirovat\/"]}]},{"@type":"ImageObject","inLanguage":"de","@id":"https:\/\/www.stonecity.cz\/de\/produkt\/unregelmasiges-steinpflaster-aus-porphyr-crazy-paving-por-xxxl-reisen-kopirovat\/#primaryimage","url":"https:\/\/www.stonecity.cz\/wp-content\/uploads\/2024\/05\/STONE-CITY-crazy-paving-XXL-extra-size-8.jpg","contentUrl":"https:\/\/www.stonecity.cz\/wp-content\/uploads\/2024\/05\/STONE-CITY-crazy-paving-XXL-extra-size-8.jpg","width":1100,"height":733},{"@type":"BreadcrumbList","@id":"https:\/\/www.stonecity.cz\/de\/produkt\/unregelmasiges-steinpflaster-aus-porphyr-crazy-paving-por-xxxl-reisen-kopirovat\/#breadcrumb","itemListElement":[{"@type":"ListItem","position":1,"name":"Dom\u016f","item":"https:\/\/www.stonecity.cz\/de\/"},{"@type":"ListItem","position":2,"name":"Shop","item":"https:\/\/www.stonecity.cz\/de\/shop\/"},{"@type":"ListItem","position":3,"name":"Porphyrtreppe unregelm\u00e4\u00dfig Natural Top XXL &#8211; POR-TR-31"}]},{"@type":"WebSite","@id":"https:\/\/www.stonecity.cz\/de\/#website","url":"https:\/\/www.stonecity.cz\/de\/","name":"Stonecity.cz","description":"Dla\u017eba, obklady, um\u011bl\u00fd i p\u0159\u00edrodn\u00ed k\u00e1men","potentialAction":[{"@type":"SearchAction","target":{"@type":"EntryPoint","urlTemplate":"https:\/\/www.stonecity.cz\/de\/?s={search_term_string}"},"query-input":{"@type":"PropertyValueSpecification","valueRequired":true,"valueName":"search_term_string"}}],"inLanguage":"de"}]}},"_links":{"self":[{"href":"https:\/\/www.stonecity.cz\/de\/wp-json\/wp\/v2\/product\/19614","targetHints":{"allow":["GET"]}}],"collection":[{"href":"https:\/\/www.stonecity.cz\/de\/wp-json\/wp\/v2\/product"}],"about":[{"href":"https:\/\/www.stonecity.cz\/de\/wp-json\/wp\/v2\/types\/product"}],"wp:featuredmedia":[{"embeddable":true,"href":"https:\/\/www.stonecity.cz\/de\/wp-json\/wp\/v2\/media\/19517"}],"wp:attachment":[{"href":"https:\/\/www.stonecity.cz\/de\/wp-json\/wp\/v2\/media?parent=19614"}],"wp:term":[{"taxonomy":"product_cat","embeddable":true,"href":"https:\/\/www.stonecity.cz\/de\/wp-json\/wp\/v2\/product_cat?post=19614"},{"taxonomy":"product_tag","embeddable":true,"href":"https:\/\/www.stonecity.cz\/de\/wp-json\/wp\/v2\/product_tag?post=19614"}],"curies":[{"name":"wp","href":"https:\/\/api.w.org\/{rel}","templated":true}]}}