{"id":19880,"date":"2025-07-09T15:48:05","date_gmt":"2025-07-09T13:48:05","guid":{"rendered":"https:\/\/www.stonecity.cz\/produkt\/porphyr-gehwegplatten-standard-por-19\/"},"modified":"2025-07-09T15:48:05","modified_gmt":"2025-07-09T13:48:05","slug":"porphyr-gehwegplatten-standard-por-19","status":"publish","type":"product","link":"https:\/\/www.stonecity.cz\/de\/produkt\/porphyr-gehwegplatten-standard-por-19\/","title":{"rendered":"Porphyr &#8211; Gehwegplatten Standard POR-19"},"content":{"rendered":"<p>Porphyr ist ein Eruptivgestein, das gro\u00dfe Kristalle enth\u00e4lt &#8211; meist Feldspat oder Quarz.<br \/>\nSehr gut geeignet f\u00fcr Terrassen, Einfahrten, Pl\u00e4tze und Innenr\u00e4ume &#8211; zum Gehen und Laufen 3,5 Tonnen.<\/p>\n<p>Hardy.<\/p>\n<p>Wir sind derzeit auf Lager:<\/p>\n<p>7m2 &#8211; Dicke 10cm<\/p>\n<p>4m2 &#8211; Dicke 15cm<\/p>\n<p>5m2 &#8211; Dicke 20cm<\/p>\n<p>4m2 &#8211; Dicke 30cm<\/p>\n<p>&nbsp;<\/p>\n<p><a href=\"https:\/\/www.stonecity.cz\/wp-content\/uploads\/2020\/05\/Protiskluznost.pdf\"><em><strong>Anti-Rutsch<\/strong><\/em><\/a><\/p>\n<p><em><strong><a href=\"https:\/\/www.stonecity.cz\/wp-content\/uploads\/2020\/05\/Pevnost-v-ohybu.pdf\">Biegefestigkeit<\/a><\/strong><\/em><\/p>\n<p><em><strong><a href=\"https:\/\/www.stonecity.cz\/wp-content\/uploads\/2020\/05\/Absorpce-vody.pdf\">Wasseraufnahme<\/a><\/strong><\/em><\/p>\n<p>&nbsp;<\/p>\n","protected":false},"excerpt":{"rendered":"<p>Porphyr ist ein Eruptivgestein, das gro\u00dfe Kristalle enth\u00e4lt &#8211; meist Feldspat oder Quarz. Sehr gut geeignet f\u00fcr Terrassen, Einfahrten, Pl\u00e4tze und Innenr\u00e4ume &#8211; zum Gehen und Laufen 3,5 Tonnen. Hardy. Wir sind derzeit auf Lager: 7m2 &#8211; Dicke 10cm 4m2 &#8211; Dicke 15cm 5m2 &#8211; Dicke 20cm 4m2 &#8211; Dicke 30cm &nbsp; Anti-Rutsch Biegefestigkeit Wasseraufnahme [&#8230;]\n","protected":false},"featured_media":11598,"template":"","meta":[],"product_cat":[2004],"product_tag":[1833,1841,1840],"class_list":{"0":"post-19880","1":"product","2":"type-product","3":"status-publish","4":"has-post-thumbnail","6":"product_cat-outlet-de","7":"product_tag-fur-den-ausenbereich-geeignet","8":"product_tag-fur-den-garten-geeignet-de","9":"product_tag-geeignet-fur-die-terrasse","10":"pa_baleni-einwegpalette-ca-15-m2","11":"pa_sirka-10-cm-de","12":"pa_sirka-15-cm-de","13":"pa_sirka-20-cm-de","14":"pa_sirka-30-cm-de","15":"pa_tloustka-5-9-cm-de","17":"first","18":"instock","19":"sale","20":"purchasable","21":"product-type-variable"},"yoast_head":"<!-- This site is optimized with the Yoast SEO plugin v26.8 - https:\/\/yoast.com\/product\/yoast-seo-wordpress\/ -->\n<title>Porphyr - Gehwegplatten Standard POR-19 - Stonecity.cz<\/title>\n<meta name=\"robots\" content=\"index, follow, max-snippet:-1, max-image-preview:large, max-video-preview:-1\" \/>\n<link rel=\"canonical\" href=\"https:\/\/www.stonecity.cz\/de\/produkt\/porphyr-gehwegplatten-standard-por-19\/\" \/>\n<meta property=\"og:locale\" content=\"de_DE\" \/>\n<meta property=\"og:type\" content=\"article\" \/>\n<meta property=\"og:title\" content=\"Porphyr - Gehwegplatten Standard POR-19 - Stonecity.cz\" \/>\n<meta property=\"og:description\" content=\"Porphyr ist ein Eruptivgestein, das gro\u00dfe Kristalle enth\u00e4lt &#8211; meist Feldspat oder Quarz. Sehr gut geeignet f\u00fcr Terrassen, Einfahrten, Pl\u00e4tze und Innenr\u00e4ume &#8211; zum Gehen und Laufen 3,5 Tonnen. Hardy. Wir sind derzeit auf Lager: 7m2 &#8211; Dicke 10cm 4m2 &#8211; Dicke 15cm 5m2 &#8211; Dicke 20cm 4m2 &#8211; Dicke 30cm &nbsp; Anti-Rutsch Biegefestigkeit Wasseraufnahme [...]\" \/>\n<meta property=\"og:url\" content=\"https:\/\/www.stonecity.cz\/de\/produkt\/porphyr-gehwegplatten-standard-por-19\/\" \/>\n<meta property=\"og:site_name\" content=\"Stonecity.cz\" \/>\n<meta property=\"og:image\" content=\"https:\/\/www.stonecity.cz\/wp-content\/uploads\/2020\/05\/por-03-3-5.jpeg\" \/>\n\t<meta property=\"og:image:width\" content=\"675\" \/>\n\t<meta property=\"og:image:height\" content=\"522\" \/>\n\t<meta property=\"og:image:type\" content=\"image\/jpeg\" \/>\n<meta name=\"twitter:card\" content=\"summary_large_image\" \/>\n<script type=\"application\/ld+json\" class=\"yoast-schema-graph\">{\"@context\":\"https:\/\/schema.org\",\"@graph\":[{\"@type\":\"WebPage\",\"@id\":\"https:\/\/www.stonecity.cz\/de\/produkt\/porphyr-gehwegplatten-standard-por-19\/\",\"url\":\"https:\/\/www.stonecity.cz\/de\/produkt\/porphyr-gehwegplatten-standard-por-19\/\",\"name\":\"Porphyr - Gehwegplatten Standard POR-19 - Stonecity.cz\",\"isPartOf\":{\"@id\":\"https:\/\/www.stonecity.cz\/de\/#website\"},\"primaryImageOfPage\":{\"@id\":\"https:\/\/www.stonecity.cz\/de\/produkt\/porphyr-gehwegplatten-standard-por-19\/#primaryimage\"},\"image\":{\"@id\":\"https:\/\/www.stonecity.cz\/de\/produkt\/porphyr-gehwegplatten-standard-por-19\/#primaryimage\"},\"thumbnailUrl\":\"https:\/\/www.stonecity.cz\/wp-content\/uploads\/2020\/05\/por-03-3-5.jpeg\",\"datePublished\":\"2025-07-09T13:48:05+00:00\",\"breadcrumb\":{\"@id\":\"https:\/\/www.stonecity.cz\/de\/produkt\/porphyr-gehwegplatten-standard-por-19\/#breadcrumb\"},\"inLanguage\":\"de\",\"potentialAction\":[{\"@type\":\"ReadAction\",\"target\":[\"https:\/\/www.stonecity.cz\/de\/produkt\/porphyr-gehwegplatten-standard-por-19\/\"]}]},{\"@type\":\"ImageObject\",\"inLanguage\":\"de\",\"@id\":\"https:\/\/www.stonecity.cz\/de\/produkt\/porphyr-gehwegplatten-standard-por-19\/#primaryimage\",\"url\":\"https:\/\/www.stonecity.cz\/wp-content\/uploads\/2020\/05\/por-03-3-5.jpeg\",\"contentUrl\":\"https:\/\/www.stonecity.cz\/wp-content\/uploads\/2020\/05\/por-03-3-5.jpeg\",\"width\":675,\"height\":522},{\"@type\":\"BreadcrumbList\",\"@id\":\"https:\/\/www.stonecity.cz\/de\/produkt\/porphyr-gehwegplatten-standard-por-19\/#breadcrumb\",\"itemListElement\":[{\"@type\":\"ListItem\",\"position\":1,\"name\":\"Dom\u016f\",\"item\":\"https:\/\/www.stonecity.cz\/de\/\"},{\"@type\":\"ListItem\",\"position\":2,\"name\":\"Shop\",\"item\":\"https:\/\/www.stonecity.cz\/de\/shop\/\"},{\"@type\":\"ListItem\",\"position\":3,\"name\":\"Porphyr &#8211; Gehwegplatten Standard POR-19\"}]},{\"@type\":\"WebSite\",\"@id\":\"https:\/\/www.stonecity.cz\/de\/#website\",\"url\":\"https:\/\/www.stonecity.cz\/de\/\",\"name\":\"Stonecity.cz\",\"description\":\"Dla\u017eba, obklady, um\u011bl\u00fd i p\u0159\u00edrodn\u00ed k\u00e1men\",\"potentialAction\":[{\"@type\":\"SearchAction\",\"target\":{\"@type\":\"EntryPoint\",\"urlTemplate\":\"https:\/\/www.stonecity.cz\/de\/?s={search_term_string}\"},\"query-input\":{\"@type\":\"PropertyValueSpecification\",\"valueRequired\":true,\"valueName\":\"search_term_string\"}}],\"inLanguage\":\"de\"}]}<\/script>\n<!-- \/ Yoast SEO plugin. -->","yoast_head_json":{"title":"Porphyr - Gehwegplatten Standard POR-19 - Stonecity.cz","robots":{"index":"index","follow":"follow","max-snippet":"max-snippet:-1","max-image-preview":"max-image-preview:large","max-video-preview":"max-video-preview:-1"},"canonical":"https:\/\/www.stonecity.cz\/de\/produkt\/porphyr-gehwegplatten-standard-por-19\/","og_locale":"de_DE","og_type":"article","og_title":"Porphyr - Gehwegplatten Standard POR-19 - Stonecity.cz","og_description":"Porphyr ist ein Eruptivgestein, das gro\u00dfe Kristalle enth\u00e4lt &#8211; meist Feldspat oder Quarz. Sehr gut geeignet f\u00fcr Terrassen, Einfahrten, Pl\u00e4tze und Innenr\u00e4ume &#8211; zum Gehen und Laufen 3,5 Tonnen. Hardy. Wir sind derzeit auf Lager: 7m2 &#8211; Dicke 10cm 4m2 &#8211; Dicke 15cm 5m2 &#8211; Dicke 20cm 4m2 &#8211; Dicke 30cm &nbsp; Anti-Rutsch Biegefestigkeit Wasseraufnahme [...]","og_url":"https:\/\/www.stonecity.cz\/de\/produkt\/porphyr-gehwegplatten-standard-por-19\/","og_site_name":"Stonecity.cz","og_image":[{"width":675,"height":522,"url":"https:\/\/www.stonecity.cz\/wp-content\/uploads\/2020\/05\/por-03-3-5.jpeg","type":"image\/jpeg"}],"twitter_card":"summary_large_image","schema":{"@context":"https:\/\/schema.org","@graph":[{"@type":"WebPage","@id":"https:\/\/www.stonecity.cz\/de\/produkt\/porphyr-gehwegplatten-standard-por-19\/","url":"https:\/\/www.stonecity.cz\/de\/produkt\/porphyr-gehwegplatten-standard-por-19\/","name":"Porphyr - Gehwegplatten Standard POR-19 - Stonecity.cz","isPartOf":{"@id":"https:\/\/www.stonecity.cz\/de\/#website"},"primaryImageOfPage":{"@id":"https:\/\/www.stonecity.cz\/de\/produkt\/porphyr-gehwegplatten-standard-por-19\/#primaryimage"},"image":{"@id":"https:\/\/www.stonecity.cz\/de\/produkt\/porphyr-gehwegplatten-standard-por-19\/#primaryimage"},"thumbnailUrl":"https:\/\/www.stonecity.cz\/wp-content\/uploads\/2020\/05\/por-03-3-5.jpeg","datePublished":"2025-07-09T13:48:05+00:00","breadcrumb":{"@id":"https:\/\/www.stonecity.cz\/de\/produkt\/porphyr-gehwegplatten-standard-por-19\/#breadcrumb"},"inLanguage":"de","potentialAction":[{"@type":"ReadAction","target":["https:\/\/www.stonecity.cz\/de\/produkt\/porphyr-gehwegplatten-standard-por-19\/"]}]},{"@type":"ImageObject","inLanguage":"de","@id":"https:\/\/www.stonecity.cz\/de\/produkt\/porphyr-gehwegplatten-standard-por-19\/#primaryimage","url":"https:\/\/www.stonecity.cz\/wp-content\/uploads\/2020\/05\/por-03-3-5.jpeg","contentUrl":"https:\/\/www.stonecity.cz\/wp-content\/uploads\/2020\/05\/por-03-3-5.jpeg","width":675,"height":522},{"@type":"BreadcrumbList","@id":"https:\/\/www.stonecity.cz\/de\/produkt\/porphyr-gehwegplatten-standard-por-19\/#breadcrumb","itemListElement":[{"@type":"ListItem","position":1,"name":"Dom\u016f","item":"https:\/\/www.stonecity.cz\/de\/"},{"@type":"ListItem","position":2,"name":"Shop","item":"https:\/\/www.stonecity.cz\/de\/shop\/"},{"@type":"ListItem","position":3,"name":"Porphyr &#8211; Gehwegplatten Standard POR-19"}]},{"@type":"WebSite","@id":"https:\/\/www.stonecity.cz\/de\/#website","url":"https:\/\/www.stonecity.cz\/de\/","name":"Stonecity.cz","description":"Dla\u017eba, obklady, um\u011bl\u00fd i p\u0159\u00edrodn\u00ed k\u00e1men","potentialAction":[{"@type":"SearchAction","target":{"@type":"EntryPoint","urlTemplate":"https:\/\/www.stonecity.cz\/de\/?s={search_term_string}"},"query-input":{"@type":"PropertyValueSpecification","valueRequired":true,"valueName":"search_term_string"}}],"inLanguage":"de"}]}},"_links":{"self":[{"href":"https:\/\/www.stonecity.cz\/de\/wp-json\/wp\/v2\/product\/19880","targetHints":{"allow":["GET"]}}],"collection":[{"href":"https:\/\/www.stonecity.cz\/de\/wp-json\/wp\/v2\/product"}],"about":[{"href":"https:\/\/www.stonecity.cz\/de\/wp-json\/wp\/v2\/types\/product"}],"wp:featuredmedia":[{"embeddable":true,"href":"https:\/\/www.stonecity.cz\/de\/wp-json\/wp\/v2\/media\/11598"}],"wp:attachment":[{"href":"https:\/\/www.stonecity.cz\/de\/wp-json\/wp\/v2\/media?parent=19880"}],"wp:term":[{"taxonomy":"product_cat","embeddable":true,"href":"https:\/\/www.stonecity.cz\/de\/wp-json\/wp\/v2\/product_cat?post=19880"},{"taxonomy":"product_tag","embeddable":true,"href":"https:\/\/www.stonecity.cz\/de\/wp-json\/wp\/v2\/product_tag?post=19880"}],"curies":[{"name":"wp","href":"https:\/\/api.w.org\/{rel}","templated":true}]}}