{"id":19979,"date":"2025-08-07T11:32:15","date_gmt":"2025-08-07T09:32:15","guid":{"rendered":"https:\/\/www.stonecity.cz\/?post_type=product&#038;p=19979"},"modified":"2025-08-07T11:37:53","modified_gmt":"2025-08-07T09:37:53","slug":"monolith-schaustein-skulptur-ds-06-kopirovat","status":"publish","type":"product","link":"https:\/\/www.stonecity.cz\/de\/produkt\/monolith-schaustein-skulptur-ds-06-kopirovat\/","title":{"rendered":"Monolith Matterhorn grau DS-07"},"content":{"rendered":"<p>Ein massiver ornamentaler Monolith, der jeden Garten bereichert.<\/p>\n","protected":false},"excerpt":{"rendered":"<p>Ein massiver ornamentaler Monolith, der jeden Garten bereichert.<\/p>\n","protected":false},"featured_media":19988,"template":"","meta":[],"product_cat":[2047],"product_tag":[1841,1840],"class_list":{"0":"post-19979","1":"product","2":"type-product","3":"status-publish","4":"has-post-thumbnail","6":"product_cat-monolithen","7":"product_tag-fur-den-garten-geeignet-de","8":"product_tag-geeignet-fur-die-terrasse","10":"first","11":"instock","12":"sold-individually","13":"taxable","14":"shipping-taxable","15":"purchasable","16":"product-type-simple"},"yoast_head":"<!-- This site is optimized with the Yoast SEO plugin v26.8 - https:\/\/yoast.com\/product\/yoast-seo-wordpress\/ -->\n<title>Monolith Matterhorn grau DS-07 - Stonecity.cz<\/title>\n<meta name=\"robots\" content=\"index, follow, max-snippet:-1, max-image-preview:large, max-video-preview:-1\" \/>\n<link rel=\"canonical\" href=\"https:\/\/www.stonecity.cz\/de\/produkt\/monolith-schaustein-skulptur-ds-06-kopirovat\/\" \/>\n<meta property=\"og:locale\" content=\"de_DE\" \/>\n<meta property=\"og:type\" content=\"article\" \/>\n<meta property=\"og:title\" content=\"Monolith Matterhorn grau DS-07 - Stonecity.cz\" \/>\n<meta property=\"og:description\" content=\"Ein massiver ornamentaler Monolith, der jeden Garten bereichert.\" \/>\n<meta property=\"og:url\" content=\"https:\/\/www.stonecity.cz\/de\/produkt\/monolith-schaustein-skulptur-ds-06-kopirovat\/\" \/>\n<meta property=\"og:site_name\" content=\"Stonecity.cz\" \/>\n<meta property=\"article:modified_time\" content=\"2025-08-07T09:37:53+00:00\" \/>\n<meta property=\"og:image\" content=\"https:\/\/www.stonecity.cz\/wp-content\/uploads\/2025\/08\/Matterhorn-II.jpg\" \/>\n\t<meta property=\"og:image:width\" content=\"1512\" \/>\n\t<meta property=\"og:image:height\" content=\"2016\" \/>\n\t<meta property=\"og:image:type\" content=\"image\/jpeg\" \/>\n<meta name=\"twitter:card\" content=\"summary_large_image\" \/>\n<script type=\"application\/ld+json\" class=\"yoast-schema-graph\">{\"@context\":\"https:\/\/schema.org\",\"@graph\":[{\"@type\":\"WebPage\",\"@id\":\"https:\/\/www.stonecity.cz\/de\/produkt\/monolith-schaustein-skulptur-ds-06-kopirovat\/\",\"url\":\"https:\/\/www.stonecity.cz\/de\/produkt\/monolith-schaustein-skulptur-ds-06-kopirovat\/\",\"name\":\"Monolith Matterhorn grau DS-07 - Stonecity.cz\",\"isPartOf\":{\"@id\":\"https:\/\/www.stonecity.cz\/de\/#website\"},\"primaryImageOfPage\":{\"@id\":\"https:\/\/www.stonecity.cz\/de\/produkt\/monolith-schaustein-skulptur-ds-06-kopirovat\/#primaryimage\"},\"image\":{\"@id\":\"https:\/\/www.stonecity.cz\/de\/produkt\/monolith-schaustein-skulptur-ds-06-kopirovat\/#primaryimage\"},\"thumbnailUrl\":\"https:\/\/www.stonecity.cz\/wp-content\/uploads\/2025\/08\/Matterhorn-II.jpg\",\"datePublished\":\"2025-08-07T09:32:15+00:00\",\"dateModified\":\"2025-08-07T09:37:53+00:00\",\"breadcrumb\":{\"@id\":\"https:\/\/www.stonecity.cz\/de\/produkt\/monolith-schaustein-skulptur-ds-06-kopirovat\/#breadcrumb\"},\"inLanguage\":\"de\",\"potentialAction\":[{\"@type\":\"ReadAction\",\"target\":[\"https:\/\/www.stonecity.cz\/de\/produkt\/monolith-schaustein-skulptur-ds-06-kopirovat\/\"]}]},{\"@type\":\"ImageObject\",\"inLanguage\":\"de\",\"@id\":\"https:\/\/www.stonecity.cz\/de\/produkt\/monolith-schaustein-skulptur-ds-06-kopirovat\/#primaryimage\",\"url\":\"https:\/\/www.stonecity.cz\/wp-content\/uploads\/2025\/08\/Matterhorn-II.jpg\",\"contentUrl\":\"https:\/\/www.stonecity.cz\/wp-content\/uploads\/2025\/08\/Matterhorn-II.jpg\",\"width\":1512,\"height\":2016},{\"@type\":\"BreadcrumbList\",\"@id\":\"https:\/\/www.stonecity.cz\/de\/produkt\/monolith-schaustein-skulptur-ds-06-kopirovat\/#breadcrumb\",\"itemListElement\":[{\"@type\":\"ListItem\",\"position\":1,\"name\":\"Dom\u016f\",\"item\":\"https:\/\/www.stonecity.cz\/de\/\"},{\"@type\":\"ListItem\",\"position\":2,\"name\":\"Shop\",\"item\":\"https:\/\/www.stonecity.cz\/de\/shop\/\"},{\"@type\":\"ListItem\",\"position\":3,\"name\":\"Monolith Matterhorn grau DS-07\"}]},{\"@type\":\"WebSite\",\"@id\":\"https:\/\/www.stonecity.cz\/de\/#website\",\"url\":\"https:\/\/www.stonecity.cz\/de\/\",\"name\":\"Stonecity.cz\",\"description\":\"Dla\u017eba, obklady, um\u011bl\u00fd i p\u0159\u00edrodn\u00ed k\u00e1men\",\"potentialAction\":[{\"@type\":\"SearchAction\",\"target\":{\"@type\":\"EntryPoint\",\"urlTemplate\":\"https:\/\/www.stonecity.cz\/de\/?s={search_term_string}\"},\"query-input\":{\"@type\":\"PropertyValueSpecification\",\"valueRequired\":true,\"valueName\":\"search_term_string\"}}],\"inLanguage\":\"de\"}]}<\/script>\n<!-- \/ Yoast SEO plugin. -->","yoast_head_json":{"title":"Monolith Matterhorn grau DS-07 - Stonecity.cz","robots":{"index":"index","follow":"follow","max-snippet":"max-snippet:-1","max-image-preview":"max-image-preview:large","max-video-preview":"max-video-preview:-1"},"canonical":"https:\/\/www.stonecity.cz\/de\/produkt\/monolith-schaustein-skulptur-ds-06-kopirovat\/","og_locale":"de_DE","og_type":"article","og_title":"Monolith Matterhorn grau DS-07 - Stonecity.cz","og_description":"Ein massiver ornamentaler Monolith, der jeden Garten bereichert.","og_url":"https:\/\/www.stonecity.cz\/de\/produkt\/monolith-schaustein-skulptur-ds-06-kopirovat\/","og_site_name":"Stonecity.cz","article_modified_time":"2025-08-07T09:37:53+00:00","og_image":[{"width":1512,"height":2016,"url":"https:\/\/www.stonecity.cz\/wp-content\/uploads\/2025\/08\/Matterhorn-II.jpg","type":"image\/jpeg"}],"twitter_card":"summary_large_image","schema":{"@context":"https:\/\/schema.org","@graph":[{"@type":"WebPage","@id":"https:\/\/www.stonecity.cz\/de\/produkt\/monolith-schaustein-skulptur-ds-06-kopirovat\/","url":"https:\/\/www.stonecity.cz\/de\/produkt\/monolith-schaustein-skulptur-ds-06-kopirovat\/","name":"Monolith Matterhorn grau DS-07 - Stonecity.cz","isPartOf":{"@id":"https:\/\/www.stonecity.cz\/de\/#website"},"primaryImageOfPage":{"@id":"https:\/\/www.stonecity.cz\/de\/produkt\/monolith-schaustein-skulptur-ds-06-kopirovat\/#primaryimage"},"image":{"@id":"https:\/\/www.stonecity.cz\/de\/produkt\/monolith-schaustein-skulptur-ds-06-kopirovat\/#primaryimage"},"thumbnailUrl":"https:\/\/www.stonecity.cz\/wp-content\/uploads\/2025\/08\/Matterhorn-II.jpg","datePublished":"2025-08-07T09:32:15+00:00","dateModified":"2025-08-07T09:37:53+00:00","breadcrumb":{"@id":"https:\/\/www.stonecity.cz\/de\/produkt\/monolith-schaustein-skulptur-ds-06-kopirovat\/#breadcrumb"},"inLanguage":"de","potentialAction":[{"@type":"ReadAction","target":["https:\/\/www.stonecity.cz\/de\/produkt\/monolith-schaustein-skulptur-ds-06-kopirovat\/"]}]},{"@type":"ImageObject","inLanguage":"de","@id":"https:\/\/www.stonecity.cz\/de\/produkt\/monolith-schaustein-skulptur-ds-06-kopirovat\/#primaryimage","url":"https:\/\/www.stonecity.cz\/wp-content\/uploads\/2025\/08\/Matterhorn-II.jpg","contentUrl":"https:\/\/www.stonecity.cz\/wp-content\/uploads\/2025\/08\/Matterhorn-II.jpg","width":1512,"height":2016},{"@type":"BreadcrumbList","@id":"https:\/\/www.stonecity.cz\/de\/produkt\/monolith-schaustein-skulptur-ds-06-kopirovat\/#breadcrumb","itemListElement":[{"@type":"ListItem","position":1,"name":"Dom\u016f","item":"https:\/\/www.stonecity.cz\/de\/"},{"@type":"ListItem","position":2,"name":"Shop","item":"https:\/\/www.stonecity.cz\/de\/shop\/"},{"@type":"ListItem","position":3,"name":"Monolith Matterhorn grau DS-07"}]},{"@type":"WebSite","@id":"https:\/\/www.stonecity.cz\/de\/#website","url":"https:\/\/www.stonecity.cz\/de\/","name":"Stonecity.cz","description":"Dla\u017eba, obklady, um\u011bl\u00fd i p\u0159\u00edrodn\u00ed k\u00e1men","potentialAction":[{"@type":"SearchAction","target":{"@type":"EntryPoint","urlTemplate":"https:\/\/www.stonecity.cz\/de\/?s={search_term_string}"},"query-input":{"@type":"PropertyValueSpecification","valueRequired":true,"valueName":"search_term_string"}}],"inLanguage":"de"}]}},"_links":{"self":[{"href":"https:\/\/www.stonecity.cz\/de\/wp-json\/wp\/v2\/product\/19979","targetHints":{"allow":["GET"]}}],"collection":[{"href":"https:\/\/www.stonecity.cz\/de\/wp-json\/wp\/v2\/product"}],"about":[{"href":"https:\/\/www.stonecity.cz\/de\/wp-json\/wp\/v2\/types\/product"}],"wp:featuredmedia":[{"embeddable":true,"href":"https:\/\/www.stonecity.cz\/de\/wp-json\/wp\/v2\/media\/19988"}],"wp:attachment":[{"href":"https:\/\/www.stonecity.cz\/de\/wp-json\/wp\/v2\/media?parent=19979"}],"wp:term":[{"taxonomy":"product_cat","embeddable":true,"href":"https:\/\/www.stonecity.cz\/de\/wp-json\/wp\/v2\/product_cat?post=19979"},{"taxonomy":"product_tag","embeddable":true,"href":"https:\/\/www.stonecity.cz\/de\/wp-json\/wp\/v2\/product_tag?post=19979"}],"curies":[{"name":"wp","href":"https:\/\/api.w.org\/{rel}","templated":true}]}}