{"id":20007,"date":"2025-08-19T10:05:21","date_gmt":"2025-08-19T08:05:21","guid":{"rendered":"https:\/\/www.stonecity.cz\/?post_type=product&#038;p=20007"},"modified":"2025-08-19T14:13:41","modified_gmt":"2025-08-19T12:13:41","slug":"porphyr-gehwegplatten-standard-por-19-kopirovat","status":"publish","type":"product","link":"https:\/\/www.stonecity.cz\/de\/produkt\/porphyr-gehwegplatten-standard-por-19-kopirovat\/","title":{"rendered":"Kalkstein QUA 21 + QUA 29"},"content":{"rendered":"<p>Wir haben einen \u00dcberschuss an Kemen in einer Kombination aus zwei Farben aus einem Projekt, das wir gerade in Deutschland abgeschlossen haben.<\/p>\n<p>Dies ist eine unregelm\u00e4\u00dfig geformte nat\u00fcrliche Kalksteinfliese.<br \/>\nEine sehr starke Fliese, die mit oder ohne Fuge gefliest werden kann.<br \/>\nDie fugenlose Verlegung erzeugt den perfekten Eindruck einer Felswand.<br \/>\nJeder Stein dieser Serie ist ein komplettes Original, mit einer einzigartigen Textur und Farbnuance.<\/p>\n<p>Auf Lager zu diesem Preis sind derzeit ca. 8,5m2 &#8211; verfugte Verlegung.<\/p>\n<p>&nbsp;<\/p>\n","protected":false},"excerpt":{"rendered":"<p>Wir haben einen \u00dcberschuss an Kemen in einer Kombination aus zwei Farben aus einem Projekt, das wir gerade in Deutschland abgeschlossen haben. Dies ist eine unregelm\u00e4\u00dfig geformte nat\u00fcrliche Kalksteinfliese. Eine sehr starke Fliese, die mit oder ohne Fuge gefliest werden kann. Die fugenlose Verlegung erzeugt den perfekten Eindruck einer Felswand. Jeder Stein dieser Serie ist [&#8230;]\n","protected":false},"featured_media":20017,"template":"","meta":[],"product_cat":[2004],"product_tag":[1833,1841,1840],"class_list":{"0":"post-20007","1":"product","2":"type-product","3":"status-publish","4":"has-post-thumbnail","6":"product_cat-outlet-de","7":"product_tag-fur-den-ausenbereich-geeignet","8":"product_tag-fur-den-garten-geeignet-de","9":"product_tag-geeignet-fur-die-terrasse","10":"pa_baleni-einwegpalette-ca-15-m2","11":"pa_sirka-10-cm-de","12":"pa_sirka-15-cm-de","13":"pa_sirka-20-cm-de","14":"pa_sirka-25-cm-de","15":"pa_sirka-30-cm-de","16":"pa_sirka-35-cm-de","17":"pa_tloustka-2-6-cm-de","18":"pa_tloustka-5-9-cm-de","20":"first","21":"instock","22":"sale","23":"purchasable","24":"product-type-simple"},"yoast_head":"<!-- This site is optimized with the Yoast SEO plugin v26.8 - https:\/\/yoast.com\/product\/yoast-seo-wordpress\/ -->\n<title>Kalkstein QUA 21 + QUA 29 - Stonecity.cz<\/title>\n<meta name=\"robots\" content=\"index, follow, max-snippet:-1, max-image-preview:large, max-video-preview:-1\" \/>\n<link rel=\"canonical\" href=\"https:\/\/www.stonecity.cz\/de\/produkt\/porphyr-gehwegplatten-standard-por-19-kopirovat\/\" \/>\n<meta property=\"og:locale\" content=\"de_DE\" \/>\n<meta property=\"og:type\" content=\"article\" \/>\n<meta property=\"og:title\" content=\"Kalkstein QUA 21 + QUA 29 - Stonecity.cz\" \/>\n<meta property=\"og:description\" content=\"Wir haben einen \u00dcberschuss an Kemen in einer Kombination aus zwei Farben aus einem Projekt, das wir gerade in Deutschland abgeschlossen haben. Dies ist eine unregelm\u00e4\u00dfig geformte nat\u00fcrliche Kalksteinfliese. Eine sehr starke Fliese, die mit oder ohne Fuge gefliest werden kann. Die fugenlose Verlegung erzeugt den perfekten Eindruck einer Felswand. Jeder Stein dieser Serie ist [...]\" \/>\n<meta property=\"og:url\" content=\"https:\/\/www.stonecity.cz\/de\/produkt\/porphyr-gehwegplatten-standard-por-19-kopirovat\/\" \/>\n<meta property=\"og:site_name\" content=\"Stonecity.cz\" \/>\n<meta property=\"article:modified_time\" content=\"2025-08-19T12:13:41+00:00\" \/>\n<meta property=\"og:image\" content=\"https:\/\/www.stonecity.cz\/wp-content\/uploads\/2025\/08\/STONE-CITY-QUA21-QUA29-10.jpeg\" \/>\n\t<meta property=\"og:image:width\" content=\"2048\" \/>\n\t<meta property=\"og:image:height\" content=\"1536\" \/>\n\t<meta property=\"og:image:type\" content=\"image\/jpeg\" \/>\n<meta name=\"twitter:card\" content=\"summary_large_image\" \/>\n<script type=\"application\/ld+json\" class=\"yoast-schema-graph\">{\"@context\":\"https:\/\/schema.org\",\"@graph\":[{\"@type\":\"WebPage\",\"@id\":\"https:\/\/www.stonecity.cz\/de\/produkt\/porphyr-gehwegplatten-standard-por-19-kopirovat\/\",\"url\":\"https:\/\/www.stonecity.cz\/de\/produkt\/porphyr-gehwegplatten-standard-por-19-kopirovat\/\",\"name\":\"Kalkstein QUA 21 + QUA 29 - Stonecity.cz\",\"isPartOf\":{\"@id\":\"https:\/\/www.stonecity.cz\/de\/#website\"},\"primaryImageOfPage\":{\"@id\":\"https:\/\/www.stonecity.cz\/de\/produkt\/porphyr-gehwegplatten-standard-por-19-kopirovat\/#primaryimage\"},\"image\":{\"@id\":\"https:\/\/www.stonecity.cz\/de\/produkt\/porphyr-gehwegplatten-standard-por-19-kopirovat\/#primaryimage\"},\"thumbnailUrl\":\"https:\/\/www.stonecity.cz\/wp-content\/uploads\/2025\/08\/STONE-CITY-QUA21-QUA29-10.jpeg\",\"datePublished\":\"2025-08-19T08:05:21+00:00\",\"dateModified\":\"2025-08-19T12:13:41+00:00\",\"breadcrumb\":{\"@id\":\"https:\/\/www.stonecity.cz\/de\/produkt\/porphyr-gehwegplatten-standard-por-19-kopirovat\/#breadcrumb\"},\"inLanguage\":\"de\",\"potentialAction\":[{\"@type\":\"ReadAction\",\"target\":[\"https:\/\/www.stonecity.cz\/de\/produkt\/porphyr-gehwegplatten-standard-por-19-kopirovat\/\"]}]},{\"@type\":\"ImageObject\",\"inLanguage\":\"de\",\"@id\":\"https:\/\/www.stonecity.cz\/de\/produkt\/porphyr-gehwegplatten-standard-por-19-kopirovat\/#primaryimage\",\"url\":\"https:\/\/www.stonecity.cz\/wp-content\/uploads\/2025\/08\/STONE-CITY-QUA21-QUA29-10.jpeg\",\"contentUrl\":\"https:\/\/www.stonecity.cz\/wp-content\/uploads\/2025\/08\/STONE-CITY-QUA21-QUA29-10.jpeg\",\"width\":2048,\"height\":1536},{\"@type\":\"BreadcrumbList\",\"@id\":\"https:\/\/www.stonecity.cz\/de\/produkt\/porphyr-gehwegplatten-standard-por-19-kopirovat\/#breadcrumb\",\"itemListElement\":[{\"@type\":\"ListItem\",\"position\":1,\"name\":\"Dom\u016f\",\"item\":\"https:\/\/www.stonecity.cz\/de\/\"},{\"@type\":\"ListItem\",\"position\":2,\"name\":\"Shop\",\"item\":\"https:\/\/www.stonecity.cz\/de\/shop\/\"},{\"@type\":\"ListItem\",\"position\":3,\"name\":\"Kalkstein QUA 21 + QUA 29\"}]},{\"@type\":\"WebSite\",\"@id\":\"https:\/\/www.stonecity.cz\/de\/#website\",\"url\":\"https:\/\/www.stonecity.cz\/de\/\",\"name\":\"Stonecity.cz\",\"description\":\"Dla\u017eba, obklady, um\u011bl\u00fd i p\u0159\u00edrodn\u00ed k\u00e1men\",\"potentialAction\":[{\"@type\":\"SearchAction\",\"target\":{\"@type\":\"EntryPoint\",\"urlTemplate\":\"https:\/\/www.stonecity.cz\/de\/?s={search_term_string}\"},\"query-input\":{\"@type\":\"PropertyValueSpecification\",\"valueRequired\":true,\"valueName\":\"search_term_string\"}}],\"inLanguage\":\"de\"}]}<\/script>\n<!-- \/ Yoast SEO plugin. -->","yoast_head_json":{"title":"Kalkstein QUA 21 + QUA 29 - Stonecity.cz","robots":{"index":"index","follow":"follow","max-snippet":"max-snippet:-1","max-image-preview":"max-image-preview:large","max-video-preview":"max-video-preview:-1"},"canonical":"https:\/\/www.stonecity.cz\/de\/produkt\/porphyr-gehwegplatten-standard-por-19-kopirovat\/","og_locale":"de_DE","og_type":"article","og_title":"Kalkstein QUA 21 + QUA 29 - Stonecity.cz","og_description":"Wir haben einen \u00dcberschuss an Kemen in einer Kombination aus zwei Farben aus einem Projekt, das wir gerade in Deutschland abgeschlossen haben. Dies ist eine unregelm\u00e4\u00dfig geformte nat\u00fcrliche Kalksteinfliese. Eine sehr starke Fliese, die mit oder ohne Fuge gefliest werden kann. Die fugenlose Verlegung erzeugt den perfekten Eindruck einer Felswand. Jeder Stein dieser Serie ist [...]","og_url":"https:\/\/www.stonecity.cz\/de\/produkt\/porphyr-gehwegplatten-standard-por-19-kopirovat\/","og_site_name":"Stonecity.cz","article_modified_time":"2025-08-19T12:13:41+00:00","og_image":[{"width":2048,"height":1536,"url":"https:\/\/www.stonecity.cz\/wp-content\/uploads\/2025\/08\/STONE-CITY-QUA21-QUA29-10.jpeg","type":"image\/jpeg"}],"twitter_card":"summary_large_image","schema":{"@context":"https:\/\/schema.org","@graph":[{"@type":"WebPage","@id":"https:\/\/www.stonecity.cz\/de\/produkt\/porphyr-gehwegplatten-standard-por-19-kopirovat\/","url":"https:\/\/www.stonecity.cz\/de\/produkt\/porphyr-gehwegplatten-standard-por-19-kopirovat\/","name":"Kalkstein QUA 21 + QUA 29 - Stonecity.cz","isPartOf":{"@id":"https:\/\/www.stonecity.cz\/de\/#website"},"primaryImageOfPage":{"@id":"https:\/\/www.stonecity.cz\/de\/produkt\/porphyr-gehwegplatten-standard-por-19-kopirovat\/#primaryimage"},"image":{"@id":"https:\/\/www.stonecity.cz\/de\/produkt\/porphyr-gehwegplatten-standard-por-19-kopirovat\/#primaryimage"},"thumbnailUrl":"https:\/\/www.stonecity.cz\/wp-content\/uploads\/2025\/08\/STONE-CITY-QUA21-QUA29-10.jpeg","datePublished":"2025-08-19T08:05:21+00:00","dateModified":"2025-08-19T12:13:41+00:00","breadcrumb":{"@id":"https:\/\/www.stonecity.cz\/de\/produkt\/porphyr-gehwegplatten-standard-por-19-kopirovat\/#breadcrumb"},"inLanguage":"de","potentialAction":[{"@type":"ReadAction","target":["https:\/\/www.stonecity.cz\/de\/produkt\/porphyr-gehwegplatten-standard-por-19-kopirovat\/"]}]},{"@type":"ImageObject","inLanguage":"de","@id":"https:\/\/www.stonecity.cz\/de\/produkt\/porphyr-gehwegplatten-standard-por-19-kopirovat\/#primaryimage","url":"https:\/\/www.stonecity.cz\/wp-content\/uploads\/2025\/08\/STONE-CITY-QUA21-QUA29-10.jpeg","contentUrl":"https:\/\/www.stonecity.cz\/wp-content\/uploads\/2025\/08\/STONE-CITY-QUA21-QUA29-10.jpeg","width":2048,"height":1536},{"@type":"BreadcrumbList","@id":"https:\/\/www.stonecity.cz\/de\/produkt\/porphyr-gehwegplatten-standard-por-19-kopirovat\/#breadcrumb","itemListElement":[{"@type":"ListItem","position":1,"name":"Dom\u016f","item":"https:\/\/www.stonecity.cz\/de\/"},{"@type":"ListItem","position":2,"name":"Shop","item":"https:\/\/www.stonecity.cz\/de\/shop\/"},{"@type":"ListItem","position":3,"name":"Kalkstein QUA 21 + QUA 29"}]},{"@type":"WebSite","@id":"https:\/\/www.stonecity.cz\/de\/#website","url":"https:\/\/www.stonecity.cz\/de\/","name":"Stonecity.cz","description":"Dla\u017eba, obklady, um\u011bl\u00fd i p\u0159\u00edrodn\u00ed k\u00e1men","potentialAction":[{"@type":"SearchAction","target":{"@type":"EntryPoint","urlTemplate":"https:\/\/www.stonecity.cz\/de\/?s={search_term_string}"},"query-input":{"@type":"PropertyValueSpecification","valueRequired":true,"valueName":"search_term_string"}}],"inLanguage":"de"}]}},"_links":{"self":[{"href":"https:\/\/www.stonecity.cz\/de\/wp-json\/wp\/v2\/product\/20007","targetHints":{"allow":["GET"]}}],"collection":[{"href":"https:\/\/www.stonecity.cz\/de\/wp-json\/wp\/v2\/product"}],"about":[{"href":"https:\/\/www.stonecity.cz\/de\/wp-json\/wp\/v2\/types\/product"}],"wp:featuredmedia":[{"embeddable":true,"href":"https:\/\/www.stonecity.cz\/de\/wp-json\/wp\/v2\/media\/20017"}],"wp:attachment":[{"href":"https:\/\/www.stonecity.cz\/de\/wp-json\/wp\/v2\/media?parent=20007"}],"wp:term":[{"taxonomy":"product_cat","embeddable":true,"href":"https:\/\/www.stonecity.cz\/de\/wp-json\/wp\/v2\/product_cat?post=20007"},{"taxonomy":"product_tag","embeddable":true,"href":"https:\/\/www.stonecity.cz\/de\/wp-json\/wp\/v2\/product_tag?post=20007"}],"curies":[{"name":"wp","href":"https:\/\/api.w.org\/{rel}","templated":true}]}}