{"id":20065,"date":"2025-08-22T11:50:46","date_gmt":"2025-08-22T09:50:46","guid":{"rendered":"https:\/\/www.stonecity.cz\/?post_type=product&#038;p=20065"},"modified":"2025-08-22T12:42:29","modified_gmt":"2025-08-22T10:42:29","slug":"showstone-u-40-steinbecken-trog-kopirovat","status":"publish","type":"product","link":"https:\/\/www.stonecity.cz\/de\/produkt\/showstone-u-40-steinbecken-trog-kopirovat\/","title":{"rendered":"Waschbecken\/Mulde\/Waschbecken aus Stein U-26M"},"content":{"rendered":"<p>Steinbecken\/Tr\u00f6ge\/Vogelb\u00e4der mit geschliffener Innenseite werden aus rotem Onyx, grauem oder hellem Marmor hergestellt.<br \/>\nDie Tr\u00f6ge k\u00f6nnen auch als Pflanzgef\u00e4\u00dfe verwendet werden, um Ihrem Garten einen frischen, eleganten Look zu verleihen.<span id=\"span-12-51\" class=\"ct-span\"><br \/>\n<\/span><\/p>\n","protected":false},"excerpt":{"rendered":"<p>Steinbecken\/Tr\u00f6ge\/Vogelb\u00e4der mit geschliffener Innenseite werden aus rotem Onyx, grauem oder hellem Marmor hergestellt. Die Tr\u00f6ge k\u00f6nnen auch als Pflanzgef\u00e4\u00dfe verwendet werden, um Ihrem Garten einen frischen, eleganten Look zu verleihen.<\/p>\n","protected":false},"featured_media":20081,"template":"","meta":[],"product_cat":[1987,1985,1991,1993],"product_tag":[],"class_list":{"0":"post-20065","1":"product","2":"type-product","3":"status-publish","4":"has-post-thumbnail","6":"product_cat-waschbecken-und-troge-aus-stein","7":"product_cat-troge-aus-stein","8":"product_cat-waschbecken-aus-stein-de-2","9":"product_cat-dekorationen-aus-stein","11":"first","12":"instock","13":"taxable","14":"shipping-taxable","15":"purchasable","16":"product-type-simple"},"yoast_head":"<!-- This site is optimized with the Yoast SEO plugin v26.8 - https:\/\/yoast.com\/product\/yoast-seo-wordpress\/ -->\n<title>Waschbecken\/Mulde\/Waschbecken aus Stein U-26M - Stonecity.cz<\/title>\n<meta name=\"robots\" content=\"index, follow, max-snippet:-1, max-image-preview:large, max-video-preview:-1\" \/>\n<link rel=\"canonical\" href=\"https:\/\/www.stonecity.cz\/de\/produkt\/showstone-u-40-steinbecken-trog-kopirovat\/\" \/>\n<meta property=\"og:locale\" content=\"de_DE\" \/>\n<meta property=\"og:type\" content=\"article\" \/>\n<meta property=\"og:title\" content=\"Waschbecken\/Mulde\/Waschbecken aus Stein U-26M - Stonecity.cz\" \/>\n<meta property=\"og:description\" content=\"Steinbecken\/Tr\u00f6ge\/Vogelb\u00e4der mit geschliffener Innenseite werden aus rotem Onyx, grauem oder hellem Marmor hergestellt. Die Tr\u00f6ge k\u00f6nnen auch als Pflanzgef\u00e4\u00dfe verwendet werden, um Ihrem Garten einen frischen, eleganten Look zu verleihen.\" \/>\n<meta property=\"og:url\" content=\"https:\/\/www.stonecity.cz\/de\/produkt\/showstone-u-40-steinbecken-trog-kopirovat\/\" \/>\n<meta property=\"og:site_name\" content=\"Stonecity.cz\" \/>\n<meta property=\"article:modified_time\" content=\"2025-08-22T10:42:29+00:00\" \/>\n<meta property=\"og:image\" content=\"https:\/\/www.stonecity.cz\/wp-content\/uploads\/2025\/08\/STONE-CITY-kamenne-koryto-pitko-U-20-mramor-16.jpeg\" \/>\n\t<meta property=\"og:image:width\" content=\"2048\" \/>\n\t<meta property=\"og:image:height\" content=\"1536\" \/>\n\t<meta property=\"og:image:type\" content=\"image\/jpeg\" \/>\n<meta name=\"twitter:card\" content=\"summary_large_image\" \/>\n<meta name=\"twitter:label1\" content=\"Gesch\u00e4tzte Lesezeit\" \/>\n\t<meta name=\"twitter:data1\" content=\"1\u00a0Minute\" \/>\n<script type=\"application\/ld+json\" class=\"yoast-schema-graph\">{\"@context\":\"https:\/\/schema.org\",\"@graph\":[{\"@type\":\"WebPage\",\"@id\":\"https:\/\/www.stonecity.cz\/de\/produkt\/showstone-u-40-steinbecken-trog-kopirovat\/\",\"url\":\"https:\/\/www.stonecity.cz\/de\/produkt\/showstone-u-40-steinbecken-trog-kopirovat\/\",\"name\":\"Waschbecken\/Mulde\/Waschbecken aus Stein U-26M - Stonecity.cz\",\"isPartOf\":{\"@id\":\"https:\/\/www.stonecity.cz\/de\/#website\"},\"primaryImageOfPage\":{\"@id\":\"https:\/\/www.stonecity.cz\/de\/produkt\/showstone-u-40-steinbecken-trog-kopirovat\/#primaryimage\"},\"image\":{\"@id\":\"https:\/\/www.stonecity.cz\/de\/produkt\/showstone-u-40-steinbecken-trog-kopirovat\/#primaryimage\"},\"thumbnailUrl\":\"https:\/\/www.stonecity.cz\/wp-content\/uploads\/2025\/08\/STONE-CITY-kamenne-koryto-pitko-U-20-mramor-16.jpeg\",\"datePublished\":\"2025-08-22T09:50:46+00:00\",\"dateModified\":\"2025-08-22T10:42:29+00:00\",\"breadcrumb\":{\"@id\":\"https:\/\/www.stonecity.cz\/de\/produkt\/showstone-u-40-steinbecken-trog-kopirovat\/#breadcrumb\"},\"inLanguage\":\"de\",\"potentialAction\":[{\"@type\":\"ReadAction\",\"target\":[\"https:\/\/www.stonecity.cz\/de\/produkt\/showstone-u-40-steinbecken-trog-kopirovat\/\"]}]},{\"@type\":\"ImageObject\",\"inLanguage\":\"de\",\"@id\":\"https:\/\/www.stonecity.cz\/de\/produkt\/showstone-u-40-steinbecken-trog-kopirovat\/#primaryimage\",\"url\":\"https:\/\/www.stonecity.cz\/wp-content\/uploads\/2025\/08\/STONE-CITY-kamenne-koryto-pitko-U-20-mramor-16.jpeg\",\"contentUrl\":\"https:\/\/www.stonecity.cz\/wp-content\/uploads\/2025\/08\/STONE-CITY-kamenne-koryto-pitko-U-20-mramor-16.jpeg\",\"width\":2048,\"height\":1536},{\"@type\":\"BreadcrumbList\",\"@id\":\"https:\/\/www.stonecity.cz\/de\/produkt\/showstone-u-40-steinbecken-trog-kopirovat\/#breadcrumb\",\"itemListElement\":[{\"@type\":\"ListItem\",\"position\":1,\"name\":\"Dom\u016f\",\"item\":\"https:\/\/www.stonecity.cz\/de\/\"},{\"@type\":\"ListItem\",\"position\":2,\"name\":\"Shop\",\"item\":\"https:\/\/www.stonecity.cz\/de\/shop\/\"},{\"@type\":\"ListItem\",\"position\":3,\"name\":\"Waschbecken\/Mulde\/Waschbecken aus Stein U-26M\"}]},{\"@type\":\"WebSite\",\"@id\":\"https:\/\/www.stonecity.cz\/de\/#website\",\"url\":\"https:\/\/www.stonecity.cz\/de\/\",\"name\":\"Stonecity.cz\",\"description\":\"Dla\u017eba, obklady, um\u011bl\u00fd i p\u0159\u00edrodn\u00ed k\u00e1men\",\"potentialAction\":[{\"@type\":\"SearchAction\",\"target\":{\"@type\":\"EntryPoint\",\"urlTemplate\":\"https:\/\/www.stonecity.cz\/de\/?s={search_term_string}\"},\"query-input\":{\"@type\":\"PropertyValueSpecification\",\"valueRequired\":true,\"valueName\":\"search_term_string\"}}],\"inLanguage\":\"de\"}]}<\/script>\n<!-- \/ Yoast SEO plugin. -->","yoast_head_json":{"title":"Waschbecken\/Mulde\/Waschbecken aus Stein U-26M - Stonecity.cz","robots":{"index":"index","follow":"follow","max-snippet":"max-snippet:-1","max-image-preview":"max-image-preview:large","max-video-preview":"max-video-preview:-1"},"canonical":"https:\/\/www.stonecity.cz\/de\/produkt\/showstone-u-40-steinbecken-trog-kopirovat\/","og_locale":"de_DE","og_type":"article","og_title":"Waschbecken\/Mulde\/Waschbecken aus Stein U-26M - Stonecity.cz","og_description":"Steinbecken\/Tr\u00f6ge\/Vogelb\u00e4der mit geschliffener Innenseite werden aus rotem Onyx, grauem oder hellem Marmor hergestellt. Die Tr\u00f6ge k\u00f6nnen auch als Pflanzgef\u00e4\u00dfe verwendet werden, um Ihrem Garten einen frischen, eleganten Look zu verleihen.","og_url":"https:\/\/www.stonecity.cz\/de\/produkt\/showstone-u-40-steinbecken-trog-kopirovat\/","og_site_name":"Stonecity.cz","article_modified_time":"2025-08-22T10:42:29+00:00","og_image":[{"width":2048,"height":1536,"url":"https:\/\/www.stonecity.cz\/wp-content\/uploads\/2025\/08\/STONE-CITY-kamenne-koryto-pitko-U-20-mramor-16.jpeg","type":"image\/jpeg"}],"twitter_card":"summary_large_image","twitter_misc":{"Gesch\u00e4tzte Lesezeit":"1\u00a0Minute"},"schema":{"@context":"https:\/\/schema.org","@graph":[{"@type":"WebPage","@id":"https:\/\/www.stonecity.cz\/de\/produkt\/showstone-u-40-steinbecken-trog-kopirovat\/","url":"https:\/\/www.stonecity.cz\/de\/produkt\/showstone-u-40-steinbecken-trog-kopirovat\/","name":"Waschbecken\/Mulde\/Waschbecken aus Stein U-26M - Stonecity.cz","isPartOf":{"@id":"https:\/\/www.stonecity.cz\/de\/#website"},"primaryImageOfPage":{"@id":"https:\/\/www.stonecity.cz\/de\/produkt\/showstone-u-40-steinbecken-trog-kopirovat\/#primaryimage"},"image":{"@id":"https:\/\/www.stonecity.cz\/de\/produkt\/showstone-u-40-steinbecken-trog-kopirovat\/#primaryimage"},"thumbnailUrl":"https:\/\/www.stonecity.cz\/wp-content\/uploads\/2025\/08\/STONE-CITY-kamenne-koryto-pitko-U-20-mramor-16.jpeg","datePublished":"2025-08-22T09:50:46+00:00","dateModified":"2025-08-22T10:42:29+00:00","breadcrumb":{"@id":"https:\/\/www.stonecity.cz\/de\/produkt\/showstone-u-40-steinbecken-trog-kopirovat\/#breadcrumb"},"inLanguage":"de","potentialAction":[{"@type":"ReadAction","target":["https:\/\/www.stonecity.cz\/de\/produkt\/showstone-u-40-steinbecken-trog-kopirovat\/"]}]},{"@type":"ImageObject","inLanguage":"de","@id":"https:\/\/www.stonecity.cz\/de\/produkt\/showstone-u-40-steinbecken-trog-kopirovat\/#primaryimage","url":"https:\/\/www.stonecity.cz\/wp-content\/uploads\/2025\/08\/STONE-CITY-kamenne-koryto-pitko-U-20-mramor-16.jpeg","contentUrl":"https:\/\/www.stonecity.cz\/wp-content\/uploads\/2025\/08\/STONE-CITY-kamenne-koryto-pitko-U-20-mramor-16.jpeg","width":2048,"height":1536},{"@type":"BreadcrumbList","@id":"https:\/\/www.stonecity.cz\/de\/produkt\/showstone-u-40-steinbecken-trog-kopirovat\/#breadcrumb","itemListElement":[{"@type":"ListItem","position":1,"name":"Dom\u016f","item":"https:\/\/www.stonecity.cz\/de\/"},{"@type":"ListItem","position":2,"name":"Shop","item":"https:\/\/www.stonecity.cz\/de\/shop\/"},{"@type":"ListItem","position":3,"name":"Waschbecken\/Mulde\/Waschbecken aus Stein U-26M"}]},{"@type":"WebSite","@id":"https:\/\/www.stonecity.cz\/de\/#website","url":"https:\/\/www.stonecity.cz\/de\/","name":"Stonecity.cz","description":"Dla\u017eba, obklady, um\u011bl\u00fd i p\u0159\u00edrodn\u00ed k\u00e1men","potentialAction":[{"@type":"SearchAction","target":{"@type":"EntryPoint","urlTemplate":"https:\/\/www.stonecity.cz\/de\/?s={search_term_string}"},"query-input":{"@type":"PropertyValueSpecification","valueRequired":true,"valueName":"search_term_string"}}],"inLanguage":"de"}]}},"_links":{"self":[{"href":"https:\/\/www.stonecity.cz\/de\/wp-json\/wp\/v2\/product\/20065","targetHints":{"allow":["GET"]}}],"collection":[{"href":"https:\/\/www.stonecity.cz\/de\/wp-json\/wp\/v2\/product"}],"about":[{"href":"https:\/\/www.stonecity.cz\/de\/wp-json\/wp\/v2\/types\/product"}],"wp:featuredmedia":[{"embeddable":true,"href":"https:\/\/www.stonecity.cz\/de\/wp-json\/wp\/v2\/media\/20081"}],"wp:attachment":[{"href":"https:\/\/www.stonecity.cz\/de\/wp-json\/wp\/v2\/media?parent=20065"}],"wp:term":[{"taxonomy":"product_cat","embeddable":true,"href":"https:\/\/www.stonecity.cz\/de\/wp-json\/wp\/v2\/product_cat?post=20065"},{"taxonomy":"product_tag","embeddable":true,"href":"https:\/\/www.stonecity.cz\/de\/wp-json\/wp\/v2\/product_tag?post=20065"}],"curies":[{"name":"wp","href":"https:\/\/api.w.org\/{rel}","templated":true}]}}