{"id":20111,"date":"2025-08-29T14:43:35","date_gmt":"2025-08-29T12:43:35","guid":{"rendered":"https:\/\/www.stonecity.cz\/?post_type=product&#038;p=20111"},"modified":"2025-08-29T14:56:24","modified_gmt":"2025-08-29T12:56:24","slug":"blumentopf-antik-va-04-kopirovat-2","status":"publish","type":"product","link":"https:\/\/www.stonecity.cz\/de\/produkt\/blumentopf-antik-va-04-kopirovat-2\/","title":{"rendered":"Blumentopf Antik Spot- VA-04"},"content":{"rendered":"<p>Vervollst\u00e4ndigen Sie Ihren Innen- oder Au\u00dfenbereich mit diesem zeitlosen Pflanzgef\u00e4\u00df aus Stein, das sich f\u00fcr den Flur, die Terrasse, den Garten oder den Balkon eignet. Er ist aus Naturstein gefertigt und temperaturbest\u00e4ndig. Es ist stark, aber auch pflegeleicht. Das elegante Design mit einer strukturierten Oberfl\u00e4che passt in jeden Garten.<\/p>\n<p>&nbsp;<\/p>\n<p>&nbsp;<\/p>\n<p>&nbsp;<\/p>\n<p>&nbsp;<\/p>\n","protected":false},"excerpt":{"rendered":"<p>Vervollst\u00e4ndigen Sie Ihren Innen- oder Au\u00dfenbereich mit diesem zeitlosen Pflanzgef\u00e4\u00df aus Stein, das sich f\u00fcr den Flur, die Terrasse, den Garten oder den Balkon eignet. Er ist aus Naturstein gefertigt und temperaturbest\u00e4ndig. Es ist stark, aber auch pflegeleicht. Das elegante Design mit einer strukturierten Oberfl\u00e4che passt in jeden Garten. &nbsp; &nbsp; &nbsp; &nbsp;<\/p>\n","protected":false},"featured_media":20120,"template":"","meta":[],"product_cat":[1993],"product_tag":[],"class_list":{"0":"post-20111","1":"product","2":"type-product","3":"status-publish","4":"has-post-thumbnail","6":"product_cat-dekorationen-aus-stein","7":"pa_hmotnost-v-kg-za-1-mj-900kg-de","9":"first","10":"instock","11":"taxable","12":"shipping-taxable","13":"purchasable","14":"product-type-simple"},"yoast_head":"<!-- This site is optimized with the Yoast SEO plugin v26.8 - https:\/\/yoast.com\/product\/yoast-seo-wordpress\/ -->\n<title>Blumentopf Antik Spot- VA-04 - Stonecity.cz<\/title>\n<meta name=\"robots\" content=\"index, follow, max-snippet:-1, max-image-preview:large, max-video-preview:-1\" \/>\n<link rel=\"canonical\" href=\"https:\/\/www.stonecity.cz\/de\/produkt\/blumentopf-antik-va-04-kopirovat-2\/\" \/>\n<meta property=\"og:locale\" content=\"de_DE\" \/>\n<meta property=\"og:type\" content=\"article\" \/>\n<meta property=\"og:title\" content=\"Blumentopf Antik Spot- VA-04 - Stonecity.cz\" \/>\n<meta property=\"og:description\" content=\"Vervollst\u00e4ndigen Sie Ihren Innen- oder Au\u00dfenbereich mit diesem zeitlosen Pflanzgef\u00e4\u00df aus Stein, das sich f\u00fcr den Flur, die Terrasse, den Garten oder den Balkon eignet. Er ist aus Naturstein gefertigt und temperaturbest\u00e4ndig. Es ist stark, aber auch pflegeleicht. Das elegante Design mit einer strukturierten Oberfl\u00e4che passt in jeden Garten. &nbsp; &nbsp; &nbsp; &nbsp;\" \/>\n<meta property=\"og:url\" content=\"https:\/\/www.stonecity.cz\/de\/produkt\/blumentopf-antik-va-04-kopirovat-2\/\" \/>\n<meta property=\"og:site_name\" content=\"Stonecity.cz\" \/>\n<meta property=\"article:modified_time\" content=\"2025-08-29T12:56:24+00:00\" \/>\n<meta property=\"og:image\" content=\"https:\/\/www.stonecity.cz\/wp-content\/uploads\/2025\/08\/STONE-CITY-kvetinac-Antique-Spot-VA-04-5.jpeg\" \/>\n\t<meta property=\"og:image:width\" content=\"2048\" \/>\n\t<meta property=\"og:image:height\" content=\"1536\" \/>\n\t<meta property=\"og:image:type\" content=\"image\/jpeg\" \/>\n<meta name=\"twitter:card\" content=\"summary_large_image\" \/>\n<script type=\"application\/ld+json\" class=\"yoast-schema-graph\">{\"@context\":\"https:\/\/schema.org\",\"@graph\":[{\"@type\":\"WebPage\",\"@id\":\"https:\/\/www.stonecity.cz\/de\/produkt\/blumentopf-antik-va-04-kopirovat-2\/\",\"url\":\"https:\/\/www.stonecity.cz\/de\/produkt\/blumentopf-antik-va-04-kopirovat-2\/\",\"name\":\"Blumentopf Antik Spot- VA-04 - Stonecity.cz\",\"isPartOf\":{\"@id\":\"https:\/\/www.stonecity.cz\/de\/#website\"},\"primaryImageOfPage\":{\"@id\":\"https:\/\/www.stonecity.cz\/de\/produkt\/blumentopf-antik-va-04-kopirovat-2\/#primaryimage\"},\"image\":{\"@id\":\"https:\/\/www.stonecity.cz\/de\/produkt\/blumentopf-antik-va-04-kopirovat-2\/#primaryimage\"},\"thumbnailUrl\":\"https:\/\/www.stonecity.cz\/wp-content\/uploads\/2025\/08\/STONE-CITY-kvetinac-Antique-Spot-VA-04-5.jpeg\",\"datePublished\":\"2025-08-29T12:43:35+00:00\",\"dateModified\":\"2025-08-29T12:56:24+00:00\",\"breadcrumb\":{\"@id\":\"https:\/\/www.stonecity.cz\/de\/produkt\/blumentopf-antik-va-04-kopirovat-2\/#breadcrumb\"},\"inLanguage\":\"de\",\"potentialAction\":[{\"@type\":\"ReadAction\",\"target\":[\"https:\/\/www.stonecity.cz\/de\/produkt\/blumentopf-antik-va-04-kopirovat-2\/\"]}]},{\"@type\":\"ImageObject\",\"inLanguage\":\"de\",\"@id\":\"https:\/\/www.stonecity.cz\/de\/produkt\/blumentopf-antik-va-04-kopirovat-2\/#primaryimage\",\"url\":\"https:\/\/www.stonecity.cz\/wp-content\/uploads\/2025\/08\/STONE-CITY-kvetinac-Antique-Spot-VA-04-5.jpeg\",\"contentUrl\":\"https:\/\/www.stonecity.cz\/wp-content\/uploads\/2025\/08\/STONE-CITY-kvetinac-Antique-Spot-VA-04-5.jpeg\",\"width\":2048,\"height\":1536},{\"@type\":\"BreadcrumbList\",\"@id\":\"https:\/\/www.stonecity.cz\/de\/produkt\/blumentopf-antik-va-04-kopirovat-2\/#breadcrumb\",\"itemListElement\":[{\"@type\":\"ListItem\",\"position\":1,\"name\":\"Dom\u016f\",\"item\":\"https:\/\/www.stonecity.cz\/de\/\"},{\"@type\":\"ListItem\",\"position\":2,\"name\":\"Shop\",\"item\":\"https:\/\/www.stonecity.cz\/de\/shop\/\"},{\"@type\":\"ListItem\",\"position\":3,\"name\":\"Blumentopf Antik Spot- VA-04\"}]},{\"@type\":\"WebSite\",\"@id\":\"https:\/\/www.stonecity.cz\/de\/#website\",\"url\":\"https:\/\/www.stonecity.cz\/de\/\",\"name\":\"Stonecity.cz\",\"description\":\"Dla\u017eba, obklady, um\u011bl\u00fd i p\u0159\u00edrodn\u00ed k\u00e1men\",\"potentialAction\":[{\"@type\":\"SearchAction\",\"target\":{\"@type\":\"EntryPoint\",\"urlTemplate\":\"https:\/\/www.stonecity.cz\/de\/?s={search_term_string}\"},\"query-input\":{\"@type\":\"PropertyValueSpecification\",\"valueRequired\":true,\"valueName\":\"search_term_string\"}}],\"inLanguage\":\"de\"}]}<\/script>\n<!-- \/ Yoast SEO plugin. -->","yoast_head_json":{"title":"Blumentopf Antik Spot- VA-04 - Stonecity.cz","robots":{"index":"index","follow":"follow","max-snippet":"max-snippet:-1","max-image-preview":"max-image-preview:large","max-video-preview":"max-video-preview:-1"},"canonical":"https:\/\/www.stonecity.cz\/de\/produkt\/blumentopf-antik-va-04-kopirovat-2\/","og_locale":"de_DE","og_type":"article","og_title":"Blumentopf Antik Spot- VA-04 - Stonecity.cz","og_description":"Vervollst\u00e4ndigen Sie Ihren Innen- oder Au\u00dfenbereich mit diesem zeitlosen Pflanzgef\u00e4\u00df aus Stein, das sich f\u00fcr den Flur, die Terrasse, den Garten oder den Balkon eignet. Er ist aus Naturstein gefertigt und temperaturbest\u00e4ndig. Es ist stark, aber auch pflegeleicht. Das elegante Design mit einer strukturierten Oberfl\u00e4che passt in jeden Garten. &nbsp; &nbsp; &nbsp; &nbsp;","og_url":"https:\/\/www.stonecity.cz\/de\/produkt\/blumentopf-antik-va-04-kopirovat-2\/","og_site_name":"Stonecity.cz","article_modified_time":"2025-08-29T12:56:24+00:00","og_image":[{"width":2048,"height":1536,"url":"https:\/\/www.stonecity.cz\/wp-content\/uploads\/2025\/08\/STONE-CITY-kvetinac-Antique-Spot-VA-04-5.jpeg","type":"image\/jpeg"}],"twitter_card":"summary_large_image","schema":{"@context":"https:\/\/schema.org","@graph":[{"@type":"WebPage","@id":"https:\/\/www.stonecity.cz\/de\/produkt\/blumentopf-antik-va-04-kopirovat-2\/","url":"https:\/\/www.stonecity.cz\/de\/produkt\/blumentopf-antik-va-04-kopirovat-2\/","name":"Blumentopf Antik Spot- VA-04 - Stonecity.cz","isPartOf":{"@id":"https:\/\/www.stonecity.cz\/de\/#website"},"primaryImageOfPage":{"@id":"https:\/\/www.stonecity.cz\/de\/produkt\/blumentopf-antik-va-04-kopirovat-2\/#primaryimage"},"image":{"@id":"https:\/\/www.stonecity.cz\/de\/produkt\/blumentopf-antik-va-04-kopirovat-2\/#primaryimage"},"thumbnailUrl":"https:\/\/www.stonecity.cz\/wp-content\/uploads\/2025\/08\/STONE-CITY-kvetinac-Antique-Spot-VA-04-5.jpeg","datePublished":"2025-08-29T12:43:35+00:00","dateModified":"2025-08-29T12:56:24+00:00","breadcrumb":{"@id":"https:\/\/www.stonecity.cz\/de\/produkt\/blumentopf-antik-va-04-kopirovat-2\/#breadcrumb"},"inLanguage":"de","potentialAction":[{"@type":"ReadAction","target":["https:\/\/www.stonecity.cz\/de\/produkt\/blumentopf-antik-va-04-kopirovat-2\/"]}]},{"@type":"ImageObject","inLanguage":"de","@id":"https:\/\/www.stonecity.cz\/de\/produkt\/blumentopf-antik-va-04-kopirovat-2\/#primaryimage","url":"https:\/\/www.stonecity.cz\/wp-content\/uploads\/2025\/08\/STONE-CITY-kvetinac-Antique-Spot-VA-04-5.jpeg","contentUrl":"https:\/\/www.stonecity.cz\/wp-content\/uploads\/2025\/08\/STONE-CITY-kvetinac-Antique-Spot-VA-04-5.jpeg","width":2048,"height":1536},{"@type":"BreadcrumbList","@id":"https:\/\/www.stonecity.cz\/de\/produkt\/blumentopf-antik-va-04-kopirovat-2\/#breadcrumb","itemListElement":[{"@type":"ListItem","position":1,"name":"Dom\u016f","item":"https:\/\/www.stonecity.cz\/de\/"},{"@type":"ListItem","position":2,"name":"Shop","item":"https:\/\/www.stonecity.cz\/de\/shop\/"},{"@type":"ListItem","position":3,"name":"Blumentopf Antik Spot- VA-04"}]},{"@type":"WebSite","@id":"https:\/\/www.stonecity.cz\/de\/#website","url":"https:\/\/www.stonecity.cz\/de\/","name":"Stonecity.cz","description":"Dla\u017eba, obklady, um\u011bl\u00fd i p\u0159\u00edrodn\u00ed k\u00e1men","potentialAction":[{"@type":"SearchAction","target":{"@type":"EntryPoint","urlTemplate":"https:\/\/www.stonecity.cz\/de\/?s={search_term_string}"},"query-input":{"@type":"PropertyValueSpecification","valueRequired":true,"valueName":"search_term_string"}}],"inLanguage":"de"}]}},"_links":{"self":[{"href":"https:\/\/www.stonecity.cz\/de\/wp-json\/wp\/v2\/product\/20111","targetHints":{"allow":["GET"]}}],"collection":[{"href":"https:\/\/www.stonecity.cz\/de\/wp-json\/wp\/v2\/product"}],"about":[{"href":"https:\/\/www.stonecity.cz\/de\/wp-json\/wp\/v2\/types\/product"}],"wp:featuredmedia":[{"embeddable":true,"href":"https:\/\/www.stonecity.cz\/de\/wp-json\/wp\/v2\/media\/20120"}],"wp:attachment":[{"href":"https:\/\/www.stonecity.cz\/de\/wp-json\/wp\/v2\/media?parent=20111"}],"wp:term":[{"taxonomy":"product_cat","embeddable":true,"href":"https:\/\/www.stonecity.cz\/de\/wp-json\/wp\/v2\/product_cat?post=20111"},{"taxonomy":"product_tag","embeddable":true,"href":"https:\/\/www.stonecity.cz\/de\/wp-json\/wp\/v2\/product_tag?post=20111"}],"curies":[{"name":"wp","href":"https:\/\/api.w.org\/{rel}","templated":true}]}}