{"id":20581,"date":"2026-04-17T15:15:19","date_gmt":"2026-04-17T13:15:19","guid":{"rendered":"https:\/\/www.stonecity.cz\/?post_type=product&#038;p=20581"},"modified":"2026-04-17T15:28:36","modified_gmt":"2026-04-17T13:28:36","slug":"granit-strasenrandstein-zl-obs-kopirovat","status":"publish","type":"product","link":"https:\/\/www.stonecity.cz\/de\/produkt\/granit-strasenrandstein-zl-obs-kopirovat\/","title":{"rendered":"Granit Stra\u00dfenrandstein ZL-OBS (Kop\u00edrovat)"},"content":{"rendered":"<p>Granitbordstein mit allen Seiten geschnitten, oben schr\u00e4g gebr\u00e4unt. Zeitlos-haltbar-stark: Pflastersteine aus Granit zeichnen sich im Allgemeinen durch zeitlose Eleganz, au\u00dfergew\u00f6hnliche Festigkeit und architektonische Vielseitigkeit aus und lassen sich in jedem historischen oder zeitgen\u00f6ssischen Designtrend einsetzen. Diese Pflastersteine und Materialien umgeben uns schon seit Hunderten von Jahren. Verlegung in Beton. Verwendung: Au\u00dfenbereich Hardy : YES<\/p>\n<p><img loading=\"lazy\" decoding=\"async\" class=\"alignnone size-full wp-image-18695\" src=\"https:\/\/www.stonecity.cz\/wp-content\/uploads\/2024\/11\/bordenstein.jpg\" alt=\"\" width=\"297\" height=\"263\"><\/p>\n<p>&nbsp;<\/p>\n<p>&nbsp;<\/p>\n<p>&nbsp;<\/p>\n<p>&nbsp;<\/p>\n<p>&nbsp;<\/p>\n","protected":false},"excerpt":{"rendered":"<p>Granitbordstein mit allen Seiten geschnitten, oben schr\u00e4g gebr\u00e4unt. Zeitlos-haltbar-stark: Pflastersteine aus Granit zeichnen sich im Allgemeinen durch zeitlose Eleganz, au\u00dfergew\u00f6hnliche Festigkeit und architektonische Vielseitigkeit aus und lassen sich in jedem historischen oder zeitgen\u00f6ssischen Designtrend einsetzen. Diese Pflastersteine und Materialien umgeben uns schon seit Hunderten von Jahren. Verlegung in Beton. Verwendung: Au\u00dfenbereich Hardy : YES &nbsp; [&#8230;]\n","protected":false},"featured_media":20602,"template":"","meta":[],"product_cat":[3173,1917,2063],"product_tag":[1833,1841,1835,1836,1840],"class_list":{"0":"post-20581","1":"product","2":"type-product","3":"status-publish","4":"has-post-thumbnail","6":"product_cat-brustungen-treppen-poolumrandungen","7":"product_cat-pflaster","8":"product_cat-zubehor","9":"product_tag-fur-den-ausenbereich-geeignet","10":"product_tag-fur-den-garten-geeignet-de","11":"product_tag-geeignet-fur-das-badezimmer","12":"product_tag-geeignet-fur-die-kuche","13":"product_tag-geeignet-fur-die-terrasse","14":"pa_baleni-box-22m2-de","16":"first","17":"onbackorder","18":"purchasable","19":"product-type-simple"},"yoast_head":"<!-- This site is optimized with the Yoast SEO plugin v26.8 - https:\/\/yoast.com\/product\/yoast-seo-wordpress\/ -->\n<title>Granit Stra\u00dfenrandstein ZL-OBS (Kop\u00edrovat) - Stonecity.cz<\/title>\n<meta name=\"robots\" content=\"index, follow, max-snippet:-1, max-image-preview:large, max-video-preview:-1\" \/>\n<link rel=\"canonical\" href=\"https:\/\/www.stonecity.cz\/de\/produkt\/granit-strasenrandstein-zl-obs-kopirovat\/\" \/>\n<meta property=\"og:locale\" content=\"de_DE\" \/>\n<meta property=\"og:type\" content=\"article\" \/>\n<meta property=\"og:title\" content=\"Granit Stra\u00dfenrandstein ZL-OBS (Kop\u00edrovat) - Stonecity.cz\" \/>\n<meta property=\"og:description\" content=\"Granitbordstein mit allen Seiten geschnitten, oben schr\u00e4g gebr\u00e4unt. Zeitlos-haltbar-stark: Pflastersteine aus Granit zeichnen sich im Allgemeinen durch zeitlose Eleganz, au\u00dfergew\u00f6hnliche Festigkeit und architektonische Vielseitigkeit aus und lassen sich in jedem historischen oder zeitgen\u00f6ssischen Designtrend einsetzen. Diese Pflastersteine und Materialien umgeben uns schon seit Hunderten von Jahren. Verlegung in Beton. Verwendung: Au\u00dfenbereich Hardy : YES &nbsp; [...]\" \/>\n<meta property=\"og:url\" content=\"https:\/\/www.stonecity.cz\/de\/produkt\/granit-strasenrandstein-zl-obs-kopirovat\/\" \/>\n<meta property=\"og:site_name\" content=\"Stonecity.cz\" \/>\n<meta property=\"article:modified_time\" content=\"2026-04-17T13:28:36+00:00\" \/>\n<meta property=\"og:image\" content=\"https:\/\/www.stonecity.cz\/wp-content\/uploads\/2026\/04\/obruba-scaled.jpg\" \/>\n\t<meta property=\"og:image:width\" content=\"2560\" \/>\n\t<meta property=\"og:image:height\" content=\"1920\" \/>\n\t<meta property=\"og:image:type\" content=\"image\/jpeg\" \/>\n<meta name=\"twitter:card\" content=\"summary_large_image\" \/>\n<script type=\"application\/ld+json\" class=\"yoast-schema-graph\">{\"@context\":\"https:\/\/schema.org\",\"@graph\":[{\"@type\":\"WebPage\",\"@id\":\"https:\/\/www.stonecity.cz\/de\/produkt\/granit-strasenrandstein-zl-obs-kopirovat\/\",\"url\":\"https:\/\/www.stonecity.cz\/de\/produkt\/granit-strasenrandstein-zl-obs-kopirovat\/\",\"name\":\"Granit Stra\u00dfenrandstein ZL-OBS (Kop\u00edrovat) - Stonecity.cz\",\"isPartOf\":{\"@id\":\"https:\/\/www.stonecity.cz\/de\/#website\"},\"primaryImageOfPage\":{\"@id\":\"https:\/\/www.stonecity.cz\/de\/produkt\/granit-strasenrandstein-zl-obs-kopirovat\/#primaryimage\"},\"image\":{\"@id\":\"https:\/\/www.stonecity.cz\/de\/produkt\/granit-strasenrandstein-zl-obs-kopirovat\/#primaryimage\"},\"thumbnailUrl\":\"https:\/\/www.stonecity.cz\/wp-content\/uploads\/2026\/04\/obruba-scaled.jpg\",\"datePublished\":\"2026-04-17T13:15:19+00:00\",\"dateModified\":\"2026-04-17T13:28:36+00:00\",\"breadcrumb\":{\"@id\":\"https:\/\/www.stonecity.cz\/de\/produkt\/granit-strasenrandstein-zl-obs-kopirovat\/#breadcrumb\"},\"inLanguage\":\"de\",\"potentialAction\":[{\"@type\":\"ReadAction\",\"target\":[\"https:\/\/www.stonecity.cz\/de\/produkt\/granit-strasenrandstein-zl-obs-kopirovat\/\"]}]},{\"@type\":\"ImageObject\",\"inLanguage\":\"de\",\"@id\":\"https:\/\/www.stonecity.cz\/de\/produkt\/granit-strasenrandstein-zl-obs-kopirovat\/#primaryimage\",\"url\":\"https:\/\/www.stonecity.cz\/wp-content\/uploads\/2026\/04\/obruba-scaled.jpg\",\"contentUrl\":\"https:\/\/www.stonecity.cz\/wp-content\/uploads\/2026\/04\/obruba-scaled.jpg\",\"width\":2560,\"height\":1920},{\"@type\":\"BreadcrumbList\",\"@id\":\"https:\/\/www.stonecity.cz\/de\/produkt\/granit-strasenrandstein-zl-obs-kopirovat\/#breadcrumb\",\"itemListElement\":[{\"@type\":\"ListItem\",\"position\":1,\"name\":\"Dom\u016f\",\"item\":\"https:\/\/www.stonecity.cz\/de\/\"},{\"@type\":\"ListItem\",\"position\":2,\"name\":\"Shop\",\"item\":\"https:\/\/www.stonecity.cz\/de\/shop\/\"},{\"@type\":\"ListItem\",\"position\":3,\"name\":\"Granit Stra\u00dfenrandstein ZL-OBS (Kop\u00edrovat)\"}]},{\"@type\":\"WebSite\",\"@id\":\"https:\/\/www.stonecity.cz\/de\/#website\",\"url\":\"https:\/\/www.stonecity.cz\/de\/\",\"name\":\"Stonecity.cz\",\"description\":\"Dla\u017eba, obklady, um\u011bl\u00fd i p\u0159\u00edrodn\u00ed k\u00e1men\",\"potentialAction\":[{\"@type\":\"SearchAction\",\"target\":{\"@type\":\"EntryPoint\",\"urlTemplate\":\"https:\/\/www.stonecity.cz\/de\/?s={search_term_string}\"},\"query-input\":{\"@type\":\"PropertyValueSpecification\",\"valueRequired\":true,\"valueName\":\"search_term_string\"}}],\"inLanguage\":\"de\"}]}<\/script>\n<!-- \/ Yoast SEO plugin. -->","yoast_head_json":{"title":"Granit Stra\u00dfenrandstein ZL-OBS (Kop\u00edrovat) - Stonecity.cz","robots":{"index":"index","follow":"follow","max-snippet":"max-snippet:-1","max-image-preview":"max-image-preview:large","max-video-preview":"max-video-preview:-1"},"canonical":"https:\/\/www.stonecity.cz\/de\/produkt\/granit-strasenrandstein-zl-obs-kopirovat\/","og_locale":"de_DE","og_type":"article","og_title":"Granit Stra\u00dfenrandstein ZL-OBS (Kop\u00edrovat) - Stonecity.cz","og_description":"Granitbordstein mit allen Seiten geschnitten, oben schr\u00e4g gebr\u00e4unt. Zeitlos-haltbar-stark: Pflastersteine aus Granit zeichnen sich im Allgemeinen durch zeitlose Eleganz, au\u00dfergew\u00f6hnliche Festigkeit und architektonische Vielseitigkeit aus und lassen sich in jedem historischen oder zeitgen\u00f6ssischen Designtrend einsetzen. Diese Pflastersteine und Materialien umgeben uns schon seit Hunderten von Jahren. Verlegung in Beton. Verwendung: Au\u00dfenbereich Hardy : YES &nbsp; [...]","og_url":"https:\/\/www.stonecity.cz\/de\/produkt\/granit-strasenrandstein-zl-obs-kopirovat\/","og_site_name":"Stonecity.cz","article_modified_time":"2026-04-17T13:28:36+00:00","og_image":[{"width":2560,"height":1920,"url":"https:\/\/www.stonecity.cz\/wp-content\/uploads\/2026\/04\/obruba-scaled.jpg","type":"image\/jpeg"}],"twitter_card":"summary_large_image","schema":{"@context":"https:\/\/schema.org","@graph":[{"@type":"WebPage","@id":"https:\/\/www.stonecity.cz\/de\/produkt\/granit-strasenrandstein-zl-obs-kopirovat\/","url":"https:\/\/www.stonecity.cz\/de\/produkt\/granit-strasenrandstein-zl-obs-kopirovat\/","name":"Granit Stra\u00dfenrandstein ZL-OBS (Kop\u00edrovat) - Stonecity.cz","isPartOf":{"@id":"https:\/\/www.stonecity.cz\/de\/#website"},"primaryImageOfPage":{"@id":"https:\/\/www.stonecity.cz\/de\/produkt\/granit-strasenrandstein-zl-obs-kopirovat\/#primaryimage"},"image":{"@id":"https:\/\/www.stonecity.cz\/de\/produkt\/granit-strasenrandstein-zl-obs-kopirovat\/#primaryimage"},"thumbnailUrl":"https:\/\/www.stonecity.cz\/wp-content\/uploads\/2026\/04\/obruba-scaled.jpg","datePublished":"2026-04-17T13:15:19+00:00","dateModified":"2026-04-17T13:28:36+00:00","breadcrumb":{"@id":"https:\/\/www.stonecity.cz\/de\/produkt\/granit-strasenrandstein-zl-obs-kopirovat\/#breadcrumb"},"inLanguage":"de","potentialAction":[{"@type":"ReadAction","target":["https:\/\/www.stonecity.cz\/de\/produkt\/granit-strasenrandstein-zl-obs-kopirovat\/"]}]},{"@type":"ImageObject","inLanguage":"de","@id":"https:\/\/www.stonecity.cz\/de\/produkt\/granit-strasenrandstein-zl-obs-kopirovat\/#primaryimage","url":"https:\/\/www.stonecity.cz\/wp-content\/uploads\/2026\/04\/obruba-scaled.jpg","contentUrl":"https:\/\/www.stonecity.cz\/wp-content\/uploads\/2026\/04\/obruba-scaled.jpg","width":2560,"height":1920},{"@type":"BreadcrumbList","@id":"https:\/\/www.stonecity.cz\/de\/produkt\/granit-strasenrandstein-zl-obs-kopirovat\/#breadcrumb","itemListElement":[{"@type":"ListItem","position":1,"name":"Dom\u016f","item":"https:\/\/www.stonecity.cz\/de\/"},{"@type":"ListItem","position":2,"name":"Shop","item":"https:\/\/www.stonecity.cz\/de\/shop\/"},{"@type":"ListItem","position":3,"name":"Granit Stra\u00dfenrandstein ZL-OBS (Kop\u00edrovat)"}]},{"@type":"WebSite","@id":"https:\/\/www.stonecity.cz\/de\/#website","url":"https:\/\/www.stonecity.cz\/de\/","name":"Stonecity.cz","description":"Dla\u017eba, obklady, um\u011bl\u00fd i p\u0159\u00edrodn\u00ed k\u00e1men","potentialAction":[{"@type":"SearchAction","target":{"@type":"EntryPoint","urlTemplate":"https:\/\/www.stonecity.cz\/de\/?s={search_term_string}"},"query-input":{"@type":"PropertyValueSpecification","valueRequired":true,"valueName":"search_term_string"}}],"inLanguage":"de"}]}},"_links":{"self":[{"href":"https:\/\/www.stonecity.cz\/de\/wp-json\/wp\/v2\/product\/20581","targetHints":{"allow":["GET"]}}],"collection":[{"href":"https:\/\/www.stonecity.cz\/de\/wp-json\/wp\/v2\/product"}],"about":[{"href":"https:\/\/www.stonecity.cz\/de\/wp-json\/wp\/v2\/types\/product"}],"wp:featuredmedia":[{"embeddable":true,"href":"https:\/\/www.stonecity.cz\/de\/wp-json\/wp\/v2\/media\/20602"}],"wp:attachment":[{"href":"https:\/\/www.stonecity.cz\/de\/wp-json\/wp\/v2\/media?parent=20581"}],"wp:term":[{"taxonomy":"product_cat","embeddable":true,"href":"https:\/\/www.stonecity.cz\/de\/wp-json\/wp\/v2\/product_cat?post=20581"},{"taxonomy":"product_tag","embeddable":true,"href":"https:\/\/www.stonecity.cz\/de\/wp-json\/wp\/v2\/product_tag?post=20581"}],"curies":[{"name":"wp","href":"https:\/\/api.w.org\/{rel}","templated":true}]}}