{"id":20606,"date":"2026-04-22T11:28:13","date_gmt":"2026-04-22T09:28:13","guid":{"rendered":"https:\/\/www.stonecity.cz\/?post_type=product&#038;p=20606"},"modified":"2026-04-22T11:40:38","modified_gmt":"2026-04-22T09:40:38","slug":"muravera-qua-10-steinverkleidung-kopirovat","status":"publish","type":"product","link":"https:\/\/www.stonecity.cz\/de\/produkt\/muravera-qua-10-steinverkleidung-kopirovat\/","title":{"rendered":"Muravera QUA-10 Steinverkleidung (Kop\u00edrovat)"},"content":{"rendered":"<p><span class=\"tlid-translation translation\"><span title=\"\">Muravera Steinfliesen &#8211; gro\u00dfartig <\/span><\/span><span class=\"tlid-translation translation\"><span title=\"\"><br \/>\nBei einer Dicke von 3-5 cm ist die rohe nat\u00fcrliche Oberfl\u00e4che des Steins sch\u00f6n und deutlich sichtbar.<\/span><\/span><\/p>\n<p>Eine sehr robuste Fliese, die mit oder ohne Fuge verlegt werden kann.<br \/>\nMit einer fugenlosen Fliese schaffen Sie den perfekten Eindruck einer Felswand.<br \/>\nJeder Stein dieser Serie ist ein komplettes Original, mit einer einzigartigen Textur und Farbnuance.<\/p>\n<p>Verpackungseinheit 12m2 inklusive Fugen. Bei Verlegung auf einer Kollision (ohne Fugen &#8211; je nach Verlegeart) ergibt sich ein Ertrag von ca. 9m2<\/p>\n","protected":false},"excerpt":{"rendered":"<p>Muravera Steinfliesen &#8211; gro\u00dfartig Bei einer Dicke von 3-5 cm ist die rohe nat\u00fcrliche Oberfl\u00e4che des Steins sch\u00f6n und deutlich sichtbar. Eine sehr robuste Fliese, die mit oder ohne Fuge verlegt werden kann. Mit einer fugenlosen Fliese schaffen Sie den perfekten Eindruck einer Felswand. Jeder Stein dieser Serie ist ein komplettes Original, mit einer einzigartigen [&#8230;]\n","protected":false},"featured_media":20609,"template":"","meta":[],"product_cat":[2041,2033,2049],"product_tag":[1833,1834],"class_list":{"0":"post-20606","1":"product","2":"type-product","3":"status-publish","4":"has-post-thumbnail","6":"product_cat-verblendsteine","7":"product_cat-naturstein-de","8":"product_cat-marmor","9":"product_tag-fur-den-ausenbereich-geeignet","10":"product_tag-geeignet-fur-innenraume","12":"first","13":"instock","14":"taxable","15":"shipping-taxable","16":"purchasable","17":"product-type-simple"},"yoast_head":"<!-- This site is optimized with the Yoast SEO plugin v26.8 - https:\/\/yoast.com\/product\/yoast-seo-wordpress\/ -->\n<title>Muravera QUA-10 Steinverkleidung (Kop\u00edrovat) - Stonecity.cz<\/title>\n<meta name=\"robots\" content=\"index, follow, max-snippet:-1, max-image-preview:large, max-video-preview:-1\" \/>\n<link rel=\"canonical\" href=\"https:\/\/www.stonecity.cz\/de\/produkt\/muravera-qua-10-steinverkleidung-kopirovat\/\" \/>\n<meta property=\"og:locale\" content=\"de_DE\" \/>\n<meta property=\"og:type\" content=\"article\" \/>\n<meta property=\"og:title\" content=\"Muravera QUA-10 Steinverkleidung (Kop\u00edrovat) - Stonecity.cz\" \/>\n<meta property=\"og:description\" content=\"Muravera Steinfliesen &#8211; gro\u00dfartig Bei einer Dicke von 3-5 cm ist die rohe nat\u00fcrliche Oberfl\u00e4che des Steins sch\u00f6n und deutlich sichtbar. Eine sehr robuste Fliese, die mit oder ohne Fuge verlegt werden kann. Mit einer fugenlosen Fliese schaffen Sie den perfekten Eindruck einer Felswand. Jeder Stein dieser Serie ist ein komplettes Original, mit einer einzigartigen [...]\" \/>\n<meta property=\"og:url\" content=\"https:\/\/www.stonecity.cz\/de\/produkt\/muravera-qua-10-steinverkleidung-kopirovat\/\" \/>\n<meta property=\"og:site_name\" content=\"Stonecity.cz\" \/>\n<meta property=\"article:modified_time\" content=\"2026-04-22T09:40:38+00:00\" \/>\n<meta property=\"og:image\" content=\"https:\/\/www.stonecity.cz\/wp-content\/uploads\/2026\/04\/qua-19.png\" \/>\n\t<meta property=\"og:image:width\" content=\"522\" \/>\n\t<meta property=\"og:image:height\" content=\"400\" \/>\n\t<meta property=\"og:image:type\" content=\"image\/png\" \/>\n<meta name=\"twitter:card\" content=\"summary_large_image\" \/>\n<script type=\"application\/ld+json\" class=\"yoast-schema-graph\">{\"@context\":\"https:\/\/schema.org\",\"@graph\":[{\"@type\":\"WebPage\",\"@id\":\"https:\/\/www.stonecity.cz\/de\/produkt\/muravera-qua-10-steinverkleidung-kopirovat\/\",\"url\":\"https:\/\/www.stonecity.cz\/de\/produkt\/muravera-qua-10-steinverkleidung-kopirovat\/\",\"name\":\"Muravera QUA-10 Steinverkleidung (Kop\u00edrovat) - Stonecity.cz\",\"isPartOf\":{\"@id\":\"https:\/\/www.stonecity.cz\/de\/#website\"},\"primaryImageOfPage\":{\"@id\":\"https:\/\/www.stonecity.cz\/de\/produkt\/muravera-qua-10-steinverkleidung-kopirovat\/#primaryimage\"},\"image\":{\"@id\":\"https:\/\/www.stonecity.cz\/de\/produkt\/muravera-qua-10-steinverkleidung-kopirovat\/#primaryimage\"},\"thumbnailUrl\":\"https:\/\/www.stonecity.cz\/wp-content\/uploads\/2026\/04\/qua-19.png\",\"datePublished\":\"2026-04-22T09:28:13+00:00\",\"dateModified\":\"2026-04-22T09:40:38+00:00\",\"breadcrumb\":{\"@id\":\"https:\/\/www.stonecity.cz\/de\/produkt\/muravera-qua-10-steinverkleidung-kopirovat\/#breadcrumb\"},\"inLanguage\":\"de\",\"potentialAction\":[{\"@type\":\"ReadAction\",\"target\":[\"https:\/\/www.stonecity.cz\/de\/produkt\/muravera-qua-10-steinverkleidung-kopirovat\/\"]}]},{\"@type\":\"ImageObject\",\"inLanguage\":\"de\",\"@id\":\"https:\/\/www.stonecity.cz\/de\/produkt\/muravera-qua-10-steinverkleidung-kopirovat\/#primaryimage\",\"url\":\"https:\/\/www.stonecity.cz\/wp-content\/uploads\/2026\/04\/qua-19.png\",\"contentUrl\":\"https:\/\/www.stonecity.cz\/wp-content\/uploads\/2026\/04\/qua-19.png\",\"width\":522,\"height\":400},{\"@type\":\"BreadcrumbList\",\"@id\":\"https:\/\/www.stonecity.cz\/de\/produkt\/muravera-qua-10-steinverkleidung-kopirovat\/#breadcrumb\",\"itemListElement\":[{\"@type\":\"ListItem\",\"position\":1,\"name\":\"Dom\u016f\",\"item\":\"https:\/\/www.stonecity.cz\/de\/\"},{\"@type\":\"ListItem\",\"position\":2,\"name\":\"Shop\",\"item\":\"https:\/\/www.stonecity.cz\/de\/shop\/\"},{\"@type\":\"ListItem\",\"position\":3,\"name\":\"Muravera QUA-10 Steinverkleidung (Kop\u00edrovat)\"}]},{\"@type\":\"WebSite\",\"@id\":\"https:\/\/www.stonecity.cz\/de\/#website\",\"url\":\"https:\/\/www.stonecity.cz\/de\/\",\"name\":\"Stonecity.cz\",\"description\":\"Dla\u017eba, obklady, um\u011bl\u00fd i p\u0159\u00edrodn\u00ed k\u00e1men\",\"potentialAction\":[{\"@type\":\"SearchAction\",\"target\":{\"@type\":\"EntryPoint\",\"urlTemplate\":\"https:\/\/www.stonecity.cz\/de\/?s={search_term_string}\"},\"query-input\":{\"@type\":\"PropertyValueSpecification\",\"valueRequired\":true,\"valueName\":\"search_term_string\"}}],\"inLanguage\":\"de\"}]}<\/script>\n<!-- \/ Yoast SEO plugin. -->","yoast_head_json":{"title":"Muravera QUA-10 Steinverkleidung (Kop\u00edrovat) - Stonecity.cz","robots":{"index":"index","follow":"follow","max-snippet":"max-snippet:-1","max-image-preview":"max-image-preview:large","max-video-preview":"max-video-preview:-1"},"canonical":"https:\/\/www.stonecity.cz\/de\/produkt\/muravera-qua-10-steinverkleidung-kopirovat\/","og_locale":"de_DE","og_type":"article","og_title":"Muravera QUA-10 Steinverkleidung (Kop\u00edrovat) - Stonecity.cz","og_description":"Muravera Steinfliesen &#8211; gro\u00dfartig Bei einer Dicke von 3-5 cm ist die rohe nat\u00fcrliche Oberfl\u00e4che des Steins sch\u00f6n und deutlich sichtbar. Eine sehr robuste Fliese, die mit oder ohne Fuge verlegt werden kann. Mit einer fugenlosen Fliese schaffen Sie den perfekten Eindruck einer Felswand. Jeder Stein dieser Serie ist ein komplettes Original, mit einer einzigartigen [...]","og_url":"https:\/\/www.stonecity.cz\/de\/produkt\/muravera-qua-10-steinverkleidung-kopirovat\/","og_site_name":"Stonecity.cz","article_modified_time":"2026-04-22T09:40:38+00:00","og_image":[{"width":522,"height":400,"url":"https:\/\/www.stonecity.cz\/wp-content\/uploads\/2026\/04\/qua-19.png","type":"image\/png"}],"twitter_card":"summary_large_image","schema":{"@context":"https:\/\/schema.org","@graph":[{"@type":"WebPage","@id":"https:\/\/www.stonecity.cz\/de\/produkt\/muravera-qua-10-steinverkleidung-kopirovat\/","url":"https:\/\/www.stonecity.cz\/de\/produkt\/muravera-qua-10-steinverkleidung-kopirovat\/","name":"Muravera QUA-10 Steinverkleidung (Kop\u00edrovat) - Stonecity.cz","isPartOf":{"@id":"https:\/\/www.stonecity.cz\/de\/#website"},"primaryImageOfPage":{"@id":"https:\/\/www.stonecity.cz\/de\/produkt\/muravera-qua-10-steinverkleidung-kopirovat\/#primaryimage"},"image":{"@id":"https:\/\/www.stonecity.cz\/de\/produkt\/muravera-qua-10-steinverkleidung-kopirovat\/#primaryimage"},"thumbnailUrl":"https:\/\/www.stonecity.cz\/wp-content\/uploads\/2026\/04\/qua-19.png","datePublished":"2026-04-22T09:28:13+00:00","dateModified":"2026-04-22T09:40:38+00:00","breadcrumb":{"@id":"https:\/\/www.stonecity.cz\/de\/produkt\/muravera-qua-10-steinverkleidung-kopirovat\/#breadcrumb"},"inLanguage":"de","potentialAction":[{"@type":"ReadAction","target":["https:\/\/www.stonecity.cz\/de\/produkt\/muravera-qua-10-steinverkleidung-kopirovat\/"]}]},{"@type":"ImageObject","inLanguage":"de","@id":"https:\/\/www.stonecity.cz\/de\/produkt\/muravera-qua-10-steinverkleidung-kopirovat\/#primaryimage","url":"https:\/\/www.stonecity.cz\/wp-content\/uploads\/2026\/04\/qua-19.png","contentUrl":"https:\/\/www.stonecity.cz\/wp-content\/uploads\/2026\/04\/qua-19.png","width":522,"height":400},{"@type":"BreadcrumbList","@id":"https:\/\/www.stonecity.cz\/de\/produkt\/muravera-qua-10-steinverkleidung-kopirovat\/#breadcrumb","itemListElement":[{"@type":"ListItem","position":1,"name":"Dom\u016f","item":"https:\/\/www.stonecity.cz\/de\/"},{"@type":"ListItem","position":2,"name":"Shop","item":"https:\/\/www.stonecity.cz\/de\/shop\/"},{"@type":"ListItem","position":3,"name":"Muravera QUA-10 Steinverkleidung (Kop\u00edrovat)"}]},{"@type":"WebSite","@id":"https:\/\/www.stonecity.cz\/de\/#website","url":"https:\/\/www.stonecity.cz\/de\/","name":"Stonecity.cz","description":"Dla\u017eba, obklady, um\u011bl\u00fd i p\u0159\u00edrodn\u00ed k\u00e1men","potentialAction":[{"@type":"SearchAction","target":{"@type":"EntryPoint","urlTemplate":"https:\/\/www.stonecity.cz\/de\/?s={search_term_string}"},"query-input":{"@type":"PropertyValueSpecification","valueRequired":true,"valueName":"search_term_string"}}],"inLanguage":"de"}]}},"_links":{"self":[{"href":"https:\/\/www.stonecity.cz\/de\/wp-json\/wp\/v2\/product\/20606","targetHints":{"allow":["GET"]}}],"collection":[{"href":"https:\/\/www.stonecity.cz\/de\/wp-json\/wp\/v2\/product"}],"about":[{"href":"https:\/\/www.stonecity.cz\/de\/wp-json\/wp\/v2\/types\/product"}],"wp:featuredmedia":[{"embeddable":true,"href":"https:\/\/www.stonecity.cz\/de\/wp-json\/wp\/v2\/media\/20609"}],"wp:attachment":[{"href":"https:\/\/www.stonecity.cz\/de\/wp-json\/wp\/v2\/media?parent=20606"}],"wp:term":[{"taxonomy":"product_cat","embeddable":true,"href":"https:\/\/www.stonecity.cz\/de\/wp-json\/wp\/v2\/product_cat?post=20606"},{"taxonomy":"product_tag","embeddable":true,"href":"https:\/\/www.stonecity.cz\/de\/wp-json\/wp\/v2\/product_tag?post=20606"}],"curies":[{"name":"wp","href":"https:\/\/api.w.org\/{rel}","templated":true}]}}