{"id":15611,"date":"2020-05-18T18:33:02","date_gmt":"2020-05-18T16:33:02","guid":{"rendered":"https:\/\/www.stonecity.cz\/transport-and-invoicing\/"},"modified":"2023-07-10T15:27:59","modified_gmt":"2023-07-10T13:27:59","slug":"transport-and-invoicing","status":"publish","type":"page","link":"https:\/\/www.stonecity.cz\/en\/transport-and-invoicing\/","title":{"rendered":"Transport and invoicing"},"content":{"rendered":"\t<section class=\"section\" id=\"section_1027166479\">\n\t\t<div class=\"bg section-bg fill bg-fill  \" >\n\n\t\t\t\n\t\t\t<div class=\"section-bg-overlay absolute fill\"><\/div>\n\t\t\t\n\t<div class=\"is-border\"\n\t\tstyle=\"border-width:0px 0px 0px 0px;\">\n\t<\/div>\n\n\t\t<\/div>\n\n\t\t\n\n\t\t<div class=\"section-content relative\">\n\t\t\t\n\n<div class=\"row\"  id=\"row-2002112802\">\n\n\n\t<div id=\"col-411287206\" class=\"col medium-4 small-12 large-4\"  >\n\t\t\t\t<div class=\"col-inner\"  >\n\t\t\t\n\t\t\t\n\n\t<div id=\"gap-1740800872\" class=\"gap-element clearfix\" style=\"display:block; height:auto;\">\n\t\t\n<style>\n#gap-1740800872 {\n  padding-top: 140px;\n}\n<\/style>\n\t<\/div>\n\t\n\n<h1><span style=\"color: #ffffff; font-size: 130%;\">Transport and invoicing<\/span><\/h1>\n\n\t\t<\/div>\n\t\t\t\t\t<\/div>\n\n\t\n\n<\/div>\n\n\t\t<\/div>\n\n\t\t\n<style>\n#section_1027166479 {\n  padding-top: 0px;\n  padding-bottom: 0px;\n  min-height: 250px;\n}\n#section_1027166479 .section-bg-overlay {\n  background-color: rgba(0, 0, 0, 0.63);\n}\n#section_1027166479 .section-bg.bg-loaded {\n  background-image: url(https:\/\/www.stonecity.cz\/wp-content\/uploads\/2020\/05\/Stone-city1.jpg);\n}\n#section_1027166479 .section-bg {\n  background-position: 44% 29%;\n}\n<\/style>\n\t<\/section>\n\t\n\t<div id=\"gap-1526205053\" class=\"gap-element clearfix\" style=\"display:block; height:auto;\">\n\t\t\n<style>\n#gap-1526205053 {\n  padding-top: 60px;\n}\n<\/style>\n\t<\/div>\n\t\n\n<div class=\"row\"  id=\"row-1438415194\">\n\n\n\t<div id=\"col-1367646314\" class=\"col medium-6 small-12 large-6\"  >\n\t\t\t\t<div class=\"col-inner\"  >\n\t\t\t\n\t\t\t\n\n<h3><span style=\"color: #000000;\">Transport<\/span><\/h3>\n<div class=\"is-divider divider clearfix\" style=\"margin-top:28px;margin-bottom:28px;max-width:88px;height:2px;background-color:rgb(242, 43, 43);\"><\/div>\n\n<div class=\"row\"  id=\"row-1914659387\">\n\n\n\t<div id=\"col-1105218008\" class=\"col medium-10 small-12 large-10\"  >\n\t\t\t\t<div class=\"col-inner\"  >\n\t\t\t\n\t\t\t\n\n<h5><strong><span style=\"color: #000000;\">INDIVIDUAL TRANSPORT<\/span><\/strong><\/h5>\n<p>For larger orders we will be happy to arrange individual transport and pricing with&nbsp;our verified external carriers.<\/p>\n\n\t\t<\/div>\n\t\t\t\t\t<\/div>\n\n\t\n\n<\/div>\n<div class=\"row preprava-platba\"  id=\"row-1066582578\">\n\n\n\t<div id=\"col-1910181923\" class=\"col medium-10 small-12 large-10\"  >\n\t\t\t\t<div class=\"col-inner\"  >\n\t\t\t\n\t\t\t\n\n<h5><strong><span style=\"color: #000000;\">PPL<\/span><\/strong><\/h5>\n<p>With the shipping company PPL we send you mainly additional assortment of stones and samples.<\/p>\n<p>up to 20 kg&nbsp;<strong>300 CZK incl. VAT<\/strong><br>from 21 kg to 30 kg&nbsp;<strong>430 CZK incl. VAT<\/strong><\/p>\n\n\t\t<\/div>\n\t\t\t\t\t<\/div>\n\n\t\n\n<\/div>\n<div class=\"row\"  id=\"row-417025435\">\n\n\n\t<div id=\"col-1750953975\" class=\"col medium-10 small-12 large-10\"  >\n\t\t\t\t<div class=\"col-inner\"  >\n\t\t\t\n\t\t\t\n\n<h5><strong><span style=\"color: #000000;\">GEIS &#8211; PALLET TRANSPORT<\/span><\/strong><\/h5>\n<p><strong>CZ:<\/strong> 1 pallet 1 590 CZK incl. VAT, max. 700 kg<br><strong>SK:<\/strong> 1 pallet 3 025 CZK incl. VAT, max. 700 kg<\/p>\n<p>The moment the carrier picks up the goods from us, you will receive a text message informing you that the shipment is on its way to&nbsp;.<br>On&nbsp;the day of delivery, the carrier will inform you by phone of a more accurate delivery time.<br>With&nbsp;shipping company Geis we can deliver a maximum of two pallets or pallet boxes.<\/p>\n<p>If the weight exceeds 700 kg per pallet or pallet box, we will be happy to calculate an individual transport price for you.&nbsp;<\/p>\n\n\n\t\t<\/div>\n\t\t\t\t\t<\/div>\n\n\t\n\n<\/div>\n\n\t\t<\/div>\n\t\t\t\t\t<\/div>\n\n\t\n\n\t<div id=\"col-402628916\" class=\"col medium-6 small-12 large-6\"  >\n\t\t\t\t<div class=\"col-inner\"  >\n\t\t\t\n\t\t\t\n\n<h3><span style=\"color: #000000;\">Payment options<\/span><\/h3>\n<div class=\"is-divider divider clearfix\" style=\"margin-top:28px;margin-bottom:28px;max-width:88px;height:2px;background-color:rgb(242, 43, 43);\"><\/div>\n\n<div class=\"row\"  id=\"row-683786729\">\n\n\n\t<div id=\"col-424186998\" class=\"col medium-10 small-12 large-10\"  >\n\t\t\t\t<div class=\"col-inner\"  >\n\t\t\t\n\t\t\t\n\n<h5><strong><span style=\"color: #000000;\">BY BANK TRANSFER &#8211; FREE OF CHARGE<\/span><\/strong><\/h5>\n<p>After submitting your order, please wait for an email with your order confirmation and payment details.<\/p>\n\n\t\t<\/div>\n\t\t\t\t\t<\/div>\n\n\t\n\n<\/div>\n<div class=\"row preprava-platba\"  id=\"row-1799104844\">\n\n\n\t<div id=\"col-428440990\" class=\"col medium-10 small-12 large-10\"  >\n\t\t\t\t<div class=\"col-inner\"  >\n\t\t\t\n\t\t\t\n\n<h5><strong><span style=\"color: #000000;\">CASH AT THE SHOP &#8211; FREE OF CHARGE<\/span><\/strong><\/h5>\n<p>We will be happy to welcome you at our shop in Slane, where you can personally pick up your order and pay in cash.<br>Please contact us prior to personal collection to ensure your goods are ready for collection.<\/p>\n\n\t\t<\/div>\n\t\t\t\t\t<\/div>\n\n\t\n\n<\/div>\n<div class=\"row\"  id=\"row-528715977\">\n\n\n\t<div id=\"col-570381452\" class=\"col medium-10 small-12 large-10\"  >\n\t\t\t\t<div class=\"col-inner\"  >\n\t\t\t\n\t\t\t\n\n<h5><strong><span style=\"color: #000000;\">BY DELIVERY &#8211; 39 CZK<\/span><\/strong><\/h5>\n<p>You will pay for the goods when you receive them from the carrier. Goods up to a maximum value of CZK 15,000 can be ordered COD. This is to avoid any inconvenience to both parties with any unclaimed goods.<\/p>\n\n\t\t<\/div>\n\t\t\t\t\t<\/div>\n\n\t\n\n<\/div>\n\n\t\t<\/div>\n\t\t\t\t\t<\/div>\n\n\t\n\n<\/div>\n<div class=\"row\"  id=\"row-362299105\">\n\n\n\t<div id=\"col-829298724\" class=\"col small-12 large-12\"  >\n\t\t\t\t<div class=\"col-inner\"  >\n\t\t\t\n\t\t\t\n\n<h3><span style=\"color: #000000;\">Forms for download<\/span><\/h3>\n<div class=\"is-divider divider clearfix\" style=\"margin-top:28px;margin-bottom:28px;max-width:88px;height:2px;background-color:rgb(242, 43, 43);\"><\/div>\n\n<div class=\"row\"  id=\"row-957417738\">\n\n\n\t<div id=\"col-1100916346\" class=\"col medium-4 small-12 large-4\"  >\n\t\t\t\t<div class=\"col-inner text-center\"  >\n\t\t\t\n\t\t\t\n\n<h5><span style=\"color: #000000;\"><strong>Instructions on the right of withdrawal<\/strong><\/span><\/h5>\n\t<div id=\"gap-791756299\" class=\"gap-element clearfix\" style=\"display:block; height:auto;\">\n\t\t\n<style>\n#gap-791756299 {\n  padding-top: 30px;\n}\n<\/style>\n\t<\/div>\n\t\n\n<a rel=\"noopener noreferrer\" href=\"http:\/\/www.stonecity.cz\/wp-content\/uploads\/2020\/05\/vzorove_pouceni_o_pravu_na_odsot.docx\" target=\"_blank\" class=\"button primary secondary-button\"  style=\"padding:0px 0px 0px 0px;\">\n    <span>Download<\/span>\n  <\/a>\n\n\n\n\t\t<\/div>\n\t\t\t\t\t<\/div>\n\n\t\n\n\t<div id=\"col-1473781995\" class=\"col medium-4 small-12 large-4\"  >\n\t\t\t\t<div class=\"col-inner text-center\"  >\n\t\t\t\n\t\t\t\n\n<h5><span style=\"color: #000000;\"><strong>Complaint form<\/strong><\/span><\/h5>\n\t<div id=\"gap-1158186108\" class=\"gap-element clearfix\" style=\"display:block; height:auto;\">\n\t\t\n<style>\n#gap-1158186108 {\n  padding-top: 30px;\n}\n<\/style>\n\t<\/div>\n\t\n\n<a href=\"http:\/\/www.stonecity.cz\/wp-content\/uploads\/2020\/05\/reklamacni_formular.docx\" target=\"_self\" class=\"button primary secondary-button\"  style=\"padding:0px 0px 0px 0px;\">\n    <span>Download<\/span>\n  <\/a>\n\n\n\n\t\t<\/div>\n\t\t\t\t\t<\/div>\n\n\t\n\n\t<div id=\"col-18156707\" class=\"col medium-4 small-12 large-4\"  >\n\t\t\t\t<div class=\"col-inner text-center\"  >\n\t\t\t\n\t\t\t\n\n<h5><span style=\"color: #000000;\"><strong>Withdrawal from the purchase contract<\/strong><\/span><\/h5>\n\t<div id=\"gap-814914945\" class=\"gap-element clearfix\" style=\"display:block; height:auto;\">\n\t\t\n<style>\n#gap-814914945 {\n  padding-top: 30px;\n}\n<\/style>\n\t<\/div>\n\t\n\n<a href=\"http:\/\/www.stonecity.cz\/wp-content\/uploads\/2020\/05\/reklamacni_formular.docx\" target=\"_self\" class=\"button primary secondary-button\"  style=\"padding:0px 0px 0px 0px;\">\n    <span>Download<\/span>\n  <\/a>\n\n\n\n\t\t<\/div>\n\t\t\t\t\t<\/div>\n\n\t\n\n<\/div>\n\n\t\t<\/div>\n\t\t\t\t\t<\/div>\n\n\t\n\n<\/div>","protected":false},"excerpt":{"rendered":"","protected":false},"author":3,"featured_media":0,"parent":0,"menu_order":0,"comment_status":"closed","ping_status":"closed","template":"page-blank.php","meta":{"footnotes":""},"class_list":["post-15611","page","type-page","status-publish","hentry"],"yoast_head":"<!-- This site is optimized with the Yoast SEO plugin v26.8 - https:\/\/yoast.com\/product\/yoast-seo-wordpress\/ -->\n<title>Transport and invoicing - Stonecity.cz<\/title>\n<meta name=\"robots\" content=\"index, follow, max-snippet:-1, max-image-preview:large, max-video-preview:-1\" \/>\n<link rel=\"canonical\" href=\"https:\/\/www.stonecity.cz\/en\/transport-and-invoicing\/\" \/>\n<meta property=\"og:locale\" content=\"en_US\" \/>\n<meta property=\"og:type\" content=\"article\" \/>\n<meta property=\"og:title\" content=\"Transport and invoicing - Stonecity.cz\" \/>\n<meta property=\"og:url\" content=\"https:\/\/www.stonecity.cz\/en\/transport-and-invoicing\/\" \/>\n<meta property=\"og:site_name\" content=\"Stonecity.cz\" \/>\n<meta property=\"article:modified_time\" content=\"2023-07-10T13:27:59+00:00\" \/>\n<meta name=\"twitter:card\" content=\"summary_large_image\" \/>\n<meta name=\"twitter:label1\" content=\"Est. reading time\" \/>\n\t<meta name=\"twitter:data1\" content=\"3 minutes\" \/>\n<script type=\"application\/ld+json\" class=\"yoast-schema-graph\">{\"@context\":\"https:\/\/schema.org\",\"@graph\":[{\"@type\":\"WebPage\",\"@id\":\"https:\/\/www.stonecity.cz\/en\/transport-and-invoicing\/\",\"url\":\"https:\/\/www.stonecity.cz\/en\/transport-and-invoicing\/\",\"name\":\"Transport and invoicing - Stonecity.cz\",\"isPartOf\":{\"@id\":\"https:\/\/www.stonecity.cz\/en\/#website\"},\"datePublished\":\"2020-05-18T16:33:02+00:00\",\"dateModified\":\"2023-07-10T13:27:59+00:00\",\"breadcrumb\":{\"@id\":\"https:\/\/www.stonecity.cz\/en\/transport-and-invoicing\/#breadcrumb\"},\"inLanguage\":\"en-US\",\"potentialAction\":[{\"@type\":\"ReadAction\",\"target\":[\"https:\/\/www.stonecity.cz\/en\/transport-and-invoicing\/\"]}]},{\"@type\":\"BreadcrumbList\",\"@id\":\"https:\/\/www.stonecity.cz\/en\/transport-and-invoicing\/#breadcrumb\",\"itemListElement\":[{\"@type\":\"ListItem\",\"position\":1,\"name\":\"Dom\u016f\",\"item\":\"https:\/\/www.stonecity.cz\/en\/\"},{\"@type\":\"ListItem\",\"position\":2,\"name\":\"Transport and invoicing\"}]},{\"@type\":\"WebSite\",\"@id\":\"https:\/\/www.stonecity.cz\/en\/#website\",\"url\":\"https:\/\/www.stonecity.cz\/en\/\",\"name\":\"Stonecity.cz\",\"description\":\"Dla\u017eba, obklady, um\u011bl\u00fd i p\u0159\u00edrodn\u00ed k\u00e1men\",\"potentialAction\":[{\"@type\":\"SearchAction\",\"target\":{\"@type\":\"EntryPoint\",\"urlTemplate\":\"https:\/\/www.stonecity.cz\/en\/?s={search_term_string}\"},\"query-input\":{\"@type\":\"PropertyValueSpecification\",\"valueRequired\":true,\"valueName\":\"search_term_string\"}}],\"inLanguage\":\"en-US\"}]}<\/script>\n<!-- \/ Yoast SEO plugin. -->","yoast_head_json":{"title":"Transport and invoicing - Stonecity.cz","robots":{"index":"index","follow":"follow","max-snippet":"max-snippet:-1","max-image-preview":"max-image-preview:large","max-video-preview":"max-video-preview:-1"},"canonical":"https:\/\/www.stonecity.cz\/en\/transport-and-invoicing\/","og_locale":"en_US","og_type":"article","og_title":"Transport and invoicing - Stonecity.cz","og_url":"https:\/\/www.stonecity.cz\/en\/transport-and-invoicing\/","og_site_name":"Stonecity.cz","article_modified_time":"2023-07-10T13:27:59+00:00","twitter_card":"summary_large_image","twitter_misc":{"Est. reading time":"3 minutes"},"schema":{"@context":"https:\/\/schema.org","@graph":[{"@type":"WebPage","@id":"https:\/\/www.stonecity.cz\/en\/transport-and-invoicing\/","url":"https:\/\/www.stonecity.cz\/en\/transport-and-invoicing\/","name":"Transport and invoicing - Stonecity.cz","isPartOf":{"@id":"https:\/\/www.stonecity.cz\/en\/#website"},"datePublished":"2020-05-18T16:33:02+00:00","dateModified":"2023-07-10T13:27:59+00:00","breadcrumb":{"@id":"https:\/\/www.stonecity.cz\/en\/transport-and-invoicing\/#breadcrumb"},"inLanguage":"en-US","potentialAction":[{"@type":"ReadAction","target":["https:\/\/www.stonecity.cz\/en\/transport-and-invoicing\/"]}]},{"@type":"BreadcrumbList","@id":"https:\/\/www.stonecity.cz\/en\/transport-and-invoicing\/#breadcrumb","itemListElement":[{"@type":"ListItem","position":1,"name":"Dom\u016f","item":"https:\/\/www.stonecity.cz\/en\/"},{"@type":"ListItem","position":2,"name":"Transport and invoicing"}]},{"@type":"WebSite","@id":"https:\/\/www.stonecity.cz\/en\/#website","url":"https:\/\/www.stonecity.cz\/en\/","name":"Stonecity.cz","description":"Dla\u017eba, obklady, um\u011bl\u00fd i p\u0159\u00edrodn\u00ed k\u00e1men","potentialAction":[{"@type":"SearchAction","target":{"@type":"EntryPoint","urlTemplate":"https:\/\/www.stonecity.cz\/en\/?s={search_term_string}"},"query-input":{"@type":"PropertyValueSpecification","valueRequired":true,"valueName":"search_term_string"}}],"inLanguage":"en-US"}]}},"_links":{"self":[{"href":"https:\/\/www.stonecity.cz\/en\/wp-json\/wp\/v2\/pages\/15611","targetHints":{"allow":["GET"]}}],"collection":[{"href":"https:\/\/www.stonecity.cz\/en\/wp-json\/wp\/v2\/pages"}],"about":[{"href":"https:\/\/www.stonecity.cz\/en\/wp-json\/wp\/v2\/types\/page"}],"author":[{"embeddable":true,"href":"https:\/\/www.stonecity.cz\/en\/wp-json\/wp\/v2\/users\/3"}],"replies":[{"embeddable":true,"href":"https:\/\/www.stonecity.cz\/en\/wp-json\/wp\/v2\/comments?post=15611"}],"version-history":[{"count":3,"href":"https:\/\/www.stonecity.cz\/en\/wp-json\/wp\/v2\/pages\/15611\/revisions"}],"predecessor-version":[{"id":15620,"href":"https:\/\/www.stonecity.cz\/en\/wp-json\/wp\/v2\/pages\/15611\/revisions\/15620"}],"wp:attachment":[{"href":"https:\/\/www.stonecity.cz\/en\/wp-json\/wp\/v2\/media?parent=15611"}],"curies":[{"name":"wp","href":"https:\/\/api.w.org\/{rel}","templated":true}]}}