{"id":15698,"date":"2023-05-25T15:36:34","date_gmt":"2023-05-25T13:36:34","guid":{"rendered":"https:\/\/www.stonecity.cz\/produkt\/granite-cubes-grey\/"},"modified":"2023-07-07T13:24:29","modified_gmt":"2023-07-07T11:24:29","slug":"zula-costume-sede","status":"publish","type":"product","link":"https:\/\/www.stonecity.cz\/en\/produkt\/zula-costume-sede\/","title":{"rendered":"Granite cubes grey"},"content":{"rendered":"<p class=\"p1\"><span class=\"s1\">Granite paving is suitable for vehicles over 3.5 tonnes. It is widely used for paving large areas &#8211; squares, sidewalks, driveways&#8230;<br \/>\n<\/span><\/p>\n<p class=\"p1\"><span class=\"s1\">Packaging &#8211; Big Bag (approx. 1.4 t)<br \/>\n<\/span><\/p>\n<p class=\"p1\"><span class=\"s1\">tolerance +\/- 1 cm<\/span><\/p>\n<p>ZL-G-04-06 &#8211; 4\/6 weight approx. 100kg\/m2 &#8211; approx. 12.5m2\/1bb &#8211; approx. 9m2\/1tonne<\/p>\n<p>ZL-G-07-09 &#8211; 7\/9 weight approx. 140kg\/m2 &#8211; approx. 8.5m2\/1bb &#8211; approx. 6m2\/1tonne<\/p>\n<p>ZL-G-08-11 &#8211; 8\/11 weight approx. 190kg\/m2 &#8211; approx. 6.5m2\/1bb &#8211; approx. 4.5m2\/1tonne<\/p>\n<p>ZL-G-015-017 &#8211; 15\/17 weight approx. 370kg\/m2 &#8211; approx. 3.2m2\/1bb &#8211; approx. 2.5m2\/1tonne<\/p>\n<p>&nbsp;<\/p>\n<p><a href=\"https:\/\/www.stonecity.cz\/wp-content\/uploads\/2023\/05\/STONE-CITY-vysledky-zkousek-zula-seda-1.pdf\">STONE CITY &#8211; test results (granite grey)<\/a><\/p>\n<p>&nbsp;<\/p>\n<p><iframe loading=\"lazy\" title=\"STONE CITY  -  Gray Cranite Cobble Stone\/ \u017dulov\u00e9 dla\u017eebn\u00ed kostky \/ Granitpflastersteine\" width=\"1020\" height=\"574\" src=\"https:\/\/www.youtube.com\/embed\/5-xI5fSyOi8?feature=oembed\" frameborder=\"0\" allow=\"accelerometer; autoplay; clipboard-write; encrypted-media; gyroscope; picture-in-picture; web-share\" allowfullscreen><\/iframe><\/p>\n<p>&nbsp;<\/p>\n","protected":false},"excerpt":{"rendered":"<p>Granite paving is suitable for vehicles over 3.5 tonnes. It is widely used for paving large areas &#8211; squares, sidewalks, driveways&#8230; Packaging &#8211; Big Bag (approx. 1.4 t) tolerance +\/- 1 cm ZL-G-04-06 &#8211; 4\/6 weight approx. 100kg\/m2 &#8211; approx. 12.5m2\/1bb &#8211; approx. 9m2\/1tonne ZL-G-07-09 &#8211; 7\/9 weight approx. 140kg\/m2 &#8211; approx. 8.5m2\/1bb &#8211; approx. [&#8230;]\n","protected":false},"featured_media":15488,"template":"","meta":[],"product_cat":[2050,1916,1922,1944],"product_tag":[1744,1752,1751],"class_list":{"0":"post-15698","1":"product","2":"type-product","3":"status-publish","4":"has-post-thumbnail","6":"product_cat-granite-en","7":"product_cat-pavements","8":"product_cat-natural-stone","9":"product_cat-granite","10":"product_tag-suitable-for-outdoors","11":"product_tag-suitable-for-the-garden-en","12":"product_tag-suitable-for-the-terrace","13":"pa_rozmer-a-b-4-6-cm-en","14":"pa_rozmer-a-b-7-9cm-en","15":"pa_rozmer-a-b-8-11cm-en","16":"pa_rozmer-a-b-15-17cm-en","18":"first","19":"instock","20":"purchasable","21":"product-type-variable"},"yoast_head":"<!-- This site is optimized with the Yoast SEO plugin v26.8 - https:\/\/yoast.com\/product\/yoast-seo-wordpress\/ -->\n<title>Granite cubes grey - Stonecity.cz<\/title>\n<meta name=\"robots\" content=\"index, follow, max-snippet:-1, max-image-preview:large, max-video-preview:-1\" \/>\n<link rel=\"canonical\" href=\"https:\/\/www.stonecity.cz\/en\/produkt\/zula-costume-sede\/\" \/>\n<meta property=\"og:locale\" content=\"en_US\" \/>\n<meta property=\"og:type\" content=\"article\" \/>\n<meta property=\"og:title\" content=\"Granite cubes grey - Stonecity.cz\" \/>\n<meta property=\"og:description\" content=\"Granite paving is suitable for vehicles over 3.5 tonnes. It is widely used for paving large areas &#8211; squares, sidewalks, driveways&#8230; Packaging &#8211; Big Bag (approx. 1.4 t) tolerance +\/- 1 cm ZL-G-04-06 &#8211; 4\/6 weight approx. 100kg\/m2 &#8211; approx. 12.5m2\/1bb &#8211; approx. 9m2\/1tonne ZL-G-07-09 &#8211; 7\/9 weight approx. 140kg\/m2 &#8211; approx. 8.5m2\/1bb &#8211; approx. [...]\" \/>\n<meta property=\"og:url\" content=\"https:\/\/www.stonecity.cz\/en\/produkt\/zula-costume-sede\/\" \/>\n<meta property=\"og:site_name\" content=\"Stonecity.cz\" \/>\n<meta property=\"article:modified_time\" content=\"2023-07-07T11:24:29+00:00\" \/>\n<meta property=\"og:image\" content=\"https:\/\/www.stonecity.cz\/wp-content\/uploads\/2023\/05\/STONE-CITY-zula-seda-pepr-a-sul-8-11-cm.jpg\" \/>\n\t<meta property=\"og:image:width\" content=\"1024\" \/>\n\t<meta property=\"og:image:height\" content=\"576\" \/>\n\t<meta property=\"og:image:type\" content=\"image\/jpeg\" \/>\n<meta name=\"twitter:card\" content=\"summary_large_image\" \/>\n<meta name=\"twitter:label1\" content=\"Est. reading time\" \/>\n\t<meta name=\"twitter:data1\" content=\"1 minute\" \/>\n<script type=\"application\/ld+json\" class=\"yoast-schema-graph\">{\"@context\":\"https:\/\/schema.org\",\"@graph\":[{\"@type\":\"WebPage\",\"@id\":\"https:\/\/www.stonecity.cz\/en\/produkt\/zula-costume-sede\/\",\"url\":\"https:\/\/www.stonecity.cz\/en\/produkt\/zula-costume-sede\/\",\"name\":\"Granite cubes grey - Stonecity.cz\",\"isPartOf\":{\"@id\":\"https:\/\/www.stonecity.cz\/en\/#website\"},\"primaryImageOfPage\":{\"@id\":\"https:\/\/www.stonecity.cz\/en\/produkt\/zula-costume-sede\/#primaryimage\"},\"image\":{\"@id\":\"https:\/\/www.stonecity.cz\/en\/produkt\/zula-costume-sede\/#primaryimage\"},\"thumbnailUrl\":\"https:\/\/www.stonecity.cz\/wp-content\/uploads\/2023\/05\/STONE-CITY-zula-seda-pepr-a-sul-8-11-cm.jpg\",\"datePublished\":\"2023-05-25T13:36:34+00:00\",\"dateModified\":\"2023-07-07T11:24:29+00:00\",\"breadcrumb\":{\"@id\":\"https:\/\/www.stonecity.cz\/en\/produkt\/zula-costume-sede\/#breadcrumb\"},\"inLanguage\":\"en-US\",\"potentialAction\":[{\"@type\":\"ReadAction\",\"target\":[\"https:\/\/www.stonecity.cz\/en\/produkt\/zula-costume-sede\/\"]}]},{\"@type\":\"ImageObject\",\"inLanguage\":\"en-US\",\"@id\":\"https:\/\/www.stonecity.cz\/en\/produkt\/zula-costume-sede\/#primaryimage\",\"url\":\"https:\/\/www.stonecity.cz\/wp-content\/uploads\/2023\/05\/STONE-CITY-zula-seda-pepr-a-sul-8-11-cm.jpg\",\"contentUrl\":\"https:\/\/www.stonecity.cz\/wp-content\/uploads\/2023\/05\/STONE-CITY-zula-seda-pepr-a-sul-8-11-cm.jpg\",\"width\":1024,\"height\":576},{\"@type\":\"BreadcrumbList\",\"@id\":\"https:\/\/www.stonecity.cz\/en\/produkt\/zula-costume-sede\/#breadcrumb\",\"itemListElement\":[{\"@type\":\"ListItem\",\"position\":1,\"name\":\"Dom\u016f\",\"item\":\"https:\/\/www.stonecity.cz\/en\/\"},{\"@type\":\"ListItem\",\"position\":2,\"name\":\"Shop\",\"item\":\"https:\/\/www.stonecity.cz\/en\/shop\/\"},{\"@type\":\"ListItem\",\"position\":3,\"name\":\"Granite cubes grey\"}]},{\"@type\":\"WebSite\",\"@id\":\"https:\/\/www.stonecity.cz\/en\/#website\",\"url\":\"https:\/\/www.stonecity.cz\/en\/\",\"name\":\"Stonecity.cz\",\"description\":\"Dla\u017eba, obklady, um\u011bl\u00fd i p\u0159\u00edrodn\u00ed k\u00e1men\",\"potentialAction\":[{\"@type\":\"SearchAction\",\"target\":{\"@type\":\"EntryPoint\",\"urlTemplate\":\"https:\/\/www.stonecity.cz\/en\/?s={search_term_string}\"},\"query-input\":{\"@type\":\"PropertyValueSpecification\",\"valueRequired\":true,\"valueName\":\"search_term_string\"}}],\"inLanguage\":\"en-US\"}]}<\/script>\n<!-- \/ Yoast SEO plugin. -->","yoast_head_json":{"title":"Granite cubes grey - Stonecity.cz","robots":{"index":"index","follow":"follow","max-snippet":"max-snippet:-1","max-image-preview":"max-image-preview:large","max-video-preview":"max-video-preview:-1"},"canonical":"https:\/\/www.stonecity.cz\/en\/produkt\/zula-costume-sede\/","og_locale":"en_US","og_type":"article","og_title":"Granite cubes grey - Stonecity.cz","og_description":"Granite paving is suitable for vehicles over 3.5 tonnes. It is widely used for paving large areas &#8211; squares, sidewalks, driveways&#8230; Packaging &#8211; Big Bag (approx. 1.4 t) tolerance +\/- 1 cm ZL-G-04-06 &#8211; 4\/6 weight approx. 100kg\/m2 &#8211; approx. 12.5m2\/1bb &#8211; approx. 9m2\/1tonne ZL-G-07-09 &#8211; 7\/9 weight approx. 140kg\/m2 &#8211; approx. 8.5m2\/1bb &#8211; approx. [...]","og_url":"https:\/\/www.stonecity.cz\/en\/produkt\/zula-costume-sede\/","og_site_name":"Stonecity.cz","article_modified_time":"2023-07-07T11:24:29+00:00","og_image":[{"width":1024,"height":576,"url":"https:\/\/www.stonecity.cz\/wp-content\/uploads\/2023\/05\/STONE-CITY-zula-seda-pepr-a-sul-8-11-cm.jpg","type":"image\/jpeg"}],"twitter_card":"summary_large_image","twitter_misc":{"Est. reading time":"1 minute"},"schema":{"@context":"https:\/\/schema.org","@graph":[{"@type":"WebPage","@id":"https:\/\/www.stonecity.cz\/en\/produkt\/zula-costume-sede\/","url":"https:\/\/www.stonecity.cz\/en\/produkt\/zula-costume-sede\/","name":"Granite cubes grey - Stonecity.cz","isPartOf":{"@id":"https:\/\/www.stonecity.cz\/en\/#website"},"primaryImageOfPage":{"@id":"https:\/\/www.stonecity.cz\/en\/produkt\/zula-costume-sede\/#primaryimage"},"image":{"@id":"https:\/\/www.stonecity.cz\/en\/produkt\/zula-costume-sede\/#primaryimage"},"thumbnailUrl":"https:\/\/www.stonecity.cz\/wp-content\/uploads\/2023\/05\/STONE-CITY-zula-seda-pepr-a-sul-8-11-cm.jpg","datePublished":"2023-05-25T13:36:34+00:00","dateModified":"2023-07-07T11:24:29+00:00","breadcrumb":{"@id":"https:\/\/www.stonecity.cz\/en\/produkt\/zula-costume-sede\/#breadcrumb"},"inLanguage":"en-US","potentialAction":[{"@type":"ReadAction","target":["https:\/\/www.stonecity.cz\/en\/produkt\/zula-costume-sede\/"]}]},{"@type":"ImageObject","inLanguage":"en-US","@id":"https:\/\/www.stonecity.cz\/en\/produkt\/zula-costume-sede\/#primaryimage","url":"https:\/\/www.stonecity.cz\/wp-content\/uploads\/2023\/05\/STONE-CITY-zula-seda-pepr-a-sul-8-11-cm.jpg","contentUrl":"https:\/\/www.stonecity.cz\/wp-content\/uploads\/2023\/05\/STONE-CITY-zula-seda-pepr-a-sul-8-11-cm.jpg","width":1024,"height":576},{"@type":"BreadcrumbList","@id":"https:\/\/www.stonecity.cz\/en\/produkt\/zula-costume-sede\/#breadcrumb","itemListElement":[{"@type":"ListItem","position":1,"name":"Dom\u016f","item":"https:\/\/www.stonecity.cz\/en\/"},{"@type":"ListItem","position":2,"name":"Shop","item":"https:\/\/www.stonecity.cz\/en\/shop\/"},{"@type":"ListItem","position":3,"name":"Granite cubes grey"}]},{"@type":"WebSite","@id":"https:\/\/www.stonecity.cz\/en\/#website","url":"https:\/\/www.stonecity.cz\/en\/","name":"Stonecity.cz","description":"Dla\u017eba, obklady, um\u011bl\u00fd i p\u0159\u00edrodn\u00ed k\u00e1men","potentialAction":[{"@type":"SearchAction","target":{"@type":"EntryPoint","urlTemplate":"https:\/\/www.stonecity.cz\/en\/?s={search_term_string}"},"query-input":{"@type":"PropertyValueSpecification","valueRequired":true,"valueName":"search_term_string"}}],"inLanguage":"en-US"}]}},"_links":{"self":[{"href":"https:\/\/www.stonecity.cz\/en\/wp-json\/wp\/v2\/product\/15698","targetHints":{"allow":["GET"]}}],"collection":[{"href":"https:\/\/www.stonecity.cz\/en\/wp-json\/wp\/v2\/product"}],"about":[{"href":"https:\/\/www.stonecity.cz\/en\/wp-json\/wp\/v2\/types\/product"}],"wp:featuredmedia":[{"embeddable":true,"href":"https:\/\/www.stonecity.cz\/en\/wp-json\/wp\/v2\/media\/15488"}],"wp:attachment":[{"href":"https:\/\/www.stonecity.cz\/en\/wp-json\/wp\/v2\/media?parent=15698"}],"wp:term":[{"taxonomy":"product_cat","embeddable":true,"href":"https:\/\/www.stonecity.cz\/en\/wp-json\/wp\/v2\/product_cat?post=15698"},{"taxonomy":"product_tag","embeddable":true,"href":"https:\/\/www.stonecity.cz\/en\/wp-json\/wp\/v2\/product_tag?post=15698"}],"curies":[{"name":"wp","href":"https:\/\/api.w.org\/{rel}","templated":true}]}}