{"id":15714,"date":"2023-03-08T14:41:41","date_gmt":"2023-03-08T13:41:41","guid":{"rendered":"https:\/\/www.stonecity.cz\/produkt\/marble-sky-grey-m-02\/"},"modified":"2023-03-08T14:41:41","modified_gmt":"2023-03-08T13:41:41","slug":"marble-sky-grey-m-02","status":"publish","type":"product","link":"https:\/\/www.stonecity.cz\/en\/produkt\/marble-sky-grey-m-02\/","title":{"rendered":"Marble Sky Grey M-02"},"content":{"rendered":"<p>Marble has always been a symbol of luxury, beauty and timelessness. Due to its properties and aesthetic impression, it is particularly suitable for interiors. However, it is also popularly used for exteriors in 3cm thickness. The colour range of marble is very varied &#8211; the most common marble is white, but light grey, black or pink is also popular. It is used as a tile, also as a wall cladding, it has cut edges. The sandblasted surface is non-slip.<\/p>\n","protected":false},"excerpt":{"rendered":"<p>Marble has always been a symbol of luxury, beauty and timelessness. Due to its properties and aesthetic impression, it is particularly suitable for interiors. However, it is also popularly used for exteriors in 3cm thickness. The colour range of marble is very varied &#8211; the most common marble is white, but light grey, black or [&#8230;]\n","protected":false},"featured_media":15392,"template":"","meta":[],"product_cat":[2040,2032,2048,1916,1922,1942],"product_tag":[],"class_list":{"0":"post-15714","1":"product","2":"type-product","3":"status-publish","4":"has-post-thumbnail","6":"product_cat-stone-veneer","7":"product_cat-natural-stone-en","8":"product_cat-marble-en","9":"product_cat-pavements","10":"product_cat-natural-stone","11":"product_cat-marble","12":"pa_baleni-1pc-025m2","13":"pa_barva-grey-en","14":"pa_delka-b-61-cm-en","15":"pa_sirka-a-406-cm-en","16":"pa_tloustka-h-1-2-cm","18":"first","19":"onbackorder","20":"purchasable","21":"product-type-simple"},"yoast_head":"<!-- This site is optimized with the Yoast SEO plugin v26.8 - https:\/\/yoast.com\/product\/yoast-seo-wordpress\/ -->\n<title>Marble Sky Grey M-02 - Stonecity.cz<\/title>\n<meta name=\"robots\" content=\"index, follow, max-snippet:-1, max-image-preview:large, max-video-preview:-1\" \/>\n<link rel=\"canonical\" href=\"https:\/\/www.stonecity.cz\/en\/produkt\/marble-sky-grey-m-02\/\" \/>\n<meta property=\"og:locale\" content=\"en_US\" \/>\n<meta property=\"og:type\" content=\"article\" \/>\n<meta property=\"og:title\" content=\"Marble Sky Grey M-02 - Stonecity.cz\" \/>\n<meta property=\"og:description\" content=\"Marble has always been a symbol of luxury, beauty and timelessness. Due to its properties and aesthetic impression, it is particularly suitable for interiors. However, it is also popularly used for exteriors in 3cm thickness. The colour range of marble is very varied &#8211; the most common marble is white, but light grey, black or [...]\" \/>\n<meta property=\"og:url\" content=\"https:\/\/www.stonecity.cz\/en\/produkt\/marble-sky-grey-m-02\/\" \/>\n<meta property=\"og:site_name\" content=\"Stonecity.cz\" \/>\n<meta property=\"og:image\" content=\"https:\/\/www.stonecity.cz\/wp-content\/uploads\/2023\/03\/STONE-CITY-M-02-Mramor-piskovany-povrch-Sky-grey-1.jpg\" \/>\n\t<meta property=\"og:image:width\" content=\"753\" \/>\n\t<meta property=\"og:image:height\" content=\"1024\" \/>\n\t<meta property=\"og:image:type\" content=\"image\/jpeg\" \/>\n<meta name=\"twitter:card\" content=\"summary_large_image\" \/>\n<script type=\"application\/ld+json\" class=\"yoast-schema-graph\">{\"@context\":\"https:\/\/schema.org\",\"@graph\":[{\"@type\":\"WebPage\",\"@id\":\"https:\/\/www.stonecity.cz\/en\/produkt\/marble-sky-grey-m-02\/\",\"url\":\"https:\/\/www.stonecity.cz\/en\/produkt\/marble-sky-grey-m-02\/\",\"name\":\"Marble Sky Grey M-02 - Stonecity.cz\",\"isPartOf\":{\"@id\":\"https:\/\/www.stonecity.cz\/en\/#website\"},\"primaryImageOfPage\":{\"@id\":\"https:\/\/www.stonecity.cz\/en\/produkt\/marble-sky-grey-m-02\/#primaryimage\"},\"image\":{\"@id\":\"https:\/\/www.stonecity.cz\/en\/produkt\/marble-sky-grey-m-02\/#primaryimage\"},\"thumbnailUrl\":\"https:\/\/www.stonecity.cz\/wp-content\/uploads\/2023\/03\/STONE-CITY-M-02-Mramor-piskovany-povrch-Sky-grey-1.jpg\",\"datePublished\":\"2023-03-08T13:41:41+00:00\",\"breadcrumb\":{\"@id\":\"https:\/\/www.stonecity.cz\/en\/produkt\/marble-sky-grey-m-02\/#breadcrumb\"},\"inLanguage\":\"en-US\",\"potentialAction\":[{\"@type\":\"ReadAction\",\"target\":[\"https:\/\/www.stonecity.cz\/en\/produkt\/marble-sky-grey-m-02\/\"]}]},{\"@type\":\"ImageObject\",\"inLanguage\":\"en-US\",\"@id\":\"https:\/\/www.stonecity.cz\/en\/produkt\/marble-sky-grey-m-02\/#primaryimage\",\"url\":\"https:\/\/www.stonecity.cz\/wp-content\/uploads\/2023\/03\/STONE-CITY-M-02-Mramor-piskovany-povrch-Sky-grey-1.jpg\",\"contentUrl\":\"https:\/\/www.stonecity.cz\/wp-content\/uploads\/2023\/03\/STONE-CITY-M-02-Mramor-piskovany-povrch-Sky-grey-1.jpg\",\"width\":753,\"height\":1024},{\"@type\":\"BreadcrumbList\",\"@id\":\"https:\/\/www.stonecity.cz\/en\/produkt\/marble-sky-grey-m-02\/#breadcrumb\",\"itemListElement\":[{\"@type\":\"ListItem\",\"position\":1,\"name\":\"Dom\u016f\",\"item\":\"https:\/\/www.stonecity.cz\/en\/\"},{\"@type\":\"ListItem\",\"position\":2,\"name\":\"Shop\",\"item\":\"https:\/\/www.stonecity.cz\/en\/shop\/\"},{\"@type\":\"ListItem\",\"position\":3,\"name\":\"Marble Sky Grey M-02\"}]},{\"@type\":\"WebSite\",\"@id\":\"https:\/\/www.stonecity.cz\/en\/#website\",\"url\":\"https:\/\/www.stonecity.cz\/en\/\",\"name\":\"Stonecity.cz\",\"description\":\"Dla\u017eba, obklady, um\u011bl\u00fd i p\u0159\u00edrodn\u00ed k\u00e1men\",\"potentialAction\":[{\"@type\":\"SearchAction\",\"target\":{\"@type\":\"EntryPoint\",\"urlTemplate\":\"https:\/\/www.stonecity.cz\/en\/?s={search_term_string}\"},\"query-input\":{\"@type\":\"PropertyValueSpecification\",\"valueRequired\":true,\"valueName\":\"search_term_string\"}}],\"inLanguage\":\"en-US\"}]}<\/script>\n<!-- \/ Yoast SEO plugin. -->","yoast_head_json":{"title":"Marble Sky Grey M-02 - Stonecity.cz","robots":{"index":"index","follow":"follow","max-snippet":"max-snippet:-1","max-image-preview":"max-image-preview:large","max-video-preview":"max-video-preview:-1"},"canonical":"https:\/\/www.stonecity.cz\/en\/produkt\/marble-sky-grey-m-02\/","og_locale":"en_US","og_type":"article","og_title":"Marble Sky Grey M-02 - Stonecity.cz","og_description":"Marble has always been a symbol of luxury, beauty and timelessness. Due to its properties and aesthetic impression, it is particularly suitable for interiors. However, it is also popularly used for exteriors in 3cm thickness. The colour range of marble is very varied &#8211; the most common marble is white, but light grey, black or [...]","og_url":"https:\/\/www.stonecity.cz\/en\/produkt\/marble-sky-grey-m-02\/","og_site_name":"Stonecity.cz","og_image":[{"width":753,"height":1024,"url":"https:\/\/www.stonecity.cz\/wp-content\/uploads\/2023\/03\/STONE-CITY-M-02-Mramor-piskovany-povrch-Sky-grey-1.jpg","type":"image\/jpeg"}],"twitter_card":"summary_large_image","schema":{"@context":"https:\/\/schema.org","@graph":[{"@type":"WebPage","@id":"https:\/\/www.stonecity.cz\/en\/produkt\/marble-sky-grey-m-02\/","url":"https:\/\/www.stonecity.cz\/en\/produkt\/marble-sky-grey-m-02\/","name":"Marble Sky Grey M-02 - Stonecity.cz","isPartOf":{"@id":"https:\/\/www.stonecity.cz\/en\/#website"},"primaryImageOfPage":{"@id":"https:\/\/www.stonecity.cz\/en\/produkt\/marble-sky-grey-m-02\/#primaryimage"},"image":{"@id":"https:\/\/www.stonecity.cz\/en\/produkt\/marble-sky-grey-m-02\/#primaryimage"},"thumbnailUrl":"https:\/\/www.stonecity.cz\/wp-content\/uploads\/2023\/03\/STONE-CITY-M-02-Mramor-piskovany-povrch-Sky-grey-1.jpg","datePublished":"2023-03-08T13:41:41+00:00","breadcrumb":{"@id":"https:\/\/www.stonecity.cz\/en\/produkt\/marble-sky-grey-m-02\/#breadcrumb"},"inLanguage":"en-US","potentialAction":[{"@type":"ReadAction","target":["https:\/\/www.stonecity.cz\/en\/produkt\/marble-sky-grey-m-02\/"]}]},{"@type":"ImageObject","inLanguage":"en-US","@id":"https:\/\/www.stonecity.cz\/en\/produkt\/marble-sky-grey-m-02\/#primaryimage","url":"https:\/\/www.stonecity.cz\/wp-content\/uploads\/2023\/03\/STONE-CITY-M-02-Mramor-piskovany-povrch-Sky-grey-1.jpg","contentUrl":"https:\/\/www.stonecity.cz\/wp-content\/uploads\/2023\/03\/STONE-CITY-M-02-Mramor-piskovany-povrch-Sky-grey-1.jpg","width":753,"height":1024},{"@type":"BreadcrumbList","@id":"https:\/\/www.stonecity.cz\/en\/produkt\/marble-sky-grey-m-02\/#breadcrumb","itemListElement":[{"@type":"ListItem","position":1,"name":"Dom\u016f","item":"https:\/\/www.stonecity.cz\/en\/"},{"@type":"ListItem","position":2,"name":"Shop","item":"https:\/\/www.stonecity.cz\/en\/shop\/"},{"@type":"ListItem","position":3,"name":"Marble Sky Grey M-02"}]},{"@type":"WebSite","@id":"https:\/\/www.stonecity.cz\/en\/#website","url":"https:\/\/www.stonecity.cz\/en\/","name":"Stonecity.cz","description":"Dla\u017eba, obklady, um\u011bl\u00fd i p\u0159\u00edrodn\u00ed k\u00e1men","potentialAction":[{"@type":"SearchAction","target":{"@type":"EntryPoint","urlTemplate":"https:\/\/www.stonecity.cz\/en\/?s={search_term_string}"},"query-input":{"@type":"PropertyValueSpecification","valueRequired":true,"valueName":"search_term_string"}}],"inLanguage":"en-US"}]}},"_links":{"self":[{"href":"https:\/\/www.stonecity.cz\/en\/wp-json\/wp\/v2\/product\/15714","targetHints":{"allow":["GET"]}}],"collection":[{"href":"https:\/\/www.stonecity.cz\/en\/wp-json\/wp\/v2\/product"}],"about":[{"href":"https:\/\/www.stonecity.cz\/en\/wp-json\/wp\/v2\/types\/product"}],"wp:featuredmedia":[{"embeddable":true,"href":"https:\/\/www.stonecity.cz\/en\/wp-json\/wp\/v2\/media\/15392"}],"wp:attachment":[{"href":"https:\/\/www.stonecity.cz\/en\/wp-json\/wp\/v2\/media?parent=15714"}],"wp:term":[{"taxonomy":"product_cat","embeddable":true,"href":"https:\/\/www.stonecity.cz\/en\/wp-json\/wp\/v2\/product_cat?post=15714"},{"taxonomy":"product_tag","embeddable":true,"href":"https:\/\/www.stonecity.cz\/en\/wp-json\/wp\/v2\/product_tag?post=15714"}],"curies":[{"name":"wp","href":"https:\/\/api.w.org\/{rel}","templated":true}]}}