{"id":15748,"date":"2023-03-01T14:22:43","date_gmt":"2023-03-01T13:22:43","guid":{"rendered":"https:\/\/www.stonecity.cz\/produkt\/stone-tiles-delfy-qua-20f-filleti\/"},"modified":"2023-03-01T14:22:43","modified_gmt":"2023-03-01T13:22:43","slug":"stone-tile-delphi-qua-20f-fillets","status":"publish","type":"product","link":"https:\/\/www.stonecity.cz\/en\/produkt\/stone-tile-delphi-qua-20f-fillets\/","title":{"rendered":"Stone tiles Delfy QUA-20F &#8211; filleti"},"content":{"rendered":"<p><span class=\"tlid-translation translation\"><br \/>\n  <span title=\"\">Stone tile Delfy filleti great <\/span><br \/>\n<\/span><span class=\"tlid-translation translation\"><br \/>\n  <span title=\"\"><br \/>\nAt a thickness of 2-7 cm, the raw natural surface of the stone is beautifully and clearly visible.<\/span><br \/>\n<\/span><\/p>\n<p>A very strong tile that can be tiled with or without a joint.<br \/>\nBy tiling without joints, you create the perfect impression of a rock wall.<br \/>\nEach stone in this range is a complete original, with a unique texture and colour shade.<\/p>\n<p>&nbsp;<\/p>\n","protected":false},"excerpt":{"rendered":"<p>Stone tile Delfy filleti great At a thickness of 2-7 cm, the raw natural surface of the stone is beautifully and clearly visible. A very strong tile that can be tiled with or without a joint. By tiling without joints, you create the perfect impression of a rock wall. Each stone in this range is [&#8230;]\n","protected":false},"featured_media":15362,"template":"","meta":[],"product_cat":[2040,2032,2038],"product_tag":[1741,1745,1744,1751,1749],"class_list":{"0":"post-15748","1":"product","2":"type-product","3":"status-publish","4":"has-post-thumbnail","6":"product_cat-stone-veneer","7":"product_cat-natural-stone-en","8":"product_cat-quarzit-en","9":"product_tag-facade-cladding","10":"product_tag-suitable-for-indoors","11":"product_tag-suitable-for-outdoors","12":"product_tag-suitable-for-the-terrace","13":"product_tag-suitable-for-wellness","14":"pa_baleni-pallet-20-m2-1450-kg","15":"pa_mj-m2-1-m2-en","17":"first","18":"instock","19":"purchasable","20":"product-type-simple"},"yoast_head":"<!-- This site is optimized with the Yoast SEO plugin v26.8 - https:\/\/yoast.com\/product\/yoast-seo-wordpress\/ -->\n<title>Stone tiles Delfy QUA-20F - filleti - Stonecity.cz<\/title>\n<meta name=\"robots\" content=\"index, follow, max-snippet:-1, max-image-preview:large, max-video-preview:-1\" \/>\n<link rel=\"canonical\" href=\"https:\/\/www.stonecity.cz\/en\/produkt\/stone-tile-delphi-qua-20f-fillets\/\" \/>\n<meta property=\"og:locale\" content=\"en_US\" \/>\n<meta property=\"og:type\" content=\"article\" \/>\n<meta property=\"og:title\" content=\"Stone tiles Delfy QUA-20F - filleti - Stonecity.cz\" \/>\n<meta property=\"og:description\" content=\"Stone tile Delfy filleti great At a thickness of 2-7 cm, the raw natural surface of the stone is beautifully and clearly visible. A very strong tile that can be tiled with or without a joint. By tiling without joints, you create the perfect impression of a rock wall. Each stone in this range is [...]\" \/>\n<meta property=\"og:url\" content=\"https:\/\/www.stonecity.cz\/en\/produkt\/stone-tile-delphi-qua-20f-fillets\/\" \/>\n<meta property=\"og:site_name\" content=\"Stonecity.cz\" \/>\n<meta property=\"og:image\" content=\"https:\/\/www.stonecity.cz\/wp-content\/uploads\/2023\/03\/QUA-20F.jpg\" \/>\n\t<meta property=\"og:image:width\" content=\"1000\" \/>\n\t<meta property=\"og:image:height\" content=\"689\" \/>\n\t<meta property=\"og:image:type\" content=\"image\/jpeg\" \/>\n<meta name=\"twitter:card\" content=\"summary_large_image\" \/>\n<script type=\"application\/ld+json\" class=\"yoast-schema-graph\">{\"@context\":\"https:\/\/schema.org\",\"@graph\":[{\"@type\":\"WebPage\",\"@id\":\"https:\/\/www.stonecity.cz\/en\/produkt\/stone-tile-delphi-qua-20f-fillets\/\",\"url\":\"https:\/\/www.stonecity.cz\/en\/produkt\/stone-tile-delphi-qua-20f-fillets\/\",\"name\":\"Stone tiles Delfy QUA-20F - filleti - Stonecity.cz\",\"isPartOf\":{\"@id\":\"https:\/\/www.stonecity.cz\/en\/#website\"},\"primaryImageOfPage\":{\"@id\":\"https:\/\/www.stonecity.cz\/en\/produkt\/stone-tile-delphi-qua-20f-fillets\/#primaryimage\"},\"image\":{\"@id\":\"https:\/\/www.stonecity.cz\/en\/produkt\/stone-tile-delphi-qua-20f-fillets\/#primaryimage\"},\"thumbnailUrl\":\"https:\/\/www.stonecity.cz\/wp-content\/uploads\/2023\/03\/QUA-20F.jpg\",\"datePublished\":\"2023-03-01T13:22:43+00:00\",\"breadcrumb\":{\"@id\":\"https:\/\/www.stonecity.cz\/en\/produkt\/stone-tile-delphi-qua-20f-fillets\/#breadcrumb\"},\"inLanguage\":\"en-US\",\"potentialAction\":[{\"@type\":\"ReadAction\",\"target\":[\"https:\/\/www.stonecity.cz\/en\/produkt\/stone-tile-delphi-qua-20f-fillets\/\"]}]},{\"@type\":\"ImageObject\",\"inLanguage\":\"en-US\",\"@id\":\"https:\/\/www.stonecity.cz\/en\/produkt\/stone-tile-delphi-qua-20f-fillets\/#primaryimage\",\"url\":\"https:\/\/www.stonecity.cz\/wp-content\/uploads\/2023\/03\/QUA-20F.jpg\",\"contentUrl\":\"https:\/\/www.stonecity.cz\/wp-content\/uploads\/2023\/03\/QUA-20F.jpg\",\"width\":1000,\"height\":689},{\"@type\":\"BreadcrumbList\",\"@id\":\"https:\/\/www.stonecity.cz\/en\/produkt\/stone-tile-delphi-qua-20f-fillets\/#breadcrumb\",\"itemListElement\":[{\"@type\":\"ListItem\",\"position\":1,\"name\":\"Dom\u016f\",\"item\":\"https:\/\/www.stonecity.cz\/en\/\"},{\"@type\":\"ListItem\",\"position\":2,\"name\":\"Shop\",\"item\":\"https:\/\/www.stonecity.cz\/en\/shop\/\"},{\"@type\":\"ListItem\",\"position\":3,\"name\":\"Stone tiles Delfy QUA-20F &#8211; filleti\"}]},{\"@type\":\"WebSite\",\"@id\":\"https:\/\/www.stonecity.cz\/en\/#website\",\"url\":\"https:\/\/www.stonecity.cz\/en\/\",\"name\":\"Stonecity.cz\",\"description\":\"Dla\u017eba, obklady, um\u011bl\u00fd i p\u0159\u00edrodn\u00ed k\u00e1men\",\"potentialAction\":[{\"@type\":\"SearchAction\",\"target\":{\"@type\":\"EntryPoint\",\"urlTemplate\":\"https:\/\/www.stonecity.cz\/en\/?s={search_term_string}\"},\"query-input\":{\"@type\":\"PropertyValueSpecification\",\"valueRequired\":true,\"valueName\":\"search_term_string\"}}],\"inLanguage\":\"en-US\"}]}<\/script>\n<!-- \/ Yoast SEO plugin. -->","yoast_head_json":{"title":"Stone tiles Delfy QUA-20F - filleti - Stonecity.cz","robots":{"index":"index","follow":"follow","max-snippet":"max-snippet:-1","max-image-preview":"max-image-preview:large","max-video-preview":"max-video-preview:-1"},"canonical":"https:\/\/www.stonecity.cz\/en\/produkt\/stone-tile-delphi-qua-20f-fillets\/","og_locale":"en_US","og_type":"article","og_title":"Stone tiles Delfy QUA-20F - filleti - Stonecity.cz","og_description":"Stone tile Delfy filleti great At a thickness of 2-7 cm, the raw natural surface of the stone is beautifully and clearly visible. A very strong tile that can be tiled with or without a joint. By tiling without joints, you create the perfect impression of a rock wall. Each stone in this range is [...]","og_url":"https:\/\/www.stonecity.cz\/en\/produkt\/stone-tile-delphi-qua-20f-fillets\/","og_site_name":"Stonecity.cz","og_image":[{"width":1000,"height":689,"url":"https:\/\/www.stonecity.cz\/wp-content\/uploads\/2023\/03\/QUA-20F.jpg","type":"image\/jpeg"}],"twitter_card":"summary_large_image","schema":{"@context":"https:\/\/schema.org","@graph":[{"@type":"WebPage","@id":"https:\/\/www.stonecity.cz\/en\/produkt\/stone-tile-delphi-qua-20f-fillets\/","url":"https:\/\/www.stonecity.cz\/en\/produkt\/stone-tile-delphi-qua-20f-fillets\/","name":"Stone tiles Delfy QUA-20F - filleti - Stonecity.cz","isPartOf":{"@id":"https:\/\/www.stonecity.cz\/en\/#website"},"primaryImageOfPage":{"@id":"https:\/\/www.stonecity.cz\/en\/produkt\/stone-tile-delphi-qua-20f-fillets\/#primaryimage"},"image":{"@id":"https:\/\/www.stonecity.cz\/en\/produkt\/stone-tile-delphi-qua-20f-fillets\/#primaryimage"},"thumbnailUrl":"https:\/\/www.stonecity.cz\/wp-content\/uploads\/2023\/03\/QUA-20F.jpg","datePublished":"2023-03-01T13:22:43+00:00","breadcrumb":{"@id":"https:\/\/www.stonecity.cz\/en\/produkt\/stone-tile-delphi-qua-20f-fillets\/#breadcrumb"},"inLanguage":"en-US","potentialAction":[{"@type":"ReadAction","target":["https:\/\/www.stonecity.cz\/en\/produkt\/stone-tile-delphi-qua-20f-fillets\/"]}]},{"@type":"ImageObject","inLanguage":"en-US","@id":"https:\/\/www.stonecity.cz\/en\/produkt\/stone-tile-delphi-qua-20f-fillets\/#primaryimage","url":"https:\/\/www.stonecity.cz\/wp-content\/uploads\/2023\/03\/QUA-20F.jpg","contentUrl":"https:\/\/www.stonecity.cz\/wp-content\/uploads\/2023\/03\/QUA-20F.jpg","width":1000,"height":689},{"@type":"BreadcrumbList","@id":"https:\/\/www.stonecity.cz\/en\/produkt\/stone-tile-delphi-qua-20f-fillets\/#breadcrumb","itemListElement":[{"@type":"ListItem","position":1,"name":"Dom\u016f","item":"https:\/\/www.stonecity.cz\/en\/"},{"@type":"ListItem","position":2,"name":"Shop","item":"https:\/\/www.stonecity.cz\/en\/shop\/"},{"@type":"ListItem","position":3,"name":"Stone tiles Delfy QUA-20F &#8211; filleti"}]},{"@type":"WebSite","@id":"https:\/\/www.stonecity.cz\/en\/#website","url":"https:\/\/www.stonecity.cz\/en\/","name":"Stonecity.cz","description":"Dla\u017eba, obklady, um\u011bl\u00fd i p\u0159\u00edrodn\u00ed k\u00e1men","potentialAction":[{"@type":"SearchAction","target":{"@type":"EntryPoint","urlTemplate":"https:\/\/www.stonecity.cz\/en\/?s={search_term_string}"},"query-input":{"@type":"PropertyValueSpecification","valueRequired":true,"valueName":"search_term_string"}}],"inLanguage":"en-US"}]}},"_links":{"self":[{"href":"https:\/\/www.stonecity.cz\/en\/wp-json\/wp\/v2\/product\/15748","targetHints":{"allow":["GET"]}}],"collection":[{"href":"https:\/\/www.stonecity.cz\/en\/wp-json\/wp\/v2\/product"}],"about":[{"href":"https:\/\/www.stonecity.cz\/en\/wp-json\/wp\/v2\/types\/product"}],"wp:featuredmedia":[{"embeddable":true,"href":"https:\/\/www.stonecity.cz\/en\/wp-json\/wp\/v2\/media\/15362"}],"wp:attachment":[{"href":"https:\/\/www.stonecity.cz\/en\/wp-json\/wp\/v2\/media?parent=15748"}],"wp:term":[{"taxonomy":"product_cat","embeddable":true,"href":"https:\/\/www.stonecity.cz\/en\/wp-json\/wp\/v2\/product_cat?post=15748"},{"taxonomy":"product_tag","embeddable":true,"href":"https:\/\/www.stonecity.cz\/en\/wp-json\/wp\/v2\/product_tag?post=15748"}],"curies":[{"name":"wp","href":"https:\/\/api.w.org\/{rel}","templated":true}]}}