{"id":15790,"date":"2023-01-12T16:26:47","date_gmt":"2023-01-12T15:26:47","guid":{"rendered":"https:\/\/www.stonecity.cz\/produkt\/stone-sink-wooden-sink-u-16\/"},"modified":"2023-08-08T15:23:48","modified_gmt":"2023-08-08T13:23:48","slug":"stone-sink-wooden-sink-u-16","status":"publish","type":"product","link":"https:\/\/www.stonecity.cz\/en\/produkt\/stone-sink-wooden-sink-u-16\/","title":{"rendered":"Stone sink petrified wood U-16"},"content":{"rendered":"<p>Petrified wood, also known as petrified tree (from Ancient Greek \u03c0\u03ad\u03c4\u03c1\u03b1 meaning &#8216;rock&#8217; or &#8216;stone&#8217;; literally &#8216;wood turned into stone&#8217;), is the name given to a special type of fossilized wood, the fossilized remains of terrestrial vegetation. Petrifaction is the result of a tree or tree-like plants having been replaced by stone via a mineralization process that often includes permineralization and replacement.[1] The organic materials making up cell walls have been replicated with minerals (mostly silica in the form of opal, chalcedony, or quartz). In some instances, the original structure of the stem tissue may be partially retained. Unlike other plant fossils, which are typically impressions or compressions, petrified wood is a three-dimensional representation of the original organic material.<\/p>\n<p>&nbsp;<\/p>\n<p>It generally takes a hundred years for wood to petrify, which must happen before it can decompose.<\/p>\n","protected":false},"excerpt":{"rendered":"<p>Petrified wood, also known as petrified tree (from Ancient Greek \u03c0\u03ad\u03c4\u03c1\u03b1 meaning &#8216;rock&#8217; or &#8216;stone&#8217;; literally &#8216;wood turned into stone&#8217;), is the name given to a special type of fossilized wood, the fossilized remains of terrestrial vegetation. Petrifaction is the result of a tree or tree-like plants having been replaced by stone via a mineralization [&#8230;]\n","protected":false},"featured_media":15172,"template":"","meta":[],"product_cat":[1986,1990],"product_tag":[1745,1744,1746,1752,1751,1749],"class_list":{"0":"post-15790","1":"product","2":"type-product","3":"status-publish","4":"has-post-thumbnail","6":"product_cat-stone-washbasins-troughs","7":"product_cat-stone-washbasins-en-2","8":"product_tag-suitable-for-indoors","9":"product_tag-suitable-for-outdoors","10":"product_tag-suitable-for-the-bathroom","11":"product_tag-suitable-for-the-garden-en","12":"product_tag-suitable-for-the-terrace","13":"product_tag-suitable-for-wellness","14":"pa_prumer-40-45-cm-en","16":"first","17":"instock","18":"purchasable","19":"product-type-variable"},"yoast_head":"<!-- This site is optimized with the Yoast SEO plugin v26.8 - https:\/\/yoast.com\/product\/yoast-seo-wordpress\/ -->\n<title>Stone sink petrified wood U-16 - Stonecity.cz<\/title>\n<meta name=\"robots\" content=\"index, follow, max-snippet:-1, max-image-preview:large, max-video-preview:-1\" \/>\n<link rel=\"canonical\" href=\"https:\/\/www.stonecity.cz\/en\/produkt\/stone-sink-wooden-sink-u-16\/\" \/>\n<meta property=\"og:locale\" content=\"en_US\" \/>\n<meta property=\"og:type\" content=\"article\" \/>\n<meta property=\"og:title\" content=\"Stone sink petrified wood U-16 - Stonecity.cz\" \/>\n<meta property=\"og:description\" content=\"Petrified wood, also known as petrified tree (from Ancient Greek \u03c0\u03ad\u03c4\u03c1\u03b1 meaning &#8216;rock&#8217; or &#8216;stone&#8217;; literally &#8216;wood turned into stone&#8217;), is the name given to a special type of fossilized wood, the fossilized remains of terrestrial vegetation. Petrifaction is the result of a tree or tree-like plants having been replaced by stone via a mineralization [...]\" \/>\n<meta property=\"og:url\" content=\"https:\/\/www.stonecity.cz\/en\/produkt\/stone-sink-wooden-sink-u-16\/\" \/>\n<meta property=\"og:site_name\" content=\"Stonecity.cz\" \/>\n<meta property=\"article:modified_time\" content=\"2023-08-08T13:23:48+00:00\" \/>\n<meta property=\"og:image\" content=\"https:\/\/www.stonecity.cz\/wp-content\/uploads\/2023\/01\/JCH13553.jpg\" \/>\n\t<meta property=\"og:image:width\" content=\"2048\" \/>\n\t<meta property=\"og:image:height\" content=\"1363\" \/>\n\t<meta property=\"og:image:type\" content=\"image\/jpeg\" \/>\n<meta name=\"twitter:card\" content=\"summary_large_image\" \/>\n<meta name=\"twitter:label1\" content=\"Est. reading time\" \/>\n\t<meta name=\"twitter:data1\" content=\"1 minute\" \/>\n<script type=\"application\/ld+json\" class=\"yoast-schema-graph\">{\"@context\":\"https:\/\/schema.org\",\"@graph\":[{\"@type\":\"WebPage\",\"@id\":\"https:\/\/www.stonecity.cz\/en\/produkt\/stone-sink-wooden-sink-u-16\/\",\"url\":\"https:\/\/www.stonecity.cz\/en\/produkt\/stone-sink-wooden-sink-u-16\/\",\"name\":\"Stone sink petrified wood U-16 - Stonecity.cz\",\"isPartOf\":{\"@id\":\"https:\/\/www.stonecity.cz\/en\/#website\"},\"primaryImageOfPage\":{\"@id\":\"https:\/\/www.stonecity.cz\/en\/produkt\/stone-sink-wooden-sink-u-16\/#primaryimage\"},\"image\":{\"@id\":\"https:\/\/www.stonecity.cz\/en\/produkt\/stone-sink-wooden-sink-u-16\/#primaryimage\"},\"thumbnailUrl\":\"https:\/\/www.stonecity.cz\/wp-content\/uploads\/2023\/01\/JCH13553.jpg\",\"datePublished\":\"2023-01-12T15:26:47+00:00\",\"dateModified\":\"2023-08-08T13:23:48+00:00\",\"breadcrumb\":{\"@id\":\"https:\/\/www.stonecity.cz\/en\/produkt\/stone-sink-wooden-sink-u-16\/#breadcrumb\"},\"inLanguage\":\"en-US\",\"potentialAction\":[{\"@type\":\"ReadAction\",\"target\":[\"https:\/\/www.stonecity.cz\/en\/produkt\/stone-sink-wooden-sink-u-16\/\"]}]},{\"@type\":\"ImageObject\",\"inLanguage\":\"en-US\",\"@id\":\"https:\/\/www.stonecity.cz\/en\/produkt\/stone-sink-wooden-sink-u-16\/#primaryimage\",\"url\":\"https:\/\/www.stonecity.cz\/wp-content\/uploads\/2023\/01\/JCH13553.jpg\",\"contentUrl\":\"https:\/\/www.stonecity.cz\/wp-content\/uploads\/2023\/01\/JCH13553.jpg\",\"width\":2048,\"height\":1363},{\"@type\":\"BreadcrumbList\",\"@id\":\"https:\/\/www.stonecity.cz\/en\/produkt\/stone-sink-wooden-sink-u-16\/#breadcrumb\",\"itemListElement\":[{\"@type\":\"ListItem\",\"position\":1,\"name\":\"Dom\u016f\",\"item\":\"https:\/\/www.stonecity.cz\/en\/\"},{\"@type\":\"ListItem\",\"position\":2,\"name\":\"Shop\",\"item\":\"https:\/\/www.stonecity.cz\/en\/shop\/\"},{\"@type\":\"ListItem\",\"position\":3,\"name\":\"Stone sink petrified wood U-16\"}]},{\"@type\":\"WebSite\",\"@id\":\"https:\/\/www.stonecity.cz\/en\/#website\",\"url\":\"https:\/\/www.stonecity.cz\/en\/\",\"name\":\"Stonecity.cz\",\"description\":\"Dla\u017eba, obklady, um\u011bl\u00fd i p\u0159\u00edrodn\u00ed k\u00e1men\",\"potentialAction\":[{\"@type\":\"SearchAction\",\"target\":{\"@type\":\"EntryPoint\",\"urlTemplate\":\"https:\/\/www.stonecity.cz\/en\/?s={search_term_string}\"},\"query-input\":{\"@type\":\"PropertyValueSpecification\",\"valueRequired\":true,\"valueName\":\"search_term_string\"}}],\"inLanguage\":\"en-US\"}]}<\/script>\n<!-- \/ Yoast SEO plugin. -->","yoast_head_json":{"title":"Stone sink petrified wood U-16 - Stonecity.cz","robots":{"index":"index","follow":"follow","max-snippet":"max-snippet:-1","max-image-preview":"max-image-preview:large","max-video-preview":"max-video-preview:-1"},"canonical":"https:\/\/www.stonecity.cz\/en\/produkt\/stone-sink-wooden-sink-u-16\/","og_locale":"en_US","og_type":"article","og_title":"Stone sink petrified wood U-16 - Stonecity.cz","og_description":"Petrified wood, also known as petrified tree (from Ancient Greek \u03c0\u03ad\u03c4\u03c1\u03b1 meaning &#8216;rock&#8217; or &#8216;stone&#8217;; literally &#8216;wood turned into stone&#8217;), is the name given to a special type of fossilized wood, the fossilized remains of terrestrial vegetation. Petrifaction is the result of a tree or tree-like plants having been replaced by stone via a mineralization [...]","og_url":"https:\/\/www.stonecity.cz\/en\/produkt\/stone-sink-wooden-sink-u-16\/","og_site_name":"Stonecity.cz","article_modified_time":"2023-08-08T13:23:48+00:00","og_image":[{"width":2048,"height":1363,"url":"https:\/\/www.stonecity.cz\/wp-content\/uploads\/2023\/01\/JCH13553.jpg","type":"image\/jpeg"}],"twitter_card":"summary_large_image","twitter_misc":{"Est. reading time":"1 minute"},"schema":{"@context":"https:\/\/schema.org","@graph":[{"@type":"WebPage","@id":"https:\/\/www.stonecity.cz\/en\/produkt\/stone-sink-wooden-sink-u-16\/","url":"https:\/\/www.stonecity.cz\/en\/produkt\/stone-sink-wooden-sink-u-16\/","name":"Stone sink petrified wood U-16 - Stonecity.cz","isPartOf":{"@id":"https:\/\/www.stonecity.cz\/en\/#website"},"primaryImageOfPage":{"@id":"https:\/\/www.stonecity.cz\/en\/produkt\/stone-sink-wooden-sink-u-16\/#primaryimage"},"image":{"@id":"https:\/\/www.stonecity.cz\/en\/produkt\/stone-sink-wooden-sink-u-16\/#primaryimage"},"thumbnailUrl":"https:\/\/www.stonecity.cz\/wp-content\/uploads\/2023\/01\/JCH13553.jpg","datePublished":"2023-01-12T15:26:47+00:00","dateModified":"2023-08-08T13:23:48+00:00","breadcrumb":{"@id":"https:\/\/www.stonecity.cz\/en\/produkt\/stone-sink-wooden-sink-u-16\/#breadcrumb"},"inLanguage":"en-US","potentialAction":[{"@type":"ReadAction","target":["https:\/\/www.stonecity.cz\/en\/produkt\/stone-sink-wooden-sink-u-16\/"]}]},{"@type":"ImageObject","inLanguage":"en-US","@id":"https:\/\/www.stonecity.cz\/en\/produkt\/stone-sink-wooden-sink-u-16\/#primaryimage","url":"https:\/\/www.stonecity.cz\/wp-content\/uploads\/2023\/01\/JCH13553.jpg","contentUrl":"https:\/\/www.stonecity.cz\/wp-content\/uploads\/2023\/01\/JCH13553.jpg","width":2048,"height":1363},{"@type":"BreadcrumbList","@id":"https:\/\/www.stonecity.cz\/en\/produkt\/stone-sink-wooden-sink-u-16\/#breadcrumb","itemListElement":[{"@type":"ListItem","position":1,"name":"Dom\u016f","item":"https:\/\/www.stonecity.cz\/en\/"},{"@type":"ListItem","position":2,"name":"Shop","item":"https:\/\/www.stonecity.cz\/en\/shop\/"},{"@type":"ListItem","position":3,"name":"Stone sink petrified wood U-16"}]},{"@type":"WebSite","@id":"https:\/\/www.stonecity.cz\/en\/#website","url":"https:\/\/www.stonecity.cz\/en\/","name":"Stonecity.cz","description":"Dla\u017eba, obklady, um\u011bl\u00fd i p\u0159\u00edrodn\u00ed k\u00e1men","potentialAction":[{"@type":"SearchAction","target":{"@type":"EntryPoint","urlTemplate":"https:\/\/www.stonecity.cz\/en\/?s={search_term_string}"},"query-input":{"@type":"PropertyValueSpecification","valueRequired":true,"valueName":"search_term_string"}}],"inLanguage":"en-US"}]}},"_links":{"self":[{"href":"https:\/\/www.stonecity.cz\/en\/wp-json\/wp\/v2\/product\/15790","targetHints":{"allow":["GET"]}}],"collection":[{"href":"https:\/\/www.stonecity.cz\/en\/wp-json\/wp\/v2\/product"}],"about":[{"href":"https:\/\/www.stonecity.cz\/en\/wp-json\/wp\/v2\/types\/product"}],"wp:featuredmedia":[{"embeddable":true,"href":"https:\/\/www.stonecity.cz\/en\/wp-json\/wp\/v2\/media\/15172"}],"wp:attachment":[{"href":"https:\/\/www.stonecity.cz\/en\/wp-json\/wp\/v2\/media?parent=15790"}],"wp:term":[{"taxonomy":"product_cat","embeddable":true,"href":"https:\/\/www.stonecity.cz\/en\/wp-json\/wp\/v2\/product_cat?post=15790"},{"taxonomy":"product_tag","embeddable":true,"href":"https:\/\/www.stonecity.cz\/en\/wp-json\/wp\/v2\/product_tag?post=15790"}],"curies":[{"name":"wp","href":"https:\/\/api.w.org\/{rel}","templated":true}]}}