{"id":15875,"date":"2022-10-19T15:27:46","date_gmt":"2022-10-19T13:27:46","guid":{"rendered":"https:\/\/www.stonecity.cz\/produkt\/stone-facing-gomma-cleft-bc-42\/"},"modified":"2022-10-19T15:27:46","modified_gmt":"2022-10-19T13:27:46","slug":"stone-cladding-from-qua-42","status":"publish","type":"product","link":"https:\/\/www.stonecity.cz\/en\/produkt\/stone-cladding-from-qua-42\/","title":{"rendered":"Stone facing Gomma cleft BC-42"},"content":{"rendered":"<p>The Gomma cleft slate facing stone is a beautiful stone facing that is suitable as a facade stone and as an interior wall cladding.<br \/>\nPerfect workmanship and great quality will please every demanding customer. Natural surface, cut edges.<\/p>\n<p>Country of origin Brazil.<\/p>\n","protected":false},"excerpt":{"rendered":"<p>The Gomma cleft slate facing stone is a beautiful stone facing that is suitable as a facade stone and as an interior wall cladding. Perfect workmanship and great quality will please every demanding customer. Natural surface, cut edges. Country of origin Brazil.<\/p>\n","protected":false},"featured_media":19411,"template":"","meta":[],"product_cat":[2040,2032,2034],"product_tag":[1741,1745,1744,1752,1751],"class_list":{"0":"post-15875","1":"product","2":"type-product","3":"status-publish","4":"has-post-thumbnail","6":"product_cat-stone-veneer","7":"product_cat-natural-stone-en","8":"product_cat-slate-en","9":"product_tag-facade-cladding","10":"product_tag-suitable-for-indoors","11":"product_tag-suitable-for-outdoors","12":"product_tag-suitable-for-the-garden-en","13":"product_tag-suitable-for-the-terrace","14":"pa_baleni-box-35-42m2","16":"first","17":"instock","18":"taxable","19":"shipping-taxable","20":"purchasable","21":"product-type-simple"},"yoast_head":"<!-- This site is optimized with the Yoast SEO plugin v26.8 - https:\/\/yoast.com\/product\/yoast-seo-wordpress\/ -->\n<title>Stone facing Gomma cleft BC-42 - Stonecity.cz<\/title>\n<meta name=\"robots\" content=\"index, follow, max-snippet:-1, max-image-preview:large, max-video-preview:-1\" \/>\n<link rel=\"canonical\" href=\"https:\/\/www.stonecity.cz\/en\/produkt\/stone-cladding-from-qua-42\/\" \/>\n<meta property=\"og:locale\" content=\"en_US\" \/>\n<meta property=\"og:type\" content=\"article\" \/>\n<meta property=\"og:title\" content=\"Stone facing Gomma cleft BC-42 - Stonecity.cz\" \/>\n<meta property=\"og:description\" content=\"The Gomma cleft slate facing stone is a beautiful stone facing that is suitable as a facade stone and as an interior wall cladding. Perfect workmanship and great quality will please every demanding customer. Natural surface, cut edges. Country of origin Brazil.\" \/>\n<meta property=\"og:url\" content=\"https:\/\/www.stonecity.cz\/en\/produkt\/stone-cladding-from-qua-42\/\" \/>\n<meta property=\"og:site_name\" content=\"Stonecity.cz\" \/>\n<meta property=\"og:image\" content=\"https:\/\/www.stonecity.cz\/wp-content\/uploads\/2022\/10\/BC-42.jpg\" \/>\n\t<meta property=\"og:image:width\" content=\"1638\" \/>\n\t<meta property=\"og:image:height\" content=\"989\" \/>\n\t<meta property=\"og:image:type\" content=\"image\/jpeg\" \/>\n<meta name=\"twitter:card\" content=\"summary_large_image\" \/>\n<script type=\"application\/ld+json\" class=\"yoast-schema-graph\">{\"@context\":\"https:\/\/schema.org\",\"@graph\":[{\"@type\":\"WebPage\",\"@id\":\"https:\/\/www.stonecity.cz\/en\/produkt\/stone-cladding-from-qua-42\/\",\"url\":\"https:\/\/www.stonecity.cz\/en\/produkt\/stone-cladding-from-qua-42\/\",\"name\":\"Stone facing Gomma cleft BC-42 - Stonecity.cz\",\"isPartOf\":{\"@id\":\"https:\/\/www.stonecity.cz\/en\/#website\"},\"primaryImageOfPage\":{\"@id\":\"https:\/\/www.stonecity.cz\/en\/produkt\/stone-cladding-from-qua-42\/#primaryimage\"},\"image\":{\"@id\":\"https:\/\/www.stonecity.cz\/en\/produkt\/stone-cladding-from-qua-42\/#primaryimage\"},\"thumbnailUrl\":\"https:\/\/www.stonecity.cz\/wp-content\/uploads\/2022\/10\/BC-42-II.jpg\",\"datePublished\":\"2022-10-19T13:27:46+00:00\",\"breadcrumb\":{\"@id\":\"https:\/\/www.stonecity.cz\/en\/produkt\/stone-cladding-from-qua-42\/#breadcrumb\"},\"inLanguage\":\"en-US\",\"potentialAction\":[{\"@type\":\"ReadAction\",\"target\":[\"https:\/\/www.stonecity.cz\/en\/produkt\/stone-cladding-from-qua-42\/\"]}]},{\"@type\":\"ImageObject\",\"inLanguage\":\"en-US\",\"@id\":\"https:\/\/www.stonecity.cz\/en\/produkt\/stone-cladding-from-qua-42\/#primaryimage\",\"url\":\"https:\/\/www.stonecity.cz\/wp-content\/uploads\/2022\/10\/BC-42-II.jpg\",\"contentUrl\":\"https:\/\/www.stonecity.cz\/wp-content\/uploads\/2022\/10\/BC-42-II.jpg\",\"width\":2016,\"height\":1512},{\"@type\":\"BreadcrumbList\",\"@id\":\"https:\/\/www.stonecity.cz\/en\/produkt\/stone-cladding-from-qua-42\/#breadcrumb\",\"itemListElement\":[{\"@type\":\"ListItem\",\"position\":1,\"name\":\"Dom\u016f\",\"item\":\"https:\/\/www.stonecity.cz\/en\/\"},{\"@type\":\"ListItem\",\"position\":2,\"name\":\"Shop\",\"item\":\"https:\/\/www.stonecity.cz\/en\/shop\/\"},{\"@type\":\"ListItem\",\"position\":3,\"name\":\"Stone facing Gomma cleft BC-42\"}]},{\"@type\":\"WebSite\",\"@id\":\"https:\/\/www.stonecity.cz\/en\/#website\",\"url\":\"https:\/\/www.stonecity.cz\/en\/\",\"name\":\"Stonecity.cz\",\"description\":\"Dla\u017eba, obklady, um\u011bl\u00fd i p\u0159\u00edrodn\u00ed k\u00e1men\",\"potentialAction\":[{\"@type\":\"SearchAction\",\"target\":{\"@type\":\"EntryPoint\",\"urlTemplate\":\"https:\/\/www.stonecity.cz\/en\/?s={search_term_string}\"},\"query-input\":{\"@type\":\"PropertyValueSpecification\",\"valueRequired\":true,\"valueName\":\"search_term_string\"}}],\"inLanguage\":\"en-US\"}]}<\/script>\n<!-- \/ Yoast SEO plugin. -->","yoast_head_json":{"title":"Stone facing Gomma cleft BC-42 - Stonecity.cz","robots":{"index":"index","follow":"follow","max-snippet":"max-snippet:-1","max-image-preview":"max-image-preview:large","max-video-preview":"max-video-preview:-1"},"canonical":"https:\/\/www.stonecity.cz\/en\/produkt\/stone-cladding-from-qua-42\/","og_locale":"en_US","og_type":"article","og_title":"Stone facing Gomma cleft BC-42 - Stonecity.cz","og_description":"The Gomma cleft slate facing stone is a beautiful stone facing that is suitable as a facade stone and as an interior wall cladding. Perfect workmanship and great quality will please every demanding customer. Natural surface, cut edges. Country of origin Brazil.","og_url":"https:\/\/www.stonecity.cz\/en\/produkt\/stone-cladding-from-qua-42\/","og_site_name":"Stonecity.cz","og_image":[{"width":1638,"height":989,"url":"https:\/\/www.stonecity.cz\/wp-content\/uploads\/2022\/10\/BC-42.jpg","type":"image\/jpeg"}],"twitter_card":"summary_large_image","schema":{"@context":"https:\/\/schema.org","@graph":[{"@type":"WebPage","@id":"https:\/\/www.stonecity.cz\/en\/produkt\/stone-cladding-from-qua-42\/","url":"https:\/\/www.stonecity.cz\/en\/produkt\/stone-cladding-from-qua-42\/","name":"Stone facing Gomma cleft BC-42 - Stonecity.cz","isPartOf":{"@id":"https:\/\/www.stonecity.cz\/en\/#website"},"primaryImageOfPage":{"@id":"https:\/\/www.stonecity.cz\/en\/produkt\/stone-cladding-from-qua-42\/#primaryimage"},"image":{"@id":"https:\/\/www.stonecity.cz\/en\/produkt\/stone-cladding-from-qua-42\/#primaryimage"},"thumbnailUrl":"https:\/\/www.stonecity.cz\/wp-content\/uploads\/2022\/10\/BC-42-II.jpg","datePublished":"2022-10-19T13:27:46+00:00","breadcrumb":{"@id":"https:\/\/www.stonecity.cz\/en\/produkt\/stone-cladding-from-qua-42\/#breadcrumb"},"inLanguage":"en-US","potentialAction":[{"@type":"ReadAction","target":["https:\/\/www.stonecity.cz\/en\/produkt\/stone-cladding-from-qua-42\/"]}]},{"@type":"ImageObject","inLanguage":"en-US","@id":"https:\/\/www.stonecity.cz\/en\/produkt\/stone-cladding-from-qua-42\/#primaryimage","url":"https:\/\/www.stonecity.cz\/wp-content\/uploads\/2022\/10\/BC-42-II.jpg","contentUrl":"https:\/\/www.stonecity.cz\/wp-content\/uploads\/2022\/10\/BC-42-II.jpg","width":2016,"height":1512},{"@type":"BreadcrumbList","@id":"https:\/\/www.stonecity.cz\/en\/produkt\/stone-cladding-from-qua-42\/#breadcrumb","itemListElement":[{"@type":"ListItem","position":1,"name":"Dom\u016f","item":"https:\/\/www.stonecity.cz\/en\/"},{"@type":"ListItem","position":2,"name":"Shop","item":"https:\/\/www.stonecity.cz\/en\/shop\/"},{"@type":"ListItem","position":3,"name":"Stone facing Gomma cleft BC-42"}]},{"@type":"WebSite","@id":"https:\/\/www.stonecity.cz\/en\/#website","url":"https:\/\/www.stonecity.cz\/en\/","name":"Stonecity.cz","description":"Dla\u017eba, obklady, um\u011bl\u00fd i p\u0159\u00edrodn\u00ed k\u00e1men","potentialAction":[{"@type":"SearchAction","target":{"@type":"EntryPoint","urlTemplate":"https:\/\/www.stonecity.cz\/en\/?s={search_term_string}"},"query-input":{"@type":"PropertyValueSpecification","valueRequired":true,"valueName":"search_term_string"}}],"inLanguage":"en-US"}]}},"_links":{"self":[{"href":"https:\/\/www.stonecity.cz\/en\/wp-json\/wp\/v2\/product\/15875","targetHints":{"allow":["GET"]}}],"collection":[{"href":"https:\/\/www.stonecity.cz\/en\/wp-json\/wp\/v2\/product"}],"about":[{"href":"https:\/\/www.stonecity.cz\/en\/wp-json\/wp\/v2\/types\/product"}],"wp:featuredmedia":[{"embeddable":true,"href":"https:\/\/www.stonecity.cz\/en\/wp-json\/wp\/v2\/media\/19411"}],"wp:attachment":[{"href":"https:\/\/www.stonecity.cz\/en\/wp-json\/wp\/v2\/media?parent=15875"}],"wp:term":[{"taxonomy":"product_cat","embeddable":true,"href":"https:\/\/www.stonecity.cz\/en\/wp-json\/wp\/v2\/product_cat?post=15875"},{"taxonomy":"product_tag","embeddable":true,"href":"https:\/\/www.stonecity.cz\/en\/wp-json\/wp\/v2\/product_tag?post=15875"}],"curies":[{"name":"wp","href":"https:\/\/api.w.org\/{rel}","templated":true}]}}