{"id":15881,"date":"2022-12-05T10:58:58","date_gmt":"2022-12-05T09:58:58","guid":{"rendered":"https:\/\/www.stonecity.cz\/produkt\/torricelli-corner-qua-32r-stone-tile\/"},"modified":"2022-12-05T10:58:58","modified_gmt":"2022-12-05T09:58:58","slug":"stone-cladding-torricelli-horn-qua-32r","status":"publish","type":"product","link":"https:\/\/www.stonecity.cz\/en\/produkt\/stone-cladding-torricelli-horn-qua-32r\/","title":{"rendered":"Torricelli Corner QUA-32R stone tile"},"content":{"rendered":"<p><span class=\"tlid-translation translation\"><br \/>\n  <span title=\"\">Stone cladding Torricelli great <\/span><br \/>\n<\/span><span class=\"tlid-translation translation\"><br \/>\n  <span title=\"\"><br \/>\nAt a thickness of 3-5 cm, the raw natural surface of the stone is beautifully and clearly visible.<\/span><br \/>\n<\/span><\/p>\n<p>A very strong tile that can be tiled with or without a joint.<br \/>\nBy tiling without joints, you create the perfect impression of a rock wall.<br \/>\nEach stone in this range is a complete original, with a unique texture and colour shade.<\/p>\n","protected":false},"excerpt":{"rendered":"<p>Stone cladding Torricelli great At a thickness of 3-5 cm, the raw natural surface of the stone is beautifully and clearly visible. A very strong tile that can be tiled with or without a joint. By tiling without joints, you create the perfect impression of a rock wall. Each stone in this range is a [&#8230;]\n","protected":false},"featured_media":14790,"template":"","meta":[],"product_cat":[2040,2032,2048],"product_tag":[1745,1744],"class_list":{"0":"post-15881","1":"product","2":"type-product","3":"status-publish","4":"has-post-thumbnail","6":"product_cat-stone-veneer","7":"product_cat-natural-stone-en","8":"product_cat-marble-en","9":"product_tag-suitable-for-indoors","10":"product_tag-suitable-for-outdoors","12":"first","13":"onbackorder","14":"purchasable","15":"product-type-simple"},"yoast_head":"<!-- This site is optimized with the Yoast SEO plugin v26.8 - https:\/\/yoast.com\/product\/yoast-seo-wordpress\/ -->\n<title>Torricelli Corner QUA-32R stone tile - Stonecity.cz<\/title>\n<meta name=\"robots\" content=\"index, follow, max-snippet:-1, max-image-preview:large, max-video-preview:-1\" \/>\n<link rel=\"canonical\" href=\"https:\/\/www.stonecity.cz\/en\/produkt\/stone-cladding-torricelli-horn-qua-32r\/\" \/>\n<meta property=\"og:locale\" content=\"en_US\" \/>\n<meta property=\"og:type\" content=\"article\" \/>\n<meta property=\"og:title\" content=\"Torricelli Corner QUA-32R stone tile - Stonecity.cz\" \/>\n<meta property=\"og:description\" content=\"Stone cladding Torricelli great At a thickness of 3-5 cm, the raw natural surface of the stone is beautifully and clearly visible. A very strong tile that can be tiled with or without a joint. By tiling without joints, you create the perfect impression of a rock wall. Each stone in this range is a [...]\" \/>\n<meta property=\"og:url\" content=\"https:\/\/www.stonecity.cz\/en\/produkt\/stone-cladding-torricelli-horn-qua-32r\/\" \/>\n<meta property=\"og:site_name\" content=\"Stonecity.cz\" \/>\n<meta property=\"og:image\" content=\"https:\/\/www.stonecity.cz\/wp-content\/uploads\/2022\/12\/Kamenny-obklad-Torricelli-QUA-32-1.jpg\" \/>\n\t<meta property=\"og:image:width\" content=\"1000\" \/>\n\t<meta property=\"og:image:height\" content=\"689\" \/>\n\t<meta property=\"og:image:type\" content=\"image\/jpeg\" \/>\n<meta name=\"twitter:card\" content=\"summary_large_image\" \/>\n<script type=\"application\/ld+json\" class=\"yoast-schema-graph\">{\"@context\":\"https:\/\/schema.org\",\"@graph\":[{\"@type\":\"WebPage\",\"@id\":\"https:\/\/www.stonecity.cz\/en\/produkt\/stone-cladding-torricelli-horn-qua-32r\/\",\"url\":\"https:\/\/www.stonecity.cz\/en\/produkt\/stone-cladding-torricelli-horn-qua-32r\/\",\"name\":\"Torricelli Corner QUA-32R stone tile - Stonecity.cz\",\"isPartOf\":{\"@id\":\"https:\/\/www.stonecity.cz\/en\/#website\"},\"primaryImageOfPage\":{\"@id\":\"https:\/\/www.stonecity.cz\/en\/produkt\/stone-cladding-torricelli-horn-qua-32r\/#primaryimage\"},\"image\":{\"@id\":\"https:\/\/www.stonecity.cz\/en\/produkt\/stone-cladding-torricelli-horn-qua-32r\/#primaryimage\"},\"thumbnailUrl\":\"https:\/\/www.stonecity.cz\/wp-content\/uploads\/2022\/12\/Kamenny-obklad-Torricelli-QUA-32-1.jpg\",\"datePublished\":\"2022-12-05T09:58:58+00:00\",\"breadcrumb\":{\"@id\":\"https:\/\/www.stonecity.cz\/en\/produkt\/stone-cladding-torricelli-horn-qua-32r\/#breadcrumb\"},\"inLanguage\":\"en-US\",\"potentialAction\":[{\"@type\":\"ReadAction\",\"target\":[\"https:\/\/www.stonecity.cz\/en\/produkt\/stone-cladding-torricelli-horn-qua-32r\/\"]}]},{\"@type\":\"ImageObject\",\"inLanguage\":\"en-US\",\"@id\":\"https:\/\/www.stonecity.cz\/en\/produkt\/stone-cladding-torricelli-horn-qua-32r\/#primaryimage\",\"url\":\"https:\/\/www.stonecity.cz\/wp-content\/uploads\/2022\/12\/Kamenny-obklad-Torricelli-QUA-32-1.jpg\",\"contentUrl\":\"https:\/\/www.stonecity.cz\/wp-content\/uploads\/2022\/12\/Kamenny-obklad-Torricelli-QUA-32-1.jpg\",\"width\":1000,\"height\":689},{\"@type\":\"BreadcrumbList\",\"@id\":\"https:\/\/www.stonecity.cz\/en\/produkt\/stone-cladding-torricelli-horn-qua-32r\/#breadcrumb\",\"itemListElement\":[{\"@type\":\"ListItem\",\"position\":1,\"name\":\"Dom\u016f\",\"item\":\"https:\/\/www.stonecity.cz\/en\/\"},{\"@type\":\"ListItem\",\"position\":2,\"name\":\"Shop\",\"item\":\"https:\/\/www.stonecity.cz\/en\/shop\/\"},{\"@type\":\"ListItem\",\"position\":3,\"name\":\"Torricelli Corner QUA-32R stone tile\"}]},{\"@type\":\"WebSite\",\"@id\":\"https:\/\/www.stonecity.cz\/en\/#website\",\"url\":\"https:\/\/www.stonecity.cz\/en\/\",\"name\":\"Stonecity.cz\",\"description\":\"Dla\u017eba, obklady, um\u011bl\u00fd i p\u0159\u00edrodn\u00ed k\u00e1men\",\"potentialAction\":[{\"@type\":\"SearchAction\",\"target\":{\"@type\":\"EntryPoint\",\"urlTemplate\":\"https:\/\/www.stonecity.cz\/en\/?s={search_term_string}\"},\"query-input\":{\"@type\":\"PropertyValueSpecification\",\"valueRequired\":true,\"valueName\":\"search_term_string\"}}],\"inLanguage\":\"en-US\"}]}<\/script>\n<!-- \/ Yoast SEO plugin. -->","yoast_head_json":{"title":"Torricelli Corner QUA-32R stone tile - Stonecity.cz","robots":{"index":"index","follow":"follow","max-snippet":"max-snippet:-1","max-image-preview":"max-image-preview:large","max-video-preview":"max-video-preview:-1"},"canonical":"https:\/\/www.stonecity.cz\/en\/produkt\/stone-cladding-torricelli-horn-qua-32r\/","og_locale":"en_US","og_type":"article","og_title":"Torricelli Corner QUA-32R stone tile - Stonecity.cz","og_description":"Stone cladding Torricelli great At a thickness of 3-5 cm, the raw natural surface of the stone is beautifully and clearly visible. A very strong tile that can be tiled with or without a joint. By tiling without joints, you create the perfect impression of a rock wall. Each stone in this range is a [...]","og_url":"https:\/\/www.stonecity.cz\/en\/produkt\/stone-cladding-torricelli-horn-qua-32r\/","og_site_name":"Stonecity.cz","og_image":[{"width":1000,"height":689,"url":"https:\/\/www.stonecity.cz\/wp-content\/uploads\/2022\/12\/Kamenny-obklad-Torricelli-QUA-32-1.jpg","type":"image\/jpeg"}],"twitter_card":"summary_large_image","schema":{"@context":"https:\/\/schema.org","@graph":[{"@type":"WebPage","@id":"https:\/\/www.stonecity.cz\/en\/produkt\/stone-cladding-torricelli-horn-qua-32r\/","url":"https:\/\/www.stonecity.cz\/en\/produkt\/stone-cladding-torricelli-horn-qua-32r\/","name":"Torricelli Corner QUA-32R stone tile - Stonecity.cz","isPartOf":{"@id":"https:\/\/www.stonecity.cz\/en\/#website"},"primaryImageOfPage":{"@id":"https:\/\/www.stonecity.cz\/en\/produkt\/stone-cladding-torricelli-horn-qua-32r\/#primaryimage"},"image":{"@id":"https:\/\/www.stonecity.cz\/en\/produkt\/stone-cladding-torricelli-horn-qua-32r\/#primaryimage"},"thumbnailUrl":"https:\/\/www.stonecity.cz\/wp-content\/uploads\/2022\/12\/Kamenny-obklad-Torricelli-QUA-32-1.jpg","datePublished":"2022-12-05T09:58:58+00:00","breadcrumb":{"@id":"https:\/\/www.stonecity.cz\/en\/produkt\/stone-cladding-torricelli-horn-qua-32r\/#breadcrumb"},"inLanguage":"en-US","potentialAction":[{"@type":"ReadAction","target":["https:\/\/www.stonecity.cz\/en\/produkt\/stone-cladding-torricelli-horn-qua-32r\/"]}]},{"@type":"ImageObject","inLanguage":"en-US","@id":"https:\/\/www.stonecity.cz\/en\/produkt\/stone-cladding-torricelli-horn-qua-32r\/#primaryimage","url":"https:\/\/www.stonecity.cz\/wp-content\/uploads\/2022\/12\/Kamenny-obklad-Torricelli-QUA-32-1.jpg","contentUrl":"https:\/\/www.stonecity.cz\/wp-content\/uploads\/2022\/12\/Kamenny-obklad-Torricelli-QUA-32-1.jpg","width":1000,"height":689},{"@type":"BreadcrumbList","@id":"https:\/\/www.stonecity.cz\/en\/produkt\/stone-cladding-torricelli-horn-qua-32r\/#breadcrumb","itemListElement":[{"@type":"ListItem","position":1,"name":"Dom\u016f","item":"https:\/\/www.stonecity.cz\/en\/"},{"@type":"ListItem","position":2,"name":"Shop","item":"https:\/\/www.stonecity.cz\/en\/shop\/"},{"@type":"ListItem","position":3,"name":"Torricelli Corner QUA-32R stone tile"}]},{"@type":"WebSite","@id":"https:\/\/www.stonecity.cz\/en\/#website","url":"https:\/\/www.stonecity.cz\/en\/","name":"Stonecity.cz","description":"Dla\u017eba, obklady, um\u011bl\u00fd i p\u0159\u00edrodn\u00ed k\u00e1men","potentialAction":[{"@type":"SearchAction","target":{"@type":"EntryPoint","urlTemplate":"https:\/\/www.stonecity.cz\/en\/?s={search_term_string}"},"query-input":{"@type":"PropertyValueSpecification","valueRequired":true,"valueName":"search_term_string"}}],"inLanguage":"en-US"}]}},"_links":{"self":[{"href":"https:\/\/www.stonecity.cz\/en\/wp-json\/wp\/v2\/product\/15881","targetHints":{"allow":["GET"]}}],"collection":[{"href":"https:\/\/www.stonecity.cz\/en\/wp-json\/wp\/v2\/product"}],"about":[{"href":"https:\/\/www.stonecity.cz\/en\/wp-json\/wp\/v2\/types\/product"}],"wp:featuredmedia":[{"embeddable":true,"href":"https:\/\/www.stonecity.cz\/en\/wp-json\/wp\/v2\/media\/14790"}],"wp:attachment":[{"href":"https:\/\/www.stonecity.cz\/en\/wp-json\/wp\/v2\/media?parent=15881"}],"wp:term":[{"taxonomy":"product_cat","embeddable":true,"href":"https:\/\/www.stonecity.cz\/en\/wp-json\/wp\/v2\/product_cat?post=15881"},{"taxonomy":"product_tag","embeddable":true,"href":"https:\/\/www.stonecity.cz\/en\/wp-json\/wp\/v2\/product_tag?post=15881"}],"curies":[{"name":"wp","href":"https:\/\/api.w.org\/{rel}","templated":true}]}}