{"id":15885,"date":"2022-03-28T14:51:37","date_gmt":"2022-03-28T12:51:37","guid":{"rendered":"https:\/\/www.stonecity.cz\/produkt\/red-slate-fountain-df-02\/"},"modified":"2022-03-28T14:51:37","modified_gmt":"2022-03-28T12:51:37","slug":"fountain-from-red-bridges-df-02","status":"publish","type":"product","link":"https:\/\/www.stonecity.cz\/en\/produkt\/fountain-from-red-bridges-df-02\/","title":{"rendered":"Red slate fountain DF-02"},"content":{"rendered":"<p>Fountain made of natural stone.<\/p>\n<p>Natural slate was used for the production, which will perfectly decorate your garden.<\/p>\n<p>This fountain adds stylish elegance to your garden and patio.<\/p>\n","protected":false},"excerpt":{"rendered":"<p>Fountain made of natural stone. Natural slate was used for the production, which will perfectly decorate your garden. This fountain adds stylish elegance to your garden and patio.<\/p>\n","protected":false},"featured_media":14604,"template":"","meta":[],"product_cat":[1994],"product_tag":[1744,1750,1749],"class_list":{"0":"post-15885","1":"product","2":"type-product","3":"status-publish","4":"has-post-thumbnail","6":"product_cat-stone-fountains","7":"product_tag-suitable-for-outdoors","8":"product_tag-suitable-for-the-garden","9":"product_tag-suitable-for-wellness","11":"first","12":"instock","13":"taxable","14":"shipping-taxable","15":"purchasable","16":"product-type-simple"},"yoast_head":"<!-- This site is optimized with the Yoast SEO plugin v26.8 - https:\/\/yoast.com\/product\/yoast-seo-wordpress\/ -->\n<title>Red slate fountain DF-02 - Stonecity.cz<\/title>\n<meta name=\"robots\" content=\"index, follow, max-snippet:-1, max-image-preview:large, max-video-preview:-1\" \/>\n<link rel=\"canonical\" href=\"https:\/\/www.stonecity.cz\/en\/produkt\/fountain-from-red-bridges-df-02\/\" \/>\n<meta property=\"og:locale\" content=\"en_US\" \/>\n<meta property=\"og:type\" content=\"article\" \/>\n<meta property=\"og:title\" content=\"Red slate fountain DF-02 - Stonecity.cz\" \/>\n<meta property=\"og:description\" content=\"Fountain made of natural stone. Natural slate was used for the production, which will perfectly decorate your garden. This fountain adds stylish elegance to your garden and patio.\" \/>\n<meta property=\"og:url\" content=\"https:\/\/www.stonecity.cz\/en\/produkt\/fountain-from-red-bridges-df-02\/\" \/>\n<meta property=\"og:site_name\" content=\"Stonecity.cz\" \/>\n<meta property=\"og:image\" content=\"https:\/\/www.stonecity.cz\/wp-content\/uploads\/2022\/03\/DF-03-5-rotated.jpg\" \/>\n\t<meta property=\"og:image:width\" content=\"1500\" \/>\n\t<meta property=\"og:image:height\" content=\"2000\" \/>\n\t<meta property=\"og:image:type\" content=\"image\/jpeg\" \/>\n<meta name=\"twitter:card\" content=\"summary_large_image\" \/>\n<script type=\"application\/ld+json\" class=\"yoast-schema-graph\">{\"@context\":\"https:\/\/schema.org\",\"@graph\":[{\"@type\":\"WebPage\",\"@id\":\"https:\/\/www.stonecity.cz\/en\/produkt\/fountain-from-red-bridges-df-02\/\",\"url\":\"https:\/\/www.stonecity.cz\/en\/produkt\/fountain-from-red-bridges-df-02\/\",\"name\":\"Red slate fountain DF-02 - Stonecity.cz\",\"isPartOf\":{\"@id\":\"https:\/\/www.stonecity.cz\/en\/#website\"},\"primaryImageOfPage\":{\"@id\":\"https:\/\/www.stonecity.cz\/en\/produkt\/fountain-from-red-bridges-df-02\/#primaryimage\"},\"image\":{\"@id\":\"https:\/\/www.stonecity.cz\/en\/produkt\/fountain-from-red-bridges-df-02\/#primaryimage\"},\"thumbnailUrl\":\"https:\/\/www.stonecity.cz\/wp-content\/uploads\/2022\/03\/DF-03-5-rotated.jpg\",\"datePublished\":\"2022-03-28T12:51:37+00:00\",\"breadcrumb\":{\"@id\":\"https:\/\/www.stonecity.cz\/en\/produkt\/fountain-from-red-bridges-df-02\/#breadcrumb\"},\"inLanguage\":\"en-US\",\"potentialAction\":[{\"@type\":\"ReadAction\",\"target\":[\"https:\/\/www.stonecity.cz\/en\/produkt\/fountain-from-red-bridges-df-02\/\"]}]},{\"@type\":\"ImageObject\",\"inLanguage\":\"en-US\",\"@id\":\"https:\/\/www.stonecity.cz\/en\/produkt\/fountain-from-red-bridges-df-02\/#primaryimage\",\"url\":\"https:\/\/www.stonecity.cz\/wp-content\/uploads\/2022\/03\/DF-03-5-rotated.jpg\",\"contentUrl\":\"https:\/\/www.stonecity.cz\/wp-content\/uploads\/2022\/03\/DF-03-5-rotated.jpg\",\"width\":1500,\"height\":2000},{\"@type\":\"BreadcrumbList\",\"@id\":\"https:\/\/www.stonecity.cz\/en\/produkt\/fountain-from-red-bridges-df-02\/#breadcrumb\",\"itemListElement\":[{\"@type\":\"ListItem\",\"position\":1,\"name\":\"Dom\u016f\",\"item\":\"https:\/\/www.stonecity.cz\/en\/\"},{\"@type\":\"ListItem\",\"position\":2,\"name\":\"Shop\",\"item\":\"https:\/\/www.stonecity.cz\/en\/shop\/\"},{\"@type\":\"ListItem\",\"position\":3,\"name\":\"Red slate fountain DF-02\"}]},{\"@type\":\"WebSite\",\"@id\":\"https:\/\/www.stonecity.cz\/en\/#website\",\"url\":\"https:\/\/www.stonecity.cz\/en\/\",\"name\":\"Stonecity.cz\",\"description\":\"Dla\u017eba, obklady, um\u011bl\u00fd i p\u0159\u00edrodn\u00ed k\u00e1men\",\"potentialAction\":[{\"@type\":\"SearchAction\",\"target\":{\"@type\":\"EntryPoint\",\"urlTemplate\":\"https:\/\/www.stonecity.cz\/en\/?s={search_term_string}\"},\"query-input\":{\"@type\":\"PropertyValueSpecification\",\"valueRequired\":true,\"valueName\":\"search_term_string\"}}],\"inLanguage\":\"en-US\"}]}<\/script>\n<!-- \/ Yoast SEO plugin. -->","yoast_head_json":{"title":"Red slate fountain DF-02 - Stonecity.cz","robots":{"index":"index","follow":"follow","max-snippet":"max-snippet:-1","max-image-preview":"max-image-preview:large","max-video-preview":"max-video-preview:-1"},"canonical":"https:\/\/www.stonecity.cz\/en\/produkt\/fountain-from-red-bridges-df-02\/","og_locale":"en_US","og_type":"article","og_title":"Red slate fountain DF-02 - Stonecity.cz","og_description":"Fountain made of natural stone. Natural slate was used for the production, which will perfectly decorate your garden. This fountain adds stylish elegance to your garden and patio.","og_url":"https:\/\/www.stonecity.cz\/en\/produkt\/fountain-from-red-bridges-df-02\/","og_site_name":"Stonecity.cz","og_image":[{"width":1500,"height":2000,"url":"https:\/\/www.stonecity.cz\/wp-content\/uploads\/2022\/03\/DF-03-5-rotated.jpg","type":"image\/jpeg"}],"twitter_card":"summary_large_image","schema":{"@context":"https:\/\/schema.org","@graph":[{"@type":"WebPage","@id":"https:\/\/www.stonecity.cz\/en\/produkt\/fountain-from-red-bridges-df-02\/","url":"https:\/\/www.stonecity.cz\/en\/produkt\/fountain-from-red-bridges-df-02\/","name":"Red slate fountain DF-02 - Stonecity.cz","isPartOf":{"@id":"https:\/\/www.stonecity.cz\/en\/#website"},"primaryImageOfPage":{"@id":"https:\/\/www.stonecity.cz\/en\/produkt\/fountain-from-red-bridges-df-02\/#primaryimage"},"image":{"@id":"https:\/\/www.stonecity.cz\/en\/produkt\/fountain-from-red-bridges-df-02\/#primaryimage"},"thumbnailUrl":"https:\/\/www.stonecity.cz\/wp-content\/uploads\/2022\/03\/DF-03-5-rotated.jpg","datePublished":"2022-03-28T12:51:37+00:00","breadcrumb":{"@id":"https:\/\/www.stonecity.cz\/en\/produkt\/fountain-from-red-bridges-df-02\/#breadcrumb"},"inLanguage":"en-US","potentialAction":[{"@type":"ReadAction","target":["https:\/\/www.stonecity.cz\/en\/produkt\/fountain-from-red-bridges-df-02\/"]}]},{"@type":"ImageObject","inLanguage":"en-US","@id":"https:\/\/www.stonecity.cz\/en\/produkt\/fountain-from-red-bridges-df-02\/#primaryimage","url":"https:\/\/www.stonecity.cz\/wp-content\/uploads\/2022\/03\/DF-03-5-rotated.jpg","contentUrl":"https:\/\/www.stonecity.cz\/wp-content\/uploads\/2022\/03\/DF-03-5-rotated.jpg","width":1500,"height":2000},{"@type":"BreadcrumbList","@id":"https:\/\/www.stonecity.cz\/en\/produkt\/fountain-from-red-bridges-df-02\/#breadcrumb","itemListElement":[{"@type":"ListItem","position":1,"name":"Dom\u016f","item":"https:\/\/www.stonecity.cz\/en\/"},{"@type":"ListItem","position":2,"name":"Shop","item":"https:\/\/www.stonecity.cz\/en\/shop\/"},{"@type":"ListItem","position":3,"name":"Red slate fountain DF-02"}]},{"@type":"WebSite","@id":"https:\/\/www.stonecity.cz\/en\/#website","url":"https:\/\/www.stonecity.cz\/en\/","name":"Stonecity.cz","description":"Dla\u017eba, obklady, um\u011bl\u00fd i p\u0159\u00edrodn\u00ed k\u00e1men","potentialAction":[{"@type":"SearchAction","target":{"@type":"EntryPoint","urlTemplate":"https:\/\/www.stonecity.cz\/en\/?s={search_term_string}"},"query-input":{"@type":"PropertyValueSpecification","valueRequired":true,"valueName":"search_term_string"}}],"inLanguage":"en-US"}]}},"_links":{"self":[{"href":"https:\/\/www.stonecity.cz\/en\/wp-json\/wp\/v2\/product\/15885","targetHints":{"allow":["GET"]}}],"collection":[{"href":"https:\/\/www.stonecity.cz\/en\/wp-json\/wp\/v2\/product"}],"about":[{"href":"https:\/\/www.stonecity.cz\/en\/wp-json\/wp\/v2\/types\/product"}],"wp:featuredmedia":[{"embeddable":true,"href":"https:\/\/www.stonecity.cz\/en\/wp-json\/wp\/v2\/media\/14604"}],"wp:attachment":[{"href":"https:\/\/www.stonecity.cz\/en\/wp-json\/wp\/v2\/media?parent=15885"}],"wp:term":[{"taxonomy":"product_cat","embeddable":true,"href":"https:\/\/www.stonecity.cz\/en\/wp-json\/wp\/v2\/product_cat?post=15885"},{"taxonomy":"product_tag","embeddable":true,"href":"https:\/\/www.stonecity.cz\/en\/wp-json\/wp\/v2\/product_tag?post=15885"}],"curies":[{"name":"wp","href":"https:\/\/api.w.org\/{rel}","templated":true}]}}