{"id":15890,"date":"2022-11-28T13:50:43","date_gmt":"2022-11-28T12:50:43","guid":{"rendered":"https:\/\/www.stonecity.cz\/produkt\/stone-mosaic-pebbles-black-kmp-02\/"},"modified":"2022-11-28T13:50:43","modified_gmt":"2022-11-28T12:50:43","slug":"stone-mosaic-pebbles-black-kmp-02","status":"publish","type":"product","link":"https:\/\/www.stonecity.cz\/en\/produkt\/stone-mosaic-pebbles-black-kmp-02\/","title":{"rendered":"Stone mosaic Pebbles black KMP-02"},"content":{"rendered":"<p>Mosaic pebbles come from various islands and beaches of Indonesia.<br \/>\nEach pebble is carefully handpicked. The pebbles are then stacked on a vinyl mesh.<\/p>\n<p>The individual stones pass under the hands of several skilled Indonesian craftsmen to match the exact shape, size and thickness and fit together to form a perfect mosaic combination.<\/p>\n<p>The whole patterns fit together and allow for easy installation. So it is not clear where the patterns begin and end.<\/p>\n<p>Glued on net 30\u00d730 cm<\/p>\n<p>Sold in pieces (1pc = 0,09m2 = 2kg)<\/p>\n<p>Pack of 12 = 1,08m2<\/p>\n<p>1m2 = 22kg<\/p>\n","protected":false},"excerpt":{"rendered":"<p>&nbsp;<\/p>\n<p>&nbsp;<\/p>\n","protected":false},"featured_media":14752,"template":"","meta":[],"product_cat":[1982],"product_tag":[1745,1748,1746,1750,1747,1751,1749],"class_list":{"0":"post-15890","1":"product","2":"type-product","3":"status-publish","4":"has-post-thumbnail","6":"product_cat-stone-mosaic","7":"product_tag-suitable-for-indoors","8":"product_tag-suitable-for-sauna","9":"product_tag-suitable-for-the-bathroom","10":"product_tag-suitable-for-the-garden","11":"product_tag-suitable-for-the-kitchen","12":"product_tag-suitable-for-the-terrace","13":"product_tag-suitable-for-wellness","14":"pa_baleni-108m2-en","15":"pa_baleni-12-pcs","16":"pa_barva-black","17":"pa_poznamka-glued-on-mesh-30x30-cm","18":"pa_poznamka-sale-by-pieces","20":"first","21":"instock","22":"taxable","23":"shipping-taxable","24":"purchasable","25":"product-type-simple"},"yoast_head":"<!-- This site is optimized with the Yoast SEO plugin v26.8 - https:\/\/yoast.com\/product\/yoast-seo-wordpress\/ -->\n<title>Stone mosaic Pebbles black KMP-02 - Stonecity.cz<\/title>\n<meta name=\"robots\" content=\"index, follow, max-snippet:-1, max-image-preview:large, max-video-preview:-1\" \/>\n<link rel=\"canonical\" href=\"https:\/\/www.stonecity.cz\/en\/produkt\/stone-mosaic-pebbles-black-kmp-02\/\" \/>\n<meta property=\"og:locale\" content=\"en_US\" \/>\n<meta property=\"og:type\" content=\"article\" \/>\n<meta property=\"og:title\" content=\"Stone mosaic Pebbles black KMP-02 - Stonecity.cz\" \/>\n<meta property=\"og:description\" content=\"&nbsp; &nbsp;\" \/>\n<meta property=\"og:url\" content=\"https:\/\/www.stonecity.cz\/en\/produkt\/stone-mosaic-pebbles-black-kmp-02\/\" \/>\n<meta property=\"og:site_name\" content=\"Stonecity.cz\" \/>\n<meta property=\"og:image\" content=\"https:\/\/www.stonecity.cz\/wp-content\/uploads\/2022\/11\/JCH13498M.jpg\" \/>\n\t<meta property=\"og:image:width\" content=\"1800\" \/>\n\t<meta property=\"og:image:height\" content=\"1625\" \/>\n\t<meta property=\"og:image:type\" content=\"image\/jpeg\" \/>\n<meta name=\"twitter:card\" content=\"summary_large_image\" \/>\n<script type=\"application\/ld+json\" class=\"yoast-schema-graph\">{\"@context\":\"https:\/\/schema.org\",\"@graph\":[{\"@type\":\"WebPage\",\"@id\":\"https:\/\/www.stonecity.cz\/en\/produkt\/stone-mosaic-pebbles-black-kmp-02\/\",\"url\":\"https:\/\/www.stonecity.cz\/en\/produkt\/stone-mosaic-pebbles-black-kmp-02\/\",\"name\":\"Stone mosaic Pebbles black KMP-02 - Stonecity.cz\",\"isPartOf\":{\"@id\":\"https:\/\/www.stonecity.cz\/en\/#website\"},\"primaryImageOfPage\":{\"@id\":\"https:\/\/www.stonecity.cz\/en\/produkt\/stone-mosaic-pebbles-black-kmp-02\/#primaryimage\"},\"image\":{\"@id\":\"https:\/\/www.stonecity.cz\/en\/produkt\/stone-mosaic-pebbles-black-kmp-02\/#primaryimage\"},\"thumbnailUrl\":\"https:\/\/www.stonecity.cz\/wp-content\/uploads\/2022\/11\/JCH13498M.jpg\",\"datePublished\":\"2022-11-28T12:50:43+00:00\",\"breadcrumb\":{\"@id\":\"https:\/\/www.stonecity.cz\/en\/produkt\/stone-mosaic-pebbles-black-kmp-02\/#breadcrumb\"},\"inLanguage\":\"en-US\",\"potentialAction\":[{\"@type\":\"ReadAction\",\"target\":[\"https:\/\/www.stonecity.cz\/en\/produkt\/stone-mosaic-pebbles-black-kmp-02\/\"]}]},{\"@type\":\"ImageObject\",\"inLanguage\":\"en-US\",\"@id\":\"https:\/\/www.stonecity.cz\/en\/produkt\/stone-mosaic-pebbles-black-kmp-02\/#primaryimage\",\"url\":\"https:\/\/www.stonecity.cz\/wp-content\/uploads\/2022\/11\/JCH13498M.jpg\",\"contentUrl\":\"https:\/\/www.stonecity.cz\/wp-content\/uploads\/2022\/11\/JCH13498M.jpg\",\"width\":1800,\"height\":1625},{\"@type\":\"BreadcrumbList\",\"@id\":\"https:\/\/www.stonecity.cz\/en\/produkt\/stone-mosaic-pebbles-black-kmp-02\/#breadcrumb\",\"itemListElement\":[{\"@type\":\"ListItem\",\"position\":1,\"name\":\"Dom\u016f\",\"item\":\"https:\/\/www.stonecity.cz\/en\/\"},{\"@type\":\"ListItem\",\"position\":2,\"name\":\"Shop\",\"item\":\"https:\/\/www.stonecity.cz\/en\/shop\/\"},{\"@type\":\"ListItem\",\"position\":3,\"name\":\"Stone mosaic Pebbles black KMP-02\"}]},{\"@type\":\"WebSite\",\"@id\":\"https:\/\/www.stonecity.cz\/en\/#website\",\"url\":\"https:\/\/www.stonecity.cz\/en\/\",\"name\":\"Stonecity.cz\",\"description\":\"Dla\u017eba, obklady, um\u011bl\u00fd i p\u0159\u00edrodn\u00ed k\u00e1men\",\"potentialAction\":[{\"@type\":\"SearchAction\",\"target\":{\"@type\":\"EntryPoint\",\"urlTemplate\":\"https:\/\/www.stonecity.cz\/en\/?s={search_term_string}\"},\"query-input\":{\"@type\":\"PropertyValueSpecification\",\"valueRequired\":true,\"valueName\":\"search_term_string\"}}],\"inLanguage\":\"en-US\"}]}<\/script>\n<!-- \/ Yoast SEO plugin. -->","yoast_head_json":{"title":"Stone mosaic Pebbles black KMP-02 - Stonecity.cz","robots":{"index":"index","follow":"follow","max-snippet":"max-snippet:-1","max-image-preview":"max-image-preview:large","max-video-preview":"max-video-preview:-1"},"canonical":"https:\/\/www.stonecity.cz\/en\/produkt\/stone-mosaic-pebbles-black-kmp-02\/","og_locale":"en_US","og_type":"article","og_title":"Stone mosaic Pebbles black KMP-02 - Stonecity.cz","og_description":"&nbsp; &nbsp;","og_url":"https:\/\/www.stonecity.cz\/en\/produkt\/stone-mosaic-pebbles-black-kmp-02\/","og_site_name":"Stonecity.cz","og_image":[{"width":1800,"height":1625,"url":"https:\/\/www.stonecity.cz\/wp-content\/uploads\/2022\/11\/JCH13498M.jpg","type":"image\/jpeg"}],"twitter_card":"summary_large_image","schema":{"@context":"https:\/\/schema.org","@graph":[{"@type":"WebPage","@id":"https:\/\/www.stonecity.cz\/en\/produkt\/stone-mosaic-pebbles-black-kmp-02\/","url":"https:\/\/www.stonecity.cz\/en\/produkt\/stone-mosaic-pebbles-black-kmp-02\/","name":"Stone mosaic Pebbles black KMP-02 - Stonecity.cz","isPartOf":{"@id":"https:\/\/www.stonecity.cz\/en\/#website"},"primaryImageOfPage":{"@id":"https:\/\/www.stonecity.cz\/en\/produkt\/stone-mosaic-pebbles-black-kmp-02\/#primaryimage"},"image":{"@id":"https:\/\/www.stonecity.cz\/en\/produkt\/stone-mosaic-pebbles-black-kmp-02\/#primaryimage"},"thumbnailUrl":"https:\/\/www.stonecity.cz\/wp-content\/uploads\/2022\/11\/JCH13498M.jpg","datePublished":"2022-11-28T12:50:43+00:00","breadcrumb":{"@id":"https:\/\/www.stonecity.cz\/en\/produkt\/stone-mosaic-pebbles-black-kmp-02\/#breadcrumb"},"inLanguage":"en-US","potentialAction":[{"@type":"ReadAction","target":["https:\/\/www.stonecity.cz\/en\/produkt\/stone-mosaic-pebbles-black-kmp-02\/"]}]},{"@type":"ImageObject","inLanguage":"en-US","@id":"https:\/\/www.stonecity.cz\/en\/produkt\/stone-mosaic-pebbles-black-kmp-02\/#primaryimage","url":"https:\/\/www.stonecity.cz\/wp-content\/uploads\/2022\/11\/JCH13498M.jpg","contentUrl":"https:\/\/www.stonecity.cz\/wp-content\/uploads\/2022\/11\/JCH13498M.jpg","width":1800,"height":1625},{"@type":"BreadcrumbList","@id":"https:\/\/www.stonecity.cz\/en\/produkt\/stone-mosaic-pebbles-black-kmp-02\/#breadcrumb","itemListElement":[{"@type":"ListItem","position":1,"name":"Dom\u016f","item":"https:\/\/www.stonecity.cz\/en\/"},{"@type":"ListItem","position":2,"name":"Shop","item":"https:\/\/www.stonecity.cz\/en\/shop\/"},{"@type":"ListItem","position":3,"name":"Stone mosaic Pebbles black KMP-02"}]},{"@type":"WebSite","@id":"https:\/\/www.stonecity.cz\/en\/#website","url":"https:\/\/www.stonecity.cz\/en\/","name":"Stonecity.cz","description":"Dla\u017eba, obklady, um\u011bl\u00fd i p\u0159\u00edrodn\u00ed k\u00e1men","potentialAction":[{"@type":"SearchAction","target":{"@type":"EntryPoint","urlTemplate":"https:\/\/www.stonecity.cz\/en\/?s={search_term_string}"},"query-input":{"@type":"PropertyValueSpecification","valueRequired":true,"valueName":"search_term_string"}}],"inLanguage":"en-US"}]}},"_links":{"self":[{"href":"https:\/\/www.stonecity.cz\/en\/wp-json\/wp\/v2\/product\/15890","targetHints":{"allow":["GET"]}}],"collection":[{"href":"https:\/\/www.stonecity.cz\/en\/wp-json\/wp\/v2\/product"}],"about":[{"href":"https:\/\/www.stonecity.cz\/en\/wp-json\/wp\/v2\/types\/product"}],"wp:featuredmedia":[{"embeddable":true,"href":"https:\/\/www.stonecity.cz\/en\/wp-json\/wp\/v2\/media\/14752"}],"wp:attachment":[{"href":"https:\/\/www.stonecity.cz\/en\/wp-json\/wp\/v2\/media?parent=15890"}],"wp:term":[{"taxonomy":"product_cat","embeddable":true,"href":"https:\/\/www.stonecity.cz\/en\/wp-json\/wp\/v2\/product_cat?post=15890"},{"taxonomy":"product_tag","embeddable":true,"href":"https:\/\/www.stonecity.cz\/en\/wp-json\/wp\/v2\/product_tag?post=15890"}],"curies":[{"name":"wp","href":"https:\/\/api.w.org\/{rel}","templated":true}]}}