{"id":15930,"date":"2021-11-23T09:48:11","date_gmt":"2021-11-23T08:48:11","guid":{"rendered":"https:\/\/www.stonecity.cz\/produkt\/slate-negro-puro\/"},"modified":"2021-11-23T09:48:11","modified_gmt":"2021-11-23T08:48:11","slug":"slate-negro-puro","status":"publish","type":"product","link":"https:\/\/www.stonecity.cz\/en\/produkt\/slate-negro-puro\/","title":{"rendered":"Slate Negro Puro"},"content":{"rendered":"<p>Indian slate tiles from the foothills of the Himalayas. Beautifully smooth and slightly striated surface texture. Distinctive black colour. Extremely low porosity &#8211; maintenance-free. A very durable material that is also suitable for wall cladding.<\/p>\n<p><strong><a href=\"file:\/\/\/C:\/Users\/Wild%20Stone\/AppData\/Local\/Microsoft\/Windows\/INetCache\/Content.Outlook\/SK68QF15\/STONE%20CITY%20-%20B%C5%99idlice%20BC-17.pdf\">Product list  <\/a><\/strong><\/p>\n<p>&nbsp;<\/p>\n","protected":false},"excerpt":{"rendered":"<p>Indian slate tiles from the foothills of the Himalayas. Beautifully smooth and slightly striated surface texture. Distinctive black colour. Extremely low porosity &#8211; maintenance-free. A very durable material that is also suitable for wall cladding. Product list &nbsp;<\/p>\n","protected":false},"featured_media":14469,"template":"","meta":[],"product_cat":[2040,2032,2034,1916,1922,1924],"product_tag":[1745,1744,1748,1746,1752,1750,1751,1749],"class_list":{"0":"post-15930","1":"product","2":"type-product","3":"status-publish","4":"has-post-thumbnail","6":"product_cat-stone-veneer","7":"product_cat-natural-stone-en","8":"product_cat-slate-en","9":"product_cat-pavements","10":"product_cat-natural-stone","11":"product_cat-slate","12":"product_tag-suitable-for-indoors","13":"product_tag-suitable-for-outdoors","14":"product_tag-suitable-for-sauna","15":"product_tag-suitable-for-the-bathroom","16":"product_tag-suitable-for-the-garden-en","17":"product_tag-suitable-for-the-garden","18":"product_tag-suitable-for-the-terrace","19":"product_tag-suitable-for-wellness","20":"pa_baleni-108-m2-en","21":"pa_baleni-144-m2-en","23":"first","24":"instock","25":"taxable","26":"shipping-taxable","27":"purchasable","28":"product-type-variable"},"yoast_head":"<!-- This site is optimized with the Yoast SEO plugin v26.8 - https:\/\/yoast.com\/product\/yoast-seo-wordpress\/ -->\n<title>Slate Negro Puro - Stonecity.cz<\/title>\n<meta name=\"description\" content=\"Extremely durable slate from the foothills of the Himalayas.\" \/>\n<meta name=\"robots\" content=\"index, follow, max-snippet:-1, max-image-preview:large, max-video-preview:-1\" \/>\n<link rel=\"canonical\" href=\"https:\/\/www.stonecity.cz\/en\/produkt\/slate-negro-puro\/\" \/>\n<meta property=\"og:locale\" content=\"en_US\" \/>\n<meta property=\"og:type\" content=\"article\" \/>\n<meta property=\"og:title\" content=\"Slate Negro Puro - Stonecity.cz\" \/>\n<meta property=\"og:description\" content=\"Extremely durable slate from the foothills of the Himalayas.\" \/>\n<meta property=\"og:url\" content=\"https:\/\/www.stonecity.cz\/en\/produkt\/slate-negro-puro\/\" \/>\n<meta property=\"og:site_name\" content=\"Stonecity.cz\" \/>\n<meta property=\"og:image\" content=\"https:\/\/www.stonecity.cz\/wp-content\/uploads\/2021\/11\/STONE-CITY-bridlice-BC-18-6.jpg\" \/>\n\t<meta property=\"og:image:width\" content=\"635\" \/>\n\t<meta property=\"og:image:height\" content=\"847\" \/>\n\t<meta property=\"og:image:type\" content=\"image\/jpeg\" \/>\n<meta name=\"twitter:card\" content=\"summary_large_image\" \/>\n<script type=\"application\/ld+json\" class=\"yoast-schema-graph\">{\"@context\":\"https:\/\/schema.org\",\"@graph\":[{\"@type\":\"WebPage\",\"@id\":\"https:\/\/www.stonecity.cz\/en\/produkt\/slate-negro-puro\/\",\"url\":\"https:\/\/www.stonecity.cz\/en\/produkt\/slate-negro-puro\/\",\"name\":\"Slate Negro Puro - Stonecity.cz\",\"isPartOf\":{\"@id\":\"https:\/\/www.stonecity.cz\/en\/#website\"},\"primaryImageOfPage\":{\"@id\":\"https:\/\/www.stonecity.cz\/en\/produkt\/slate-negro-puro\/#primaryimage\"},\"image\":{\"@id\":\"https:\/\/www.stonecity.cz\/en\/produkt\/slate-negro-puro\/#primaryimage\"},\"thumbnailUrl\":\"https:\/\/www.stonecity.cz\/wp-content\/uploads\/2021\/11\/STONE-CITY-bridlice-BC-18-6.jpg\",\"datePublished\":\"2021-11-23T08:48:11+00:00\",\"description\":\"Extremely durable slate from the foothills of the Himalayas.\",\"breadcrumb\":{\"@id\":\"https:\/\/www.stonecity.cz\/en\/produkt\/slate-negro-puro\/#breadcrumb\"},\"inLanguage\":\"en-US\",\"potentialAction\":[{\"@type\":\"ReadAction\",\"target\":[\"https:\/\/www.stonecity.cz\/en\/produkt\/slate-negro-puro\/\"]}]},{\"@type\":\"ImageObject\",\"inLanguage\":\"en-US\",\"@id\":\"https:\/\/www.stonecity.cz\/en\/produkt\/slate-negro-puro\/#primaryimage\",\"url\":\"https:\/\/www.stonecity.cz\/wp-content\/uploads\/2021\/11\/STONE-CITY-bridlice-BC-18-6.jpg\",\"contentUrl\":\"https:\/\/www.stonecity.cz\/wp-content\/uploads\/2021\/11\/STONE-CITY-bridlice-BC-18-6.jpg\",\"width\":635,\"height\":847},{\"@type\":\"BreadcrumbList\",\"@id\":\"https:\/\/www.stonecity.cz\/en\/produkt\/slate-negro-puro\/#breadcrumb\",\"itemListElement\":[{\"@type\":\"ListItem\",\"position\":1,\"name\":\"Dom\u016f\",\"item\":\"https:\/\/www.stonecity.cz\/en\/\"},{\"@type\":\"ListItem\",\"position\":2,\"name\":\"Shop\",\"item\":\"https:\/\/www.stonecity.cz\/en\/shop\/\"},{\"@type\":\"ListItem\",\"position\":3,\"name\":\"Slate Negro Puro\"}]},{\"@type\":\"WebSite\",\"@id\":\"https:\/\/www.stonecity.cz\/en\/#website\",\"url\":\"https:\/\/www.stonecity.cz\/en\/\",\"name\":\"Stonecity.cz\",\"description\":\"Dla\u017eba, obklady, um\u011bl\u00fd i p\u0159\u00edrodn\u00ed k\u00e1men\",\"potentialAction\":[{\"@type\":\"SearchAction\",\"target\":{\"@type\":\"EntryPoint\",\"urlTemplate\":\"https:\/\/www.stonecity.cz\/en\/?s={search_term_string}\"},\"query-input\":{\"@type\":\"PropertyValueSpecification\",\"valueRequired\":true,\"valueName\":\"search_term_string\"}}],\"inLanguage\":\"en-US\"}]}<\/script>\n<!-- \/ Yoast SEO plugin. -->","yoast_head_json":{"title":"Slate Negro Puro - Stonecity.cz","description":"Extremely durable slate from the foothills of the Himalayas.","robots":{"index":"index","follow":"follow","max-snippet":"max-snippet:-1","max-image-preview":"max-image-preview:large","max-video-preview":"max-video-preview:-1"},"canonical":"https:\/\/www.stonecity.cz\/en\/produkt\/slate-negro-puro\/","og_locale":"en_US","og_type":"article","og_title":"Slate Negro Puro - Stonecity.cz","og_description":"Extremely durable slate from the foothills of the Himalayas.","og_url":"https:\/\/www.stonecity.cz\/en\/produkt\/slate-negro-puro\/","og_site_name":"Stonecity.cz","og_image":[{"width":635,"height":847,"url":"https:\/\/www.stonecity.cz\/wp-content\/uploads\/2021\/11\/STONE-CITY-bridlice-BC-18-6.jpg","type":"image\/jpeg"}],"twitter_card":"summary_large_image","schema":{"@context":"https:\/\/schema.org","@graph":[{"@type":"WebPage","@id":"https:\/\/www.stonecity.cz\/en\/produkt\/slate-negro-puro\/","url":"https:\/\/www.stonecity.cz\/en\/produkt\/slate-negro-puro\/","name":"Slate Negro Puro - Stonecity.cz","isPartOf":{"@id":"https:\/\/www.stonecity.cz\/en\/#website"},"primaryImageOfPage":{"@id":"https:\/\/www.stonecity.cz\/en\/produkt\/slate-negro-puro\/#primaryimage"},"image":{"@id":"https:\/\/www.stonecity.cz\/en\/produkt\/slate-negro-puro\/#primaryimage"},"thumbnailUrl":"https:\/\/www.stonecity.cz\/wp-content\/uploads\/2021\/11\/STONE-CITY-bridlice-BC-18-6.jpg","datePublished":"2021-11-23T08:48:11+00:00","description":"Extremely durable slate from the foothills of the Himalayas.","breadcrumb":{"@id":"https:\/\/www.stonecity.cz\/en\/produkt\/slate-negro-puro\/#breadcrumb"},"inLanguage":"en-US","potentialAction":[{"@type":"ReadAction","target":["https:\/\/www.stonecity.cz\/en\/produkt\/slate-negro-puro\/"]}]},{"@type":"ImageObject","inLanguage":"en-US","@id":"https:\/\/www.stonecity.cz\/en\/produkt\/slate-negro-puro\/#primaryimage","url":"https:\/\/www.stonecity.cz\/wp-content\/uploads\/2021\/11\/STONE-CITY-bridlice-BC-18-6.jpg","contentUrl":"https:\/\/www.stonecity.cz\/wp-content\/uploads\/2021\/11\/STONE-CITY-bridlice-BC-18-6.jpg","width":635,"height":847},{"@type":"BreadcrumbList","@id":"https:\/\/www.stonecity.cz\/en\/produkt\/slate-negro-puro\/#breadcrumb","itemListElement":[{"@type":"ListItem","position":1,"name":"Dom\u016f","item":"https:\/\/www.stonecity.cz\/en\/"},{"@type":"ListItem","position":2,"name":"Shop","item":"https:\/\/www.stonecity.cz\/en\/shop\/"},{"@type":"ListItem","position":3,"name":"Slate Negro Puro"}]},{"@type":"WebSite","@id":"https:\/\/www.stonecity.cz\/en\/#website","url":"https:\/\/www.stonecity.cz\/en\/","name":"Stonecity.cz","description":"Dla\u017eba, obklady, um\u011bl\u00fd i p\u0159\u00edrodn\u00ed k\u00e1men","potentialAction":[{"@type":"SearchAction","target":{"@type":"EntryPoint","urlTemplate":"https:\/\/www.stonecity.cz\/en\/?s={search_term_string}"},"query-input":{"@type":"PropertyValueSpecification","valueRequired":true,"valueName":"search_term_string"}}],"inLanguage":"en-US"}]}},"_links":{"self":[{"href":"https:\/\/www.stonecity.cz\/en\/wp-json\/wp\/v2\/product\/15930","targetHints":{"allow":["GET"]}}],"collection":[{"href":"https:\/\/www.stonecity.cz\/en\/wp-json\/wp\/v2\/product"}],"about":[{"href":"https:\/\/www.stonecity.cz\/en\/wp-json\/wp\/v2\/types\/product"}],"wp:featuredmedia":[{"embeddable":true,"href":"https:\/\/www.stonecity.cz\/en\/wp-json\/wp\/v2\/media\/14469"}],"wp:attachment":[{"href":"https:\/\/www.stonecity.cz\/en\/wp-json\/wp\/v2\/media?parent=15930"}],"wp:term":[{"taxonomy":"product_cat","embeddable":true,"href":"https:\/\/www.stonecity.cz\/en\/wp-json\/wp\/v2\/product_cat?post=15930"},{"taxonomy":"product_tag","embeddable":true,"href":"https:\/\/www.stonecity.cz\/en\/wp-json\/wp\/v2\/product_tag?post=15930"}],"curies":[{"name":"wp","href":"https:\/\/api.w.org\/{rel}","templated":true}]}}