{"id":15934,"date":"2021-07-16T14:38:28","date_gmt":"2021-07-16T12:38:28","guid":{"rendered":"https:\/\/www.stonecity.cz\/produkt\/porfyr-unprotectable-shape-standard-thick\/"},"modified":"2021-07-16T14:38:28","modified_gmt":"2021-07-16T12:38:28","slug":"porphyry-irregular-shapes-standard-single","status":"publish","type":"product","link":"https:\/\/www.stonecity.cz\/en\/produkt\/porphyry-irregular-shapes-standard-single\/","title":{"rendered":"PORFYR UNPROTECTABLE SHAPE Standard thick"},"content":{"rendered":"<p>Porphyry &#8211; irregular shapes have different side lengths ranging from 15 to 30 cm.<br \/>\nThe beauty of this stone is accentuated by its natural surface, chipped edges and a mix of colours from grey, purple,<br \/>\ngrey-brown and purple-purple in colour.<\/p>\n<p>Porphyry is an igneous rock containing large crystals &#8211; most commonly feldspar or quartz.<br \/>\nThis stone is suitable for terraces, driveways, sidewalks or pavements, as well as squares and interiors.<br \/>\nHardy.<\/p>\n<p>It can be used as a tile or cladding.<\/p>\n<p><em><strong><a href=\"https:\/\/www.stonecity.cz\/wp-content\/uploads\/2020\/05\/Protiskluznost.pdf\">Anti-Slip<\/a><\/strong><\/em><\/p>\n<p><em><strong><a href=\"https:\/\/www.stonecity.cz\/wp-content\/uploads\/2020\/05\/Pevnost-v-ohybu.pdf\">Bending strength<\/a><\/strong><\/em><\/p>\n<p><em><strong><a href=\"https:\/\/www.stonecity.cz\/wp-content\/uploads\/2020\/05\/Absorpce-vody.pdf\">Water absorption<\/a><\/strong><\/em><\/p>\n<p>&nbsp;<\/p>\n","protected":false},"excerpt":{"rendered":"<p>Porphyry &#8211; irregular shapes have different side lengths ranging from 15 to 30 cm. The beauty of this stone is accentuated by its natural surface, chipped edges and a mix of colours from grey, purple, grey-brown and purple-purple in colour. Porphyry is an igneous rock containing large crystals &#8211; most commonly feldspar or quartz. This [&#8230;]\n","protected":false},"featured_media":12215,"template":"","meta":[],"product_cat":[2040,2032,2052,1916,1922,1946],"product_tag":[1741,1744,1752,1751],"class_list":{"0":"post-15934","1":"product","2":"type-product","3":"status-publish","4":"has-post-thumbnail","6":"product_cat-stone-veneer","7":"product_cat-natural-stone-en","8":"product_cat-porphyry-en","9":"product_cat-pavements","10":"product_cat-natural-stone","11":"product_cat-porphyry","12":"product_tag-facade-cladding","13":"product_tag-suitable-for-outdoors","14":"product_tag-suitable-for-the-garden-en","15":"product_tag-suitable-for-the-terrace","16":"pa_diagonala-prumer-15-30-cm-en","17":"pa_poznamka-the-price-is-given-for-a-common-joint-1-5-cm","18":"pa_tloustka-2-5-cm-en","20":"first","21":"instock","22":"purchasable","23":"product-type-simple"},"yoast_head":"<!-- This site is optimized with the Yoast SEO plugin v26.8 - https:\/\/yoast.com\/product\/yoast-seo-wordpress\/ -->\n<title>PORFYR UNPROTECTABLE SHAPE Standard thick - Stonecity.cz<\/title>\n<meta name=\"robots\" content=\"index, follow, max-snippet:-1, max-image-preview:large, max-video-preview:-1\" \/>\n<link rel=\"canonical\" href=\"https:\/\/www.stonecity.cz\/en\/produkt\/porphyry-irregular-shapes-standard-single\/\" \/>\n<meta property=\"og:locale\" content=\"en_US\" \/>\n<meta property=\"og:type\" content=\"article\" \/>\n<meta property=\"og:title\" content=\"PORFYR UNPROTECTABLE SHAPE Standard thick - Stonecity.cz\" \/>\n<meta property=\"og:description\" content=\"Porphyry &#8211; irregular shapes have different side lengths ranging from 15 to 30 cm. The beauty of this stone is accentuated by its natural surface, chipped edges and a mix of colours from grey, purple, grey-brown and purple-purple in colour. Porphyry is an igneous rock containing large crystals &#8211; most commonly feldspar or quartz. This [...]\" \/>\n<meta property=\"og:url\" content=\"https:\/\/www.stonecity.cz\/en\/produkt\/porphyry-irregular-shapes-standard-single\/\" \/>\n<meta property=\"og:site_name\" content=\"Stonecity.cz\" \/>\n<meta property=\"og:image\" content=\"https:\/\/www.stonecity.cz\/wp-content\/uploads\/2020\/05\/POR-05___.jpeg\" \/>\n\t<meta property=\"og:image:width\" content=\"800\" \/>\n\t<meta property=\"og:image:height\" content=\"532\" \/>\n\t<meta property=\"og:image:type\" content=\"image\/jpeg\" \/>\n<meta name=\"twitter:card\" content=\"summary_large_image\" \/>\n<script type=\"application\/ld+json\" class=\"yoast-schema-graph\">{\"@context\":\"https:\/\/schema.org\",\"@graph\":[{\"@type\":\"WebPage\",\"@id\":\"https:\/\/www.stonecity.cz\/en\/produkt\/porphyry-irregular-shapes-standard-single\/\",\"url\":\"https:\/\/www.stonecity.cz\/en\/produkt\/porphyry-irregular-shapes-standard-single\/\",\"name\":\"PORFYR UNPROTECTABLE SHAPE Standard thick - Stonecity.cz\",\"isPartOf\":{\"@id\":\"https:\/\/www.stonecity.cz\/en\/#website\"},\"primaryImageOfPage\":{\"@id\":\"https:\/\/www.stonecity.cz\/en\/produkt\/porphyry-irregular-shapes-standard-single\/#primaryimage\"},\"image\":{\"@id\":\"https:\/\/www.stonecity.cz\/en\/produkt\/porphyry-irregular-shapes-standard-single\/#primaryimage\"},\"thumbnailUrl\":\"https:\/\/www.stonecity.cz\/wp-content\/uploads\/2020\/05\/POR-05___.jpeg\",\"datePublished\":\"2021-07-16T12:38:28+00:00\",\"breadcrumb\":{\"@id\":\"https:\/\/www.stonecity.cz\/en\/produkt\/porphyry-irregular-shapes-standard-single\/#breadcrumb\"},\"inLanguage\":\"en-US\",\"potentialAction\":[{\"@type\":\"ReadAction\",\"target\":[\"https:\/\/www.stonecity.cz\/en\/produkt\/porphyry-irregular-shapes-standard-single\/\"]}]},{\"@type\":\"ImageObject\",\"inLanguage\":\"en-US\",\"@id\":\"https:\/\/www.stonecity.cz\/en\/produkt\/porphyry-irregular-shapes-standard-single\/#primaryimage\",\"url\":\"https:\/\/www.stonecity.cz\/wp-content\/uploads\/2020\/05\/POR-05___.jpeg\",\"contentUrl\":\"https:\/\/www.stonecity.cz\/wp-content\/uploads\/2020\/05\/POR-05___.jpeg\",\"width\":800,\"height\":532},{\"@type\":\"BreadcrumbList\",\"@id\":\"https:\/\/www.stonecity.cz\/en\/produkt\/porphyry-irregular-shapes-standard-single\/#breadcrumb\",\"itemListElement\":[{\"@type\":\"ListItem\",\"position\":1,\"name\":\"Dom\u016f\",\"item\":\"https:\/\/www.stonecity.cz\/en\/\"},{\"@type\":\"ListItem\",\"position\":2,\"name\":\"Shop\",\"item\":\"https:\/\/www.stonecity.cz\/en\/shop\/\"},{\"@type\":\"ListItem\",\"position\":3,\"name\":\"PORFYR UNPROTECTABLE SHAPE Standard thick\"}]},{\"@type\":\"WebSite\",\"@id\":\"https:\/\/www.stonecity.cz\/en\/#website\",\"url\":\"https:\/\/www.stonecity.cz\/en\/\",\"name\":\"Stonecity.cz\",\"description\":\"Dla\u017eba, obklady, um\u011bl\u00fd i p\u0159\u00edrodn\u00ed k\u00e1men\",\"potentialAction\":[{\"@type\":\"SearchAction\",\"target\":{\"@type\":\"EntryPoint\",\"urlTemplate\":\"https:\/\/www.stonecity.cz\/en\/?s={search_term_string}\"},\"query-input\":{\"@type\":\"PropertyValueSpecification\",\"valueRequired\":true,\"valueName\":\"search_term_string\"}}],\"inLanguage\":\"en-US\"}]}<\/script>\n<!-- \/ Yoast SEO plugin. -->","yoast_head_json":{"title":"PORFYR UNPROTECTABLE SHAPE Standard thick - Stonecity.cz","robots":{"index":"index","follow":"follow","max-snippet":"max-snippet:-1","max-image-preview":"max-image-preview:large","max-video-preview":"max-video-preview:-1"},"canonical":"https:\/\/www.stonecity.cz\/en\/produkt\/porphyry-irregular-shapes-standard-single\/","og_locale":"en_US","og_type":"article","og_title":"PORFYR UNPROTECTABLE SHAPE Standard thick - Stonecity.cz","og_description":"Porphyry &#8211; irregular shapes have different side lengths ranging from 15 to 30 cm. The beauty of this stone is accentuated by its natural surface, chipped edges and a mix of colours from grey, purple, grey-brown and purple-purple in colour. Porphyry is an igneous rock containing large crystals &#8211; most commonly feldspar or quartz. This [...]","og_url":"https:\/\/www.stonecity.cz\/en\/produkt\/porphyry-irregular-shapes-standard-single\/","og_site_name":"Stonecity.cz","og_image":[{"width":800,"height":532,"url":"https:\/\/www.stonecity.cz\/wp-content\/uploads\/2020\/05\/POR-05___.jpeg","type":"image\/jpeg"}],"twitter_card":"summary_large_image","schema":{"@context":"https:\/\/schema.org","@graph":[{"@type":"WebPage","@id":"https:\/\/www.stonecity.cz\/en\/produkt\/porphyry-irregular-shapes-standard-single\/","url":"https:\/\/www.stonecity.cz\/en\/produkt\/porphyry-irregular-shapes-standard-single\/","name":"PORFYR UNPROTECTABLE SHAPE Standard thick - Stonecity.cz","isPartOf":{"@id":"https:\/\/www.stonecity.cz\/en\/#website"},"primaryImageOfPage":{"@id":"https:\/\/www.stonecity.cz\/en\/produkt\/porphyry-irregular-shapes-standard-single\/#primaryimage"},"image":{"@id":"https:\/\/www.stonecity.cz\/en\/produkt\/porphyry-irregular-shapes-standard-single\/#primaryimage"},"thumbnailUrl":"https:\/\/www.stonecity.cz\/wp-content\/uploads\/2020\/05\/POR-05___.jpeg","datePublished":"2021-07-16T12:38:28+00:00","breadcrumb":{"@id":"https:\/\/www.stonecity.cz\/en\/produkt\/porphyry-irregular-shapes-standard-single\/#breadcrumb"},"inLanguage":"en-US","potentialAction":[{"@type":"ReadAction","target":["https:\/\/www.stonecity.cz\/en\/produkt\/porphyry-irregular-shapes-standard-single\/"]}]},{"@type":"ImageObject","inLanguage":"en-US","@id":"https:\/\/www.stonecity.cz\/en\/produkt\/porphyry-irregular-shapes-standard-single\/#primaryimage","url":"https:\/\/www.stonecity.cz\/wp-content\/uploads\/2020\/05\/POR-05___.jpeg","contentUrl":"https:\/\/www.stonecity.cz\/wp-content\/uploads\/2020\/05\/POR-05___.jpeg","width":800,"height":532},{"@type":"BreadcrumbList","@id":"https:\/\/www.stonecity.cz\/en\/produkt\/porphyry-irregular-shapes-standard-single\/#breadcrumb","itemListElement":[{"@type":"ListItem","position":1,"name":"Dom\u016f","item":"https:\/\/www.stonecity.cz\/en\/"},{"@type":"ListItem","position":2,"name":"Shop","item":"https:\/\/www.stonecity.cz\/en\/shop\/"},{"@type":"ListItem","position":3,"name":"PORFYR UNPROTECTABLE SHAPE Standard thick"}]},{"@type":"WebSite","@id":"https:\/\/www.stonecity.cz\/en\/#website","url":"https:\/\/www.stonecity.cz\/en\/","name":"Stonecity.cz","description":"Dla\u017eba, obklady, um\u011bl\u00fd i p\u0159\u00edrodn\u00ed k\u00e1men","potentialAction":[{"@type":"SearchAction","target":{"@type":"EntryPoint","urlTemplate":"https:\/\/www.stonecity.cz\/en\/?s={search_term_string}"},"query-input":{"@type":"PropertyValueSpecification","valueRequired":true,"valueName":"search_term_string"}}],"inLanguage":"en-US"}]}},"_links":{"self":[{"href":"https:\/\/www.stonecity.cz\/en\/wp-json\/wp\/v2\/product\/15934","targetHints":{"allow":["GET"]}}],"collection":[{"href":"https:\/\/www.stonecity.cz\/en\/wp-json\/wp\/v2\/product"}],"about":[{"href":"https:\/\/www.stonecity.cz\/en\/wp-json\/wp\/v2\/types\/product"}],"wp:featuredmedia":[{"embeddable":true,"href":"https:\/\/www.stonecity.cz\/en\/wp-json\/wp\/v2\/media\/12215"}],"wp:attachment":[{"href":"https:\/\/www.stonecity.cz\/en\/wp-json\/wp\/v2\/media?parent=15934"}],"wp:term":[{"taxonomy":"product_cat","embeddable":true,"href":"https:\/\/www.stonecity.cz\/en\/wp-json\/wp\/v2\/product_cat?post=15934"},{"taxonomy":"product_tag","embeddable":true,"href":"https:\/\/www.stonecity.cz\/en\/wp-json\/wp\/v2\/product_tag?post=15934"}],"curies":[{"name":"wp","href":"https:\/\/api.w.org\/{rel}","templated":true}]}}