{"id":15935,"date":"2021-07-16T14:47:32","date_gmt":"2021-07-16T12:47:32","guid":{"rendered":"https:\/\/www.stonecity.cz\/produkt\/porfyr-untrue-size-xxl-thick\/"},"modified":"2021-07-16T14:47:32","modified_gmt":"2021-07-16T12:47:32","slug":"porphyry-irregular-forms-xxl-strong","status":"publish","type":"product","link":"https:\/\/www.stonecity.cz\/en\/produkt\/porphyry-irregular-forms-xxl-strong\/","title":{"rendered":"PORFYR UNTRUE SIZE XXL thick"},"content":{"rendered":"<p>Porphyry &#8211; irregular shapes have different side lengths ranging from 40-80 cm.<br \/>\nThe beauty of this stone is accentuated by its natural surface, chipped edges and a mix of colours from grey, purple,<br \/>\ngrey-brown and purple-purple in colour.<\/p>\n<p>Porphyry is an igneous rock containing large crystals &#8211; most commonly feldspar or quartz.<br \/>\nThis stone is suitable for terraces, driveways, sidewalks or pavements, as well as squares and interiors.<br \/>\nHardy.<\/p>\n<p>It can be used as a tile or cladding.<\/p>\n<p><em><strong><a href=\"https:\/\/www.stonecity.cz\/wp-content\/uploads\/2020\/05\/Protiskluznost.pdf\">Anti-Slip<\/a><\/strong><\/em><\/p>\n<p><em><strong><a href=\"https:\/\/www.stonecity.cz\/wp-content\/uploads\/2020\/05\/Pevnost-v-ohybu.pdf\">Bending strength<\/a><\/strong><\/em><\/p>\n<p><em><strong><a href=\"https:\/\/www.stonecity.cz\/wp-content\/uploads\/2020\/05\/Absorpce-vody.pdf\">Water absorption<\/a><\/strong><\/em><\/p>\n<p>&nbsp;<\/p>\n","protected":false},"excerpt":{"rendered":"<p>Porphyry &#8211; irregular shapes have different side lengths ranging from 40-80 cm. The beauty of this stone is accentuated by its natural surface, chipped edges and a mix of colours from grey, purple, grey-brown and purple-purple in colour. Porphyry is an igneous rock containing large crystals &#8211; most commonly feldspar or quartz. This stone is [&#8230;]\n","protected":false},"featured_media":14280,"template":"","meta":[],"product_cat":[1916,1922,1946],"product_tag":[1741,1744,1752,1751],"class_list":{"0":"post-15935","1":"product","2":"type-product","3":"status-publish","4":"has-post-thumbnail","6":"product_cat-pavements","7":"product_cat-natural-stone","8":"product_cat-porphyry","9":"product_tag-facade-cladding","10":"product_tag-suitable-for-outdoors","11":"product_tag-suitable-for-the-garden-en","12":"product_tag-suitable-for-the-terrace","13":"pa_baleni-non-returnable-pallet-approx-1500-kg","14":"pa_diagonala-prumer-40-80-cm-en","15":"pa_poznamka-the-price-is-given-for-a-common-joint-1-5-cm","16":"pa_tloustka-4-7-cm-en","18":"first","19":"instock","20":"purchasable","21":"product-type-simple"},"yoast_head":"<!-- This site is optimized with the Yoast SEO plugin v26.8 - https:\/\/yoast.com\/product\/yoast-seo-wordpress\/ -->\n<title>PORFYR UNTRUE SIZE XXL thick - Stonecity.cz<\/title>\n<meta name=\"robots\" content=\"index, follow, max-snippet:-1, max-image-preview:large, max-video-preview:-1\" \/>\n<link rel=\"canonical\" href=\"https:\/\/www.stonecity.cz\/en\/produkt\/porphyry-irregular-forms-xxl-strong\/\" \/>\n<meta property=\"og:locale\" content=\"en_US\" \/>\n<meta property=\"og:type\" content=\"article\" \/>\n<meta property=\"og:title\" content=\"PORFYR UNTRUE SIZE XXL thick - Stonecity.cz\" \/>\n<meta property=\"og:description\" content=\"Porphyry &#8211; irregular shapes have different side lengths ranging from 40-80 cm. The beauty of this stone is accentuated by its natural surface, chipped edges and a mix of colours from grey, purple, grey-brown and purple-purple in colour. Porphyry is an igneous rock containing large crystals &#8211; most commonly feldspar or quartz. This stone is [...]\" \/>\n<meta property=\"og:url\" content=\"https:\/\/www.stonecity.cz\/en\/produkt\/porphyry-irregular-forms-xxl-strong\/\" \/>\n<meta property=\"og:site_name\" content=\"Stonecity.cz\" \/>\n<meta property=\"og:image\" content=\"https:\/\/www.stonecity.cz\/wp-content\/uploads\/2021\/07\/Porfyr.jpg\" \/>\n\t<meta property=\"og:image:width\" content=\"1200\" \/>\n\t<meta property=\"og:image:height\" content=\"900\" \/>\n\t<meta property=\"og:image:type\" content=\"image\/jpeg\" \/>\n<meta name=\"twitter:card\" content=\"summary_large_image\" \/>\n<script type=\"application\/ld+json\" class=\"yoast-schema-graph\">{\"@context\":\"https:\/\/schema.org\",\"@graph\":[{\"@type\":\"WebPage\",\"@id\":\"https:\/\/www.stonecity.cz\/en\/produkt\/porphyry-irregular-forms-xxl-strong\/\",\"url\":\"https:\/\/www.stonecity.cz\/en\/produkt\/porphyry-irregular-forms-xxl-strong\/\",\"name\":\"PORFYR UNTRUE SIZE XXL thick - Stonecity.cz\",\"isPartOf\":{\"@id\":\"https:\/\/www.stonecity.cz\/en\/#website\"},\"primaryImageOfPage\":{\"@id\":\"https:\/\/www.stonecity.cz\/en\/produkt\/porphyry-irregular-forms-xxl-strong\/#primaryimage\"},\"image\":{\"@id\":\"https:\/\/www.stonecity.cz\/en\/produkt\/porphyry-irregular-forms-xxl-strong\/#primaryimage\"},\"thumbnailUrl\":\"https:\/\/www.stonecity.cz\/wp-content\/uploads\/2021\/07\/Porfyr.jpg\",\"datePublished\":\"2021-07-16T12:47:32+00:00\",\"breadcrumb\":{\"@id\":\"https:\/\/www.stonecity.cz\/en\/produkt\/porphyry-irregular-forms-xxl-strong\/#breadcrumb\"},\"inLanguage\":\"en-US\",\"potentialAction\":[{\"@type\":\"ReadAction\",\"target\":[\"https:\/\/www.stonecity.cz\/en\/produkt\/porphyry-irregular-forms-xxl-strong\/\"]}]},{\"@type\":\"ImageObject\",\"inLanguage\":\"en-US\",\"@id\":\"https:\/\/www.stonecity.cz\/en\/produkt\/porphyry-irregular-forms-xxl-strong\/#primaryimage\",\"url\":\"https:\/\/www.stonecity.cz\/wp-content\/uploads\/2021\/07\/Porfyr.jpg\",\"contentUrl\":\"https:\/\/www.stonecity.cz\/wp-content\/uploads\/2021\/07\/Porfyr.jpg\",\"width\":1200,\"height\":900},{\"@type\":\"BreadcrumbList\",\"@id\":\"https:\/\/www.stonecity.cz\/en\/produkt\/porphyry-irregular-forms-xxl-strong\/#breadcrumb\",\"itemListElement\":[{\"@type\":\"ListItem\",\"position\":1,\"name\":\"Dom\u016f\",\"item\":\"https:\/\/www.stonecity.cz\/en\/\"},{\"@type\":\"ListItem\",\"position\":2,\"name\":\"Shop\",\"item\":\"https:\/\/www.stonecity.cz\/en\/shop\/\"},{\"@type\":\"ListItem\",\"position\":3,\"name\":\"PORFYR UNTRUE SIZE XXL thick\"}]},{\"@type\":\"WebSite\",\"@id\":\"https:\/\/www.stonecity.cz\/en\/#website\",\"url\":\"https:\/\/www.stonecity.cz\/en\/\",\"name\":\"Stonecity.cz\",\"description\":\"Dla\u017eba, obklady, um\u011bl\u00fd i p\u0159\u00edrodn\u00ed k\u00e1men\",\"potentialAction\":[{\"@type\":\"SearchAction\",\"target\":{\"@type\":\"EntryPoint\",\"urlTemplate\":\"https:\/\/www.stonecity.cz\/en\/?s={search_term_string}\"},\"query-input\":{\"@type\":\"PropertyValueSpecification\",\"valueRequired\":true,\"valueName\":\"search_term_string\"}}],\"inLanguage\":\"en-US\"}]}<\/script>\n<!-- \/ Yoast SEO plugin. -->","yoast_head_json":{"title":"PORFYR UNTRUE SIZE XXL thick - Stonecity.cz","robots":{"index":"index","follow":"follow","max-snippet":"max-snippet:-1","max-image-preview":"max-image-preview:large","max-video-preview":"max-video-preview:-1"},"canonical":"https:\/\/www.stonecity.cz\/en\/produkt\/porphyry-irregular-forms-xxl-strong\/","og_locale":"en_US","og_type":"article","og_title":"PORFYR UNTRUE SIZE XXL thick - Stonecity.cz","og_description":"Porphyry &#8211; irregular shapes have different side lengths ranging from 40-80 cm. The beauty of this stone is accentuated by its natural surface, chipped edges and a mix of colours from grey, purple, grey-brown and purple-purple in colour. Porphyry is an igneous rock containing large crystals &#8211; most commonly feldspar or quartz. This stone is [...]","og_url":"https:\/\/www.stonecity.cz\/en\/produkt\/porphyry-irregular-forms-xxl-strong\/","og_site_name":"Stonecity.cz","og_image":[{"width":1200,"height":900,"url":"https:\/\/www.stonecity.cz\/wp-content\/uploads\/2021\/07\/Porfyr.jpg","type":"image\/jpeg"}],"twitter_card":"summary_large_image","schema":{"@context":"https:\/\/schema.org","@graph":[{"@type":"WebPage","@id":"https:\/\/www.stonecity.cz\/en\/produkt\/porphyry-irregular-forms-xxl-strong\/","url":"https:\/\/www.stonecity.cz\/en\/produkt\/porphyry-irregular-forms-xxl-strong\/","name":"PORFYR UNTRUE SIZE XXL thick - Stonecity.cz","isPartOf":{"@id":"https:\/\/www.stonecity.cz\/en\/#website"},"primaryImageOfPage":{"@id":"https:\/\/www.stonecity.cz\/en\/produkt\/porphyry-irregular-forms-xxl-strong\/#primaryimage"},"image":{"@id":"https:\/\/www.stonecity.cz\/en\/produkt\/porphyry-irregular-forms-xxl-strong\/#primaryimage"},"thumbnailUrl":"https:\/\/www.stonecity.cz\/wp-content\/uploads\/2021\/07\/Porfyr.jpg","datePublished":"2021-07-16T12:47:32+00:00","breadcrumb":{"@id":"https:\/\/www.stonecity.cz\/en\/produkt\/porphyry-irregular-forms-xxl-strong\/#breadcrumb"},"inLanguage":"en-US","potentialAction":[{"@type":"ReadAction","target":["https:\/\/www.stonecity.cz\/en\/produkt\/porphyry-irregular-forms-xxl-strong\/"]}]},{"@type":"ImageObject","inLanguage":"en-US","@id":"https:\/\/www.stonecity.cz\/en\/produkt\/porphyry-irregular-forms-xxl-strong\/#primaryimage","url":"https:\/\/www.stonecity.cz\/wp-content\/uploads\/2021\/07\/Porfyr.jpg","contentUrl":"https:\/\/www.stonecity.cz\/wp-content\/uploads\/2021\/07\/Porfyr.jpg","width":1200,"height":900},{"@type":"BreadcrumbList","@id":"https:\/\/www.stonecity.cz\/en\/produkt\/porphyry-irregular-forms-xxl-strong\/#breadcrumb","itemListElement":[{"@type":"ListItem","position":1,"name":"Dom\u016f","item":"https:\/\/www.stonecity.cz\/en\/"},{"@type":"ListItem","position":2,"name":"Shop","item":"https:\/\/www.stonecity.cz\/en\/shop\/"},{"@type":"ListItem","position":3,"name":"PORFYR UNTRUE SIZE XXL thick"}]},{"@type":"WebSite","@id":"https:\/\/www.stonecity.cz\/en\/#website","url":"https:\/\/www.stonecity.cz\/en\/","name":"Stonecity.cz","description":"Dla\u017eba, obklady, um\u011bl\u00fd i p\u0159\u00edrodn\u00ed k\u00e1men","potentialAction":[{"@type":"SearchAction","target":{"@type":"EntryPoint","urlTemplate":"https:\/\/www.stonecity.cz\/en\/?s={search_term_string}"},"query-input":{"@type":"PropertyValueSpecification","valueRequired":true,"valueName":"search_term_string"}}],"inLanguage":"en-US"}]}},"_links":{"self":[{"href":"https:\/\/www.stonecity.cz\/en\/wp-json\/wp\/v2\/product\/15935","targetHints":{"allow":["GET"]}}],"collection":[{"href":"https:\/\/www.stonecity.cz\/en\/wp-json\/wp\/v2\/product"}],"about":[{"href":"https:\/\/www.stonecity.cz\/en\/wp-json\/wp\/v2\/types\/product"}],"wp:featuredmedia":[{"embeddable":true,"href":"https:\/\/www.stonecity.cz\/en\/wp-json\/wp\/v2\/media\/14280"}],"wp:attachment":[{"href":"https:\/\/www.stonecity.cz\/en\/wp-json\/wp\/v2\/media?parent=15935"}],"wp:term":[{"taxonomy":"product_cat","embeddable":true,"href":"https:\/\/www.stonecity.cz\/en\/wp-json\/wp\/v2\/product_cat?post=15935"},{"taxonomy":"product_tag","embeddable":true,"href":"https:\/\/www.stonecity.cz\/en\/wp-json\/wp\/v2\/product_tag?post=15935"}],"curies":[{"name":"wp","href":"https:\/\/api.w.org\/{rel}","templated":true}]}}