{"id":15957,"date":"2021-08-06T13:25:35","date_gmt":"2021-08-06T11:25:35","guid":{"rendered":"https:\/\/www.stonecity.cz\/produkt\/limestone-tiles-indian-gold-l-01-l-02\/"},"modified":"2021-08-06T13:25:35","modified_gmt":"2021-08-06T11:25:35","slug":"dlazba-z-vapence-indian-gold","status":"publish","type":"product","link":"https:\/\/www.stonecity.cz\/en\/produkt\/dlazba-z-vapence-indian-gold\/","title":{"rendered":"Limestone tiles Indian Gold L-01\/ L-02"},"content":{"rendered":"<p>Limestone stone paving<\/p>\n<p>Surface: chipped edges, natural surface<\/p>\n<p>Thickness: 2,3-2,5 cm<\/p>\n<p>L-01 = size 60&#215;60 cm (0,36m2)<\/p>\n<p>L-02 = size 90&#215;60 cm (0,54m2)<\/p>\n<p><a href=\"https:\/\/www.stonecity.cz\/wp-content\/uploads\/2021\/08\/STONE-CITY-Indian-Gold-L-01-vapenec-1.pdf\" target=\"_blank\" rel=\"noopener\">STONE CITY &#8211; Indian Gold L-01 Limestone<\/a><\/p>\n<p>&nbsp;<\/p>\n<p>&nbsp;<\/p>\n<p>&nbsp;<\/p>\n<p>&nbsp;<\/p>\n","protected":false},"excerpt":{"rendered":"<p>Limestone stone paving Surface: chipped edges, natural surface Thickness: 2,3-2,5 cm L-01 = size 60&#215;60 cm (0,36m2) L-02 = size 90&#215;60 cm (0,54m2) STONE CITY &#8211; Indian Gold L-01 Limestone &nbsp; &nbsp; &nbsp; &nbsp;<\/p>\n","protected":false},"featured_media":19771,"template":"","meta":[],"product_cat":[3271,1916,1922,1952],"product_tag":[1743,1745,1744,1748,1751,1749],"class_list":{"0":"post-15957","1":"product","2":"type-product","3":"status-publish","4":"has-post-thumbnail","6":"product_cat-historic-and-rustic-paving","7":"product_cat-pavements","8":"product_cat-natural-stone","9":"product_cat-limestone-en","10":"product_tag-out","11":"product_tag-suitable-for-indoors","12":"product_tag-suitable-for-outdoors","13":"product_tag-suitable-for-sauna","14":"product_tag-suitable-for-the-terrace","15":"product_tag-suitable-for-wellness","16":"pa_tloustka-2-2-cm","18":"first","19":"instock","20":"taxable","21":"shipping-taxable","22":"purchasable","23":"product-type-variable","24":"has-default-attributes"},"yoast_head":"<!-- This site is optimized with the Yoast SEO plugin v26.8 - https:\/\/yoast.com\/product\/yoast-seo-wordpress\/ -->\n<title>Limestone tiles Indian Gold L-01\/ L-02 - Stonecity.cz<\/title>\n<meta name=\"robots\" content=\"index, follow, max-snippet:-1, max-image-preview:large, max-video-preview:-1\" \/>\n<link rel=\"canonical\" href=\"https:\/\/www.stonecity.cz\/en\/produkt\/dlazba-z-vapence-indian-gold\/\" \/>\n<meta property=\"og:locale\" content=\"en_US\" \/>\n<meta property=\"og:type\" content=\"article\" \/>\n<meta property=\"og:title\" content=\"Limestone tiles Indian Gold L-01\/ L-02 - Stonecity.cz\" \/>\n<meta property=\"og:description\" content=\"Limestone stone paving Surface: chipped edges, natural surface Thickness: 2,3-2,5 cm L-01 = size 60&#215;60 cm (0,36m2) L-02 = size 90&#215;60 cm (0,54m2) STONE CITY &#8211; Indian Gold L-01 Limestone &nbsp; &nbsp; &nbsp; &nbsp;\" \/>\n<meta property=\"og:url\" content=\"https:\/\/www.stonecity.cz\/en\/produkt\/dlazba-z-vapence-indian-gold\/\" \/>\n<meta property=\"og:site_name\" content=\"Stonecity.cz\" \/>\n<meta property=\"og:image\" content=\"https:\/\/www.stonecity.cz\/wp-content\/uploads\/2021\/08\/IMG_2404-rotated.jpg\" \/>\n\t<meta property=\"og:image:width\" content=\"480\" \/>\n\t<meta property=\"og:image:height\" content=\"640\" \/>\n\t<meta property=\"og:image:type\" content=\"image\/jpeg\" \/>\n<meta name=\"twitter:card\" content=\"summary_large_image\" \/>\n<script type=\"application\/ld+json\" class=\"yoast-schema-graph\">{\"@context\":\"https:\/\/schema.org\",\"@graph\":[{\"@type\":\"WebPage\",\"@id\":\"https:\/\/www.stonecity.cz\/en\/produkt\/dlazba-z-vapence-indian-gold\/\",\"url\":\"https:\/\/www.stonecity.cz\/en\/produkt\/dlazba-z-vapence-indian-gold\/\",\"name\":\"Limestone tiles Indian Gold L-01\/ L-02 - Stonecity.cz\",\"isPartOf\":{\"@id\":\"https:\/\/www.stonecity.cz\/en\/#website\"},\"primaryImageOfPage\":{\"@id\":\"https:\/\/www.stonecity.cz\/en\/produkt\/dlazba-z-vapence-indian-gold\/#primaryimage\"},\"image\":{\"@id\":\"https:\/\/www.stonecity.cz\/en\/produkt\/dlazba-z-vapence-indian-gold\/#primaryimage\"},\"thumbnailUrl\":\"https:\/\/www.stonecity.cz\/wp-content\/uploads\/2021\/08\/STONE-CITY-Indian-Gold-L-03-3.jpeg\",\"datePublished\":\"2021-08-06T11:25:35+00:00\",\"breadcrumb\":{\"@id\":\"https:\/\/www.stonecity.cz\/en\/produkt\/dlazba-z-vapence-indian-gold\/#breadcrumb\"},\"inLanguage\":\"en-US\",\"potentialAction\":[{\"@type\":\"ReadAction\",\"target\":[\"https:\/\/www.stonecity.cz\/en\/produkt\/dlazba-z-vapence-indian-gold\/\"]}]},{\"@type\":\"ImageObject\",\"inLanguage\":\"en-US\",\"@id\":\"https:\/\/www.stonecity.cz\/en\/produkt\/dlazba-z-vapence-indian-gold\/#primaryimage\",\"url\":\"https:\/\/www.stonecity.cz\/wp-content\/uploads\/2021\/08\/STONE-CITY-Indian-Gold-L-03-3.jpeg\",\"contentUrl\":\"https:\/\/www.stonecity.cz\/wp-content\/uploads\/2021\/08\/STONE-CITY-Indian-Gold-L-03-3.jpeg\",\"width\":2048,\"height\":1536},{\"@type\":\"BreadcrumbList\",\"@id\":\"https:\/\/www.stonecity.cz\/en\/produkt\/dlazba-z-vapence-indian-gold\/#breadcrumb\",\"itemListElement\":[{\"@type\":\"ListItem\",\"position\":1,\"name\":\"Dom\u016f\",\"item\":\"https:\/\/www.stonecity.cz\/en\/\"},{\"@type\":\"ListItem\",\"position\":2,\"name\":\"Shop\",\"item\":\"https:\/\/www.stonecity.cz\/en\/shop\/\"},{\"@type\":\"ListItem\",\"position\":3,\"name\":\"Limestone tiles Indian Gold L-01\/ L-02\"}]},{\"@type\":\"WebSite\",\"@id\":\"https:\/\/www.stonecity.cz\/en\/#website\",\"url\":\"https:\/\/www.stonecity.cz\/en\/\",\"name\":\"Stonecity.cz\",\"description\":\"Dla\u017eba, obklady, um\u011bl\u00fd i p\u0159\u00edrodn\u00ed k\u00e1men\",\"potentialAction\":[{\"@type\":\"SearchAction\",\"target\":{\"@type\":\"EntryPoint\",\"urlTemplate\":\"https:\/\/www.stonecity.cz\/en\/?s={search_term_string}\"},\"query-input\":{\"@type\":\"PropertyValueSpecification\",\"valueRequired\":true,\"valueName\":\"search_term_string\"}}],\"inLanguage\":\"en-US\"}]}<\/script>\n<!-- \/ Yoast SEO plugin. -->","yoast_head_json":{"title":"Limestone tiles Indian Gold L-01\/ L-02 - Stonecity.cz","robots":{"index":"index","follow":"follow","max-snippet":"max-snippet:-1","max-image-preview":"max-image-preview:large","max-video-preview":"max-video-preview:-1"},"canonical":"https:\/\/www.stonecity.cz\/en\/produkt\/dlazba-z-vapence-indian-gold\/","og_locale":"en_US","og_type":"article","og_title":"Limestone tiles Indian Gold L-01\/ L-02 - Stonecity.cz","og_description":"Limestone stone paving Surface: chipped edges, natural surface Thickness: 2,3-2,5 cm L-01 = size 60&#215;60 cm (0,36m2) L-02 = size 90&#215;60 cm (0,54m2) STONE CITY &#8211; Indian Gold L-01 Limestone &nbsp; &nbsp; &nbsp; &nbsp;","og_url":"https:\/\/www.stonecity.cz\/en\/produkt\/dlazba-z-vapence-indian-gold\/","og_site_name":"Stonecity.cz","og_image":[{"width":480,"height":640,"url":"https:\/\/www.stonecity.cz\/wp-content\/uploads\/2021\/08\/IMG_2404-rotated.jpg","type":"image\/jpeg"}],"twitter_card":"summary_large_image","schema":{"@context":"https:\/\/schema.org","@graph":[{"@type":"WebPage","@id":"https:\/\/www.stonecity.cz\/en\/produkt\/dlazba-z-vapence-indian-gold\/","url":"https:\/\/www.stonecity.cz\/en\/produkt\/dlazba-z-vapence-indian-gold\/","name":"Limestone tiles Indian Gold L-01\/ L-02 - Stonecity.cz","isPartOf":{"@id":"https:\/\/www.stonecity.cz\/en\/#website"},"primaryImageOfPage":{"@id":"https:\/\/www.stonecity.cz\/en\/produkt\/dlazba-z-vapence-indian-gold\/#primaryimage"},"image":{"@id":"https:\/\/www.stonecity.cz\/en\/produkt\/dlazba-z-vapence-indian-gold\/#primaryimage"},"thumbnailUrl":"https:\/\/www.stonecity.cz\/wp-content\/uploads\/2021\/08\/STONE-CITY-Indian-Gold-L-03-3.jpeg","datePublished":"2021-08-06T11:25:35+00:00","breadcrumb":{"@id":"https:\/\/www.stonecity.cz\/en\/produkt\/dlazba-z-vapence-indian-gold\/#breadcrumb"},"inLanguage":"en-US","potentialAction":[{"@type":"ReadAction","target":["https:\/\/www.stonecity.cz\/en\/produkt\/dlazba-z-vapence-indian-gold\/"]}]},{"@type":"ImageObject","inLanguage":"en-US","@id":"https:\/\/www.stonecity.cz\/en\/produkt\/dlazba-z-vapence-indian-gold\/#primaryimage","url":"https:\/\/www.stonecity.cz\/wp-content\/uploads\/2021\/08\/STONE-CITY-Indian-Gold-L-03-3.jpeg","contentUrl":"https:\/\/www.stonecity.cz\/wp-content\/uploads\/2021\/08\/STONE-CITY-Indian-Gold-L-03-3.jpeg","width":2048,"height":1536},{"@type":"BreadcrumbList","@id":"https:\/\/www.stonecity.cz\/en\/produkt\/dlazba-z-vapence-indian-gold\/#breadcrumb","itemListElement":[{"@type":"ListItem","position":1,"name":"Dom\u016f","item":"https:\/\/www.stonecity.cz\/en\/"},{"@type":"ListItem","position":2,"name":"Shop","item":"https:\/\/www.stonecity.cz\/en\/shop\/"},{"@type":"ListItem","position":3,"name":"Limestone tiles Indian Gold L-01\/ L-02"}]},{"@type":"WebSite","@id":"https:\/\/www.stonecity.cz\/en\/#website","url":"https:\/\/www.stonecity.cz\/en\/","name":"Stonecity.cz","description":"Dla\u017eba, obklady, um\u011bl\u00fd i p\u0159\u00edrodn\u00ed k\u00e1men","potentialAction":[{"@type":"SearchAction","target":{"@type":"EntryPoint","urlTemplate":"https:\/\/www.stonecity.cz\/en\/?s={search_term_string}"},"query-input":{"@type":"PropertyValueSpecification","valueRequired":true,"valueName":"search_term_string"}}],"inLanguage":"en-US"}]}},"_links":{"self":[{"href":"https:\/\/www.stonecity.cz\/en\/wp-json\/wp\/v2\/product\/15957","targetHints":{"allow":["GET"]}}],"collection":[{"href":"https:\/\/www.stonecity.cz\/en\/wp-json\/wp\/v2\/product"}],"about":[{"href":"https:\/\/www.stonecity.cz\/en\/wp-json\/wp\/v2\/types\/product"}],"wp:featuredmedia":[{"embeddable":true,"href":"https:\/\/www.stonecity.cz\/en\/wp-json\/wp\/v2\/media\/19771"}],"wp:attachment":[{"href":"https:\/\/www.stonecity.cz\/en\/wp-json\/wp\/v2\/media?parent=15957"}],"wp:term":[{"taxonomy":"product_cat","embeddable":true,"href":"https:\/\/www.stonecity.cz\/en\/wp-json\/wp\/v2\/product_cat?post=15957"},{"taxonomy":"product_tag","embeddable":true,"href":"https:\/\/www.stonecity.cz\/en\/wp-json\/wp\/v2\/product_tag?post=15957"}],"curies":[{"name":"wp","href":"https:\/\/api.w.org\/{rel}","templated":true}]}}